{"id":51954,"date":"2024-02-16T20:41:46","date_gmt":"2024-02-16T20:41:46","guid":{"rendered":"https:\/\/ayudasparatodos.com\/?post_type=product&#038;p=51954"},"modified":"2024-02-16T20:41:46","modified_gmt":"2024-02-16T20:41:46","slug":"rastreador-personal-collar-gps-sos-06-alzheimer-ninos-adulto-mayor-demencia-discapacidad-emergencia","status":"publish","type":"product","link":"https:\/\/ayudasparatodos.com\/index.php\/producto\/rastreador-personal-collar-gps-sos-06-alzheimer-ninos-adulto-mayor-demencia-discapacidad-emergencia\/","title":{"rendered":"Rastreador Personal collar GPS SOS  06 Alzheimer Ni\u00f1os adulto mayor demencia Discapacidad Emergencia"},"content":{"rendered":"<ul>\n<li>Localizador elegante personal de los ni\u00f1os de la Geo-cerca SOS de la ayuda del perseguidor de GPS personal a prueba de agua 4G<\/li>\n<li>Rastreador personal para ni\u00f1os y ancianos con GPS en tiempo real 4G<\/li>\n<li><\/li>\n<li>\u00a1Mini rastreador GPS repleto de funciones! Nuestro rastreador GPS no solo tiene un dise\u00f1o liviano, peque\u00f1o y elegante, sino que tambi\u00e9n cuenta con:<\/li>\n<li><\/li>\n<li>Software compatible con una aplicaci\u00f3n de Apple (descargada de forma gratuita desde iTunes) o Google Maps para garantizar que siempre puedas controlar d\u00f3nde est\u00e1 el rastreador;<\/li>\n<li>Precisi\u00f3n dentro de cinco metros mediante actualizaciones enviadas cada cinco segundos<\/li>\n<li>Capacidad de reproducir un a\u00f1o de historial almacenado;<\/li>\n<li>Dise\u00f1o estructural impermeable<\/li>\n<li>Sistema SOS mediante el cual, si se presiona el bot\u00f3n SOS, se env\u00eda un mensaje de texto \u00abay\u00fadame\u00bb a todos los n\u00fameros de tel\u00e9fono y sistemas de monitoreo autorizados;<\/li>\n<li>Sistema &#8216;Geo-Fence&#8217;: el rastreador se puede programar para enviar un mensaje de texto a n\u00fameros de tel\u00e9fono autorizados si el rastreador abandona una ubicaci\u00f3n geogr\u00e1fica preprogramada;<\/li>\n<li>La capacidad de escuchar sonidos alrededor del rastreador a trav\u00e9s del tel\u00e9fono celular (limitada);<\/li>\n<li>Configuraciones que se pueden preprogramar para enviar un mensaje de texto a n\u00fameros de tel\u00e9fono autorizados si el rastreador supera el l\u00edmite de velocidad preprogramado.<\/li>\n<li>Solicitud:<\/li>\n<li><\/li>\n<li>Ni\u00f1os<\/li>\n<li>Anciano<\/li>\n<li>Caracter\u00edsticas:<\/li>\n<li><\/li>\n<li>Seguimiento en tiempo real &#8211; Monitor Live<\/li>\n<li>Seguimiento gratuito: sin tarifas anuales<\/li>\n<li>Aplicaci\u00f3n gratuita para tel\u00e9fonos m\u00f3viles Android e iOS<\/li>\n<li>Compatibilidad con versiones anteriores de 4G y 3G<\/li>\n<li>CERCA GEO<\/li>\n<li>Seguimiento GPS preciso: combinado con GPS y GLONASS<\/li>\n<li>Micr\u00f3fono y altavoz incorporados<\/li>\n<li>Dise\u00f1ado exclusivamente para portabilidad: ni\u00f1os y personas mayores<\/li>\n<li>Comunicaci\u00f3n de audio de 2 v\u00edas<\/li>\n<li>Orificio para llavero para cord\u00f3n<\/li>\n<li>Activaci\u00f3n del bot\u00f3n SOS: notificaci\u00f3n de alerta instant\u00e1nea<\/li>\n<li>Funda de silicona impermeable<\/li>\n<li>Monitoreo remoto de voz<\/li>\n<li>Correa de tela duradera: accesorio para mochila<\/li>\n<li>Mantenga su historial de GPS hasta 90 d\u00edas<\/li>\n<li>Personaliza las alertas de GPS<\/li>\n<li>Bater\u00eda recargable incorporada<\/li>\n<li>SEGUIMIENTO DE SMS<\/li>\n<li><\/li>\n<li>El seguimiento de SMS para el rastreador es muy sencillo. Marque el n\u00famero de la tarjeta SIM instalada en el rastreador, sonar\u00e1 una vez y luego se cortar\u00e1. En 1 o 2 minutos recibir\u00e1 una respuesta por SMS. El SMS incluir\u00e1 un enlace URL del sitio web, haga clic en este enlace y lo llevar\u00e1 a la ubicaci\u00f3n de su dispositivo en Google Maps.<\/li>\n<li><\/li>\n<li>La tarjeta SIM debe tener cr\u00e9dito o mensajes gratuitos para que puedas recibir el SMS.<\/li>\n<li><\/li>\n<li>Especificaci\u00f3n:<\/li>\n<li><\/li>\n<li>4G-FDD: B1 B2 B3 B4 B5 B7 B8 B12 B20 B28A (4G 700 Mhz)<\/li>\n<li>3G-WCDMA: B1 B2 B5 B8 850\/900\/1800\/1900 Mhz<\/li>\n<li>En espera: 90 horas<\/li>\n<li>Sensibilidad GPS: 159dBm<\/li>\n<li>Precisi\u00f3n del GPS: 5 m (16,40 pies)<\/li>\n<li>Tiempo para la primera reparaci\u00f3n: estado fr\u00edo: 35-80 s<\/li>\n<li>Estado c\u00e1lido: 35s<\/li>\n<li>Estado caliente :1s<\/li>\n<li>salida de 5V<\/li>\n<li>Tiempo en espera: 72 horas<\/li>\n<li>Bater\u00eda: bater\u00eda de iones de litio recargable y cambiable de 3,7 V y 700 mAh<\/li>\n<li>Dimensiones (largo x ancho x alto): 54 mm x 40 mm x 17 mm<\/li>\n<li>Peso: 50g<\/li>\n<li>Humedad: 5%&#8211;95% sin condensaci\u00f3n<\/li>\n<li>Nivel de impermeabilidad: IPX-6<\/li>\n<li>Incluido en el paquete:<\/li>\n<li><\/li>\n<li>1 rastreador GPS 4G.<\/li>\n<li>1 correa de tela.<\/li>\n<li>1 cable de datos USB.<\/li>\n<\/ul>\n<ul>\n<li>Producto importado, venta bajo pedido con pago previo por el valor total del art\u00edculo.<\/li>\n<li>FAVOR ANTES DE OFERTAR, confirmar precio actual (por variaciones del valor del d\u00f3lar) y tambi\u00e9n CONFIRMAR QUE PUEDE ESPERAR LOS TIEMPOS DE ENTREGA\u00a0 que normalmente son entre 2-4 semanas.<\/li>\n<li>Cuando recibamos el pedido en nuestra oficina en Medell\u00edn-Colombia, le enviaremos un mensaje al comprador, si se encuentra en Medell\u00edn puede pasar a recogerlo personalmente en nuestra oficina, o tambi\u00e9n podemos hacer el envios a nivel nacional o internacional (Valor del envio cargo del comprador).<\/li>\n<li>Desde Ayudas para TODOS, estamos trabajando para ofrecerles el mayor Marketplace inclusivo a nivel mundial. Reuniendo en 1 solo sitio todos los productos que puedan necesitar, m\u00e1s de 5.000 referencias de art\u00edculos especializados que puedan necesitar instituciones y personas con o sin discapacidad, para apoyar procesos de inclusi\u00f3n, ayudando a superar las barreras que se pueden presentar al momento de estudiar, de trabajar, y en las dem\u00e1s actividades de la vida diaria.<\/li>\n<li>\u00bfNo est\u00e1 seguro sobre qu\u00e9 tipo de dispositivo o producto de apoyo debe comprar? Contamos con expertos para estudiar sus necesidades y asesorarlo recomend\u00e1ndole la ayuda o el conjunto de ayudas m\u00e1s adecuadas \u00bfNecesitas un producto y no lo encuentras en nuestro catalogo online? Cont\u00e1ctanos para ayudarte a conseguirlo. \u00bfEres emprendedor y tienes un gran producto inclusivo que quisieras promocionar en nuestra plataforma? <a href=\"https:\/\/ayudasparatodos.com\/index.php\/contact\/\">Cont\u00e1ctanos<\/a><\/li>\n<li>Visita la secci\u00f3n sobre <a href=\"https:\/\/ayudasparatodos.com\/index.php\/como-comprar-faq\/\">\u00bfC\u00f3mo Comprar? FAQ<\/a>, en la cual encontraras de forma m\u00e1s detallada las instrucciones de como comprar, servicio de asesor\u00eda y cotizaciones, formas de pago, env\u00edos a nivel nacional e internacional, garant\u00eda y otros temas relacionados.<\/li>\n<li><span style=\"font-size: 11.5pt; font-family: Roboto; color: #626262;\">Asesor\u00eda, cotizaciones dudas y comentarios: Si tiene cualquier duda o comentario, nos puede escribir o llamar via WhatsApp agregando el numero +57 3006000144 o directamente desde este <a href=\"https:\/\/wa.me\/+573006000144\">enlace<\/a>\u00a0 <\/span><a href=\"https:\/\/wa.me\/+573006000144\"><span style=\"font-size: 11.5pt; font-family: Roboto; color: #626262;\">https:\/\/wa.me\/+573006000144<\/span><\/a><span style=\"font-size: 11.5pt; font-family: Roboto; color: #626262;\">\u00a0 \u00a0 Tambi\u00e9n puede enviarnos un correo electr\u00f3nico a la direcci\u00f3n <a href=\"mailto:ventas@ayudasparatodos.com\">ventas@ayudasparatodos.com<\/a><\/span><\/li>\n<li><strong>Pagos en Colombia por transferencia Bancolombia o Nequi. Tambi\u00e9n recibimos pagos por tarjeta cr\u00e9dito o debito. Si la alternativa de pago no esta disponible en su pa\u00eds, tambi\u00e9n puede pagar por Giro en western Union o Paypal. Favor contactarnos al correo ventas@ayudasparatodos.com para generarle un enlace de pago personalizado por el valor de los art\u00edculos + el valor del envi\u00f3 seg\u00fan su ubicaci\u00f3n y con su moneda local. Despachos a nivel nacional e internacional desde Medell\u00edn &#8211; Colombia.<\/strong><\/li>\n<\/ul>\n<ul>\n<li style=\"list-style-type: none;\"><\/li>\n<\/ul>\n","protected":false},"excerpt":{"rendered":"<ul>\n<li>Localizador elegante personal de los ni\u00f1os de la Geo-cerca SOS de la ayuda del perseguidor de GPS personal a prueba de agua 4G<\/li>\n<\/ul>\n","protected":false},"featured_media":51955,"template":"","meta":[],"product_cat":[156],"product_tag":[327,326,329,198,323,324,322],"class_list":["post-51954","product","type-product","status-publish","has-post-thumbnail","hentry","product_cat-gps-sos-tracker-localizadores-de-emergencia","product_tag-llavero-gps-rastreador-gps-localizador-de-bolsillo-discapacidad-adulto-mayor-alzheimer-demencia","product_tag-rastreador-gps-localizador-colgante-pendiente-collar-cuello-discapacidad-adulto-mayor-alzheimer-demencia-adulto-mayor","product_tag-rastreador-localizador-gps-ninos-y-mascotas","product_tag-reloj-gps-localizador-rastreador","product_tag-reloj-gps-rastreador-alzheimer-demencia-discapacidad-adulto-mayor-ninos-ubicacion","product_tag-reloj-llamadas-de-emergencia-sos-seguridad-alzheimer-caidas-adulto-mayor-demencia-discapacidad","product_tag-reloj-rastreador-gps-emergencia-sos-adulto-mayor","description-off"],"_links":{"self":[{"href":"https:\/\/ayudasparatodos.com\/index.php\/wp-json\/wp\/v3\/product\/51954"}],"collection":[{"href":"https:\/\/ayudasparatodos.com\/index.php\/wp-json\/wp\/v3\/product"}],"about":[{"href":"https:\/\/ayudasparatodos.com\/index.php\/wp-json\/wp\/v2\/types\/product"}],"wp:featuredmedia":[{"embeddable":true,"href":"https:\/\/ayudasparatodos.com\/index.php\/wp-json\/wp\/v2\/media\/51955"}],"wp:attachment":[{"href":"https:\/\/ayudasparatodos.com\/index.php\/wp-json\/wp\/v2\/media?parent=51954"}],"wp:term":[{"taxonomy":"product_cat","embeddable":true,"href":"https:\/\/ayudasparatodos.com\/index.php\/wp-json\/wp\/v2\/product_cat?post=51954"},{"taxonomy":"product_tag","embeddable":true,"href":"https:\/\/ayudasparatodos.com\/index.php\/wp-json\/wp\/v2\/product_tag?post=51954"}],"curies":[{"name":"wp","href":"https:\/\/api.w.org\/{rel}","templated":true}]}}