{"id":51962,"date":"2024-02-17T15:22:04","date_gmt":"2024-02-17T15:22:04","guid":{"rendered":"https:\/\/ayudasparatodos.com\/?post_type=product&#038;p=51962"},"modified":"2024-02-17T15:24:10","modified_gmt":"2024-02-17T15:24:10","slug":"sistema-rastreador-gps-sos-06-alzheimer-ninos-adulto-mayor-demencia-discapacidad-emergencia-rastreador","status":"publish","type":"product","link":"https:\/\/ayudasparatodos.com\/index.php\/producto\/sistema-rastreador-gps-sos-06-alzheimer-ninos-adulto-mayor-demencia-discapacidad-emergencia-rastreador\/","title":{"rendered":"Sistema Rastreador GPS SOS 07 Alzheimer Ni\u00f1os adulto mayor demencia Discapacidad Emergencia Rastreador"},"content":{"rendered":"<p>Rastreador localizador tipo tarjeta personal 4G LIVE GPS port\u00e1til para ni\u00f1os bot\u00f3n de alarma de seguridad para ancianos SOS<\/p>\n<p>\u25c6Versi\u00f3n Real Global 4G, tambi\u00e9n compatible con 3G y 2G<\/p>\n<p>&nbsp;<\/p>\n<p>\u25c6 Seguimiento en tiempo real\/posicionamiento asistido por AGPS,<\/p>\n<p>\u25c6 M\u00e9todos de carga: modo de ahorro de energ\u00eda, modo en tiempo real;<\/p>\n<p>&nbsp;<\/p>\n<p>\u25c6 Alarma SOS, comunicaci\u00f3n bidireccional;<\/p>\n<p>&nbsp;<\/p>\n<p>\u25c6 Geovalla \/ Seguimiento en tiempo real \/ Reproducci\u00f3n de seguimiento hist\u00f3rico \/ Desplazamiento \/ Alarma de baja potencia, etc., carga de datos de alarma al fondo de la nube.<\/p>\n<p>&nbsp;<\/p>\n<p>\u25c6 F\u00e1cil seguimiento de SMS GSM con el nombre de la calle en texto SMS;<\/p>\n<p>&nbsp;<\/p>\n<p>\u25c6 Plataforma de seguimiento gratuita basada en web que admite: sin suscripci\u00f3n mensual o anual, GRATIS para siempre;<\/p>\n<p>&nbsp;<\/p>\n<p>\u25c6 Soporte gratuito para aplicaciones m\u00f3viles: sin suscripci\u00f3n mensual o anual, GRATIS para siempre;<\/p>\n<p>&nbsp;<\/p>\n<p>\u25c6 Cuenta de usuario para monitorear\/administrar m\u00e1s de un rastreador GPS al mismo tiempo.<\/p>\n<p>Caracter\u00edsticas:<\/p>\n<p>Seguimiento en tiempo real en cualquier parte del mundo<\/p>\n<p>Posicionamiento GPS +BD\/LBS &#8211; Posicionamiento global preciso (GPS)<\/p>\n<p>AGPS &#8211; Posicionamiento asistido<\/p>\n<p>Soporte de red de banda ancha: red 4G y 3G<\/p>\n<p>Rastreador dise\u00f1ado para uso personal: ni\u00f1os y personas mayores<\/p>\n<p>Monitoree remotamente EN VIVO desde su tel\u00e9fono m\u00f3vil (Aplicaci\u00f3n \/ SMS)<\/p>\n<p>Responde llamadas: soporte para presionar un bot\u00f3n brevemente<\/p>\n<p>Seguimiento gratuito: SIN CARGOS ANUALES<\/p>\n<p>Aplicaci\u00f3n gratuita para plataformas Android e iOS<\/p>\n<p>Comunicaci\u00f3n de audio unidireccional<\/p>\n<p>Soporte de llamadas telef\u00f3nicas<\/p>\n<p>Orificio para llavero para soporte de cord\u00f3n<\/p>\n<p>Historial GPS: hasta 90 d\u00edas<\/p>\n<p>Bot\u00f3n SOS &#8211; Notificaci\u00f3n de alerta instant\u00e1nea<\/p>\n<p>Funci\u00f3n de geovalla<\/p>\n<p>Alerta de bater\u00eda baja<\/p>\n<p>Dise\u00f1o estructural impermeable IP68<\/p>\n<p>Bater\u00eda recargable incorporada<\/p>\n<p>&nbsp;<\/p>\n<p>Especificaciones :<\/p>\n<p>&nbsp;<\/p>\n<p>Soporte 3G: 3G-WCDMA: B1 B2 B5 B8<\/p>\n<p>Soporte 4G LTE-FDD: B1 B2 B3 B4 B5 B7 B8 B28<\/p>\n<p>Bater\u00eda: Bater\u00eda recargable de pol\u00edmero de 800 mAh<\/p>\n<p>Nivel de resistencia al agua: IP68<\/p>\n<p>Dimensiones (largo x ancho x alto): 110 mm x 60 mm x 10 mm<\/p>\n<p>Peso: 61g<\/p>\n<p>&nbsp;<\/p>\n<p>Qu\u00e9 hay en la caja:<\/p>\n<p>&nbsp;<\/p>\n<p>1 rastreador GPS.<\/p>\n<p>1 cargador de cable USB.<\/p>\n<p>1 correa de cord\u00f3n.<\/p>\n<p>1 adaptador de pared AU<\/p>\n<ul>\n<li>Producto importado, venta bajo pedido con pago previo por el valor total del art\u00edculo.<\/li>\n<li>FAVOR ANTES DE OFERTAR, confirmar precio actual (por variaciones del valor del d\u00f3lar) y tambi\u00e9n CONFIRMAR QUE PUEDE ESPERAR LOS TIEMPOS DE ENTREGA\u00a0 que normalmente son entre 2-4 semanas.<\/li>\n<li>Cuando recibamos el pedido en nuestra oficina en Medell\u00edn-Colombia, le enviaremos un mensaje al comprador, si se encuentra en Medell\u00edn puede pasar a recogerlo personalmente en nuestra oficina, o tambi\u00e9n podemos hacer el envios a nivel nacional o internacional (Valor del envio cargo del comprador).<\/li>\n<li>Desde Ayudas para TODOS, estamos trabajando para ofrecerles el mayor Marketplace inclusivo a nivel mundial. Reuniendo en 1 solo sitio todos los productos que puedan necesitar, m\u00e1s de 5.000 referencias de art\u00edculos especializados que puedan necesitar instituciones y personas con o sin discapacidad, para apoyar procesos de inclusi\u00f3n, ayudando a superar las barreras que se pueden presentar al momento de estudiar, de trabajar, y en las dem\u00e1s actividades de la vida diaria.<\/li>\n<li>\u00bfNo est\u00e1 seguro sobre qu\u00e9 tipo de dispositivo o producto de apoyo debe comprar? Contamos con expertos para estudiar sus necesidades y asesorarlo recomend\u00e1ndole la ayuda o el conjunto de ayudas m\u00e1s adecuadas \u00bfNecesitas un producto y no lo encuentras en nuestro catalogo online? Cont\u00e1ctanos para ayudarte a conseguirlo. \u00bfEres emprendedor y tienes un gran producto inclusivo que quisieras promocionar en nuestra plataforma? <a href=\"https:\/\/ayudasparatodos.com\/index.php\/contact\/\">Cont\u00e1ctanos<\/a><\/li>\n<li>Visita la secci\u00f3n sobre <a href=\"https:\/\/ayudasparatodos.com\/index.php\/como-comprar-faq\/\">\u00bfC\u00f3mo Comprar? FAQ<\/a>, en la cual encontraras de forma m\u00e1s detallada las instrucciones de como comprar, servicio de asesor\u00eda y cotizaciones, formas de pago, env\u00edos a nivel nacional e internacional, garant\u00eda y otros temas relacionados.<\/li>\n<li><span style=\"font-size: 11.5pt; font-family: Roboto; color: #626262;\">Asesor\u00eda, cotizaciones dudas y comentarios: Si tiene cualquier duda o comentario, nos puede escribir o llamar via WhatsApp agregando el numero +57 3006000144 o directamente desde este <a href=\"https:\/\/wa.me\/+573006000144\">enlace<\/a>\u00a0 <\/span><a href=\"https:\/\/wa.me\/+573006000144\"><span style=\"font-size: 11.5pt; font-family: Roboto; color: #626262;\">https:\/\/wa.me\/+573006000144<\/span><\/a><span style=\"font-size: 11.5pt; font-family: Roboto; color: #626262;\">\u00a0 \u00a0 Tambi\u00e9n puede enviarnos un correo electr\u00f3nico a la direcci\u00f3n <a href=\"mailto:ventas@ayudasparatodos.com\">ventas@ayudasparatodos.com<\/a><\/span><\/li>\n<li><strong>Pagos en Colombia por transferencia Bancolombia o Nequi. Tambi\u00e9n recibimos pagos por tarjeta cr\u00e9dito o debito. Si la alternativa de pago no esta disponible en su pa\u00eds, tambi\u00e9n puede pagar por Giro en western Union o Paypal. Favor contactarnos al correo ventas@ayudasparatodos.com para generarle un enlace de pago personalizado por el valor de los art\u00edculos + el valor del envi\u00f3 seg\u00fan su ubicaci\u00f3n y con su moneda local. Despachos a nivel nacional e internacional desde Medell\u00edn &#8211; Colombia.<\/strong><\/li>\n<\/ul>\n<ul>\n<li style=\"list-style-type: none;\"><\/li>\n<\/ul>\n","protected":false},"excerpt":{"rendered":"<ul>\n<li>Rastreador localizador tipo tarjeta personal 4G LIVE GPS port\u00e1til para ni\u00f1os bot\u00f3n de alarma de seguridad para ancianos SOS<\/li>\n<\/ul>\n","protected":false},"featured_media":51963,"template":"","meta":[],"product_cat":[156],"product_tag":[326,329,198,323,324,322,330],"class_list":["post-51962","product","type-product","status-publish","has-post-thumbnail","hentry","product_cat-gps-sos-tracker-localizadores-de-emergencia","product_tag-rastreador-gps-localizador-colgante-pendiente-collar-cuello-discapacidad-adulto-mayor-alzheimer-demencia-adulto-mayor","product_tag-rastreador-localizador-gps-ninos-y-mascotas","product_tag-reloj-gps-localizador-rastreador","product_tag-reloj-gps-rastreador-alzheimer-demencia-discapacidad-adulto-mayor-ninos-ubicacion","product_tag-reloj-llamadas-de-emergencia-sos-seguridad-alzheimer-caidas-adulto-mayor-demencia-discapacidad","product_tag-reloj-rastreador-gps-emergencia-sos-adulto-mayor","product_tag-tarjeta-rastreador-personal-seguridad-gps-ninos-adulto-mayor-alzheimer-demencia","description-off"],"_links":{"self":[{"href":"https:\/\/ayudasparatodos.com\/index.php\/wp-json\/wp\/v3\/product\/51962"}],"collection":[{"href":"https:\/\/ayudasparatodos.com\/index.php\/wp-json\/wp\/v3\/product"}],"about":[{"href":"https:\/\/ayudasparatodos.com\/index.php\/wp-json\/wp\/v2\/types\/product"}],"wp:featuredmedia":[{"embeddable":true,"href":"https:\/\/ayudasparatodos.com\/index.php\/wp-json\/wp\/v2\/media\/51963"}],"wp:attachment":[{"href":"https:\/\/ayudasparatodos.com\/index.php\/wp-json\/wp\/v2\/media?parent=51962"}],"wp:term":[{"taxonomy":"product_cat","embeddable":true,"href":"https:\/\/ayudasparatodos.com\/index.php\/wp-json\/wp\/v2\/product_cat?post=51962"},{"taxonomy":"product_tag","embeddable":true,"href":"https:\/\/ayudasparatodos.com\/index.php\/wp-json\/wp\/v2\/product_tag?post=51962"}],"curies":[{"name":"wp","href":"https:\/\/api.w.org\/{rel}","templated":true}]}}