{"id":51986,"date":"2024-02-19T17:08:03","date_gmt":"2024-02-19T17:08:03","guid":{"rendered":"https:\/\/ayudasparatodos.com\/?post_type=product&#038;p=51986"},"modified":"2024-02-19T17:08:04","modified_gmt":"2024-02-19T17:08:04","slug":"sistema-de-2timbres-y-reloj-emergencia-para-cuidadores-discapacidad-adulto-mayor","status":"publish","type":"product","link":"https:\/\/ayudasparatodos.com\/index.php\/producto\/sistema-de-2timbres-y-reloj-emergencia-para-cuidadores-discapacidad-adulto-mayor\/","title":{"rendered":"Sistema de 2timbres y reloj emergencia para cuidadores discapacidad adulto mayor"},"content":{"rendered":"<p>Sistema de llamadas inal\u00e1mbrico para cuidadores, localizador, sistema de alerta de enfermera con 1 reloj impermeable para cuidadores\/2 botones de llamada para ancianos\/pacientes\/discapacitados en casa<\/p>\n<p>Caracter\u00edsticas:<\/p>\n<p>Ya sea que se trate de cuidar a los padres o servicios en hogares de ancianos, este localizador inal\u00e1mbrico puede hacer llamadas con un solo toque, ya no es necesario gritar en voz alta, solo un toque para obtener ayuda inmediata.<\/p>\n<p>F\u00e1cil configuraci\u00f3n: hemos emparejado el reloj y el bot\u00f3n para ti al enviar, y puedes usarlo directamente despu\u00e9s de recibir el localizador inal\u00e1mbrico de cuidador. \u00a1Solo vibra recordatorios, sin tonos de llamada!<\/p>\n<p>Port\u00e1til y duradero: cada bot\u00f3n viene con un cord\u00f3n. El bot\u00f3n de llamada se puede poner en un bolsillo o simplemente colgar en el cuello con una correa para una prensa de llamada oportuna. La correa est\u00e1 hecha de silicona, que es m\u00e1s suave.<\/p>\n<p>Fuerte antiinterferencia,El reloj buscapersonas puede recibir una se\u00f1al de llamada desde m\u00faltiples botones de llamada al mismo tiempo, y el rango de recepci\u00f3n es de hasta 196.9 ft\/200 pies (dependiendo del entorno de uso pr\u00e1ctico). Cuando la distancia de uso no es suficiente, tambi\u00e9n puede hacer coincidir el amplificador de se\u00f1al de wnkrun.<\/p>\n<ul>\n<li>Producto importado, venta bajo pedido con pago previo por el valor total del art\u00edculo.<\/li>\n<li>FAVOR ANTES DE OFERTAR, confirmar precio actual (por variaciones del valor del d\u00f3lar) y tambi\u00e9n CONFIRMAR QUE PUEDE ESPERAR LOS TIEMPOS DE ENTREGA\u00a0 que normalmente son entre 2-4 semanas.<\/li>\n<li>Cuando recibamos el pedido en nuestra oficina en Medell\u00edn-Colombia, le enviaremos un mensaje al comprador, si se encuentra en Medell\u00edn puede pasar a recogerlo personalmente en nuestra oficina, o tambi\u00e9n podemos hacer el envios a nivel nacional o internacional (Valor del envio cargo del comprador).<\/li>\n<li>Desde Ayudas para TODOS, estamos trabajando para ofrecerles el mayor Marketplace inclusivo a nivel mundial. Reuniendo en 1 solo sitio todos los productos que puedan necesitar, m\u00e1s de 5.000 referencias de art\u00edculos especializados que puedan necesitar instituciones y personas con o sin discapacidad, para apoyar procesos de inclusi\u00f3n, ayudando a superar las barreras que se pueden presentar al momento de estudiar, de trabajar, y en las dem\u00e1s actividades de la vida diaria.<\/li>\n<li>\u00bfNo est\u00e1 seguro sobre qu\u00e9 tipo de dispositivo o producto de apoyo debe comprar? Contamos con expertos para estudiar sus necesidades y asesorarlo recomend\u00e1ndole la ayuda o el conjunto de ayudas m\u00e1s adecuadas \u00bfNecesitas un producto y no lo encuentras en nuestro catalogo online? Cont\u00e1ctanos para ayudarte a conseguirlo. \u00bfEres emprendedor y tienes un gran producto inclusivo que quisieras promocionar en nuestra plataforma? <a href=\"https:\/\/ayudasparatodos.com\/index.php\/contact\/\">Cont\u00e1ctanos<\/a><\/li>\n<li>Visita la secci\u00f3n sobre <a href=\"https:\/\/ayudasparatodos.com\/index.php\/como-comprar-faq\/\">\u00bfC\u00f3mo Comprar? FAQ<\/a>, en la cual encontraras de forma m\u00e1s detallada las instrucciones de como comprar, servicio de asesor\u00eda y cotizaciones, formas de pago, env\u00edos a nivel nacional e internacional, garant\u00eda y otros temas relacionados.<\/li>\n<li><span style=\"font-size: 11.5pt; font-family: Roboto; color: #626262;\">Asesor\u00eda, cotizaciones dudas y comentarios: Si tiene cualquier duda o comentario, nos puede escribir o llamar via WhatsApp agregando el numero +57 3006000144 o directamente desde este <a href=\"https:\/\/wa.me\/+573006000144\">enlace<\/a>\u00a0 <\/span><a href=\"https:\/\/wa.me\/+573006000144\"><span style=\"font-size: 11.5pt; font-family: Roboto; color: #626262;\">https:\/\/wa.me\/+573006000144<\/span><\/a><span style=\"font-size: 11.5pt; font-family: Roboto; color: #626262;\">\u00a0 \u00a0 Tambi\u00e9n puede enviarnos un correo electr\u00f3nico a la direcci\u00f3n <a href=\"mailto:ventas@ayudasparatodos.com\">ventas@ayudasparatodos.com<\/a><\/span><\/li>\n<li><strong>Pagos en Colombia por transferencia Bancolombia o Nequi. Tambi\u00e9n recibimos pagos por tarjeta cr\u00e9dito o debito. Si la alternativa de pago no esta disponible en su pa\u00eds, tambi\u00e9n puede pagar por Giro en western Union o Paypal. Favor contactarnos al correo ventas@ayudasparatodos.com para generarle un enlace de pago personalizado por el valor de los art\u00edculos + el valor del envi\u00f3 seg\u00fan su ubicaci\u00f3n y con su moneda local. Despachos a nivel nacional e internacional desde Medell\u00edn &#8211; Colombia.<\/strong><\/li>\n<\/ul>\n<ul>\n<li style=\"list-style-type: none;\"><\/li>\n<\/ul>\n","protected":false},"excerpt":{"rendered":"<ul>\n<li>Sistema de llamadas inal\u00e1mbrico para cuidadores, localizador, sistema de alerta de enfermera con 1 reloj impermeable para cuidadores\/2 botones de llamada para ancianos\/pacientes\/discapacitados en casa<\/li>\n<\/ul>\n","protected":false},"featured_media":51987,"template":"","meta":[],"product_cat":[335],"product_tag":[337,336,338],"class_list":["post-51986","product","type-product","status-publish","has-post-thumbnail","hentry","product_cat-timbres-emergencia","product_tag-sistema-alerta-adulto-mayor-cuidador-timbre-sos-alerta-ayuda-emergencia","product_tag-sistema-timbre-de-emergencia-sos-cuidadores-pacientes-adultos-mayores-discapacidad","product_tag-sistema-timbre-sos-alerta-enfermera-cuidadores-hospitales-ancianatos-discapacidad","description-off"],"_links":{"self":[{"href":"https:\/\/ayudasparatodos.com\/index.php\/wp-json\/wp\/v3\/product\/51986"}],"collection":[{"href":"https:\/\/ayudasparatodos.com\/index.php\/wp-json\/wp\/v3\/product"}],"about":[{"href":"https:\/\/ayudasparatodos.com\/index.php\/wp-json\/wp\/v2\/types\/product"}],"wp:featuredmedia":[{"embeddable":true,"href":"https:\/\/ayudasparatodos.com\/index.php\/wp-json\/wp\/v2\/media\/51987"}],"wp:attachment":[{"href":"https:\/\/ayudasparatodos.com\/index.php\/wp-json\/wp\/v2\/media?parent=51986"}],"wp:term":[{"taxonomy":"product_cat","embeddable":true,"href":"https:\/\/ayudasparatodos.com\/index.php\/wp-json\/wp\/v2\/product_cat?post=51986"},{"taxonomy":"product_tag","embeddable":true,"href":"https:\/\/ayudasparatodos.com\/index.php\/wp-json\/wp\/v2\/product_tag?post=51986"}],"curies":[{"name":"wp","href":"https:\/\/api.w.org\/{rel}","templated":true}]}}