{"id":51995,"date":"2024-02-19T18:40:58","date_gmt":"2024-02-19T18:40:58","guid":{"rendered":"https:\/\/ayudasparatodos.com\/?post_type=product&#038;p=51995"},"modified":"2024-02-19T18:40:58","modified_gmt":"2024-02-19T18:40:58","slug":"sistema-de-reloj-timbre-de-emergencia-wifi-para-cuidadores-discapacidad-adulto-mayor-pacientes","status":"publish","type":"product","link":"https:\/\/ayudasparatodos.com\/index.php\/producto\/sistema-de-reloj-timbre-de-emergencia-wifi-para-cuidadores-discapacidad-adulto-mayor-pacientes\/","title":{"rendered":"Sistema de Reloj timbre de emergencia WIFI para cuidadores discapacidad adulto mayor pacientes"},"content":{"rendered":"<p>Sistema de alerta de vida con bot\u00f3n de llamada WiFi para cuidadores, sin tarifa mensual, bot\u00f3n de emergencia para pacientes ancianos discapacitados, 1 reloj de alerta, 1 receptor (solo soporta 2.4 GHz y sin tarifa mensual)<\/p>\n<p>Caracter\u00edsticas:<\/p>\n<p>C\u00f3mo funciona esta aplicaci\u00f3n WIFI Caregiver Pager: Cuando los ancianos\/discapacitados\/ni\u00f1os presionan el bot\u00f3n de llamada, el hub sonar\u00e1 una alarma, al mismo tiempo, la aplicaci\u00f3n del tel\u00e9fono inteligente recibir\u00e1 una alerta de advertencia, no importa si el tel\u00e9fono est\u00e1 en otra ciudad o provincia, puede recibir una alerta de advertencia instant\u00e1nea en cualquier lugar, y tambi\u00e9n registrar\u00e1 cada registro de llamadas.<\/p>\n<p>Mant\u00e9ngase tranquilo y le brinde m\u00e1s libertad: este buscapersonas WIFI para cuidadores se puede utilizar como un simple sistema de bot\u00f3n de llamada inal\u00e1mbrico para cuidadores interiores, pero tambi\u00e9n como un sistema de llamadas remotas que puede abarcar diferentes ciudades, estados e incluso pa\u00edses.<\/p>\n<p>F\u00e1cil para las personas mayores o aquellos que necesitan ayuda de uso: la alarma de bot\u00f3n de p\u00e1nico SOS es un buen regalo para cualquier persona que tiene ancianos o alguien necesita ayuda, por lo que tienen la tranquilidad de saber que cuando sus padres est\u00e1n solos en casa todav\u00eda pueden estar seguros, o notificarte f\u00e1cilmente si necesitan ayuda como si se caen o se lastiman. Funciona f\u00e1cilmente desde tu tel\u00e9fono inteligente, por lo que en caso de emergencia puede enviar ayuda de inmediato con un empuje de la llamada bot\u00f3n con el dedo.<\/p>\n<p>Funci\u00f3n de compartir y ampliable: puede configurar la funci\u00f3n de compartir de la aplicaci\u00f3n tuya para que cuando su ser querido presione el bot\u00f3n de p\u00e1nico, todos con los que lo comparten puedan recibir el mensaje de alerta; adem\u00e1s de este sistema de llamadas WIFI es ampliable, puede agregar m\u00e1s concentradores o botones de llamada para satisfacer las necesidades de varios escenarios de uso diferentes.<\/p>\n<p>Buscador de cuidadores con relojes de alerta: el reloj est\u00e1 configurado de la misma manera que un bot\u00f3n normal, puede consultar el manual o el video de emparejamiento de botones en nuestra p\u00e1gina para emparejar. Cuando est\u00e1 completamente cargado, el bot\u00f3n del reloj se puede presionar aproximadamente 6,000-7,000 veces, c\u00e1rguelo a tiempo de acuerdo con su frecuencia de uso para evitar la situaci\u00f3n de que la energ\u00eda es insuficiente para usar, el bot\u00f3n del reloj necesita Acerca de 1.5 hora para estar completamente cargado.M\u00faltiples aplicaciones de escena: sistema de paginaci\u00f3n inal\u00e1mbrico aplicado a salas de hospitales, hogares de ancianos, iglesias, hoteles y centros de rehabilitaci\u00f3n, puede ayudarte a mejorar la calidad del servicio<\/p>\n<ul>\n<li>Producto importado, venta bajo pedido con pago previo por el valor total del art\u00edculo.<\/li>\n<li>FAVOR ANTES DE OFERTAR, confirmar precio actual (por variaciones del valor del d\u00f3lar) y tambi\u00e9n CONFIRMAR QUE PUEDE ESPERAR LOS TIEMPOS DE ENTREGA\u00a0 que normalmente son entre 2-4 semanas.<\/li>\n<li>Cuando recibamos el pedido en nuestra oficina en Medell\u00edn-Colombia, le enviaremos un mensaje al comprador, si se encuentra en Medell\u00edn puede pasar a recogerlo personalmente en nuestra oficina, o tambi\u00e9n podemos hacer el envios a nivel nacional o internacional (Valor del envio cargo del comprador).<\/li>\n<li>Desde Ayudas para TODOS, estamos trabajando para ofrecerles el mayor Marketplace inclusivo a nivel mundial. Reuniendo en 1 solo sitio todos los productos que puedan necesitar, m\u00e1s de 5.000 referencias de art\u00edculos especializados que puedan necesitar instituciones y personas con o sin discapacidad, para apoyar procesos de inclusi\u00f3n, ayudando a superar las barreras que se pueden presentar al momento de estudiar, de trabajar, y en las dem\u00e1s actividades de la vida diaria.<\/li>\n<li>\u00bfNo est\u00e1 seguro sobre qu\u00e9 tipo de dispositivo o producto de apoyo debe comprar? Contamos con expertos para estudiar sus necesidades y asesorarlo recomend\u00e1ndole la ayuda o el conjunto de ayudas m\u00e1s adecuadas \u00bfNecesitas un producto y no lo encuentras en nuestro catalogo online? Cont\u00e1ctanos para ayudarte a conseguirlo. \u00bfEres emprendedor y tienes un gran producto inclusivo que quisieras promocionar en nuestra plataforma? <a href=\"https:\/\/ayudasparatodos.com\/index.php\/contact\/\">Cont\u00e1ctanos<\/a><\/li>\n<li>Visita la secci\u00f3n sobre <a href=\"https:\/\/ayudasparatodos.com\/index.php\/como-comprar-faq\/\">\u00bfC\u00f3mo Comprar? FAQ<\/a>, en la cual encontraras de forma m\u00e1s detallada las instrucciones de como comprar, servicio de asesor\u00eda y cotizaciones, formas de pago, env\u00edos a nivel nacional e internacional, garant\u00eda y otros temas relacionados.<\/li>\n<li><span style=\"font-size: 11.5pt; font-family: Roboto; color: #626262;\">Asesor\u00eda, cotizaciones dudas y comentarios: Si tiene cualquier duda o comentario, nos puede escribir o llamar via WhatsApp agregando el numero +57 3006000144 o directamente desde este <a href=\"https:\/\/wa.me\/+573006000144\">enlace<\/a>\u00a0 <\/span><a href=\"https:\/\/wa.me\/+573006000144\"><span style=\"font-size: 11.5pt; font-family: Roboto; color: #626262;\">https:\/\/wa.me\/+573006000144<\/span><\/a><span style=\"font-size: 11.5pt; font-family: Roboto; color: #626262;\">\u00a0 \u00a0 Tambi\u00e9n puede enviarnos un correo electr\u00f3nico a la direcci\u00f3n <a href=\"mailto:ventas@ayudasparatodos.com\">ventas@ayudasparatodos.com<\/a><\/span><\/li>\n<li><strong>Pagos en Colombia por transferencia Bancolombia o Nequi. Tambi\u00e9n recibimos pagos por tarjeta cr\u00e9dito o debito. Si la alternativa de pago no esta disponible en su pa\u00eds, tambi\u00e9n puede pagar por Giro en western Union o Paypal. Favor contactarnos al correo ventas@ayudasparatodos.com para generarle un enlace de pago personalizado por el valor de los art\u00edculos + el valor del envi\u00f3 seg\u00fan su ubicaci\u00f3n y con su moneda local. Despachos a nivel nacional e internacional desde Medell\u00edn &#8211; Colombia.<\/strong><\/li>\n<\/ul>\n<ul>\n<li style=\"list-style-type: none;\"><\/li>\n<\/ul>\n","protected":false},"excerpt":{"rendered":"<ul>\n<li>Sistema de alerta de vida con bot\u00f3n de llamada WiFi para cuidadores, sin tarifa mensual, bot\u00f3n de emergencia para pacientes ancianos discapacitados, 1 reloj de alerta, 1 receptor (solo soporta 2.4 GHz y sin tarifa mensual)<\/li>\n<\/ul>\n","protected":false},"featured_media":51999,"template":"","meta":[],"product_cat":[335],"product_tag":[337,336,338,339],"class_list":["post-51995","product","type-product","status-publish","has-post-thumbnail","hentry","product_cat-timbres-emergencia","product_tag-sistema-alerta-adulto-mayor-cuidador-timbre-sos-alerta-ayuda-emergencia","product_tag-sistema-timbre-de-emergencia-sos-cuidadores-pacientes-adultos-mayores-discapacidad","product_tag-sistema-timbre-sos-alerta-enfermera-cuidadores-hospitales-ancianatos-discapacidad","product_tag-sistema-wifi-alerta-emergencias-cuidadores-discapacidad-pacientes-adulto-mayor","description-off"],"_links":{"self":[{"href":"https:\/\/ayudasparatodos.com\/index.php\/wp-json\/wp\/v3\/product\/51995"}],"collection":[{"href":"https:\/\/ayudasparatodos.com\/index.php\/wp-json\/wp\/v3\/product"}],"about":[{"href":"https:\/\/ayudasparatodos.com\/index.php\/wp-json\/wp\/v2\/types\/product"}],"wp:featuredmedia":[{"embeddable":true,"href":"https:\/\/ayudasparatodos.com\/index.php\/wp-json\/wp\/v2\/media\/51999"}],"wp:attachment":[{"href":"https:\/\/ayudasparatodos.com\/index.php\/wp-json\/wp\/v2\/media?parent=51995"}],"wp:term":[{"taxonomy":"product_cat","embeddable":true,"href":"https:\/\/ayudasparatodos.com\/index.php\/wp-json\/wp\/v2\/product_cat?post=51995"},{"taxonomy":"product_tag","embeddable":true,"href":"https:\/\/ayudasparatodos.com\/index.php\/wp-json\/wp\/v2\/product_tag?post=51995"}],"curies":[{"name":"wp","href":"https:\/\/api.w.org\/{rel}","templated":true}]}}