{"id":51996,"date":"2024-02-19T19:47:52","date_gmt":"2024-02-19T19:47:52","guid":{"rendered":"https:\/\/ayudasparatodos.com\/?post_type=product&#038;p=51996"},"modified":"2024-02-19T19:47:52","modified_gmt":"2024-02-19T19:47:52","slug":"timbre-de-emergencia-wifi-sos-para-cuidadores-discapacidad-adulto-mayor-pacientes","status":"publish","type":"product","link":"https:\/\/ayudasparatodos.com\/index.php\/producto\/timbre-de-emergencia-wifi-sos-para-cuidadores-discapacidad-adulto-mayor-pacientes\/","title":{"rendered":"Timbre de emergencia WIFI SOS para cuidadores discapacidad adulto mayor pacientes"},"content":{"rendered":"<p>WiFi Smart Caregiver Buscapersonas Bot\u00f3n de llamada inal\u00e1mbrico Campana de llamada Sistema de alerta de enfermer\u00eda Bot\u00f3n de alerta de emergencia para pacientes ancianos personas mayores discapacitadas 1 bot\u00f3n de llamada SOS 1 receptor (compatible con WiFi de 2.4 GHz solamente)<\/p>\n<p>Caracter\u00edsticas:<\/p>\n<p>Sistema multifuncional de localizaci\u00f3n de control de aplicaci\u00f3n Tuya: cuando los ancianos\/pacientes necesitan ayuda, solo necesitan presionar el bot\u00f3n de llamada, el receptor har\u00e1 sonar una alarma y su tel\u00e9fono recibir\u00e1 un mensaje de alerta de advertencia inmediatamente, sin importar d\u00f3nde se encuentre, y puede ir a ayudar a su ser querido lo antes posible<\/p>\n<p>Localizador inteligente WiFi f\u00e1cil de usar: el bot\u00f3n de llamada es port\u00e1til con cord\u00f3n, se puede colgar alrededor del cuello o colocar en el bolsillo; El receptor es alimentado por un cable de datos, se puede instalar en cualquier lugar, paquete de tornillos incluido en el embalaje, el receptor tiene 7 opciones de m\u00fasica para elegir, volumen m\u00e1ximo 115dB, y tiene una funci\u00f3n de silencio<\/p>\n<p>Control de aplicaci\u00f3n multifuncional: puede lograr varias funciones en la aplicaci\u00f3n Tuya: desarmar la alarma; Reemplazar el tono de llamada; Establecer la duraci\u00f3n de la alarma; Establecer el volumen de la alarma; Eliminar o agregar botones de alarma. El bot\u00f3n y el receptor ya est\u00e1n emparejados. Despu\u00e9s de recibir el producto, descarga y conecta la aplicaci\u00f3n de acuerdo con las instrucciones (idioma espa\u00f1ol no garantizado)<\/p>\n<p>Funci\u00f3n de compartir y ampliable: puedes configurar la funci\u00f3n de compartir de la aplicaci\u00f3n tuya para que cuando tu ser querido presione el bot\u00f3n de p\u00e1nico, todos los que lo compartas puedan recibir el mensaje de alerta; este sistema es ampliable, puedes agregar m\u00e1s hosts y botones de llamada para satisfacer tus necesidades<\/p>\n<p>M\u00faltiples lugares aplicables: hogar, hogar de ancianos, hospital, cl\u00ednica, etc; Nota: Para una recepci\u00f3n de se\u00f1al estable, no deje que el host est\u00e9 demasiado lejos de la fuente de se\u00f1al WiFi<\/p>\n<ul>\n<li>Producto importado, venta bajo pedido con pago previo por el valor total del art\u00edculo.<\/li>\n<li>FAVOR ANTES DE OFERTAR, confirmar precio actual (por variaciones del valor del d\u00f3lar) y tambi\u00e9n CONFIRMAR QUE PUEDE ESPERAR LOS TIEMPOS DE ENTREGA\u00a0 que normalmente son entre 2-4 semanas.<\/li>\n<li>Cuando recibamos el pedido en nuestra oficina en Medell\u00edn-Colombia, le enviaremos un mensaje al comprador, si se encuentra en Medell\u00edn puede pasar a recogerlo personalmente en nuestra oficina, o tambi\u00e9n podemos hacer el envios a nivel nacional o internacional (Valor del envio cargo del comprador).<\/li>\n<li>Desde Ayudas para TODOS, estamos trabajando para ofrecerles el mayor Marketplace inclusivo a nivel mundial. Reuniendo en 1 solo sitio todos los productos que puedan necesitar, m\u00e1s de 5.000 referencias de art\u00edculos especializados que puedan necesitar instituciones y personas con o sin discapacidad, para apoyar procesos de inclusi\u00f3n, ayudando a superar las barreras que se pueden presentar al momento de estudiar, de trabajar, y en las dem\u00e1s actividades de la vida diaria.<\/li>\n<li>\u00bfNo est\u00e1 seguro sobre qu\u00e9 tipo de dispositivo o producto de apoyo debe comprar? Contamos con expertos para estudiar sus necesidades y asesorarlo recomend\u00e1ndole la ayuda o el conjunto de ayudas m\u00e1s adecuadas \u00bfNecesitas un producto y no lo encuentras en nuestro catalogo online? Cont\u00e1ctanos para ayudarte a conseguirlo. \u00bfEres emprendedor y tienes un gran producto inclusivo que quisieras promocionar en nuestra plataforma? <a href=\"https:\/\/ayudasparatodos.com\/index.php\/contact\/\">Cont\u00e1ctanos<\/a><\/li>\n<li>Visita la secci\u00f3n sobre <a href=\"https:\/\/ayudasparatodos.com\/index.php\/como-comprar-faq\/\">\u00bfC\u00f3mo Comprar? FAQ<\/a>, en la cual encontraras de forma m\u00e1s detallada las instrucciones de como comprar, servicio de asesor\u00eda y cotizaciones, formas de pago, env\u00edos a nivel nacional e internacional, garant\u00eda y otros temas relacionados.<\/li>\n<li><span style=\"font-size: 11.5pt; font-family: Roboto; color: #626262;\">Asesor\u00eda, cotizaciones dudas y comentarios: Si tiene cualquier duda o comentario, nos puede escribir o llamar via WhatsApp agregando el numero +57 3006000144 o directamente desde este <a href=\"https:\/\/wa.me\/+573006000144\">enlace<\/a>\u00a0 <\/span><a href=\"https:\/\/wa.me\/+573006000144\"><span style=\"font-size: 11.5pt; font-family: Roboto; color: #626262;\">https:\/\/wa.me\/+573006000144<\/span><\/a><span style=\"font-size: 11.5pt; font-family: Roboto; color: #626262;\">\u00a0 \u00a0 Tambi\u00e9n puede enviarnos un correo electr\u00f3nico a la direcci\u00f3n <a href=\"mailto:ventas@ayudasparatodos.com\">ventas@ayudasparatodos.com<\/a><\/span><\/li>\n<li><strong>Pagos en Colombia por transferencia Bancolombia o Nequi. Tambi\u00e9n recibimos pagos por tarjeta cr\u00e9dito o debito. Si la alternativa de pago no esta disponible en su pa\u00eds, tambi\u00e9n puede pagar por Giro en western Union o Paypal. Favor contactarnos al correo ventas@ayudasparatodos.com para generarle un enlace de pago personalizado por el valor de los art\u00edculos + el valor del envi\u00f3 seg\u00fan su ubicaci\u00f3n y con su moneda local. Despachos a nivel nacional e internacional desde Medell\u00edn &#8211; Colombia.<\/strong><\/li>\n<\/ul>\n<ul>\n<li style=\"list-style-type: none;\"><\/li>\n<\/ul>\n","protected":false},"excerpt":{"rendered":"<ul>\n<li>WiFi Smart Caregiver Buscapersonas Bot\u00f3n de llamada inal\u00e1mbrico Campana de llamada Sistema de alerta de enfermer\u00eda Bot\u00f3n de alerta de emergencia para pacientes ancianos personas mayores discapacitadas 1 bot\u00f3n de llamada SOS 1 receptor<\/li>\n<\/ul>\n","protected":false},"featured_media":0,"template":"","meta":[],"product_cat":[331,335,49],"product_tag":[337,336,338],"class_list":["post-51996","product","type-product","status-publish","hentry","product_cat-adulto-mayor","product_cat-timbres-emergencia","product_cat-topfisicatienda","product_tag-sistema-alerta-adulto-mayor-cuidador-timbre-sos-alerta-ayuda-emergencia","product_tag-sistema-timbre-de-emergencia-sos-cuidadores-pacientes-adultos-mayores-discapacidad","product_tag-sistema-timbre-sos-alerta-enfermera-cuidadores-hospitales-ancianatos-discapacidad","description-off"],"_links":{"self":[{"href":"https:\/\/ayudasparatodos.com\/index.php\/wp-json\/wp\/v3\/product\/51996"}],"collection":[{"href":"https:\/\/ayudasparatodos.com\/index.php\/wp-json\/wp\/v3\/product"}],"about":[{"href":"https:\/\/ayudasparatodos.com\/index.php\/wp-json\/wp\/v2\/types\/product"}],"wp:attachment":[{"href":"https:\/\/ayudasparatodos.com\/index.php\/wp-json\/wp\/v2\/media?parent=51996"}],"wp:term":[{"taxonomy":"product_cat","embeddable":true,"href":"https:\/\/ayudasparatodos.com\/index.php\/wp-json\/wp\/v2\/product_cat?post=51996"},{"taxonomy":"product_tag","embeddable":true,"href":"https:\/\/ayudasparatodos.com\/index.php\/wp-json\/wp\/v2\/product_tag?post=51996"}],"curies":[{"name":"wp","href":"https:\/\/api.w.org\/{rel}","templated":true}]}}