{"id":51997,"date":"2024-02-19T20:08:19","date_gmt":"2024-02-19T20:08:19","guid":{"rendered":"https:\/\/ayudasparatodos.com\/?post_type=product&#038;p=51997"},"modified":"2024-02-19T20:08:19","modified_gmt":"2024-02-19T20:08:19","slug":"timbre-de-emergencia-sos-con-2-pulsadores-para-cuidadores-discapacidad-adulto-mayor-pacientes","status":"publish","type":"product","link":"https:\/\/ayudasparatodos.com\/index.php\/producto\/timbre-de-emergencia-sos-con-2-pulsadores-para-cuidadores-discapacidad-adulto-mayor-pacientes\/","title":{"rendered":"Timbre de emergencia SOS con 2 pulsadores para cuidadores discapacidad adulto mayor pacientes"},"content":{"rendered":"<p>Alerta de vida inal\u00e1mbrica para cuidador, rango m\u00e1s largo de 1000 pies, bot\u00f3n de llamada de alerta de ca\u00edda impermeable para el hogar, ancianos\/pacientes\/discapacitados<\/p>\n<p>Caracter\u00edsticas:<\/p>\n<p>[Cuida de tu familia] Para los ancianos, discapacitados o enfermos que pagan a su cuidador. Tambi\u00e9n es bueno para los masajistas, la respuesta perfecta para saber con certeza cu\u00e1ndo el cliente est\u00e1 listo sin esperar demasiado tiempo para entrar en la habitaci\u00f3n o no darles suficiente tiempo antes de tocar.<\/p>\n<p>Distancias m\u00e1s largas y tecnolog\u00eda de alta frecuencia: utilizando tecnolog\u00eda adaptativa de alta frecuencia y m\u00e1s antiinterferencia, m\u00e1s de 1000 pies en el \u00e1rea abierta, fuerte penetraci\u00f3n y estabilidad de se\u00f1al, puede penetrar algunas paredes.<\/p>\n<p>5 niveles de volumen y flash LED: rango de volumen de 5 niveles de 0 dB a 110 dB, para beb\u00e9s y personas que duermen ligeramente. El modo silencioso con solo flash LED est\u00e1 disponible cuando no quieres que te molesten.<\/p>\n<p>[Resistente al agua y 52 melod\u00edas] El bot\u00f3n es impermeable IP55, aceptable para salpicaduras de comida\/sopa, y permite instalarse en la sala de lavado. Los sistemas de alerta de vida ofrecen 52 melod\u00edas para su elecci\u00f3n.<\/p>\n<p>Conveniente para transportar: el transmisor se puede llevar c\u00f3modamente alrededor del cuello o llevar en un bolsillo. Simplemente presionar un bot\u00f3n en el transmisor har\u00e1 que el receptor alerte un sonido fuerte, no es necesario gritar para llamar la atenci\u00f3n de alguien. Bater\u00eda CR2032 reemplazable incluida.<\/p>\n<ul>\n<li>Producto importado, venta bajo pedido con pago previo por el valor total del art\u00edculo.<\/li>\n<li>FAVOR ANTES DE OFERTAR, confirmar precio actual (por variaciones del valor del d\u00f3lar) y tambi\u00e9n CONFIRMAR QUE PUEDE ESPERAR LOS TIEMPOS DE ENTREGA\u00a0 que normalmente son entre 2-4 semanas.<\/li>\n<li>Cuando recibamos el pedido en nuestra oficina en Medell\u00edn-Colombia, le enviaremos un mensaje al comprador, si se encuentra en Medell\u00edn puede pasar a recogerlo personalmente en nuestra oficina, o tambi\u00e9n podemos hacer el envios a nivel nacional o internacional (Valor del envio cargo del comprador).<\/li>\n<li>Desde Ayudas para TODOS, estamos trabajando para ofrecerles el mayor Marketplace inclusivo a nivel mundial. Reuniendo en 1 solo sitio todos los productos que puedan necesitar, m\u00e1s de 5.000 referencias de art\u00edculos especializados que puedan necesitar instituciones y personas con o sin discapacidad, para apoyar procesos de inclusi\u00f3n, ayudando a superar las barreras que se pueden presentar al momento de estudiar, de trabajar, y en las dem\u00e1s actividades de la vida diaria.<\/li>\n<li>\u00bfNo est\u00e1 seguro sobre qu\u00e9 tipo de dispositivo o producto de apoyo debe comprar? Contamos con expertos para estudiar sus necesidades y asesorarlo recomend\u00e1ndole la ayuda o el conjunto de ayudas m\u00e1s adecuadas \u00bfNecesitas un producto y no lo encuentras en nuestro catalogo online? Cont\u00e1ctanos para ayudarte a conseguirlo. \u00bfEres emprendedor y tienes un gran producto inclusivo que quisieras promocionar en nuestra plataforma? <a href=\"https:\/\/ayudasparatodos.com\/index.php\/contact\/\">Cont\u00e1ctanos<\/a><\/li>\n<li>Visita la secci\u00f3n sobre <a href=\"https:\/\/ayudasparatodos.com\/index.php\/como-comprar-faq\/\">\u00bfC\u00f3mo Comprar? FAQ<\/a>, en la cual encontraras de forma m\u00e1s detallada las instrucciones de como comprar, servicio de asesor\u00eda y cotizaciones, formas de pago, env\u00edos a nivel nacional e internacional, garant\u00eda y otros temas relacionados.<\/li>\n<li><span style=\"font-size: 11.5pt; font-family: Roboto; color: #626262;\">Asesor\u00eda, cotizaciones dudas y comentarios: Si tiene cualquier duda o comentario, nos puede escribir o llamar via WhatsApp agregando el numero +57 3006000144 o directamente desde este <a href=\"https:\/\/wa.me\/+573006000144\">enlace<\/a>\u00a0 <\/span><a href=\"https:\/\/wa.me\/+573006000144\"><span style=\"font-size: 11.5pt; font-family: Roboto; color: #626262;\">https:\/\/wa.me\/+573006000144<\/span><\/a><span style=\"font-size: 11.5pt; font-family: Roboto; color: #626262;\">\u00a0 \u00a0 Tambi\u00e9n puede enviarnos un correo electr\u00f3nico a la direcci\u00f3n <a href=\"mailto:ventas@ayudasparatodos.com\">ventas@ayudasparatodos.com<\/a><\/span><\/li>\n<li><strong>Pagos en Colombia por transferencia Bancolombia o Nequi. Tambi\u00e9n recibimos pagos por tarjeta cr\u00e9dito o debito. Si la alternativa de pago no esta disponible en su pa\u00eds, tambi\u00e9n puede pagar por Giro en western Union o Paypal. Favor contactarnos al correo ventas@ayudasparatodos.com para generarle un enlace de pago personalizado por el valor de los art\u00edculos + el valor del envi\u00f3 seg\u00fan su ubicaci\u00f3n y con su moneda local. Despachos a nivel nacional e internacional desde Medell\u00edn &#8211; Colombia.<\/strong><\/li>\n<\/ul>\n<ul>\n<li style=\"list-style-type: none;\"><\/li>\n<\/ul>\n","protected":false},"excerpt":{"rendered":"<ul>\n<li>Alerta de vida inal\u00e1mbrica para cuidador, rango m\u00e1s largo de 1000 pies, bot\u00f3n de llamada de alerta de ca\u00edda impermeable para el hogar, ancianos\/pacientes\/discapacitados<\/li>\n<\/ul>\n","protected":false},"featured_media":0,"template":"","meta":[],"product_cat":[331,335,49],"product_tag":[337,336,338,340],"class_list":["post-51997","product","type-product","status-publish","hentry","product_cat-adulto-mayor","product_cat-timbres-emergencia","product_cat-topfisicatienda","product_tag-sistema-alerta-adulto-mayor-cuidador-timbre-sos-alerta-ayuda-emergencia","product_tag-sistema-timbre-de-emergencia-sos-cuidadores-pacientes-adultos-mayores-discapacidad","product_tag-sistema-timbre-sos-alerta-enfermera-cuidadores-hospitales-ancianatos-discapacidad","product_tag-timbres-sistema-llamado-alerta-cuidadores-pacientes-discapacidad-adulto-mayor","description-off"],"_links":{"self":[{"href":"https:\/\/ayudasparatodos.com\/index.php\/wp-json\/wp\/v3\/product\/51997"}],"collection":[{"href":"https:\/\/ayudasparatodos.com\/index.php\/wp-json\/wp\/v3\/product"}],"about":[{"href":"https:\/\/ayudasparatodos.com\/index.php\/wp-json\/wp\/v2\/types\/product"}],"wp:attachment":[{"href":"https:\/\/ayudasparatodos.com\/index.php\/wp-json\/wp\/v2\/media?parent=51997"}],"wp:term":[{"taxonomy":"product_cat","embeddable":true,"href":"https:\/\/ayudasparatodos.com\/index.php\/wp-json\/wp\/v2\/product_cat?post=51997"},{"taxonomy":"product_tag","embeddable":true,"href":"https:\/\/ayudasparatodos.com\/index.php\/wp-json\/wp\/v2\/product_tag?post=51997"}],"curies":[{"name":"wp","href":"https:\/\/api.w.org\/{rel}","templated":true}]}}