{"id":52025,"date":"2024-02-21T20:05:11","date_gmt":"2024-02-21T20:05:11","guid":{"rendered":"https:\/\/ayudasparatodos.com\/?post_type=product&#038;p=52025"},"modified":"2024-02-21T20:05:11","modified_gmt":"2024-02-21T20:05:11","slug":"6-timbres-de-emergencia-sos-y-receptor-para-cuidadores-discapacidad-adulto-mayor-pacientes","status":"publish","type":"product","link":"https:\/\/ayudasparatodos.com\/index.php\/producto\/6-timbres-de-emergencia-sos-y-receptor-para-cuidadores-discapacidad-adulto-mayor-pacientes\/","title":{"rendered":"6 Timbres de emergencia SOS y receptor para cuidadores discapacidad adulto mayor pacientes"},"content":{"rendered":"<p>Sistema inal\u00e1mbrico de llamada de enfermer\u00eda para cuidadores, rango de 500 pies con pantalla de n\u00famero LED, bot\u00f3n de llamada para ancianos en casa, sistemas de alerta m\u00e9dica para personas mayores<\/p>\n<p>Caracter\u00edsticas:<\/p>\n<p>[Inal\u00e1mbrico y f\u00e1cil instalaci\u00f3n] El localizador inal\u00e1mbrico para cuidadores te ayuda a ahorrar el problema de la instalaci\u00f3n del cable. Solo tienes que conectar el receptor y pegar el bot\u00f3n de llamada inal\u00e1mbrica a la casa\/hospital\/cl\u00ednica\/hogar de ancianos. El bot\u00f3n se puede conectar a cualquier lugar adecuado, mientras que el bot\u00f3n de llamada est\u00e1 equipado con un cord\u00f3n que se puede llevar alrededor del cuello, lo que facilita que los ancianos y los pacientes llamen para pedir ayuda en cualquier momento y en cualquier lugar.<\/p>\n<p>Pantalla de n\u00fameros LED y amplio rango: la pantalla LED del buscapersonas puede mostrar diferentes n\u00fameros para ayudarte a distinguir f\u00e1cilmente a qu\u00e9 habitaci\u00f3n est\u00e1 llamando. El sistema de llamadas de enfermer\u00eda tiene un rango de recepci\u00f3n de se\u00f1al de 500 pies y se puede utilizar en una casa de 2 o 3 pisos. Tambi\u00e9n se puede emparejar con receptores adicionales o botones de llamada para ampliar tu rango de uso.<\/p>\n<p>Cuida mejor a tu familia y paciente: si tienes ancianos con discapacidad, el bot\u00f3n de emergencia puede recordarte que debes ayudar a tu familia mientras descansas, trabajas o haces tareas dom\u00e9sticas. Si est\u00e1 dirigiendo un hospital\/cl\u00ednica, el bot\u00f3n de llamada de enfermera le permite a usted y a sus pacientes obtener el contacto m\u00e1s inmediato.<\/p>\n<p>Tonos de llamada seleccionables y volumen ajustable: el receptor est\u00e1 equipado con 38 tipos de tonos de llamada de diferentes estilos para tus elecciones. Puede programar cada bot\u00f3n de p\u00e1nico a su propio sonido. 5 niveles de volumen ajustable, de silencioso a ruidoso (0 dB a 110 db), no tienes que preocuparte por no escuchar el sonido.<\/p>\n<ul>\n<li>Producto importado, venta bajo pedido con pago previo por el valor total del art\u00edculo.<\/li>\n<li>FAVOR ANTES DE OFERTAR, confirmar precio actual (por variaciones del valor del d\u00f3lar) y tambi\u00e9n CONFIRMAR QUE PUEDE ESPERAR LOS TIEMPOS DE ENTREGA\u00a0 que normalmente son entre 2-4 semanas.<\/li>\n<li>Cuando recibamos el pedido en nuestra oficina en Medell\u00edn-Colombia, le enviaremos un mensaje al comprador, si se encuentra en Medell\u00edn puede pasar a recogerlo personalmente en nuestra oficina, o tambi\u00e9n podemos hacer el envios a nivel nacional o internacional (Valor del envio cargo del comprador).<\/li>\n<li>Desde Ayudas para TODOS, estamos trabajando para ofrecerles el mayor Marketplace inclusivo a nivel mundial. Reuniendo en 1 solo sitio todos los productos que puedan necesitar, m\u00e1s de 5.000 referencias de art\u00edculos especializados que puedan necesitar instituciones y personas con o sin discapacidad, para apoyar procesos de inclusi\u00f3n, ayudando a superar las barreras que se pueden presentar al momento de estudiar, de trabajar, y en las dem\u00e1s actividades de la vida diaria.<\/li>\n<li>\u00bfNo est\u00e1 seguro sobre qu\u00e9 tipo de dispositivo o producto de apoyo debe comprar? Contamos con expertos para estudiar sus necesidades y asesorarlo recomend\u00e1ndole la ayuda o el conjunto de ayudas m\u00e1s adecuadas \u00bfNecesitas un producto y no lo encuentras en nuestro catalogo online? Cont\u00e1ctanos para ayudarte a conseguirlo. \u00bfEres emprendedor y tienes un gran producto inclusivo que quisieras promocionar en nuestra plataforma? <a href=\"https:\/\/ayudasparatodos.com\/index.php\/contact\/\">Cont\u00e1ctanos<\/a><\/li>\n<li>Visita la secci\u00f3n sobre <a href=\"https:\/\/ayudasparatodos.com\/index.php\/como-comprar-faq\/\">\u00bfC\u00f3mo Comprar? FAQ<\/a>, en la cual encontraras de forma m\u00e1s detallada las instrucciones de como comprar, servicio de asesor\u00eda y cotizaciones, formas de pago, env\u00edos a nivel nacional e internacional, garant\u00eda y otros temas relacionados.<\/li>\n<li><span style=\"font-size: 11.5pt; font-family: Roboto; color: #626262;\">Asesor\u00eda, cotizaciones dudas y comentarios: Si tiene cualquier duda o comentario, nos puede escribir o llamar via WhatsApp agregando el numero +57 3006000144 o directamente desde este <a href=\"https:\/\/wa.me\/+573006000144\">enlace<\/a>\u00a0 <\/span><a href=\"https:\/\/wa.me\/+573006000144\"><span style=\"font-size: 11.5pt; font-family: Roboto; color: #626262;\">https:\/\/wa.me\/+573006000144<\/span><\/a><span style=\"font-size: 11.5pt; font-family: Roboto; color: #626262;\">\u00a0 \u00a0 Tambi\u00e9n puede enviarnos un correo electr\u00f3nico a la direcci\u00f3n <a href=\"mailto:ventas@ayudasparatodos.com\">ventas@ayudasparatodos.com<\/a><\/span><\/li>\n<li><strong>Pagos en Colombia por transferencia Bancolombia o Nequi. Tambi\u00e9n recibimos pagos por tarjeta cr\u00e9dito o debito. Si la alternativa de pago no esta disponible en su pa\u00eds, tambi\u00e9n puede pagar por Giro en western Union o Paypal. Favor contactarnos al correo ventas@ayudasparatodos.com para generarle un enlace de pago personalizado por el valor de los art\u00edculos + el valor del envi\u00f3 seg\u00fan su ubicaci\u00f3n y con su moneda local. Despachos a nivel nacional e internacional desde Medell\u00edn &#8211; Colombia.<\/strong><\/li>\n<\/ul>\n<ul>\n<li style=\"list-style-type: none;\"><\/li>\n<\/ul>\n","protected":false},"excerpt":{"rendered":"<ul>\n<li>Sistema inal\u00e1mbrico de llamada de enfermer\u00eda para cuidadores, rango de 500 pies con pantalla de n\u00famero LED, bot\u00f3n de llamada para ancianos en casa, sistemas de alerta m\u00e9dica para personas mayores<\/li>\n<\/ul>\n","protected":false},"featured_media":0,"template":"","meta":[],"product_cat":[331,335,49],"product_tag":[337,336,338],"class_list":["post-52025","product","type-product","status-publish","hentry","product_cat-adulto-mayor","product_cat-timbres-emergencia","product_cat-topfisicatienda","product_tag-sistema-alerta-adulto-mayor-cuidador-timbre-sos-alerta-ayuda-emergencia","product_tag-sistema-timbre-de-emergencia-sos-cuidadores-pacientes-adultos-mayores-discapacidad","product_tag-sistema-timbre-sos-alerta-enfermera-cuidadores-hospitales-ancianatos-discapacidad","description-off"],"_links":{"self":[{"href":"https:\/\/ayudasparatodos.com\/index.php\/wp-json\/wp\/v3\/product\/52025"}],"collection":[{"href":"https:\/\/ayudasparatodos.com\/index.php\/wp-json\/wp\/v3\/product"}],"about":[{"href":"https:\/\/ayudasparatodos.com\/index.php\/wp-json\/wp\/v2\/types\/product"}],"wp:attachment":[{"href":"https:\/\/ayudasparatodos.com\/index.php\/wp-json\/wp\/v2\/media?parent=52025"}],"wp:term":[{"taxonomy":"product_cat","embeddable":true,"href":"https:\/\/ayudasparatodos.com\/index.php\/wp-json\/wp\/v2\/product_cat?post=52025"},{"taxonomy":"product_tag","embeddable":true,"href":"https:\/\/ayudasparatodos.com\/index.php\/wp-json\/wp\/v2\/product_tag?post=52025"}],"curies":[{"name":"wp","href":"https:\/\/api.w.org\/{rel}","templated":true}]}}