{"id":52027,"date":"2024-02-19T22:46:18","date_gmt":"2024-02-19T22:46:18","guid":{"rendered":"https:\/\/ayudasparatodos.com\/?post_type=product&#038;p=52027"},"modified":"2024-02-19T22:46:18","modified_gmt":"2024-02-19T22:46:18","slug":"timbre-de-emergencia-portable-sos-con-2-pulsadores-para-cuidadores-discapacidad-adulto-mayor-pacientes","status":"publish","type":"product","link":"https:\/\/ayudasparatodos.com\/index.php\/producto\/timbre-de-emergencia-portable-sos-con-2-pulsadores-para-cuidadores-discapacidad-adulto-mayor-pacientes\/","title":{"rendered":"Timbre de emergencia Portable SOS con 2 pulsadores para cuidadores discapacidad adulto mayor pacientes"},"content":{"rendered":"<p>Cuidador inteligente con dos botones de llamada y buscapersonas inal\u00e1mbrico para cuidadores para prevenci\u00f3n de ca\u00eddas y asistencia a personas mayores | Bot\u00f3n de llamada del cuidador con cord\u00f3n port\u00e1til | Sistema de alerta de llamada a enfermera con alcance de hasta 300&#8242;<\/p>\n<p>Caracter\u00edsticas:<\/p>\n<p>Bot\u00f3n de alerta para personas mayores en casa: nuestro sistema inal\u00e1mbrico de alarma de ca\u00eddas alerta a los cuidadores cuando los pacientes presionan el bot\u00f3n de llamada, enviando una alarma de sonido al buscapersonas incluido. La configuraci\u00f3n es f\u00e1cil; coloca el bot\u00f3n de llamada en una superficie plana o montado en una pared o haz que el paciente lo use con el cord\u00f3n incluido para una respuesta r\u00e1pida.<\/p>\n<p>Sistema de alerta m\u00e9dica de largo alcance: Este sistema de alarma de paginaci\u00f3n incluye un localizador inal\u00e1mbrico para cuidadores con un interruptor de encendido\/apagado y dos tonos de alerta para elegir. Con un alcance de hasta 300 pies, nuestra alarma de monitoreo de ancianos brinda a los cuidadores la capacidad de ocuparse de otras tareas mientras est\u00e1n en una habitaci\u00f3n diferente, por lo que es una parte valiosa de sus productos de asistencia para ancianos. Los pacientes pueden presionar el bot\u00f3n de ayuda para alertar al cuidador si necesitan ayuda, si se caen o si hay una emergencia.<\/p>\n<p>Botones de alerta para cuidadores: El localizador de alarma de seguridad inal\u00e1mbrico puede ser transportado por el cuidador, enganchado a la ropa usando el clip para cintur\u00f3n, o colocado en un lugar conveniente para un monitoreo inal\u00e1mbrico efectivo del paciente. El buscapersonas y el juego de botones de p\u00e1nico inal\u00e1mbrico no contienen l\u00e1tex y son seguros de usar con un marcapasos.<\/p>\n<p>Sistema de bot\u00f3n de llamada f\u00e1cil de usar: Este sistema de localizaci\u00f3n para ancianos, pacientes enfermos o personas con movilidad limitada, es f\u00e1cil de usar y listo para configurar desde el primer momento. El paciente puede usar uno de los botones de llamada utilizando el cord\u00f3n incluido o montarlo en una superficie plana de f\u00e1cil acceso. Cuando se presiona el bot\u00f3n, env\u00eda una alerta inmediatamente al buscador de cuidadores incluido.<\/p>\n<p>Sistema de paginaci\u00f3n completo: Nuestro sistema de alerta de emergencia para personas mayores incluye un buscapersonas inal\u00e1mbricas con un rango de hasta 300 pies y m\u00faltiples opciones de alerta, un cord\u00f3n conveniente, dos botones de llamada port\u00e1tiles, dos (2) bater\u00edas AA, dos (2) bater\u00edas de 12v un manual de instrucciones y una garant\u00eda del fabricante de 90 d\u00edas. Smart Caregiver se compromete a suministrar monitores de prevenci\u00f3n de ca\u00eddas y antierrantes de alta calidad.<\/p>\n<ul>\n<li>Producto importado, venta bajo pedido con pago previo por el valor total del art\u00edculo.<\/li>\n<li>FAVOR ANTES DE OFERTAR, confirmar precio actual (por variaciones del valor del d\u00f3lar) y tambi\u00e9n CONFIRMAR QUE PUEDE ESPERAR LOS TIEMPOS DE ENTREGA\u00a0 que normalmente son entre 2-4 semanas.<\/li>\n<li>Cuando recibamos el pedido en nuestra oficina en Medell\u00edn-Colombia, le enviaremos un mensaje al comprador, si se encuentra en Medell\u00edn puede pasar a recogerlo personalmente en nuestra oficina, o tambi\u00e9n podemos hacer el envios a nivel nacional o internacional (Valor del envio cargo del comprador).<\/li>\n<li>Desde Ayudas para TODOS, estamos trabajando para ofrecerles el mayor Marketplace inclusivo a nivel mundial. Reuniendo en 1 solo sitio todos los productos que puedan necesitar, m\u00e1s de 5.000 referencias de art\u00edculos especializados que puedan necesitar instituciones y personas con o sin discapacidad, para apoyar procesos de inclusi\u00f3n, ayudando a superar las barreras que se pueden presentar al momento de estudiar, de trabajar, y en las dem\u00e1s actividades de la vida diaria.<\/li>\n<li>\u00bfNo est\u00e1 seguro sobre qu\u00e9 tipo de dispositivo o producto de apoyo debe comprar? Contamos con expertos para estudiar sus necesidades y asesorarlo recomend\u00e1ndole la ayuda o el conjunto de ayudas m\u00e1s adecuadas \u00bfNecesitas un producto y no lo encuentras en nuestro catalogo online? Cont\u00e1ctanos para ayudarte a conseguirlo. \u00bfEres emprendedor y tienes un gran producto inclusivo que quisieras promocionar en nuestra plataforma? <a href=\"https:\/\/ayudasparatodos.com\/index.php\/contact\/\">Cont\u00e1ctanos<\/a><\/li>\n<li>Visita la secci\u00f3n sobre <a href=\"https:\/\/ayudasparatodos.com\/index.php\/como-comprar-faq\/\">\u00bfC\u00f3mo Comprar? FAQ<\/a>, en la cual encontraras de forma m\u00e1s detallada las instrucciones de como comprar, servicio de asesor\u00eda y cotizaciones, formas de pago, env\u00edos a nivel nacional e internacional, garant\u00eda y otros temas relacionados.<\/li>\n<li><span style=\"font-size: 11.5pt; font-family: Roboto; color: #626262;\">Asesor\u00eda, cotizaciones dudas y comentarios: Si tiene cualquier duda o comentario, nos puede escribir o llamar via WhatsApp agregando el numero +57 3006000144 o directamente desde este <a href=\"https:\/\/wa.me\/+573006000144\">enlace<\/a>\u00a0 <\/span><a href=\"https:\/\/wa.me\/+573006000144\"><span style=\"font-size: 11.5pt; font-family: Roboto; color: #626262;\">https:\/\/wa.me\/+573006000144<\/span><\/a><span style=\"font-size: 11.5pt; font-family: Roboto; color: #626262;\">\u00a0 \u00a0 Tambi\u00e9n puede enviarnos un correo electr\u00f3nico a la direcci\u00f3n <a href=\"mailto:ventas@ayudasparatodos.com\">ventas@ayudasparatodos.com<\/a><\/span><\/li>\n<li><strong>Pagos en Colombia por transferencia Bancolombia o Nequi. Tambi\u00e9n recibimos pagos por tarjeta cr\u00e9dito o debito. Si la alternativa de pago no esta disponible en su pa\u00eds, tambi\u00e9n puede pagar por Giro en western Union o Paypal. Favor contactarnos al correo ventas@ayudasparatodos.com para generarle un enlace de pago personalizado por el valor de los art\u00edculos + el valor del envi\u00f3 seg\u00fan su ubicaci\u00f3n y con su moneda local. Despachos a nivel nacional e internacional desde Medell\u00edn &#8211; Colombia.<\/strong><\/li>\n<\/ul>\n<ul>\n<li style=\"list-style-type: none;\"><\/li>\n<\/ul>\n","protected":false},"excerpt":{"rendered":"<ul>\n<li>Sistema de llamadas inal\u00e1mbrico para cuidadores, localizador, sistema de alerta de enfermera con 1 reloj impermeable para cuidadores\/2 botones de llamada para ancianos\/pacientes\/discapacitados en casa<\/li>\n<\/ul>\n","protected":false},"featured_media":52029,"template":"","meta":[],"product_cat":[331,335,49],"product_tag":[337,336,338],"class_list":["post-52027","product","type-product","status-publish","has-post-thumbnail","hentry","product_cat-adulto-mayor","product_cat-timbres-emergencia","product_cat-topfisicatienda","product_tag-sistema-alerta-adulto-mayor-cuidador-timbre-sos-alerta-ayuda-emergencia","product_tag-sistema-timbre-de-emergencia-sos-cuidadores-pacientes-adultos-mayores-discapacidad","product_tag-sistema-timbre-sos-alerta-enfermera-cuidadores-hospitales-ancianatos-discapacidad","description-off"],"_links":{"self":[{"href":"https:\/\/ayudasparatodos.com\/index.php\/wp-json\/wp\/v3\/product\/52027"}],"collection":[{"href":"https:\/\/ayudasparatodos.com\/index.php\/wp-json\/wp\/v3\/product"}],"about":[{"href":"https:\/\/ayudasparatodos.com\/index.php\/wp-json\/wp\/v2\/types\/product"}],"wp:featuredmedia":[{"embeddable":true,"href":"https:\/\/ayudasparatodos.com\/index.php\/wp-json\/wp\/v2\/media\/52029"}],"wp:attachment":[{"href":"https:\/\/ayudasparatodos.com\/index.php\/wp-json\/wp\/v2\/media?parent=52027"}],"wp:term":[{"taxonomy":"product_cat","embeddable":true,"href":"https:\/\/ayudasparatodos.com\/index.php\/wp-json\/wp\/v2\/product_cat?post=52027"},{"taxonomy":"product_tag","embeddable":true,"href":"https:\/\/ayudasparatodos.com\/index.php\/wp-json\/wp\/v2\/product_tag?post=52027"}],"curies":[{"name":"wp","href":"https:\/\/api.w.org\/{rel}","templated":true}]}}