{"id":52058,"date":"2024-02-21T20:17:00","date_gmt":"2024-02-21T20:17:00","guid":{"rendered":"https:\/\/ayudasparatodos.com\/?post_type=product&#038;p=52058"},"modified":"2024-02-21T20:17:01","modified_gmt":"2024-02-21T20:17:01","slug":"10-timbres-de-emergencia-sos-y-receptor-portatil-y-monitor-cuidadores-discapacidad-adulto-mayor-pacientes","status":"publish","type":"product","link":"https:\/\/ayudasparatodos.com\/index.php\/producto\/10-timbres-de-emergencia-sos-y-receptor-portatil-y-monitor-cuidadores-discapacidad-adulto-mayor-pacientes\/","title":{"rendered":"10 Timbres de emergencia SOS y receptor port\u00e1til y monitor cuidadores discapacidad adulto mayor pacientes"},"content":{"rendered":"<p>Sistema de llamada de enfermer\u00eda inal\u00e1mbrico con 1 localizador port\u00e1til para cuidadores, 10 botones de llamada y 1 unidad central de monitoreo para pacientes mayores, cl\u00ednica, atenci\u00f3n<\/p>\n<p>Caracter\u00edsticas:<\/p>\n<p>P\u00c1GINA PORT\u00c1TIL DE CUIDADOR: El sistema de localizaci\u00f3n de cuidadores port\u00e1til es aplicable en varios entornos como estaci\u00f3n de enfermeras, emergencia, cl\u00ednica, centro de bienestar, hospital, vida asistida, hogares de ancianos de atenci\u00f3n para personas mayores.<\/p>\n<p>Opciones de tono de alerta flexibles: este bot\u00f3n de llamada o sistema de buscapersonas con luz de llamada viene con 8 tonos de alerta diferentes y 7 idiomas de alerta de voz en 3 niveles de volumen, elige un idioma o un tono de alerta que se adapte a tu configuraci\u00f3n de instalaci\u00f3n<\/p>\n<p>SISTEMA DE LLAMADA EXPANDIBLE Y FLEXIBLE: Capaz de programar hasta 255 campanas de llamada y botones de llamada. Cubre casi todas las configuraciones de usuario en todo tipo de lugares. Una soluci\u00f3n de sistema de llamadas f\u00e1cil y eficiente que ayuda a impulsar una mejor productividad y satisfacci\u00f3n.<\/p>\n<p>Cobertura de se\u00f1al larga: Extienda completamente la antena para recibir hasta 660 pies de rango de se\u00f1al. El sistema de llamadas inal\u00e1mbrico cubre los requisitos funcionales de la mayor\u00eda de los entornos. La se\u00f1al confiable de la campana de llamada puede transmitir a trav\u00e9s de m\u00faltiples pisos y paredes. Instale el sistema lejos de la pared de metal y la pared de ladrillo para tener la cobertura m\u00e1s \u00f3ptima.<\/p>\n<p>F\u00c1CIL INSTALACI\u00d3N SIMPLE DE USAR: Todos los botones de funciones de la unidad de monitoreo est\u00e1n orientados hacia el frente. Super directo hacia adelante. No necesitar\u00e1 girar hacia adelante y hacia atr\u00e1s solo para encontrar las teclas funcionales adecuadas durante la configuraci\u00f3n.<\/p>\n<ul>\n<li>Producto importado, venta bajo pedido con pago previo por el valor total del art\u00edculo.<\/li>\n<li>FAVOR ANTES DE OFERTAR, confirmar precio actual (por variaciones del valor del d\u00f3lar) y tambi\u00e9n CONFIRMAR QUE PUEDE ESPERAR LOS TIEMPOS DE ENTREGA\u00a0 que normalmente son entre 2-4 semanas.<\/li>\n<li>Cuando recibamos el pedido en nuestra oficina en Medell\u00edn-Colombia, le enviaremos un mensaje al comprador, si se encuentra en Medell\u00edn puede pasar a recogerlo personalmente en nuestra oficina, o tambi\u00e9n podemos hacer el envios a nivel nacional o internacional (Valor del envio cargo del comprador).<\/li>\n<li>Desde Ayudas para TODOS, estamos trabajando para ofrecerles el mayor Marketplace inclusivo a nivel mundial. Reuniendo en 1 solo sitio todos los productos que puedan necesitar, m\u00e1s de 5.000 referencias de art\u00edculos especializados que puedan necesitar instituciones y personas con o sin discapacidad, para apoyar procesos de inclusi\u00f3n, ayudando a superar las barreras que se pueden presentar al momento de estudiar, de trabajar, y en las dem\u00e1s actividades de la vida diaria.<\/li>\n<li>\u00bfNo est\u00e1 seguro sobre qu\u00e9 tipo de dispositivo o producto de apoyo debe comprar? Contamos con expertos para estudiar sus necesidades y asesorarlo recomend\u00e1ndole la ayuda o el conjunto de ayudas m\u00e1s adecuadas \u00bfNecesitas un producto y no lo encuentras en nuestro catalogo online? Cont\u00e1ctanos para ayudarte a conseguirlo. \u00bfEres emprendedor y tienes un gran producto inclusivo que quisieras promocionar en nuestra plataforma? <a href=\"https:\/\/ayudasparatodos.com\/index.php\/contact\/\">Cont\u00e1ctanos<\/a><\/li>\n<li>Visita la secci\u00f3n sobre <a href=\"https:\/\/ayudasparatodos.com\/index.php\/como-comprar-faq\/\">\u00bfC\u00f3mo Comprar? FAQ<\/a>, en la cual encontraras de forma m\u00e1s detallada las instrucciones de como comprar, servicio de asesor\u00eda y cotizaciones, formas de pago, env\u00edos a nivel nacional e internacional, garant\u00eda y otros temas relacionados.<\/li>\n<li><span style=\"font-size: 11.5pt; font-family: Roboto; color: #626262;\">Asesor\u00eda, cotizaciones dudas y comentarios: Si tiene cualquier duda o comentario, nos puede escribir o llamar via WhatsApp agregando el numero +57 3006000144 o directamente desde este <a href=\"https:\/\/wa.me\/+573006000144\">enlace<\/a>\u00a0 <\/span><a href=\"https:\/\/wa.me\/+573006000144\"><span style=\"font-size: 11.5pt; font-family: Roboto; color: #626262;\">https:\/\/wa.me\/+573006000144<\/span><\/a><span style=\"font-size: 11.5pt; font-family: Roboto; color: #626262;\">\u00a0 \u00a0 Tambi\u00e9n puede enviarnos un correo electr\u00f3nico a la direcci\u00f3n <a href=\"mailto:ventas@ayudasparatodos.com\">ventas@ayudasparatodos.com<\/a><\/span><\/li>\n<li><strong>Pagos en Colombia por transferencia Bancolombia o Nequi. Tambi\u00e9n recibimos pagos por tarjeta cr\u00e9dito o debito. Si la alternativa de pago no esta disponible en su pa\u00eds, tambi\u00e9n puede pagar por Giro en western Union o Paypal. Favor contactarnos al correo ventas@ayudasparatodos.com para generarle un enlace de pago personalizado por el valor de los art\u00edculos + el valor del envi\u00f3 seg\u00fan su ubicaci\u00f3n y con su moneda local. Despachos a nivel nacional e internacional desde Medell\u00edn &#8211; Colombia.<\/strong><\/li>\n<\/ul>\n<ul>\n<li style=\"list-style-type: none;\"><\/li>\n<\/ul>\n","protected":false},"excerpt":{"rendered":"<ul>\n<li>Sistema de llamada de enfermer\u00eda inal\u00e1mbrico con 1 localizador port\u00e1til para cuidadores, 10 botones de llamada y 1 unidad central de monitoreo para pacientes mayores, cl\u00ednica, atenci\u00f3n<\/li>\n<\/ul>\n","protected":false},"featured_media":0,"template":"","meta":[],"product_cat":[331,335,49],"product_tag":[337,336,338],"class_list":["post-52058","product","type-product","status-publish","hentry","product_cat-adulto-mayor","product_cat-timbres-emergencia","product_cat-topfisicatienda","product_tag-sistema-alerta-adulto-mayor-cuidador-timbre-sos-alerta-ayuda-emergencia","product_tag-sistema-timbre-de-emergencia-sos-cuidadores-pacientes-adultos-mayores-discapacidad","product_tag-sistema-timbre-sos-alerta-enfermera-cuidadores-hospitales-ancianatos-discapacidad","description-off"],"_links":{"self":[{"href":"https:\/\/ayudasparatodos.com\/index.php\/wp-json\/wp\/v3\/product\/52058"}],"collection":[{"href":"https:\/\/ayudasparatodos.com\/index.php\/wp-json\/wp\/v3\/product"}],"about":[{"href":"https:\/\/ayudasparatodos.com\/index.php\/wp-json\/wp\/v2\/types\/product"}],"wp:attachment":[{"href":"https:\/\/ayudasparatodos.com\/index.php\/wp-json\/wp\/v2\/media?parent=52058"}],"wp:term":[{"taxonomy":"product_cat","embeddable":true,"href":"https:\/\/ayudasparatodos.com\/index.php\/wp-json\/wp\/v2\/product_cat?post=52058"},{"taxonomy":"product_tag","embeddable":true,"href":"https:\/\/ayudasparatodos.com\/index.php\/wp-json\/wp\/v2\/product_tag?post=52058"}],"curies":[{"name":"wp","href":"https:\/\/api.w.org\/{rel}","templated":true}]}}