{"id":52059,"date":"2024-02-21T20:50:18","date_gmt":"2024-02-21T20:50:18","guid":{"rendered":"https:\/\/ayudasparatodos.com\/?post_type=product&#038;p=52059"},"modified":"2024-02-21T20:50:18","modified_gmt":"2024-02-21T20:50:18","slug":"triple-timbres-de-emergencia-sos-inalambrico-cuidadores-discapacidad-adulto-mayor-pacientes","status":"publish","type":"product","link":"https:\/\/ayudasparatodos.com\/index.php\/producto\/triple-timbres-de-emergencia-sos-inalambrico-cuidadores-discapacidad-adulto-mayor-pacientes\/","title":{"rendered":"Triple Timbres Alarma de emergencia ba\u00f1o y SOS inal\u00e1mbrico cuidadores discapacidad adulto mayor pacientes"},"content":{"rendered":"<p>Buscapersonas para cuidadores Sistema de campana de llamada Productos de asistencia para ancianos Sistemas de alerta de vida Bot\u00f3n de llamada para ancianos en el hogar\/cl\u00ednica\/instituci\u00f3n m\u00e9dica\/enfermer\u00eda<\/p>\n<p>Caracter\u00edsticas:<\/p>\n<p>Luces de pasillo: las luces de pasillo generalmente se instalan en la parte superior de la puerta. Cuando alguien llama desde la habitaci\u00f3n, la luz del pasillo se mantendr\u00e1 encendida hasta que se cancele. El transe\u00fante desde el exterior sabr\u00e1 que el paciente (o cliente) necesita ayuda o servicio de esta habitaci\u00f3n. Luces de alerta de vida disponibles en 7 colores.<\/p>\n<p>Tecnolog\u00eda de alta frecuencia: este bot\u00f3n de llamada de alerta para ancianos utiliza tecnolog\u00eda de alta frecuencia adaptativa, alrededor de 492.1 ft de distancia de transmisi\u00f3n en \u00e1rea abierta, anti interferencia, fuerte penetraci\u00f3n y estabilidad de la se\u00f1al. El sistema inal\u00e1mbrico de llamada de enfermera puede proporcionar ayuda instant\u00e1nea entre personas mayores y cuidadores en casa o en el hospital.<\/p>\n<p>F\u00e1cil de instalar: el receptor de buscapersonas se puede colocar en la sala de estar, pasillo del piso, pasaje, puerta de habitaci\u00f3n, estaci\u00f3n de enfermer\u00eda o cualquier otro lugar con una toma de corriente el\u00e9ctrica. El bot\u00f3n de llamada se puede fijar en la mesita de noche, cuarto de lavado, sala de hospital, inodoro o cualquier otra cosa. El adhesivo de doble cara est\u00e1 incluido. Bot\u00f3n de alerta impermeable que se puede instalar en el ba\u00f1o, inodoro o ducha para mayor seguridad y tranquilidad.<\/p>\n<p>\u3010Pr\u00e1ctica funci\u00f3n de cancelaci\u00f3n\u3011Puedes bajar el cable rojo para llamar a alguien r\u00e1pidamente, luego presionar la tecla \u00abCancelar\u00bb para cancelar esta llamada despu\u00e9s de que el anciano o los ni\u00f1os reciban ayuda. Este sistema de alerta de vida para personas mayores garantiza que la ayuda est\u00e9 a solo presionar un bot\u00f3n, proporcionando a las personas mayores la confianza y la independencia que necesitan para vivir la vida al m\u00e1ximo.<\/p>\n<p>Aplicaci\u00f3n multiescenario: los sistemas de alerta m\u00e9dica para personas mayores tienen 4 niveles de control de volumen; modo de silencio; se pueden configurar modos de bajo volumen y alto volumen. Bot\u00f3n de llamada inal\u00e1mbrico para cuidador adecuado para el hogar, inodoro, negocios, tienda, oficina, escuela.<\/p>\n<ul>\n<li>Producto importado, venta bajo pedido con pago previo por el valor total del art\u00edculo.<\/li>\n<li>FAVOR ANTES DE OFERTAR, confirmar precio actual (por variaciones del valor del d\u00f3lar) y tambi\u00e9n CONFIRMAR QUE PUEDE ESPERAR LOS TIEMPOS DE ENTREGA\u00a0 que normalmente son entre 2-4 semanas.<\/li>\n<li>Cuando recibamos el pedido en nuestra oficina en Medell\u00edn-Colombia, le enviaremos un mensaje al comprador, si se encuentra en Medell\u00edn puede pasar a recogerlo personalmente en nuestra oficina, o tambi\u00e9n podemos hacer el envios a nivel nacional o internacional (Valor del envio cargo del comprador).<\/li>\n<li>Desde Ayudas para TODOS, estamos trabajando para ofrecerles el mayor Marketplace inclusivo a nivel mundial. Reuniendo en 1 solo sitio todos los productos que puedan necesitar, m\u00e1s de 5.000 referencias de art\u00edculos especializados que puedan necesitar instituciones y personas con o sin discapacidad, para apoyar procesos de inclusi\u00f3n, ayudando a superar las barreras que se pueden presentar al momento de estudiar, de trabajar, y en las dem\u00e1s actividades de la vida diaria.<\/li>\n<li>\u00bfNo est\u00e1 seguro sobre qu\u00e9 tipo de dispositivo o producto de apoyo debe comprar? Contamos con expertos para estudiar sus necesidades y asesorarlo recomend\u00e1ndole la ayuda o el conjunto de ayudas m\u00e1s adecuadas \u00bfNecesitas un producto y no lo encuentras en nuestro catalogo online? Cont\u00e1ctanos para ayudarte a conseguirlo. \u00bfEres emprendedor y tienes un gran producto inclusivo que quisieras promocionar en nuestra plataforma? <a href=\"https:\/\/ayudasparatodos.com\/index.php\/contact\/\">Cont\u00e1ctanos<\/a><\/li>\n<li>Visita la secci\u00f3n sobre <a href=\"https:\/\/ayudasparatodos.com\/index.php\/como-comprar-faq\/\">\u00bfC\u00f3mo Comprar? FAQ<\/a>, en la cual encontraras de forma m\u00e1s detallada las instrucciones de como comprar, servicio de asesor\u00eda y cotizaciones, formas de pago, env\u00edos a nivel nacional e internacional, garant\u00eda y otros temas relacionados.<\/li>\n<li><span style=\"font-size: 11.5pt; font-family: Roboto; color: #626262;\">Asesor\u00eda, cotizaciones dudas y comentarios: Si tiene cualquier duda o comentario, nos puede escribir o llamar via WhatsApp agregando el numero +57 3006000144 o directamente desde este <a href=\"https:\/\/wa.me\/+573006000144\">enlace<\/a>\u00a0 <\/span><a href=\"https:\/\/wa.me\/+573006000144\"><span style=\"font-size: 11.5pt; font-family: Roboto; color: #626262;\">https:\/\/wa.me\/+573006000144<\/span><\/a><span style=\"font-size: 11.5pt; font-family: Roboto; color: #626262;\">\u00a0 \u00a0 Tambi\u00e9n puede enviarnos un correo electr\u00f3nico a la direcci\u00f3n <a href=\"mailto:ventas@ayudasparatodos.com\">ventas@ayudasparatodos.com<\/a><\/span><\/li>\n<li><strong>Pagos en Colombia por transferencia Bancolombia o Nequi. Tambi\u00e9n recibimos pagos por tarjeta cr\u00e9dito o debito. Si la alternativa de pago no esta disponible en su pa\u00eds, tambi\u00e9n puede pagar por Giro en western Union o Paypal. Favor contactarnos al correo ventas@ayudasparatodos.com para generarle un enlace de pago personalizado por el valor de los art\u00edculos + el valor del envi\u00f3 seg\u00fan su ubicaci\u00f3n y con su moneda local. Despachos a nivel nacional e internacional desde Medell\u00edn &#8211; Colombia.<\/strong><\/li>\n<\/ul>\n<ul>\n<li style=\"list-style-type: none;\"><\/li>\n<\/ul>\n","protected":false},"excerpt":{"rendered":"<ul>\n<li>Buscapersonas para cuidadores Sistema de campana de llamada Productos de asistencia para ancianos Sistemas de alerta de vida Bot\u00f3n de llamada para ancianos en el hogar\/cl\u00ednica\/instituci\u00f3n m\u00e9dica\/enfermer\u00eda<\/li>\n<\/ul>\n","protected":false},"featured_media":0,"template":"","meta":[],"product_cat":[331,341,335,49],"product_tag":[342,337,336,338],"class_list":["post-52059","product","type-product","status-publish","hentry","product_cat-adulto-mayor","product_cat-timbres-alarmas-de-emergencia-para-banos","product_cat-timbres-emergencia","product_cat-topfisicatienda","product_tag-alarma-bano-accesible-discapacidad-accesibilidad-adulto-mayor","product_tag-sistema-alerta-adulto-mayor-cuidador-timbre-sos-alerta-ayuda-emergencia","product_tag-sistema-timbre-de-emergencia-sos-cuidadores-pacientes-adultos-mayores-discapacidad","product_tag-sistema-timbre-sos-alerta-enfermera-cuidadores-hospitales-ancianatos-discapacidad","description-off"],"_links":{"self":[{"href":"https:\/\/ayudasparatodos.com\/index.php\/wp-json\/wp\/v3\/product\/52059"}],"collection":[{"href":"https:\/\/ayudasparatodos.com\/index.php\/wp-json\/wp\/v3\/product"}],"about":[{"href":"https:\/\/ayudasparatodos.com\/index.php\/wp-json\/wp\/v2\/types\/product"}],"wp:attachment":[{"href":"https:\/\/ayudasparatodos.com\/index.php\/wp-json\/wp\/v2\/media?parent=52059"}],"wp:term":[{"taxonomy":"product_cat","embeddable":true,"href":"https:\/\/ayudasparatodos.com\/index.php\/wp-json\/wp\/v2\/product_cat?post=52059"},{"taxonomy":"product_tag","embeddable":true,"href":"https:\/\/ayudasparatodos.com\/index.php\/wp-json\/wp\/v2\/product_tag?post=52059"}],"curies":[{"name":"wp","href":"https:\/\/api.w.org\/{rel}","templated":true}]}}