{"id":52060,"date":"2024-03-01T22:00:33","date_gmt":"2024-03-01T22:00:33","guid":{"rendered":"https:\/\/ayudasparatodos.com\/?post_type=product&#038;p=52060"},"modified":"2024-03-01T22:00:33","modified_gmt":"2024-03-01T22:00:33","slug":"kit-cuidador-alarma-adulto-mayor-discapacidad-2-timbres-sensor-movimiento-y-receptor-emergencia-sos-inalambrico-pacientes","status":"publish","type":"product","link":"https:\/\/ayudasparatodos.com\/index.php\/producto\/kit-cuidador-alarma-adulto-mayor-discapacidad-2-timbres-sensor-movimiento-y-receptor-emergencia-sos-inalambrico-pacientes\/","title":{"rendered":"Kit cuidador alarma adulto mayor discapacidad 2 timbres sensor movimiento y receptor emergencia SOS inal\u00e1mbrico pacientes"},"content":{"rendered":"<p>Buscapersonas para cuidadores Botones de llamada inal\u00e1mbricos Alarma con sensor de movimiento interior para personas mayores y con discapacidad. Kit completo, leer la descripci\u00f3n.<\/p>\n<p>Caracter\u00edsticas:<\/p>\n<p>LOCALIZADOR PORT\u00c1TIL PARA CUIDADORES: Este sistema inal\u00e1mbrico de buscapersonas para cuidadores viene con 2 botones de llamada inal\u00e1mbricos, 1 alarma con sensor de movimiento y 1 buscapersonas port\u00e1til. Permite al cuidador o cuidador la libertad de atender otras tareas mientras recibe alertas de residentes, personas mayores, ancianos y seres queridos.<\/p>\n<p>F\u00c1CIL Y SIMPLE DE USAR: Facilita el cuidado de su ser querido. Con solo tocar el bot\u00f3n de llamada SOS para buscar ayuda o asistencia del cuidador. Esta eficaz alarma con sensor de movimiento para personas mayores es capaz de detectar el movimiento de forma silenciosa y flexible.<\/p>\n<p>FLEXIBLE Y VERS\u00c1TIL: El sistema de alarma de cama y buscapersonas para cuidadores viene con un clip para cintur\u00f3n que se puede enganchar al cintur\u00f3n o colocar sobre una superficie plana. Cada bot\u00f3n de llamada para cuidadores y alarma con sensor de movimiento para personas mayores viene con un soporte de montaje que se puede fijar a la pared del ba\u00f1o o a la cabecera de la cama. Los botones de llamada a enfermera se pueden usar alrededor del cuello como colgante de llamada o bot\u00f3n de alerta con cord\u00f3n incluido.<\/p>\n<p>NUNCA PIERDAS UNA LLAMADA: cambia a DINGDONG para escuchar una alerta de timbre\/timbre fuerte en 3 niveles de volumen ajustables. C\u00e1mbielo a ALARMA para una sirena de alarma continua al recibir se\u00f1al del bot\u00f3n de emergencia para personas mayores. Mantenga presionado el bot\u00f3n de volumen en el costado para pausar la alarma cuando sea necesario. Una soluci\u00f3n sencilla de sistema de buscapersonas inal\u00e1mbrico para personas mayores o bot\u00f3n de llamada para personas mayores en casa.<\/p>\n<p>SISTEMA DE CAMPANA DE LLAMADA EFICAZ: El sistema de alarma de la cama de enfermera funciona para hogares familiares peque\u00f1os o unidades de cuidados. El alcance de la se\u00f1al inal\u00e1mbrica entre el buscapersonas y los buscapersonas o el bot\u00f3n de p\u00e1nico es de hasta 300 pies en un \u00e1rea abierta. La alarma de puerta con sensor de movimiento para cuidadores es una soluci\u00f3n eficaz y compacta de prevenci\u00f3n de ca\u00eddas para monitores adultos de edad avanzada.<\/p>\n<ul>\n<li>Producto importado, venta bajo pedido con pago previo por el valor total del art\u00edculo.<\/li>\n<li>FAVOR ANTES DE OFERTAR, confirmar precio actual (por variaciones del valor del d\u00f3lar) y tambi\u00e9n CONFIRMAR QUE PUEDE ESPERAR LOS TIEMPOS DE ENTREGA\u00a0 que normalmente son entre 2-4 semanas.<\/li>\n<li>Cuando recibamos el pedido en nuestra oficina en Medell\u00edn-Colombia, le enviaremos un mensaje al comprador, si se encuentra en Medell\u00edn puede pasar a recogerlo personalmente en nuestra oficina, o tambi\u00e9n podemos hacer el envios a nivel nacional o internacional (Valor del envio cargo del comprador).<\/li>\n<li>Desde Ayudas para TODOS, estamos trabajando para ofrecerles el mayor Marketplace inclusivo a nivel mundial. Reuniendo en 1 solo sitio todos los productos que puedan necesitar, m\u00e1s de 5.000 referencias de art\u00edculos especializados que puedan necesitar instituciones y personas con o sin discapacidad, para apoyar procesos de inclusi\u00f3n, ayudando a superar las barreras que se pueden presentar al momento de estudiar, de trabajar, y en las dem\u00e1s actividades de la vida diaria.<\/li>\n<li>\u00bfNo est\u00e1 seguro sobre qu\u00e9 tipo de dispositivo o producto de apoyo debe comprar? Contamos con expertos para estudiar sus necesidades y asesorarlo recomend\u00e1ndole la ayuda o el conjunto de ayudas m\u00e1s adecuadas \u00bfNecesitas un producto y no lo encuentras en nuestro catalogo online? Cont\u00e1ctanos para ayudarte a conseguirlo. \u00bfEres emprendedor y tienes un gran producto inclusivo que quisieras promocionar en nuestra plataforma? <a href=\"https:\/\/ayudasparatodos.com\/index.php\/contact\/\">Cont\u00e1ctanos<\/a><\/li>\n<li>Visita la secci\u00f3n sobre <a href=\"https:\/\/ayudasparatodos.com\/index.php\/como-comprar-faq\/\">\u00bfC\u00f3mo Comprar? FAQ<\/a>, en la cual encontraras de forma m\u00e1s detallada las instrucciones de como comprar, servicio de asesor\u00eda y cotizaciones, formas de pago, env\u00edos a nivel nacional e internacional, garant\u00eda y otros temas relacionados.<\/li>\n<li><span style=\"font-size: 11.5pt; font-family: Roboto; color: #626262;\">Asesor\u00eda, cotizaciones dudas y comentarios: Si tiene cualquier duda o comentario, nos puede escribir o llamar via WhatsApp agregando el numero +57 3006000144 o directamente desde este <a href=\"https:\/\/wa.me\/+573006000144\">enlace<\/a>\u00a0 <\/span><a href=\"https:\/\/wa.me\/+573006000144\"><span style=\"font-size: 11.5pt; font-family: Roboto; color: #626262;\">https:\/\/wa.me\/+573006000144<\/span><\/a><span style=\"font-size: 11.5pt; font-family: Roboto; color: #626262;\">\u00a0 \u00a0 Tambi\u00e9n puede enviarnos un correo electr\u00f3nico a la direcci\u00f3n <a href=\"mailto:ventas@ayudasparatodos.com\">ventas@ayudasparatodos.com<\/a><\/span><\/li>\n<li><strong>Pagos en Colombia por transferencia Bancolombia o Nequi. Tambi\u00e9n recibimos pagos por tarjeta cr\u00e9dito o debito. Si la alternativa de pago no esta disponible en su pa\u00eds, tambi\u00e9n puede pagar por Giro en western Union o Paypal. Favor contactarnos al correo ventas@ayudasparatodos.com para generarle un enlace de pago personalizado por el valor de los art\u00edculos + el valor del envi\u00f3 seg\u00fan su ubicaci\u00f3n y con su moneda local. Despachos a nivel nacional e internacional desde Medell\u00edn &#8211; Colombia.<\/strong><\/li>\n<\/ul>\n<ul>\n<li style=\"list-style-type: none;\"><\/li>\n<\/ul>\n","protected":false},"excerpt":{"rendered":"<ul>\n<li>Buscapersonas para cuidadores Botones de llamada inal\u00e1mbricos Alarma con sensor de movimiento interior para personas mayores y con discapacidad. Kit completo, leer la descripci\u00f3n.<\/li>\n<\/ul>\n","protected":false},"featured_media":0,"template":"","meta":[],"product_cat":[331,341,335,49],"product_tag":[337,336,338],"class_list":["post-52060","product","type-product","status-publish","hentry","product_cat-adulto-mayor","product_cat-timbres-alarmas-de-emergencia-para-banos","product_cat-timbres-emergencia","product_cat-topfisicatienda","product_tag-sistema-alerta-adulto-mayor-cuidador-timbre-sos-alerta-ayuda-emergencia","product_tag-sistema-timbre-de-emergencia-sos-cuidadores-pacientes-adultos-mayores-discapacidad","product_tag-sistema-timbre-sos-alerta-enfermera-cuidadores-hospitales-ancianatos-discapacidad","description-off"],"_links":{"self":[{"href":"https:\/\/ayudasparatodos.com\/index.php\/wp-json\/wp\/v3\/product\/52060"}],"collection":[{"href":"https:\/\/ayudasparatodos.com\/index.php\/wp-json\/wp\/v3\/product"}],"about":[{"href":"https:\/\/ayudasparatodos.com\/index.php\/wp-json\/wp\/v2\/types\/product"}],"wp:attachment":[{"href":"https:\/\/ayudasparatodos.com\/index.php\/wp-json\/wp\/v2\/media?parent=52060"}],"wp:term":[{"taxonomy":"product_cat","embeddable":true,"href":"https:\/\/ayudasparatodos.com\/index.php\/wp-json\/wp\/v2\/product_cat?post=52060"},{"taxonomy":"product_tag","embeddable":true,"href":"https:\/\/ayudasparatodos.com\/index.php\/wp-json\/wp\/v2\/product_tag?post=52060"}],"curies":[{"name":"wp","href":"https:\/\/api.w.org\/{rel}","templated":true}]}}