{"id":52075,"date":"2024-02-21T21:14:51","date_gmt":"2024-02-21T21:14:51","guid":{"rendered":"https:\/\/ayudasparatodos.com\/?post_type=product&#038;p=52075"},"modified":"2024-02-21T21:23:59","modified_gmt":"2024-02-21T21:23:59","slug":"alarma-bano-de-discapacidad-accesible-adultos-mayores-hospitales-emergencias-caidas","status":"publish","type":"product","link":"https:\/\/ayudasparatodos.com\/index.php\/producto\/alarma-bano-de-discapacidad-accesible-adultos-mayores-hospitales-emergencias-caidas\/","title":{"rendered":"Alarma ba\u00f1o de discapacidad accesible adultos mayores hospitales emergencias ca\u00eddas"},"content":{"rendered":"<p>Alarma ba\u00f1o de Personas con discapacidad y adultos mayores, Alarma de inodoro de emergencia Ba\u00f1o Alerta de seguridad Tire del cord\u00f3n<\/p>\n<p>Caracter\u00edsticas:<\/p>\n<p>El kit de alarma de inodoro para personas discapacitadas NC951 l\u00edder en el mercado de C-TEC incluye todo lo necesario para una alarma de asistencia de emergencia compatible con la cl\u00e1usula BS8300 (excepto cables y fijaciones).<\/p>\n<p>Dise\u00f1o atractivo, f\u00e1cil de instalar y f\u00e1cil de usar, permite a una persona angustiada levantar una alarma en caso de emergencia. Para operar, el usuario simplemente tira del cable de una unidad de tracci\u00f3n de techo para activar una luz y una sonda fuera del inodoro.<\/p>\n<p>Probado, confiado y respetado por usuarios e instaladores por igual, el NC951 puede ayudar a los gerentes de edificios y proveedores de servicios a cumplir con los requisitos de BS8300, la Ley de Discriminaci\u00f3n por Discapacidad, la Ley de Est\u00e1ndares de Cuidado y el Esquema Nacional de Accesibilidad del Consejo de Turismo Ingl\u00e9s.<\/p>\n<p>El NC951 tambi\u00e9n es ideal para su uso como alarma de asistencia de emergencia de zona \u00fanica en vestuarios, sol\u00e1rium, salas de entrevistas y \u00e1reas de recepci\u00f3n.<\/p>\n<p>El kit de alarma de inodoro est\u00e1ndar para personas discapacitadas NC951 de C-TEC comprende:<\/p>\n<p>Un controlador de llamadas NC942B c\/w integrado a bordo de 12V PSU, un timbre ajustable de volumen, un LED de alarma zonal (para proporcionar una indicaci\u00f3n audible y visual de una llamada), un bot\u00f3n de silencio\/reinicio (para silenciar o cancelar llamadas) y un rel\u00e9 libre de voltios con contactos normalmente abiertos, cerrados y comunes clasificados a 30 Vd.c. @ 1A. Tambi\u00e9n incluye una instalaci\u00f3n de respaldo de bater\u00eda de 500 mA que continuar\u00e1 alimentando el sistema hasta 24 horas en espera y 15 minutos (tiempo de funcionamiento de la alarma) en caso de falla de la red. La etiqueta del controlador tambi\u00e9n incluye texto en Braille para beneficio de miembros del personal con discapacidad visual.<\/p>\n<p>Un punto de reinicio remoto NC809DBB c\/w Sounder.Dise\u00f1ado para su uso junto con el WC, el NC809DBB permite que las llamadas generadas por el tir\u00f3n del techo se cancelen en la fuente, es decir, dentro del WC. Tambi\u00e9n cuenta con un LED de seguridad a bordo y una sonda (para proporcionar una indicaci\u00f3n audible y visual de una llamada de alarma dentro del WC y para ayudar a tranquilizar a los usuarios que la ayuda est\u00e1 en camino). Al igual que el controlador de llamadas, la etiqueta del punto de reinicio incluye<\/p>\n<ul>\n<li>Producto importado, venta bajo pedido con pago previo por el valor total del art\u00edculo.<\/li>\n<li>FAVOR ANTES DE OFERTAR, confirmar precio actual (por variaciones del valor del d\u00f3lar) y tambi\u00e9n CONFIRMAR QUE PUEDE ESPERAR LOS TIEMPOS DE ENTREGA\u00a0 que normalmente son entre 2-4 semanas.<\/li>\n<li>Cuando recibamos el pedido en nuestra oficina en Medell\u00edn-Colombia, le enviaremos un mensaje al comprador, si se encuentra en Medell\u00edn puede pasar a recogerlo personalmente en nuestra oficina, o tambi\u00e9n podemos hacer el envios a nivel nacional o internacional (Valor del envio cargo del comprador).<\/li>\n<li>Desde Ayudas para TODOS, estamos trabajando para ofrecerles el mayor Marketplace inclusivo a nivel mundial. Reuniendo en 1 solo sitio todos los productos que puedan necesitar, m\u00e1s de 5.000 referencias de art\u00edculos especializados que puedan necesitar instituciones y personas con o sin discapacidad, para apoyar procesos de inclusi\u00f3n, ayudando a superar las barreras que se pueden presentar al momento de estudiar, de trabajar, y en las dem\u00e1s actividades de la vida diaria.<\/li>\n<li>\u00bfNo est\u00e1 seguro sobre qu\u00e9 tipo de dispositivo o producto de apoyo debe comprar? Contamos con expertos para estudiar sus necesidades y asesorarlo recomend\u00e1ndole la ayuda o el conjunto de ayudas m\u00e1s adecuadas \u00bfNecesitas un producto y no lo encuentras en nuestro catalogo online? Cont\u00e1ctanos para ayudarte a conseguirlo. \u00bfEres emprendedor y tienes un gran producto inclusivo que quisieras promocionar en nuestra plataforma? <a href=\"https:\/\/ayudasparatodos.com\/index.php\/contact\/\">Cont\u00e1ctanos<\/a><\/li>\n<li>Visita la secci\u00f3n sobre <a href=\"https:\/\/ayudasparatodos.com\/index.php\/como-comprar-faq\/\">\u00bfC\u00f3mo Comprar? FAQ<\/a>, en la cual encontraras de forma m\u00e1s detallada las instrucciones de como comprar, servicio de asesor\u00eda y cotizaciones, formas de pago, env\u00edos a nivel nacional e internacional, garant\u00eda y otros temas relacionados.<\/li>\n<li><span style=\"font-size: 11.5pt; font-family: Roboto; color: #626262;\">Asesor\u00eda, cotizaciones dudas y comentarios: Si tiene cualquier duda o comentario, nos puede escribir o llamar via WhatsApp agregando el numero +57 3006000144 o directamente desde este <a href=\"https:\/\/wa.me\/+573006000144\">enlace<\/a>\u00a0 <\/span><a href=\"https:\/\/wa.me\/+573006000144\"><span style=\"font-size: 11.5pt; font-family: Roboto; color: #626262;\">https:\/\/wa.me\/+573006000144<\/span><\/a><span style=\"font-size: 11.5pt; font-family: Roboto; color: #626262;\">\u00a0 \u00a0 Tambi\u00e9n puede enviarnos un correo electr\u00f3nico a la direcci\u00f3n <a href=\"mailto:ventas@ayudasparatodos.com\">ventas@ayudasparatodos.com<\/a><\/span><\/li>\n<li><strong>Pagos en Colombia por transferencia Bancolombia o Nequi. Tambi\u00e9n recibimos pagos por tarjeta cr\u00e9dito o debito. Si la alternativa de pago no esta disponible en su pa\u00eds, tambi\u00e9n puede pagar por Giro en western Union o Paypal. Favor contactarnos al correo ventas@ayudasparatodos.com para generarle un enlace de pago personalizado por el valor de los art\u00edculos + el valor del envi\u00f3 seg\u00fan su ubicaci\u00f3n y con su moneda local. Despachos a nivel nacional e internacional desde Medell\u00edn &#8211; Colombia.<\/strong><\/li>\n<\/ul>\n<ul>\n<li style=\"list-style-type: none;\"><\/li>\n<\/ul>\n","protected":false},"excerpt":{"rendered":"<ul>\n<li>Alarma ba\u00f1o de Personas con discapacidad y adultos mayores, Alarma de inodoro de emergencia Ba\u00f1o Alerta de seguridad Tire del cord\u00f3n<\/li>\n<\/ul>\n","protected":false},"featured_media":0,"template":"","meta":[],"product_cat":[331,341,335,49],"product_tag":[342,343,337,336,338],"class_list":["post-52075","product","type-product","status-publish","hentry","product_cat-adulto-mayor","product_cat-timbres-alarmas-de-emergencia-para-banos","product_cat-timbres-emergencia","product_cat-topfisicatienda","product_tag-alarma-bano-accesible-discapacidad-accesibilidad-adulto-mayor","product_tag-alarma-caidas-em-bano-seguridad","product_tag-sistema-alerta-adulto-mayor-cuidador-timbre-sos-alerta-ayuda-emergencia","product_tag-sistema-timbre-de-emergencia-sos-cuidadores-pacientes-adultos-mayores-discapacidad","product_tag-sistema-timbre-sos-alerta-enfermera-cuidadores-hospitales-ancianatos-discapacidad","description-off"],"_links":{"self":[{"href":"https:\/\/ayudasparatodos.com\/index.php\/wp-json\/wp\/v3\/product\/52075"}],"collection":[{"href":"https:\/\/ayudasparatodos.com\/index.php\/wp-json\/wp\/v3\/product"}],"about":[{"href":"https:\/\/ayudasparatodos.com\/index.php\/wp-json\/wp\/v2\/types\/product"}],"wp:attachment":[{"href":"https:\/\/ayudasparatodos.com\/index.php\/wp-json\/wp\/v2\/media?parent=52075"}],"wp:term":[{"taxonomy":"product_cat","embeddable":true,"href":"https:\/\/ayudasparatodos.com\/index.php\/wp-json\/wp\/v2\/product_cat?post=52075"},{"taxonomy":"product_tag","embeddable":true,"href":"https:\/\/ayudasparatodos.com\/index.php\/wp-json\/wp\/v2\/product_tag?post=52075"}],"curies":[{"name":"wp","href":"https:\/\/api.w.org\/{rel}","templated":true}]}}