{"id":52077,"date":"2024-02-21T21:27:10","date_gmt":"2024-02-21T21:27:10","guid":{"rendered":"https:\/\/ayudasparatodos.com\/?post_type=product&#038;p=52077"},"modified":"2024-02-21T21:27:10","modified_gmt":"2024-02-21T21:27:10","slug":"alarma-caidas-bano-discapacidad-accesible-adultos-mayores-hospitales-emergencias","status":"publish","type":"product","link":"https:\/\/ayudasparatodos.com\/index.php\/producto\/alarma-caidas-bano-discapacidad-accesible-adultos-mayores-hospitales-emergencias\/","title":{"rendered":"Alarma ca\u00eddas ba\u00f1o discapacidad accesible adultos mayores hospitales emergencias"},"content":{"rendered":"<p>Sistema de luz de llamada de emergencia con cable de tracci\u00f3n y bot\u00f3n de llamada, alarma de volumen ajustable de 60 dB\/80 dB\/100 dB, impermeable, rango inal\u00e1mbrico de m\u00e1s de 300 pies, dise\u00f1ado para ca\u00eddas accidentales en el ba\u00f1o<\/p>\n<p>Caracter\u00edsticas:<\/p>\n<p>PRECAUCIONES NECESARIAS: Las emergencias pueden ocurrir en cualquier momento de nuestras vidas, y lo que m\u00e1s se necesita en emergencias es informaci\u00f3n de alerta instant\u00e1nea. Nuestro sistema de llamadas de emergencia se puede instalar en ba\u00f1os que son propensos a resbalarse, de modo que cuando ocurre un accidente, las personas que buscan ayuda puedan obtener ayuda inmediata<\/p>\n<p>DOS M\u00c9TODOS: Hemos implementado dos formas de activar la alarma: botones y cables de tracci\u00f3n. Tanto los botones como los cables se han ampliado y alargado. En el caso de que una persona mayor se caiga en el ba\u00f1o, etc., la alarma tambi\u00e9n se puede activar para evitar que la situaci\u00f3n se deteriore a\u00fan m\u00e1s<\/p>\n<p>SE\u00d1AL DE ALARMA DUAL: Cuando tiene varios ba\u00f1os e instala m\u00faltiples sistemas de alarma, utilizando las se\u00f1ales duales de luces intermitentes y sonidos de alarma, no solo puede saber que ha ocurrido un accidente, sino tambi\u00e9n identificar r\u00e1pidamente el equipo de alarma espec\u00edfico para confirmar a\u00fan m\u00e1s la ocurrencia de la ubicaci\u00f3n de emergencia para mejorar la eficiencia del rescate<\/p>\n<p>EXCELENTE RENDIMIENTO: El dispositivo de llamada de emergencia es altamente impermeable y puede funcionar normalmente en el ambiente h\u00famedo del ba\u00f1o. El volumen de tres niveles es ajustable de 60-80-100dB para satisfacer tus necesidades de volumen, y la se\u00f1al de transmisi\u00f3n inal\u00e1mbrica puede penetrar una distancia de m\u00e1s de 300 pies<\/p>\n<p>AMPLIA GAMA DE APLICACIONES: Este sistema de llamada de emergencia se puede instalar en cualquier \u00e1rea donde existan riesgos de seguridad, como ba\u00f1os en hogares, especialmente en hogares con personas mayores y personas con discapacidad.<\/p>\n<ul>\n<li>Producto importado, venta bajo pedido con pago previo por el valor total del art\u00edculo.<\/li>\n<li>FAVOR ANTES DE OFERTAR, confirmar precio actual (por variaciones del valor del d\u00f3lar) y tambi\u00e9n CONFIRMAR QUE PUEDE ESPERAR LOS TIEMPOS DE ENTREGA\u00a0 que normalmente son entre 2-4 semanas.<\/li>\n<li>Cuando recibamos el pedido en nuestra oficina en Medell\u00edn-Colombia, le enviaremos un mensaje al comprador, si se encuentra en Medell\u00edn puede pasar a recogerlo personalmente en nuestra oficina, o tambi\u00e9n podemos hacer el envios a nivel nacional o internacional (Valor del envio cargo del comprador).<\/li>\n<li>Desde Ayudas para TODOS, estamos trabajando para ofrecerles el mayor Marketplace inclusivo a nivel mundial. Reuniendo en 1 solo sitio todos los productos que puedan necesitar, m\u00e1s de 5.000 referencias de art\u00edculos especializados que puedan necesitar instituciones y personas con o sin discapacidad, para apoyar procesos de inclusi\u00f3n, ayudando a superar las barreras que se pueden presentar al momento de estudiar, de trabajar, y en las dem\u00e1s actividades de la vida diaria.<\/li>\n<li>\u00bfNo est\u00e1 seguro sobre qu\u00e9 tipo de dispositivo o producto de apoyo debe comprar? Contamos con expertos para estudiar sus necesidades y asesorarlo recomend\u00e1ndole la ayuda o el conjunto de ayudas m\u00e1s adecuadas \u00bfNecesitas un producto y no lo encuentras en nuestro catalogo online? Cont\u00e1ctanos para ayudarte a conseguirlo. \u00bfEres emprendedor y tienes un gran producto inclusivo que quisieras promocionar en nuestra plataforma? <a href=\"https:\/\/ayudasparatodos.com\/index.php\/contact\/\">Cont\u00e1ctanos<\/a><\/li>\n<li>Visita la secci\u00f3n sobre <a href=\"https:\/\/ayudasparatodos.com\/index.php\/como-comprar-faq\/\">\u00bfC\u00f3mo Comprar? FAQ<\/a>, en la cual encontraras de forma m\u00e1s detallada las instrucciones de como comprar, servicio de asesor\u00eda y cotizaciones, formas de pago, env\u00edos a nivel nacional e internacional, garant\u00eda y otros temas relacionados.<\/li>\n<li><span style=\"font-size: 11.5pt; font-family: Roboto; color: #626262;\">Asesor\u00eda, cotizaciones dudas y comentarios: Si tiene cualquier duda o comentario, nos puede escribir o llamar via WhatsApp agregando el numero +57 3006000144 o directamente desde este <a href=\"https:\/\/wa.me\/+573006000144\">enlace<\/a>\u00a0 <\/span><a href=\"https:\/\/wa.me\/+573006000144\"><span style=\"font-size: 11.5pt; font-family: Roboto; color: #626262;\">https:\/\/wa.me\/+573006000144<\/span><\/a><span style=\"font-size: 11.5pt; font-family: Roboto; color: #626262;\">\u00a0 \u00a0 Tambi\u00e9n puede enviarnos un correo electr\u00f3nico a la direcci\u00f3n <a href=\"mailto:ventas@ayudasparatodos.com\">ventas@ayudasparatodos.com<\/a><\/span><\/li>\n<li><strong>Pagos en Colombia por transferencia Bancolombia o Nequi. Tambi\u00e9n recibimos pagos por tarjeta cr\u00e9dito o debito. Si la alternativa de pago no esta disponible en su pa\u00eds, tambi\u00e9n puede pagar por Giro en western Union o Paypal. Favor contactarnos al correo ventas@ayudasparatodos.com para generarle un enlace de pago personalizado por el valor de los art\u00edculos + el valor del envi\u00f3 seg\u00fan su ubicaci\u00f3n y con su moneda local. Despachos a nivel nacional e internacional desde Medell\u00edn &#8211; Colombia.<\/strong><\/li>\n<\/ul>\n<ul>\n<li style=\"list-style-type: none;\"><\/li>\n<\/ul>\n","protected":false},"excerpt":{"rendered":"<ul>\n<li>Sistema de luz de llamada de emergencia con cable de tracci\u00f3n y bot\u00f3n de llamada, alarma de volumen ajustable de 60 dB\/80 dB\/100 dB, impermeable, rango inal\u00e1mbrico de m\u00e1s de 300 pies, dise\u00f1ado para ca\u00eddas accidentales en el ba\u00f1o<\/li>\n<\/ul>\n","protected":false},"featured_media":52078,"template":"","meta":[],"product_cat":[331,341,335,49],"product_tag":[342,343,337,336,338],"class_list":["post-52077","product","type-product","status-publish","has-post-thumbnail","hentry","product_cat-adulto-mayor","product_cat-timbres-alarmas-de-emergencia-para-banos","product_cat-timbres-emergencia","product_cat-topfisicatienda","product_tag-alarma-bano-accesible-discapacidad-accesibilidad-adulto-mayor","product_tag-alarma-caidas-em-bano-seguridad","product_tag-sistema-alerta-adulto-mayor-cuidador-timbre-sos-alerta-ayuda-emergencia","product_tag-sistema-timbre-de-emergencia-sos-cuidadores-pacientes-adultos-mayores-discapacidad","product_tag-sistema-timbre-sos-alerta-enfermera-cuidadores-hospitales-ancianatos-discapacidad","description-off"],"_links":{"self":[{"href":"https:\/\/ayudasparatodos.com\/index.php\/wp-json\/wp\/v3\/product\/52077"}],"collection":[{"href":"https:\/\/ayudasparatodos.com\/index.php\/wp-json\/wp\/v3\/product"}],"about":[{"href":"https:\/\/ayudasparatodos.com\/index.php\/wp-json\/wp\/v2\/types\/product"}],"wp:featuredmedia":[{"embeddable":true,"href":"https:\/\/ayudasparatodos.com\/index.php\/wp-json\/wp\/v2\/media\/52078"}],"wp:attachment":[{"href":"https:\/\/ayudasparatodos.com\/index.php\/wp-json\/wp\/v2\/media?parent=52077"}],"wp:term":[{"taxonomy":"product_cat","embeddable":true,"href":"https:\/\/ayudasparatodos.com\/index.php\/wp-json\/wp\/v2\/product_cat?post=52077"},{"taxonomy":"product_tag","embeddable":true,"href":"https:\/\/ayudasparatodos.com\/index.php\/wp-json\/wp\/v2\/product_tag?post=52077"}],"curies":[{"name":"wp","href":"https:\/\/api.w.org\/{rel}","templated":true}]}}