{"id":52114,"date":"2024-03-01T23:36:46","date_gmt":"2024-03-01T23:36:46","guid":{"rendered":"https:\/\/ayudasparatodos.com\/?post_type=product&#038;p=52114"},"modified":"2024-03-01T23:36:47","modified_gmt":"2024-03-01T23:36:47","slug":"sistema-de-alarma-bano-discapacidad-inalambrico-ntc-6047-hospitales-adultos-mayores-seguridad-caidas","status":"publish","type":"product","link":"https:\/\/ayudasparatodos.com\/index.php\/producto\/sistema-de-alarma-bano-discapacidad-inalambrico-ntc-6047-hospitales-adultos-mayores-seguridad-caidas\/","title":{"rendered":"Sistema de Alarma Ba\u00f1o discapacidad Inal\u00e1mbrico NTC 6047, Hospitales, adultos mayores Seguridad ca\u00eddas"},"content":{"rendered":"<p>Alarma industrial de emergencias para ba\u00f1os accesibles. seguridad de personas con discapacidad, hospitales, centros de adulto mayor y casas. Adem\u00e1s, por sus caracter\u00edsticas, cumple con la normativa t\u00e9cnica Icontec 6047 que se exige en los edificios p\u00fablicos.<\/p>\n<p>&nbsp;<\/p>\n<p>Caracter\u00edsticas:<\/p>\n<p>Sistema de alarma para ba\u00f1os. Consiste de un emisor de alerta, el cual se puede activar desde el bot\u00f3n de emergencia o jalando alguno de los 2 tri\u00e1ngulos rojos que van colgados a mediana altura y muy cerca del piso, esto es para que puedan activarlo personas de pie, sentadas o si caen al piso. Este sistema emisor est\u00e1 basado internamente en un dispositivo muy similar al control de las alarmas de los carros, el cual es de largo alcance y cuenta con bater\u00eda de larga duraci\u00f3n.\u00a0 Junto al emisor tambi\u00e9n se entrega una l\u00e1mina adhesiva, con instrucciones del manejo de la alarma en el caso de una emergencia.<\/p>\n<p>Alarma industrial de emergencias para ba\u00f1os accesibles. seguridad de personas con discapacidad, hospitales, centros de adulto mayor y casas. Adem\u00e1s, por sus caracter\u00edsticas, cumple con la normativa t\u00e9cnica Icontec 6047 que se exige en los edificios p\u00fablicos.<\/p>\n<p>El Bot\u00f3n de p\u00e1nico rojo con amarillo que se ve en la imagen, fue reemplazado por otro sistema basado en el bot\u00f3n gris con rojo, el cual despu\u00e9s de varias pruebas demostr\u00f3 mejor funcionamiento, adem\u00e1s de que tiene la ventaja de contar con sistema de llave para que el personal encargado pueda resetear el emisor luego de controlar la situaci\u00f3n de emergencia, o en caso de falsas alarmas por bromas.<\/p>\n<p>El receptor debe ir conectado a la energ\u00eda el\u00e9ctrica, en un punto cercano a recepci\u00f3n o donde el personal de apoyo pueda ver o escuchar las alertas. Este tiene la alerta visual mediante la luz estrobosc\u00f3pica y la alerta auditiva con la alarma sonora de alta potencia.<\/p>\n<p>Este sistema es de instalaci\u00f3n sencilla, ya que es inal\u00e1mbrico y no toca realizar una compleja y costosa instalaci\u00f3n cableada. El emisor funciona con sistema de bater\u00eda interna, no necesita conexi\u00f3n a la energ\u00eda el\u00e9ctrica. Y el receptor cuenta con un simple adaptador de energ\u00eda que se conecta a cualquier tomacorriente cerca al puesto de control donde se encontrara el personal de asistencia.<\/p>\n<p>&nbsp;<\/p>\n<p>Este tipo de alarmas son exigidas por ley en los ba\u00f1os p\u00fablicos accesibles, pero es un requisito que muy pocos cumplen ya que desconocen su importancia y adem\u00e1s la mayor\u00eda de las veces tambi\u00e9n son de muy alto costo y dif\u00edciles de conseguir, adem\u00e1s al no ser fabricadas aqu\u00ed, es imposible conseguir repuestos o quien las arregle si se da\u00f1an. Por estos motivos desde Ayudas para TODOS fabricamos nuestra propia versi\u00f3n, que cumple con todos los requisitos t\u00e9cnicos de la norma, y adem\u00e1s es mucho m\u00e1s econ\u00f3mica y en caso de da\u00f1os podemos repararla.<\/p>\n<p>Contenido del kit<\/p>\n<p>M\u00f3dulo emisor de se\u00f1al para el ba\u00f1o, compuesto por bot\u00f3n de p\u00e1nico y cuerda con 2 tri\u00e1ngulos de seguridad. (Incluye bater\u00eda interna)<\/p>\n<p>M\u00f3dulo receptor para el puesto de control (Incluye adaptador de energ\u00eda)<\/p>\n<ul>\n<li>Producto importado, venta bajo pedido con pago previo por el valor total del art\u00edculo.<\/li>\n<li>FAVOR ANTES DE OFERTAR, confirmar precio actual (por variaciones del valor del d\u00f3lar) y tambi\u00e9n CONFIRMAR QUE PUEDE ESPERAR LOS TIEMPOS DE ENTREGA\u00a0 que normalmente son entre 2-4 semanas.<\/li>\n<li>Cuando recibamos el pedido en nuestra oficina en Medell\u00edn-Colombia, le enviaremos un mensaje al comprador, si se encuentra en Medell\u00edn puede pasar a recogerlo personalmente en nuestra oficina, o tambi\u00e9n podemos hacer el envios a nivel nacional o internacional (Valor del envio cargo del comprador).<\/li>\n<li>Desde Ayudas para TODOS, estamos trabajando para ofrecerles el mayor Marketplace inclusivo a nivel mundial. Reuniendo en 1 solo sitio todos los productos que puedan necesitar, m\u00e1s de 5.000 referencias de art\u00edculos especializados que puedan necesitar instituciones y personas con o sin discapacidad, para apoyar procesos de inclusi\u00f3n, ayudando a superar las barreras que se pueden presentar al momento de estudiar, de trabajar, y en las dem\u00e1s actividades de la vida diaria.<\/li>\n<li>\u00bfNo est\u00e1 seguro sobre qu\u00e9 tipo de dispositivo o producto de apoyo debe comprar? Contamos con expertos para estudiar sus necesidades y asesorarlo recomend\u00e1ndole la ayuda o el conjunto de ayudas m\u00e1s adecuadas \u00bfNecesitas un producto y no lo encuentras en nuestro catalogo online? Cont\u00e1ctanos para ayudarte a conseguirlo. \u00bfEres emprendedor y tienes un gran producto inclusivo que quisieras promocionar en nuestra plataforma? <a href=\"https:\/\/ayudasparatodos.com\/index.php\/contact\/\">Cont\u00e1ctanos<\/a><\/li>\n<li>Visita la secci\u00f3n sobre <a href=\"https:\/\/ayudasparatodos.com\/index.php\/como-comprar-faq\/\">\u00bfC\u00f3mo Comprar? FAQ<\/a>, en la cual encontraras de forma m\u00e1s detallada las instrucciones de como comprar, servicio de asesor\u00eda y cotizaciones, formas de pago, env\u00edos a nivel nacional e internacional, garant\u00eda y otros temas relacionados.<\/li>\n<li><span style=\"font-size: 11.5pt; font-family: Roboto; color: #626262;\">Asesor\u00eda, cotizaciones dudas y comentarios: Si tiene cualquier duda o comentario, nos puede escribir o llamar via WhatsApp agregando el numero +57 3006000144 o directamente desde este <a href=\"https:\/\/wa.me\/+573006000144\">enlace<\/a>\u00a0 <\/span><a href=\"https:\/\/wa.me\/+573006000144\"><span style=\"font-size: 11.5pt; font-family: Roboto; color: #626262;\">https:\/\/wa.me\/+573006000144<\/span><\/a><span style=\"font-size: 11.5pt; font-family: Roboto; color: #626262;\">\u00a0 \u00a0 Tambi\u00e9n puede enviarnos un correo electr\u00f3nico a la direcci\u00f3n <a href=\"mailto:ventas@ayudasparatodos.com\">ventas@ayudasparatodos.com<\/a><\/span><\/li>\n<li><strong>Pagos en Colombia por transferencia Bancolombia o Nequi. Tambi\u00e9n recibimos pagos por tarjeta cr\u00e9dito o debito. Si la alternativa de pago no esta disponible en su pa\u00eds, tambi\u00e9n puede pagar por Giro en western Union o Paypal. Favor contactarnos al correo ventas@ayudasparatodos.com para generarle un enlace de pago personalizado por el valor de los art\u00edculos + el valor del envi\u00f3 seg\u00fan su ubicaci\u00f3n y con su moneda local. Despachos a nivel nacional e internacional desde Medell\u00edn &#8211; Colombia.<\/strong><\/li>\n<\/ul>\n<ul>\n<li style=\"list-style-type: none;\"><\/li>\n<\/ul>\n","protected":false},"excerpt":{"rendered":"<p>Alarma industrial de emergencias para ba\u00f1os accesibles. seguridad de personas con discapacidad, hospitales, centros de adulto mayor y casas. Adem\u00e1s, por sus caracter\u00edsticas, cumple con la normativa t\u00e9cnica Icontec 6047 que se exige en los edificios p\u00fablicos.<\/p>\n<p>&nbsp;<\/p>\n","protected":false},"featured_media":0,"template":"","meta":[],"product_cat":[331,341,335,49],"product_tag":[342,343,337,336,338],"class_list":["post-52114","product","type-product","status-publish","hentry","product_cat-adulto-mayor","product_cat-timbres-alarmas-de-emergencia-para-banos","product_cat-timbres-emergencia","product_cat-topfisicatienda","product_tag-alarma-bano-accesible-discapacidad-accesibilidad-adulto-mayor","product_tag-alarma-caidas-em-bano-seguridad","product_tag-sistema-alerta-adulto-mayor-cuidador-timbre-sos-alerta-ayuda-emergencia","product_tag-sistema-timbre-de-emergencia-sos-cuidadores-pacientes-adultos-mayores-discapacidad","product_tag-sistema-timbre-sos-alerta-enfermera-cuidadores-hospitales-ancianatos-discapacidad","description-off"],"_links":{"self":[{"href":"https:\/\/ayudasparatodos.com\/index.php\/wp-json\/wp\/v3\/product\/52114"}],"collection":[{"href":"https:\/\/ayudasparatodos.com\/index.php\/wp-json\/wp\/v3\/product"}],"about":[{"href":"https:\/\/ayudasparatodos.com\/index.php\/wp-json\/wp\/v2\/types\/product"}],"wp:attachment":[{"href":"https:\/\/ayudasparatodos.com\/index.php\/wp-json\/wp\/v2\/media?parent=52114"}],"wp:term":[{"taxonomy":"product_cat","embeddable":true,"href":"https:\/\/ayudasparatodos.com\/index.php\/wp-json\/wp\/v2\/product_cat?post=52114"},{"taxonomy":"product_tag","embeddable":true,"href":"https:\/\/ayudasparatodos.com\/index.php\/wp-json\/wp\/v2\/product_tag?post=52114"}],"curies":[{"name":"wp","href":"https:\/\/api.w.org\/{rel}","templated":true}]}}