{"id":52116,"date":"2024-03-01T23:57:29","date_gmt":"2024-03-01T23:57:29","guid":{"rendered":"https:\/\/ayudasparatodos.com\/?post_type=product&#038;p=52116"},"modified":"2024-03-01T23:57:29","modified_gmt":"2024-03-01T23:57:29","slug":"kit-alarma-bano-discapacidad-accesible-08-adultos-mayores-hospitales-emergencias-caidas","status":"publish","type":"product","link":"https:\/\/ayudasparatodos.com\/index.php\/producto\/kit-alarma-bano-discapacidad-accesible-08-adultos-mayores-hospitales-emergencias-caidas\/","title":{"rendered":"Kit Alarma ba\u00f1o discapacidad accesible 08 adultos mayores hospitales emergencias ca\u00eddas"},"content":{"rendered":"<p>Sistema de alarma inal\u00e1mbrica de r\u00e1pida instalaci\u00f3n para ba\u00f1o de personas con discapacidad, ideal para situaciones de emergencia o posibles ca\u00eddas y cumplir con la normativa de accesibilidad.<\/p>\n<p>Caracter\u00edsticas:<\/p>\n<ul>\n<li>Protege a aquellos en riesgo de ca\u00eddas: el buscapersonas inal\u00e1mbrico Secure con cable inal\u00e1mbrico de alerta de emergencia es una soluci\u00f3n asequible de seguridad para pacientes de riesgo de ca\u00eddas para ancianos, hogares de ancianos, hospitales, instalaciones de atenci\u00f3n m\u00e9dica, consultorios m\u00e9dicos, cl\u00ednicas, etc. &#8211; El localizador inal\u00e1mbrico alerta al cuidador o al personal a trav\u00e9s de sonido de alarma, vibraci\u00f3n, o alarma y vibraci\u00f3n, cuando el paciente, residente o ser querido activa el cable de emergencia<\/li>\n<li>F\u00e1cil configuraci\u00f3n y conexi\u00f3n segura: el sistema de alerta para cuidadores es una ayuda de alerta de enfermera de seguridad para pacientes altamente eficaz para el ba\u00f1o, dormitorio, cocina o cualquier otro lugar donde pueda ocurrir una ca\u00edda o que se necesite asistencia. El buscapersonas inal\u00e1mbrico y el transmisor de cable inal\u00e1mbrico se sincronizan f\u00e1cilmente en segundos y se pueden utilizar en cualquier lugar de una casa o instalaci\u00f3n para la seguridad del paciente y la tranquilidad del cuidador. Operador. distancia de dataci\u00f3n: 500 0+ pies en un \u00e1rea abierta (los obst\u00e1culos pueden disminuir la distancia de funcionamiento)<\/li>\n<li>Accesible incluso a nivel del piso: el cord\u00f3n de tracci\u00f3n se extiende hasta el suelo, lo que permite que un paciente ca\u00eddo notifique al cuidador o enfermera cuando se necesita ayuda. El bot\u00f3n de reinicio del cord\u00f3n permite al paciente, residente o ser querido cancelar una alerta hecha por error<\/li>\n<li>Se monta en cualquier lugar en casa o instalaciones: el transmisor de cable de tracci\u00f3n se puede montar en la pared utilizando los accesorios incluidos. Excelente soluci\u00f3n para proporcionar dignidad en el ba\u00f1o, sala de examen, dormitorio, etc. Las bater\u00edas est\u00e1n incluidas tanto para el buscapersonas como para la alerta del cable de tracci\u00f3n<\/li>\n<\/ul>\n<p>&nbsp;<\/p>\n<p>Alarma inal\u00e1mbrica para ba\u00f1o Active Living<\/p>\n<p>Este dispositivo se utiliza para pedir ayuda cuando necesitas ayuda en el ba\u00f1o.<\/p>\n<p>Alojado en un estuche resistente al agua<\/p>\n<p>El dispositivo se puede montar en el techo o en una pared lateral.<\/p>\n<p>Cord\u00f3n de 2 metros de largo con longitud ajustable.<\/p>\n<p>2 tiradores que se pueden accionar con un dedo.<\/p>\n<ul>\n<li>Producto importado, venta bajo pedido con pago previo por el valor total del art\u00edculo.<\/li>\n<li>FAVOR ANTES DE OFERTAR, confirmar precio actual (por variaciones del valor del d\u00f3lar) y tambi\u00e9n CONFIRMAR QUE PUEDE ESPERAR LOS TIEMPOS DE ENTREGA\u00a0 que normalmente son entre 2-4 semanas.<\/li>\n<li>Cuando recibamos el pedido en nuestra oficina en Medell\u00edn-Colombia, le enviaremos un mensaje al comprador, si se encuentra en Medell\u00edn puede pasar a recogerlo personalmente en nuestra oficina, o tambi\u00e9n podemos hacer el envios a nivel nacional o internacional (Valor del envio cargo del comprador).<\/li>\n<li>Desde Ayudas para TODOS, estamos trabajando para ofrecerles el mayor Marketplace inclusivo a nivel mundial. Reuniendo en 1 solo sitio todos los productos que puedan necesitar, m\u00e1s de 5.000 referencias de art\u00edculos especializados que puedan necesitar instituciones y personas con o sin discapacidad, para apoyar procesos de inclusi\u00f3n, ayudando a superar las barreras que se pueden presentar al momento de estudiar, de trabajar, y en las dem\u00e1s actividades de la vida diaria.<\/li>\n<li>\u00bfNo est\u00e1 seguro sobre qu\u00e9 tipo de dispositivo o producto de apoyo debe comprar? Contamos con expertos para estudiar sus necesidades y asesorarlo recomend\u00e1ndole la ayuda o el conjunto de ayudas m\u00e1s adecuadas \u00bfNecesitas un producto y no lo encuentras en nuestro catalogo online? Cont\u00e1ctanos para ayudarte a conseguirlo. \u00bfEres emprendedor y tienes un gran producto inclusivo que quisieras promocionar en nuestra plataforma? <a href=\"https:\/\/ayudasparatodos.com\/index.php\/contact\/\">Cont\u00e1ctanos<\/a><\/li>\n<li>Visita la secci\u00f3n sobre <a href=\"https:\/\/ayudasparatodos.com\/index.php\/como-comprar-faq\/\">\u00bfC\u00f3mo Comprar? FAQ<\/a>, en la cual encontraras de forma m\u00e1s detallada las instrucciones de como comprar, servicio de asesor\u00eda y cotizaciones, formas de pago, env\u00edos a nivel nacional e internacional, garant\u00eda y otros temas relacionados.<\/li>\n<li><span style=\"font-size: 11.5pt; font-family: Roboto; color: #626262;\">Asesor\u00eda, cotizaciones dudas y comentarios: Si tiene cualquier duda o comentario, nos puede escribir o llamar via WhatsApp agregando el numero +57 3006000144 o directamente desde este <a href=\"https:\/\/wa.me\/+573006000144\">enlace<\/a>\u00a0 <\/span><a href=\"https:\/\/wa.me\/+573006000144\"><span style=\"font-size: 11.5pt; font-family: Roboto; color: #626262;\">https:\/\/wa.me\/+573006000144<\/span><\/a><span style=\"font-size: 11.5pt; font-family: Roboto; color: #626262;\">\u00a0 \u00a0 Tambi\u00e9n puede enviarnos un correo electr\u00f3nico a la direcci\u00f3n <a href=\"mailto:ventas@ayudasparatodos.com\">ventas@ayudasparatodos.com<\/a><\/span><\/li>\n<li><strong>Pagos en Colombia por transferencia Bancolombia o Nequi. Tambi\u00e9n recibimos pagos por tarjeta cr\u00e9dito o debito. Si la alternativa de pago no esta disponible en su pa\u00eds, tambi\u00e9n puede pagar por Giro en western Union o Paypal. Favor contactarnos al correo ventas@ayudasparatodos.com para generarle un enlace de pago personalizado por el valor de los art\u00edculos + el valor del envi\u00f3 seg\u00fan su ubicaci\u00f3n y con su moneda local. Despachos a nivel nacional e internacional desde Medell\u00edn &#8211; Colombia.<\/strong><\/li>\n<\/ul>\n<ul>\n<li style=\"list-style-type: none;\"><\/li>\n<\/ul>\n","protected":false},"excerpt":{"rendered":"<p>Sistema de alarma inal\u00e1mbrica de r\u00e1pida instalaci\u00f3n para ba\u00f1o de personas con discapacidad, ideal para situaciones de emergencia o posibles ca\u00eddas y cumplir con la normativa de accesibilidad.<\/p>\n","protected":false},"featured_media":52134,"template":"","meta":[],"product_cat":[331,341,335,49],"product_tag":[342,343,337,336,338],"class_list":["post-52116","product","type-product","status-publish","has-post-thumbnail","hentry","product_cat-adulto-mayor","product_cat-timbres-alarmas-de-emergencia-para-banos","product_cat-timbres-emergencia","product_cat-topfisicatienda","product_tag-alarma-bano-accesible-discapacidad-accesibilidad-adulto-mayor","product_tag-alarma-caidas-em-bano-seguridad","product_tag-sistema-alerta-adulto-mayor-cuidador-timbre-sos-alerta-ayuda-emergencia","product_tag-sistema-timbre-de-emergencia-sos-cuidadores-pacientes-adultos-mayores-discapacidad","product_tag-sistema-timbre-sos-alerta-enfermera-cuidadores-hospitales-ancianatos-discapacidad","description-off"],"_links":{"self":[{"href":"https:\/\/ayudasparatodos.com\/index.php\/wp-json\/wp\/v3\/product\/52116"}],"collection":[{"href":"https:\/\/ayudasparatodos.com\/index.php\/wp-json\/wp\/v3\/product"}],"about":[{"href":"https:\/\/ayudasparatodos.com\/index.php\/wp-json\/wp\/v2\/types\/product"}],"wp:featuredmedia":[{"embeddable":true,"href":"https:\/\/ayudasparatodos.com\/index.php\/wp-json\/wp\/v2\/media\/52134"}],"wp:attachment":[{"href":"https:\/\/ayudasparatodos.com\/index.php\/wp-json\/wp\/v2\/media?parent=52116"}],"wp:term":[{"taxonomy":"product_cat","embeddable":true,"href":"https:\/\/ayudasparatodos.com\/index.php\/wp-json\/wp\/v2\/product_cat?post=52116"},{"taxonomy":"product_tag","embeddable":true,"href":"https:\/\/ayudasparatodos.com\/index.php\/wp-json\/wp\/v2\/product_tag?post=52116"}],"curies":[{"name":"wp","href":"https:\/\/api.w.org\/{rel}","templated":true}]}}