{"id":52151,"date":"2024-03-02T01:55:45","date_gmt":"2024-03-02T01:55:45","guid":{"rendered":"https:\/\/ayudasparatodos.com\/?post_type=product&#038;p=52151"},"modified":"2024-03-02T01:55:45","modified_gmt":"2024-03-02T01:55:45","slug":"kit-completo-cuchara-y-utensilios-alimentacion-adulto-mayor-discapacidad-parkinsonmango-grueso-correa-facil-agarre","status":"publish","type":"product","link":"https:\/\/ayudasparatodos.com\/index.php\/producto\/kit-completo-cuchara-y-utensilios-alimentacion-adulto-mayor-discapacidad-parkinsonmango-grueso-correa-facil-agarre\/","title":{"rendered":"Kit completo cuchara y utensilios alimentaci\u00f3n  adulto mayor, discapacidad, Parkinson,mango grueso, correa f\u00e1cil agarre"},"content":{"rendered":"<p>Utensilios adaptativos, utensilios con peso para temblores de manos, utensilios para pacientes con Parkinson, artritis, Utensilios de alimentaci\u00f3n adaptativos para personas con discapacidad y adultos mayores<\/p>\n<p>Acero inoxidable alem\u00e1n apto para lavavajillas<\/p>\n<p>Utensilios con peso \u2013 4.0 onzas. Los cubiertos con peso para temblores de manos pesan m\u00e1s que los utensilios adaptativos tradicionales. Los utensilios ponderados para temblores de manos alivian eficazmente los temblores para apoyar a aquellos con temblores de manos, artritis, accidente cerebrovascular y personas mayores.<\/p>\n<p>Utensilios flexibles: flexi\u00f3n de 180\u00b0. La cuchara y el tenedor con peso para temblores les permiten torcerse a cualquier \u00e1ngulo que necesite para zurdos o diestros. Utensilios para pacientes con parkinsons extendidos 4.5&#8243;, uso vers\u00e1til, mejor uso para manos artr\u00edticas.<\/p>\n<p>Brazalete universal: utensilios con peso para temblores, correa de mano el\u00e1stica de 5.0 pulgadas, el\u00e1stico y se adapta a la mayor\u00eda de las manos, velcro ajustable f\u00e1cil de instalar y reemplazar. El soporte para utensilios proporciona facilidad de sujeci\u00f3n para ancianos con poca o ninguna fuerza de mano.<\/p>\n<p>Cepillo de limpieza: utensilios con peso para pacientes con temblores y parkinson totalmente aptos para lavavajillas sin detergentes agresivos. Los cubiertos para manos artr\u00edticas cepillan especialmente para limpiar las ranuras en el mango, haciendo que el trabajo de limpieza sea muy f\u00e1cil.<\/p>\n<p>Funci\u00f3n 2 en 1: cucharas delanteras\/pesadas para temblores, delantal adulto con recogedor de migas, cierre a presi\u00f3n para atrapar piezas de comida que caen. Bolsa de almacenamiento de rollo de viaje Back\/Oxford, utensilios de mango integrado para manos artr\u00edticas f\u00e1ciles de llevar para usar en cualquier lugar que necesites.<\/p>\n<p>Juego completo de 10 piezas: juego de 10 piezas a juego. Incluye cuchillo mecedor, cuchillo para carne, tenedor de cena, tenedor de frutas, cuchara de cena, cuchara de sopa, cuchara de t\u00e9, pu\u00f1o universal, cepillo de limpieza, bolsa de rollo Oxford. Utensilios adaptativos para ancianos f\u00e1ciles de llevar para usar en cualquier lugar que necesites.<\/p>\n<ul>\n<li>Producto importado, venta bajo pedido con pago previo por el valor total del art\u00edculo.<\/li>\n<li>FAVOR ANTES DE OFERTAR, confirmar precio actual (por variaciones del valor del d\u00f3lar) y tambi\u00e9n CONFIRMAR QUE PUEDE ESPERAR LOS TIEMPOS DE ENTREGA\u00a0 que normalmente son entre 2-4 semanas.<\/li>\n<li>Cuando recibamos el pedido en nuestra oficina en Medell\u00edn-Colombia, le enviaremos un mensaje al comprador, si se encuentra en Medell\u00edn puede pasar a recogerlo personalmente en nuestra oficina, o tambi\u00e9n podemos hacer el envios a nivel nacional o internacional (Valor del envio cargo del comprador).<\/li>\n<li>Desde Ayudas para TODOS, estamos trabajando para ofrecerles el mayor Marketplace inclusivo a nivel mundial. Reuniendo en 1 solo sitio todos los productos que puedan necesitar, m\u00e1s de 5.000 referencias de art\u00edculos especializados que puedan necesitar instituciones y personas con o sin discapacidad, para apoyar procesos de inclusi\u00f3n, ayudando a superar las barreras que se pueden presentar al momento de estudiar, de trabajar, y en las dem\u00e1s actividades de la vida diaria.<\/li>\n<li>\u00bfNo est\u00e1 seguro sobre qu\u00e9 tipo de dispositivo o producto de apoyo debe comprar? Contamos con expertos para estudiar sus necesidades y asesorarlo recomend\u00e1ndole la ayuda o el conjunto de ayudas m\u00e1s adecuadas \u00bfNecesitas un producto y no lo encuentras en nuestro catalogo online? Cont\u00e1ctanos para ayudarte a conseguirlo. \u00bfEres emprendedor y tienes un gran producto inclusivo que quisieras promocionar en nuestra plataforma? <a href=\"https:\/\/ayudasparatodos.com\/index.php\/contact\/\">Cont\u00e1ctanos<\/a><\/li>\n<li>Visita la secci\u00f3n sobre <a href=\"https:\/\/ayudasparatodos.com\/index.php\/como-comprar-faq\/\">\u00bfC\u00f3mo Comprar? FAQ<\/a>, en la cual encontraras de forma m\u00e1s detallada las instrucciones de como comprar, servicio de asesor\u00eda y cotizaciones, formas de pago, env\u00edos a nivel nacional e internacional, garant\u00eda y otros temas relacionados.<\/li>\n<li><span style=\"font-size: 11.5pt; font-family: Roboto; color: #626262;\">Asesor\u00eda, cotizaciones dudas y comentarios: Si tiene cualquier duda o comentario, nos puede escribir o llamar via WhatsApp agregando el numero +57 3006000144 o directamente desde este <a href=\"https:\/\/wa.me\/+573006000144\">enlace<\/a>\u00a0 <\/span><a href=\"https:\/\/wa.me\/+573006000144\"><span style=\"font-size: 11.5pt; font-family: Roboto; color: #626262;\">https:\/\/wa.me\/+573006000144<\/span><\/a><span style=\"font-size: 11.5pt; font-family: Roboto; color: #626262;\">\u00a0 \u00a0 Tambi\u00e9n puede enviarnos un correo electr\u00f3nico a la direcci\u00f3n <a href=\"mailto:ventas@ayudasparatodos.com\">ventas@ayudasparatodos.com<\/a><\/span><\/li>\n<li><strong>Pagos en Colombia por transferencia Bancolombia o Nequi. Tambi\u00e9n recibimos pagos por tarjeta cr\u00e9dito o debito. Si la alternativa de pago no esta disponible en su pa\u00eds, tambi\u00e9n puede pagar por Giro en western Union o Paypal. Favor contactarnos al correo ventas@ayudasparatodos.com para generarle un enlace de pago personalizado por el valor de los art\u00edculos + el valor del envi\u00f3 seg\u00fan su ubicaci\u00f3n y con su moneda local. Despachos a nivel nacional e internacional desde Medell\u00edn &#8211; Colombia.<\/strong><\/li>\n<\/ul>\n<ul>\n<li style=\"list-style-type: none;\"><\/li>\n<\/ul>\n","protected":false},"excerpt":{"rendered":"<p>Utensilios adaptativos, utensilios con peso para temblores de manos, utensilios para pacientes con Parkinson, artritis, Utensilios de alimentaci\u00f3n adaptativos para personas con discapacidad y adultos mayores<\/p>\n","protected":false},"featured_media":0,"template":"","meta":[],"product_cat":[331,344,362,49],"product_tag":[349,348,360,350,346,345,347,359,352,354,358,355,356,353,357,351,361],"class_list":["post-52151","product","type-product","status-publish","hentry","product_cat-adulto-mayor","product_cat-comer-alimentacion","product_cat-comer-alimentacion-topfisicatienda","product_cat-topfisicatienda","product_tag-ayuda-para-comer-alimentacion-adulto-mayor","product_tag-ayuda-para-comer-alimentacion-artritis-problemas-de-agarre","product_tag-ayuda-para-comer-alimentacion-paciente-derrame-cerebral-acv-accidente-cerebro-vascular","product_tag-ayuda-para-comer-alimentacion-pacientes-hospital-centro-adulto-mayor-genrontologico","product_tag-ayuda-para-comer-alimentacion-pacientes-parkinson","product_tag-ayuda-para-comer-alimentacion-personas-con-discapacidad","product_tag-ayuda-para-comer-alimentacion-personas-con-movilidad-reducida","product_tag-cucharas-adaptadas-accesibles-alimentacion-accidente-cerebro-vascular","product_tag-cucharas-adaptadas-accesibles-alimentacion-adulto-mayor-abuelo","product_tag-cucharas-adaptadas-accesibles-alimentacion-artritis","product_tag-cucharas-adaptadas-accesibles-alimentacion-derrave-cerebral","product_tag-cucharas-adaptadas-accesibles-alimentacion-hospitales-ancianato","product_tag-cucharas-adaptadas-accesibles-alimentacion-movilidad-reducida","product_tag-cucharas-adaptadas-accesibles-alimentacion-pacientes-parkinson","product_tag-cucharas-adaptadas-accesibles-alimentacion-paralisis-cerebral","product_tag-cucharas-adaptadas-accesibles-alimentacion-personas-con-discapacidad","product_tag-restaurante-accesible-alimentacion-personas-con-discapacidad","description-off"],"_links":{"self":[{"href":"https:\/\/ayudasparatodos.com\/index.php\/wp-json\/wp\/v3\/product\/52151"}],"collection":[{"href":"https:\/\/ayudasparatodos.com\/index.php\/wp-json\/wp\/v3\/product"}],"about":[{"href":"https:\/\/ayudasparatodos.com\/index.php\/wp-json\/wp\/v2\/types\/product"}],"wp:attachment":[{"href":"https:\/\/ayudasparatodos.com\/index.php\/wp-json\/wp\/v2\/media?parent=52151"}],"wp:term":[{"taxonomy":"product_cat","embeddable":true,"href":"https:\/\/ayudasparatodos.com\/index.php\/wp-json\/wp\/v2\/product_cat?post=52151"},{"taxonomy":"product_tag","embeddable":true,"href":"https:\/\/ayudasparatodos.com\/index.php\/wp-json\/wp\/v2\/product_tag?post=52151"}],"curies":[{"name":"wp","href":"https:\/\/api.w.org\/{rel}","templated":true}]}}