{"id":52153,"date":"2024-03-02T01:41:29","date_gmt":"2024-03-02T01:41:29","guid":{"rendered":"https:\/\/ayudasparatodos.com\/?post_type=product&#038;p=52153"},"modified":"2024-03-02T01:49:06","modified_gmt":"2024-03-02T01:49:06","slug":"cuchara-y-tenedor-adulto-mayor-parkinson-discapacidadmango-grueso-correa-facil-agarrepesoangulo-adaptable","status":"publish","type":"product","link":"https:\/\/ayudasparatodos.com\/index.php\/producto\/cuchara-y-tenedor-adulto-mayor-parkinson-discapacidadmango-grueso-correa-facil-agarrepesoangulo-adaptable\/","title":{"rendered":"Cuchara y tenedor adulto mayor Parkinson discapacidad,mango grueso, correa f\u00e1cil agarre,peso,angulo adaptable"},"content":{"rendered":"<p>Juego de cucharas y tenedores adaptables con peso, asas antideslizantes y correa de goma, para temblores de mano y debilidad muscular, artritis, Parkinson, ancianos; apto para lavavajillas, acero inoxidable<\/p>\n<p>Dise\u00f1ado para personas con movilidad limitada de la mano: para personas con problemas de movilidad, artritis, Parkinson, deformidades de dedos, temblores, p\u00e9rdida de agarre, par\u00e1lisis cerebral, posaccidente cerebrovascular y en recuperaci\u00f3n<\/p>\n<p>Correas de goma, mango antideslizante: nuestros tenedores y cucharas adaptables tienen fijaciones ajustables para unir los cubiertos a la mano para mantener los cubiertos estables; el mango antideslizante mejora la fricci\u00f3n entre la mano y los cubiertos, evitando que los cubiertos se resbalen de la mano, son el equipo de comedor adaptable ideal<\/p>\n<p>Cuchara y tenedor giratorio de 360 grados: ajusta los tenedores y cucharas a un \u00e1ngulo c\u00f3modo de acuerdo a las necesidades del usuario para reducir la presi\u00f3n en las mu\u00f1ecas, por lo que es m\u00e1s f\u00e1cil entregar alimentos en la boca, reduciendo la frustraci\u00f3n del usuario y permitiendo que se vuelvan m\u00e1s seguros e independientes<\/p>\n<p>Materiales seguros y f\u00e1ciles de limpiar: junto con un mango de silicona apto para uso alimentario, el tenedor y la cuchara est\u00e1n hechos con acero inoxidable apto para lavavajillas.<\/p>\n<p>Se recomienda terapeutas ocupacionales: este juego de cuchara y tenedor flexible se puede utilizar en casa, hogar de ancianos o en el hospital, y es una parte importante de cualquier rehabilitaci\u00f3n despu\u00e9s de lesiones en la cabeza o la mano, el regalo perfecto para aquellos con movimiento limitado de la mano<\/p>\n<ul>\n<li>Producto importado, venta bajo pedido con pago previo por el valor total del art\u00edculo.<\/li>\n<li>FAVOR ANTES DE OFERTAR, confirmar precio actual (por variaciones del valor del d\u00f3lar) y tambi\u00e9n CONFIRMAR QUE PUEDE ESPERAR LOS TIEMPOS DE ENTREGA\u00a0 que normalmente son entre 2-4 semanas.<\/li>\n<li>Cuando recibamos el pedido en nuestra oficina en Medell\u00edn-Colombia, le enviaremos un mensaje al comprador, si se encuentra en Medell\u00edn puede pasar a recogerlo personalmente en nuestra oficina, o tambi\u00e9n podemos hacer el envios a nivel nacional o internacional (Valor del envio cargo del comprador).<\/li>\n<li>Desde Ayudas para TODOS, estamos trabajando para ofrecerles el mayor Marketplace inclusivo a nivel mundial. Reuniendo en 1 solo sitio todos los productos que puedan necesitar, m\u00e1s de 5.000 referencias de art\u00edculos especializados que puedan necesitar instituciones y personas con o sin discapacidad, para apoyar procesos de inclusi\u00f3n, ayudando a superar las barreras que se pueden presentar al momento de estudiar, de trabajar, y en las dem\u00e1s actividades de la vida diaria.<\/li>\n<li>\u00bfNo est\u00e1 seguro sobre qu\u00e9 tipo de dispositivo o producto de apoyo debe comprar? Contamos con expertos para estudiar sus necesidades y asesorarlo recomend\u00e1ndole la ayuda o el conjunto de ayudas m\u00e1s adecuadas \u00bfNecesitas un producto y no lo encuentras en nuestro catalogo online? Cont\u00e1ctanos para ayudarte a conseguirlo. \u00bfEres emprendedor y tienes un gran producto inclusivo que quisieras promocionar en nuestra plataforma? <a href=\"https:\/\/ayudasparatodos.com\/index.php\/contact\/\">Cont\u00e1ctanos<\/a><\/li>\n<li>Visita la secci\u00f3n sobre <a href=\"https:\/\/ayudasparatodos.com\/index.php\/como-comprar-faq\/\">\u00bfC\u00f3mo Comprar? FAQ<\/a>, en la cual encontraras de forma m\u00e1s detallada las instrucciones de como comprar, servicio de asesor\u00eda y cotizaciones, formas de pago, env\u00edos a nivel nacional e internacional, garant\u00eda y otros temas relacionados.<\/li>\n<li><span style=\"font-size: 11.5pt; font-family: Roboto; color: #626262;\">Asesor\u00eda, cotizaciones dudas y comentarios: Si tiene cualquier duda o comentario, nos puede escribir o llamar via WhatsApp agregando el numero +57 3006000144 o directamente desde este <a href=\"https:\/\/wa.me\/+573006000144\">enlace<\/a>\u00a0 <\/span><a href=\"https:\/\/wa.me\/+573006000144\"><span style=\"font-size: 11.5pt; font-family: Roboto; color: #626262;\">https:\/\/wa.me\/+573006000144<\/span><\/a><span style=\"font-size: 11.5pt; font-family: Roboto; color: #626262;\">\u00a0 \u00a0 Tambi\u00e9n puede enviarnos un correo electr\u00f3nico a la direcci\u00f3n <a href=\"mailto:ventas@ayudasparatodos.com\">ventas@ayudasparatodos.com<\/a><\/span><\/li>\n<li><strong>Pagos en Colombia por transferencia Bancolombia o Nequi. Tambi\u00e9n recibimos pagos por tarjeta cr\u00e9dito o debito. Si la alternativa de pago no esta disponible en su pa\u00eds, tambi\u00e9n puede pagar por Giro en western Union o Paypal. Favor contactarnos al correo ventas@ayudasparatodos.com para generarle un enlace de pago personalizado por el valor de los art\u00edculos + el valor del envi\u00f3 seg\u00fan su ubicaci\u00f3n y con su moneda local. Despachos a nivel nacional e internacional desde Medell\u00edn &#8211; Colombia.<\/strong><\/li>\n<\/ul>\n<ul>\n<li style=\"list-style-type: none;\"><\/li>\n<\/ul>\n","protected":false},"excerpt":{"rendered":"<p>Juego de cucharas y tenedores adaptables con peso, asas antideslizantes y correa de goma, para temblores de mano y debilidad muscular, artritis, Parkinson, ancianos; apto para lavavajillas, acero inoxidable<\/p>\n","protected":false},"featured_media":0,"template":"","meta":[],"product_cat":[331,344,362,49],"product_tag":[349,348,360,350,346,345,347,359,352,354,358,355,356,353,357,351,361],"class_list":["post-52153","product","type-product","status-publish","hentry","product_cat-adulto-mayor","product_cat-comer-alimentacion","product_cat-comer-alimentacion-topfisicatienda","product_cat-topfisicatienda","product_tag-ayuda-para-comer-alimentacion-adulto-mayor","product_tag-ayuda-para-comer-alimentacion-artritis-problemas-de-agarre","product_tag-ayuda-para-comer-alimentacion-paciente-derrame-cerebral-acv-accidente-cerebro-vascular","product_tag-ayuda-para-comer-alimentacion-pacientes-hospital-centro-adulto-mayor-genrontologico","product_tag-ayuda-para-comer-alimentacion-pacientes-parkinson","product_tag-ayuda-para-comer-alimentacion-personas-con-discapacidad","product_tag-ayuda-para-comer-alimentacion-personas-con-movilidad-reducida","product_tag-cucharas-adaptadas-accesibles-alimentacion-accidente-cerebro-vascular","product_tag-cucharas-adaptadas-accesibles-alimentacion-adulto-mayor-abuelo","product_tag-cucharas-adaptadas-accesibles-alimentacion-artritis","product_tag-cucharas-adaptadas-accesibles-alimentacion-derrave-cerebral","product_tag-cucharas-adaptadas-accesibles-alimentacion-hospitales-ancianato","product_tag-cucharas-adaptadas-accesibles-alimentacion-movilidad-reducida","product_tag-cucharas-adaptadas-accesibles-alimentacion-pacientes-parkinson","product_tag-cucharas-adaptadas-accesibles-alimentacion-paralisis-cerebral","product_tag-cucharas-adaptadas-accesibles-alimentacion-personas-con-discapacidad","product_tag-restaurante-accesible-alimentacion-personas-con-discapacidad","description-off"],"_links":{"self":[{"href":"https:\/\/ayudasparatodos.com\/index.php\/wp-json\/wp\/v3\/product\/52153"}],"collection":[{"href":"https:\/\/ayudasparatodos.com\/index.php\/wp-json\/wp\/v3\/product"}],"about":[{"href":"https:\/\/ayudasparatodos.com\/index.php\/wp-json\/wp\/v2\/types\/product"}],"wp:attachment":[{"href":"https:\/\/ayudasparatodos.com\/index.php\/wp-json\/wp\/v2\/media?parent=52153"}],"wp:term":[{"taxonomy":"product_cat","embeddable":true,"href":"https:\/\/ayudasparatodos.com\/index.php\/wp-json\/wp\/v2\/product_cat?post=52153"},{"taxonomy":"product_tag","embeddable":true,"href":"https:\/\/ayudasparatodos.com\/index.php\/wp-json\/wp\/v2\/product_tag?post=52153"}],"curies":[{"name":"wp","href":"https:\/\/api.w.org\/{rel}","templated":true}]}}