{"id":52160,"date":"2024-03-02T02:49:20","date_gmt":"2024-03-02T02:49:20","guid":{"rendered":"https:\/\/ayudasparatodos.com\/?post_type=product&#038;p=52160"},"modified":"2024-03-02T02:49:20","modified_gmt":"2024-03-02T02:49:20","slug":"cuchara-y-tenedor-discapacidad-adulto-mayor-terapia-ocupacionalparkinsonartritis-ayuda-para-comer","status":"publish","type":"product","link":"https:\/\/ayudasparatodos.com\/index.php\/producto\/cuchara-y-tenedor-discapacidad-adulto-mayor-terapia-ocupacionalparkinsonartritis-ayuda-para-comer\/","title":{"rendered":"Cuchara y tenedor Discapacidad Adulto Mayor terapia ocupacional,Parkinson,artritis, Ayuda para comer"},"content":{"rendered":"<p>Utensilios adaptables Cuchara y tenedor en \u00e1ngulo para temblores de manos, Parkinson, utensilios con peso con asas antideslizantes de f\u00e1cil agarre para alimentaci\u00f3n independiente (1 cuchara + 1 tenedor = 2 piezas, naranja, mano derecha)<\/p>\n<p>Ehucon Los equipos de utensilios de alimentaci\u00f3n adaptativos en \u00e1ngulo est\u00e1n dise\u00f1ados para promover la independencia alimentaria para las personas con movilidad limitada de la mano. Los utensilios de plata con peso Ehucon ayudan a los usuarios a no tener problemas para girar la mu\u00f1eca, son capaces de ayudar en la rehabilitaci\u00f3n.<\/p>\n<p>Detalles de los utensilios de cubiertos adaptativos de Ehucon : la ropa de plata adaptable con peso est\u00e1 hecha de acero inoxidable, y las asas est\u00e1n hechas de silicona de seguridad alimentaria en lugar de pl\u00e1stico de baja calidad. Es una opci\u00f3n inteligente como utensilios pesados para temblores de manos.<\/p>\n<p>M\u00faltiples opciones de colores: el mango de silicona grande y f\u00e1cil de agarrar de los utensilios de Parkinsons est\u00e1 dise\u00f1ado con colores brillantes para aumentar el apetito. Tenemos colores p\u00farpura, verde y naranja para cuchara de \u00e1ngulo adaptable y tenedor para sus opciones.<\/p>\n<p>Caracter\u00edsticas de los utensilios adaptativos: los utensilios adaptativos Ehucon est\u00e1n curvados en un \u00e1ngulo perfecto, el dise\u00f1o de textura en el lateral del mango de la cuchara angular aumenta la fricci\u00f3n entre las manos de los usuarios y el utensilio adaptativo, por lo que no es f\u00e1cil de deslizar durante el uso. Utensilios curvos grandes y f\u00e1ciles de agarrar de equipos adaptativos.<\/p>\n<p>Vendemos 1 cuchara y 1 tenedor. Total: 2 piezas. Los utensilios adaptativos con peso resuelven el problema de derramar constantemente alimentos, la cuchara grande ayuda a los usuarios a mantener la mayor parte de la comida en el dispositivo en lugar de sus regazos. F\u00e1cil de limpiar y lavar: los cubiertos con peso adaptable son aptos para lavavajillas.<\/p>\n<ul>\n<li>Producto importado, venta bajo pedido con pago previo por el valor total del art\u00edculo.<\/li>\n<li>FAVOR ANTES DE OFERTAR, confirmar precio actual (por variaciones del valor del d\u00f3lar) y tambi\u00e9n CONFIRMAR QUE PUEDE ESPERAR LOS TIEMPOS DE ENTREGA\u00a0 que normalmente son entre 2-4 semanas.<\/li>\n<li>Cuando recibamos el pedido en nuestra oficina en Medell\u00edn-Colombia, le enviaremos un mensaje al comprador, si se encuentra en Medell\u00edn puede pasar a recogerlo personalmente en nuestra oficina, o tambi\u00e9n podemos hacer el envios a nivel nacional o internacional (Valor del envio cargo del comprador).<\/li>\n<li>Desde Ayudas para TODOS, estamos trabajando para ofrecerles el mayor Marketplace inclusivo a nivel mundial. Reuniendo en 1 solo sitio todos los productos que puedan necesitar, m\u00e1s de 5.000 referencias de art\u00edculos especializados que puedan necesitar instituciones y personas con o sin discapacidad, para apoyar procesos de inclusi\u00f3n, ayudando a superar las barreras que se pueden presentar al momento de estudiar, de trabajar, y en las dem\u00e1s actividades de la vida diaria.<\/li>\n<li>\u00bfNo est\u00e1 seguro sobre qu\u00e9 tipo de dispositivo o producto de apoyo debe comprar? Contamos con expertos para estudiar sus necesidades y asesorarlo recomend\u00e1ndole la ayuda o el conjunto de ayudas m\u00e1s adecuadas \u00bfNecesitas un producto y no lo encuentras en nuestro catalogo online? Cont\u00e1ctanos para ayudarte a conseguirlo. \u00bfEres emprendedor y tienes un gran producto inclusivo que quisieras promocionar en nuestra plataforma? <a href=\"https:\/\/ayudasparatodos.com\/index.php\/contact\/\">Cont\u00e1ctanos<\/a><\/li>\n<li>Visita la secci\u00f3n sobre <a href=\"https:\/\/ayudasparatodos.com\/index.php\/como-comprar-faq\/\">\u00bfC\u00f3mo Comprar? FAQ<\/a>, en la cual encontraras de forma m\u00e1s detallada las instrucciones de como comprar, servicio de asesor\u00eda y cotizaciones, formas de pago, env\u00edos a nivel nacional e internacional, garant\u00eda y otros temas relacionados.<\/li>\n<li><span style=\"font-size: 11.5pt; font-family: Roboto; color: #626262;\">Asesor\u00eda, cotizaciones dudas y comentarios: Si tiene cualquier duda o comentario, nos puede escribir o llamar via WhatsApp agregando el numero +57 3006000144 o directamente desde este <a href=\"https:\/\/wa.me\/+573006000144\">enlace<\/a>\u00a0 <\/span><a href=\"https:\/\/wa.me\/+573006000144\"><span style=\"font-size: 11.5pt; font-family: Roboto; color: #626262;\">https:\/\/wa.me\/+573006000144<\/span><\/a><span style=\"font-size: 11.5pt; font-family: Roboto; color: #626262;\">\u00a0 \u00a0 Tambi\u00e9n puede enviarnos un correo electr\u00f3nico a la direcci\u00f3n <a href=\"mailto:ventas@ayudasparatodos.com\">ventas@ayudasparatodos.com<\/a><\/span><\/li>\n<li><strong>Pagos en Colombia por transferencia Bancolombia o Nequi. Tambi\u00e9n recibimos pagos por tarjeta cr\u00e9dito o debito. Si la alternativa de pago no esta disponible en su pa\u00eds, tambi\u00e9n puede pagar por Giro en western Union o Paypal. Favor contactarnos al correo ventas@ayudasparatodos.com para generarle un enlace de pago personalizado por el valor de los art\u00edculos + el valor del envi\u00f3 seg\u00fan su ubicaci\u00f3n y con su moneda local. Despachos a nivel nacional e internacional desde Medell\u00edn &#8211; Colombia.<\/strong><\/li>\n<\/ul>\n<ul>\n<li style=\"list-style-type: none;\"><\/li>\n<\/ul>\n","protected":false},"excerpt":{"rendered":"<p>Utensilios adaptables Cuchara y tenedor en \u00e1ngulo para temblores de manos, Parkinson, utensilios con peso con asas antideslizantes de f\u00e1cil agarre para alimentaci\u00f3n independiente (1 cuchara + 1 tenedor = 2 piezas, naranja, mano derecha)<\/p>\n","protected":false},"featured_media":52242,"template":"","meta":[],"product_cat":[331,344,362,49],"product_tag":[349,348,360,350,346,345,347,359,352,354,358,355,356,353,357,351,361],"class_list":["post-52160","product","type-product","status-publish","has-post-thumbnail","hentry","product_cat-adulto-mayor","product_cat-comer-alimentacion","product_cat-comer-alimentacion-topfisicatienda","product_cat-topfisicatienda","product_tag-ayuda-para-comer-alimentacion-adulto-mayor","product_tag-ayuda-para-comer-alimentacion-artritis-problemas-de-agarre","product_tag-ayuda-para-comer-alimentacion-paciente-derrame-cerebral-acv-accidente-cerebro-vascular","product_tag-ayuda-para-comer-alimentacion-pacientes-hospital-centro-adulto-mayor-genrontologico","product_tag-ayuda-para-comer-alimentacion-pacientes-parkinson","product_tag-ayuda-para-comer-alimentacion-personas-con-discapacidad","product_tag-ayuda-para-comer-alimentacion-personas-con-movilidad-reducida","product_tag-cucharas-adaptadas-accesibles-alimentacion-accidente-cerebro-vascular","product_tag-cucharas-adaptadas-accesibles-alimentacion-adulto-mayor-abuelo","product_tag-cucharas-adaptadas-accesibles-alimentacion-artritis","product_tag-cucharas-adaptadas-accesibles-alimentacion-derrave-cerebral","product_tag-cucharas-adaptadas-accesibles-alimentacion-hospitales-ancianato","product_tag-cucharas-adaptadas-accesibles-alimentacion-movilidad-reducida","product_tag-cucharas-adaptadas-accesibles-alimentacion-pacientes-parkinson","product_tag-cucharas-adaptadas-accesibles-alimentacion-paralisis-cerebral","product_tag-cucharas-adaptadas-accesibles-alimentacion-personas-con-discapacidad","product_tag-restaurante-accesible-alimentacion-personas-con-discapacidad","description-off"],"_links":{"self":[{"href":"https:\/\/ayudasparatodos.com\/index.php\/wp-json\/wp\/v3\/product\/52160"}],"collection":[{"href":"https:\/\/ayudasparatodos.com\/index.php\/wp-json\/wp\/v3\/product"}],"about":[{"href":"https:\/\/ayudasparatodos.com\/index.php\/wp-json\/wp\/v2\/types\/product"}],"wp:featuredmedia":[{"embeddable":true,"href":"https:\/\/ayudasparatodos.com\/index.php\/wp-json\/wp\/v2\/media\/52242"}],"wp:attachment":[{"href":"https:\/\/ayudasparatodos.com\/index.php\/wp-json\/wp\/v2\/media?parent=52160"}],"wp:term":[{"taxonomy":"product_cat","embeddable":true,"href":"https:\/\/ayudasparatodos.com\/index.php\/wp-json\/wp\/v2\/product_cat?post=52160"},{"taxonomy":"product_tag","embeddable":true,"href":"https:\/\/ayudasparatodos.com\/index.php\/wp-json\/wp\/v2\/product_tag?post=52160"}],"curies":[{"name":"wp","href":"https:\/\/api.w.org\/{rel}","templated":true}]}}