{"id":52162,"date":"2024-03-02T02:46:55","date_gmt":"2024-03-02T02:46:55","guid":{"rendered":"https:\/\/ayudasparatodos.com\/?post_type=product&#038;p=52162"},"modified":"2024-03-02T02:46:55","modified_gmt":"2024-03-02T02:46:55","slug":"juego-3-utensilios-con-peso-y-buen-agarre-discapacidad-adulto-mayor-terapia-ocupacionalparkinsonartritis-ayuda-para-comer","status":"publish","type":"product","link":"https:\/\/ayudasparatodos.com\/index.php\/producto\/juego-3-utensilios-con-peso-y-buen-agarre-discapacidad-adulto-mayor-terapia-ocupacionalparkinsonartritis-ayuda-para-comer\/","title":{"rendered":"Juego 3 utensilios con peso y buen agarre Discapacidad Adulto Mayor terapia ocupacional,Parkinson,artritis, Ayuda para comer"},"content":{"rendered":"<p>Mars Wellness Juego de utensilios con peso \u2013 3 piezas resistentes, tenedor, cuchillo y cuchara de acero inoxidable, utensilios adaptativos para mayor estabilidad mientras comes para anciano<\/p>\n<p>Construcci\u00f3n resistente: Hecho de acero inoxidable de alta calidad, estos utensilios con peso est\u00e1n construidos para durar y pueden soportar el uso diario. Est\u00e1n dise\u00f1ados para soportar el desgaste del uso diario, asegurando que durar\u00e1n mucho tiempo.<\/p>\n<p>Estabilidad y comodidad mejoradas: el peso a\u00f1adido de estos utensilios adaptativos ayuda a reducir los temblores y los temblores de las manos, haciendo que comer sea m\u00e1s c\u00f3modo y manejable para pacientes ancianos o de Parkinson. El peso extra en el mango proporciona un agarre m\u00e1s seguro y c\u00f3modo, lo que permite m\u00e1s precisi\u00f3n y control mientras come.<\/p>\n<p>Dise\u00f1o c\u00f3modo, el c\u00f3modo agarre de goma hace que sea f\u00e1cil de usar y sujetar, a menudo los pacientes encuentran dif\u00edcil agarrar un delgado utensilio est\u00e1ndar de acero inoxidable debido a la artritis o parkinson, nuestro agarre de goma es m\u00e1s ancho y m\u00e1s f\u00e1cil de sostener.<\/p>\n<p>F\u00e1cil de limpiar: la construcci\u00f3n de acero inoxidable de estos utensilios hace que sean f\u00e1ciles de limpiar y mantener, simplemente lavar en agua tibia y jab\u00f3n y secar bien. Estos utensilios son aptos para lavavajillas y tambi\u00e9n se pueden limpiar f\u00e1cilmente a mano.<\/p>\n<p>Juego completo: este utensilio construido de 3 piezas para adultos incluye un tenedor, cuchillo y cuchara, proporcionando todo lo que necesitas para disfrutar de una comida con mayor estabilidad y comodidad. Este juego es perfecto para aquellos que tienen dificultades para comer, y se puede utilizar en una variedad de entornos, incluyendo el hogar, vida asistida y centros de rehabilitaci\u00f3n.<\/p>\n<ul>\n<li>Producto importado, venta bajo pedido con pago previo por el valor total del art\u00edculo.<\/li>\n<li>FAVOR ANTES DE OFERTAR, confirmar precio actual (por variaciones del valor del d\u00f3lar) y tambi\u00e9n CONFIRMAR QUE PUEDE ESPERAR LOS TIEMPOS DE ENTREGA\u00a0 que normalmente son entre 2-4 semanas.<\/li>\n<li>Cuando recibamos el pedido en nuestra oficina en Medell\u00edn-Colombia, le enviaremos un mensaje al comprador, si se encuentra en Medell\u00edn puede pasar a recogerlo personalmente en nuestra oficina, o tambi\u00e9n podemos hacer el envios a nivel nacional o internacional (Valor del envio cargo del comprador).<\/li>\n<li>Desde Ayudas para TODOS, estamos trabajando para ofrecerles el mayor Marketplace inclusivo a nivel mundial. Reuniendo en 1 solo sitio todos los productos que puedan necesitar, m\u00e1s de 5.000 referencias de art\u00edculos especializados que puedan necesitar instituciones y personas con o sin discapacidad, para apoyar procesos de inclusi\u00f3n, ayudando a superar las barreras que se pueden presentar al momento de estudiar, de trabajar, y en las dem\u00e1s actividades de la vida diaria.<\/li>\n<li>\u00bfNo est\u00e1 seguro sobre qu\u00e9 tipo de dispositivo o producto de apoyo debe comprar? Contamos con expertos para estudiar sus necesidades y asesorarlo recomend\u00e1ndole la ayuda o el conjunto de ayudas m\u00e1s adecuadas \u00bfNecesitas un producto y no lo encuentras en nuestro catalogo online? Cont\u00e1ctanos para ayudarte a conseguirlo. \u00bfEres emprendedor y tienes un gran producto inclusivo que quisieras promocionar en nuestra plataforma? <a href=\"https:\/\/ayudasparatodos.com\/index.php\/contact\/\">Cont\u00e1ctanos<\/a><\/li>\n<li>Visita la secci\u00f3n sobre <a href=\"https:\/\/ayudasparatodos.com\/index.php\/como-comprar-faq\/\">\u00bfC\u00f3mo Comprar? FAQ<\/a>, en la cual encontraras de forma m\u00e1s detallada las instrucciones de como comprar, servicio de asesor\u00eda y cotizaciones, formas de pago, env\u00edos a nivel nacional e internacional, garant\u00eda y otros temas relacionados.<\/li>\n<li><span style=\"font-size: 11.5pt; font-family: Roboto; color: #626262;\">Asesor\u00eda, cotizaciones dudas y comentarios: Si tiene cualquier duda o comentario, nos puede escribir o llamar via WhatsApp agregando el numero +57 3006000144 o directamente desde este <a href=\"https:\/\/wa.me\/+573006000144\">enlace<\/a>\u00a0 <\/span><a href=\"https:\/\/wa.me\/+573006000144\"><span style=\"font-size: 11.5pt; font-family: Roboto; color: #626262;\">https:\/\/wa.me\/+573006000144<\/span><\/a><span style=\"font-size: 11.5pt; font-family: Roboto; color: #626262;\">\u00a0 \u00a0 Tambi\u00e9n puede enviarnos un correo electr\u00f3nico a la direcci\u00f3n <a href=\"mailto:ventas@ayudasparatodos.com\">ventas@ayudasparatodos.com<\/a><\/span><\/li>\n<li><strong>Pagos en Colombia por transferencia Bancolombia o Nequi. Tambi\u00e9n recibimos pagos por tarjeta cr\u00e9dito o debito. Si la alternativa de pago no esta disponible en su pa\u00eds, tambi\u00e9n puede pagar por Giro en western Union o Paypal. Favor contactarnos al correo ventas@ayudasparatodos.com para generarle un enlace de pago personalizado por el valor de los art\u00edculos + el valor del envi\u00f3 seg\u00fan su ubicaci\u00f3n y con su moneda local. Despachos a nivel nacional e internacional desde Medell\u00edn &#8211; Colombia.<\/strong><\/li>\n<\/ul>\n<ul>\n<li style=\"list-style-type: none;\"><\/li>\n<\/ul>\n","protected":false},"excerpt":{"rendered":"<p>Mars Wellness Juego de utensilios con peso \u2013 3 piezas resistentes, tenedor, cuchillo y cuchara de acero inoxidable, utensilios adaptativos para mayor estabilidad mientras comes para anciano<\/p>\n","protected":false},"featured_media":0,"template":"","meta":[],"product_cat":[331,344,362,49],"product_tag":[349,348,360,350,346,345,347,359,352,354,358,355,356,353,357,351,361],"class_list":["post-52162","product","type-product","status-publish","hentry","product_cat-adulto-mayor","product_cat-comer-alimentacion","product_cat-comer-alimentacion-topfisicatienda","product_cat-topfisicatienda","product_tag-ayuda-para-comer-alimentacion-adulto-mayor","product_tag-ayuda-para-comer-alimentacion-artritis-problemas-de-agarre","product_tag-ayuda-para-comer-alimentacion-paciente-derrame-cerebral-acv-accidente-cerebro-vascular","product_tag-ayuda-para-comer-alimentacion-pacientes-hospital-centro-adulto-mayor-genrontologico","product_tag-ayuda-para-comer-alimentacion-pacientes-parkinson","product_tag-ayuda-para-comer-alimentacion-personas-con-discapacidad","product_tag-ayuda-para-comer-alimentacion-personas-con-movilidad-reducida","product_tag-cucharas-adaptadas-accesibles-alimentacion-accidente-cerebro-vascular","product_tag-cucharas-adaptadas-accesibles-alimentacion-adulto-mayor-abuelo","product_tag-cucharas-adaptadas-accesibles-alimentacion-artritis","product_tag-cucharas-adaptadas-accesibles-alimentacion-derrave-cerebral","product_tag-cucharas-adaptadas-accesibles-alimentacion-hospitales-ancianato","product_tag-cucharas-adaptadas-accesibles-alimentacion-movilidad-reducida","product_tag-cucharas-adaptadas-accesibles-alimentacion-pacientes-parkinson","product_tag-cucharas-adaptadas-accesibles-alimentacion-paralisis-cerebral","product_tag-cucharas-adaptadas-accesibles-alimentacion-personas-con-discapacidad","product_tag-restaurante-accesible-alimentacion-personas-con-discapacidad","description-off"],"_links":{"self":[{"href":"https:\/\/ayudasparatodos.com\/index.php\/wp-json\/wp\/v3\/product\/52162"}],"collection":[{"href":"https:\/\/ayudasparatodos.com\/index.php\/wp-json\/wp\/v3\/product"}],"about":[{"href":"https:\/\/ayudasparatodos.com\/index.php\/wp-json\/wp\/v2\/types\/product"}],"wp:attachment":[{"href":"https:\/\/ayudasparatodos.com\/index.php\/wp-json\/wp\/v2\/media?parent=52162"}],"wp:term":[{"taxonomy":"product_cat","embeddable":true,"href":"https:\/\/ayudasparatodos.com\/index.php\/wp-json\/wp\/v2\/product_cat?post=52162"},{"taxonomy":"product_tag","embeddable":true,"href":"https:\/\/ayudasparatodos.com\/index.php\/wp-json\/wp\/v2\/product_tag?post=52162"}],"curies":[{"name":"wp","href":"https:\/\/api.w.org\/{rel}","templated":true}]}}