{"id":52269,"date":"2024-03-04T19:09:33","date_gmt":"2024-03-04T19:09:33","guid":{"rendered":"https:\/\/ayudasparatodos.com\/?post_type=product&#038;p=52269"},"modified":"2024-03-04T19:19:40","modified_gmt":"2024-03-04T19:19:40","slug":"plato-especial-alimentacion-comer-sopas-discapacidad-adulto-mayor-parkinson-demencia-pacientes-temblores","status":"publish","type":"product","link":"https:\/\/ayudasparatodos.com\/index.php\/producto\/plato-especial-alimentacion-comer-sopas-discapacidad-adulto-mayor-parkinson-demencia-pacientes-temblores\/","title":{"rendered":"Plato especial alimentaci\u00f3n comer sopas discapacidad adulto mayor Parkinson demencia pacientes temblores"},"content":{"rendered":"<p>Cuenco con pajita antideslizante auxiliar adaptable vajilla base de ventosa autoalimentaci\u00f3n Plato para adultos con necesidades especiales para adultos con discapacidad Parkinson, demencia. Facilita comer con independencia.<\/p>\n<p>Combinaci\u00f3n perfecta: este cuenco est\u00e1 equipado con una pajita de gran di\u00e1metro, lo que hace que sea m\u00e1s f\u00e1cil para las personas comer alimentos l\u00edquidos como sopa nutricional, leche, avena, helado, cola, etc. El popote adjunto minimiza derrames y desastres y puede llegar al l\u00edquido en la parte inferior.<\/p>\n<p>Estables y a prueba de derrames: estos cuencos especiales cuentan con lados profundos, borde contorneado ancho y parte inferior de succi\u00f3n de goma antideslizante. El borde alto a bajo ayuda a sostener y recoger alimentos, d\u00e1ndote m\u00e1s control mientras comes. La ventosa en la base asegura el cuenco a la mesa para mayor tranquilidad<\/p>\n<p>Independiente: esta es la soluci\u00f3n diet\u00e9tica ideal para personas que requieren asistencia para comer de forma independiente sin la ayuda de un cuidador, como ancianos, personas discapacitadas, personas con enfermedades y discapacidades especiales. Tambi\u00e9n es ideal para ni\u00f1os que se est\u00e1n adaptando a la autoalimentaci\u00f3n<\/p>\n<p>F\u00e1cil de limpiar: este cuenco adaptable para personas mayores o personas con discapacidades es duradero, sin manchas y apto para lavavajillas.<\/p>\n<p>\u2764\ufe0f\ud83d\udc95Consejos: las especificaciones de este taz\u00f3n son de 5.0 pulgadas (di\u00e1metro); altura (hasta la parte superior del labio inverso): 3.9 pulgadas; altura (hasta la parte superior de la superficie plana): 2.7 pulgadas; capacidad: 17.5 oz\/16.9 fl oz; la fuerza de succi\u00f3n de la base de la ventosa es muy fuerte, y la adsorci\u00f3n natural puede durar aproximadamente 4 minutos. Si la fuerza de succi\u00f3n desaparece, simplemente presione nuevamente. Si tiene requisitos especiales de capacidad y adsorci\u00f3n, compre con precauci\u00f3n<\/p>\n<ul>\n<li>Producto importado, venta bajo pedido con pago previo por el valor total del art\u00edculo.<\/li>\n<li>FAVOR ANTES DE OFERTAR, confirmar precio actual (por variaciones del valor del d\u00f3lar) y tambi\u00e9n CONFIRMAR QUE PUEDE ESPERAR LOS TIEMPOS DE ENTREGA\u00a0 que normalmente son entre 2-4 semanas.<\/li>\n<li>Cuando recibamos el pedido en nuestra oficina en Medell\u00edn-Colombia, le enviaremos un mensaje al comprador, si se encuentra en Medell\u00edn puede pasar a recogerlo personalmente en nuestra oficina, o tambi\u00e9n podemos hacer el envios a nivel nacional o internacional (Valor del envio cargo del comprador).<\/li>\n<li>Desde Ayudas para TODOS, estamos trabajando para ofrecerles el mayor Marketplace inclusivo a nivel mundial. Reuniendo en 1 solo sitio todos los productos que puedan necesitar, m\u00e1s de 5.000 referencias de art\u00edculos especializados que puedan necesitar instituciones y personas con o sin discapacidad, para apoyar procesos de inclusi\u00f3n, ayudando a superar las barreras que se pueden presentar al momento de estudiar, de trabajar, y en las dem\u00e1s actividades de la vida diaria.<\/li>\n<li>\u00bfNo est\u00e1 seguro sobre qu\u00e9 tipo de dispositivo o producto de apoyo debe comprar? Contamos con expertos para estudiar sus necesidades y asesorarlo recomend\u00e1ndole la ayuda o el conjunto de ayudas m\u00e1s adecuadas \u00bfNecesitas un producto y no lo encuentras en nuestro catalogo online? Cont\u00e1ctanos para ayudarte a conseguirlo. \u00bfEres emprendedor y tienes un gran producto inclusivo que quisieras promocionar en nuestra plataforma? <a href=\"https:\/\/ayudasparatodos.com\/index.php\/contact\/\">Cont\u00e1ctanos<\/a><\/li>\n<li>Visita la secci\u00f3n sobre <a href=\"https:\/\/ayudasparatodos.com\/index.php\/como-comprar-faq\/\">\u00bfC\u00f3mo Comprar? FAQ<\/a>, en la cual encontraras de forma m\u00e1s detallada las instrucciones de como comprar, servicio de asesor\u00eda y cotizaciones, formas de pago, env\u00edos a nivel nacional e internacional, garant\u00eda y otros temas relacionados.<\/li>\n<li><span style=\"font-size: 11.5pt; font-family: Roboto; color: #626262;\">Asesor\u00eda, cotizaciones dudas y comentarios: Si tiene cualquier duda o comentario, nos puede escribir o llamar via WhatsApp agregando el numero +57 3006000144 o directamente desde este <a href=\"https:\/\/wa.me\/+573006000144\">enlace<\/a>\u00a0 <\/span><a href=\"https:\/\/wa.me\/+573006000144\"><span style=\"font-size: 11.5pt; font-family: Roboto; color: #626262;\">https:\/\/wa.me\/+573006000144<\/span><\/a><span style=\"font-size: 11.5pt; font-family: Roboto; color: #626262;\">\u00a0 \u00a0 Tambi\u00e9n puede enviarnos un correo electr\u00f3nico a la direcci\u00f3n <a href=\"mailto:ventas@ayudasparatodos.com\">ventas@ayudasparatodos.com<\/a><\/span><\/li>\n<li><strong>Pagos en Colombia por transferencia Bancolombia o Nequi. Tambi\u00e9n recibimos pagos por tarjeta cr\u00e9dito o debito. Si la alternativa de pago no esta disponible en su pa\u00eds, tambi\u00e9n puede pagar por Giro en western Union o Paypal. Favor contactarnos al correo ventas@ayudasparatodos.com para generarle un enlace de pago personalizado por el valor de los art\u00edculos + el valor del envi\u00f3 seg\u00fan su ubicaci\u00f3n y con su moneda local. Despachos a nivel nacional e internacional desde Medell\u00edn &#8211; Colombia.<\/strong><\/li>\n<\/ul>\n<ul>\n<li style=\"list-style-type: none;\"><\/li>\n<\/ul>\n","protected":false},"excerpt":{"rendered":"<p>Cuenco con pajita antideslizante auxiliar adaptable vajilla base de ventosa autoalimentaci\u00f3n Plato para adultos con necesidades especiales para adultos con discapacidad Parkinson, demencia. Facilita comer con independencia.<\/p>\n","protected":false},"featured_media":0,"template":"","meta":[],"product_cat":[331,344,362,49],"product_tag":[349,348,360,350,346,345,347,370,371,361],"class_list":["post-52269","product","type-product","status-publish","hentry","product_cat-adulto-mayor","product_cat-comer-alimentacion","product_cat-comer-alimentacion-topfisicatienda","product_cat-topfisicatienda","product_tag-ayuda-para-comer-alimentacion-adulto-mayor","product_tag-ayuda-para-comer-alimentacion-artritis-problemas-de-agarre","product_tag-ayuda-para-comer-alimentacion-paciente-derrame-cerebral-acv-accidente-cerebro-vascular","product_tag-ayuda-para-comer-alimentacion-pacientes-hospital-centro-adulto-mayor-genrontologico","product_tag-ayuda-para-comer-alimentacion-pacientes-parkinson","product_tag-ayuda-para-comer-alimentacion-personas-con-discapacidad","product_tag-ayuda-para-comer-alimentacion-personas-con-movilidad-reducida","product_tag-plato-accesible-discapacidad-parkinson-adulto-mayor-demencia-acn-accidente-cerebrovascular","product_tag-plato-aydua-alimentacion-sopas-alimentos-liquidos","product_tag-restaurante-accesible-alimentacion-personas-con-discapacidad","description-off"],"_links":{"self":[{"href":"https:\/\/ayudasparatodos.com\/index.php\/wp-json\/wp\/v3\/product\/52269"}],"collection":[{"href":"https:\/\/ayudasparatodos.com\/index.php\/wp-json\/wp\/v3\/product"}],"about":[{"href":"https:\/\/ayudasparatodos.com\/index.php\/wp-json\/wp\/v2\/types\/product"}],"wp:attachment":[{"href":"https:\/\/ayudasparatodos.com\/index.php\/wp-json\/wp\/v2\/media?parent=52269"}],"wp:term":[{"taxonomy":"product_cat","embeddable":true,"href":"https:\/\/ayudasparatodos.com\/index.php\/wp-json\/wp\/v2\/product_cat?post=52269"},{"taxonomy":"product_tag","embeddable":true,"href":"https:\/\/ayudasparatodos.com\/index.php\/wp-json\/wp\/v2\/product_tag?post=52269"}],"curies":[{"name":"wp","href":"https:\/\/api.w.org\/{rel}","templated":true}]}}