{"id":52275,"date":"2024-03-04T15:38:59","date_gmt":"2024-03-04T15:38:59","guid":{"rendered":"https:\/\/ayudasparatodos.com\/?post_type=product&#038;p=52275"},"modified":"2024-03-04T15:38:59","modified_gmt":"2024-03-04T15:38:59","slug":"kit-2-cucharas-diseno-curvo-discapacidad-adulto-mayor-terapia-ocupacionalparkinsonartritis-ayuda-para-comer","status":"publish","type":"product","link":"https:\/\/ayudasparatodos.com\/index.php\/producto\/kit-2-cucharas-diseno-curvo-discapacidad-adulto-mayor-terapia-ocupacionalparkinsonartritis-ayuda-para-comer\/","title":{"rendered":"Kit 2 cucharas dise\u00f1o curvo  Discapacidad Adulto Mayor terapia ocupacional,Parkinson,artritis, Ayuda para comer"},"content":{"rendered":"<p>2 piezas de utensilios adaptativos para ancianos, cucharas angulares para diestros, antivibraciones, de acero inoxidable, cubiertos de autoalimentaci\u00f3n para adultos mayores<\/p>\n<p>Dise\u00f1o giratorio de 360 grados: el tenedor adaptable tiene una correa de mano de silicona ajustable, los utensilios adaptativos con asas antideslizantes se pueden adaptar a diferentes tama\u00f1os de mano y diferentes \u00e1ngulos seg\u00fan lo necesite y la cuchara de acero inoxidable adaptable es f\u00e1cil de usar; dise\u00f1o giratorio de 360 grados, m\u00e1s c\u00f3modo y conveniente para obtener alimentos<\/p>\n<p>Material resistente y resistente: nuestro juego de cubiertos adaptable est\u00e1 hecho de acero inoxidable, inodoro y resistente a la corrosi\u00f3n, resistente al desgaste, no se decolora f\u00e1cilmente, no se oxida ni se fractura, seguro y fiable, hermoso y limpio en la superficie, puede servirte durante mucho tiempo<\/p>\n<p>Dise\u00f1o pr\u00e1ctico y \u00fatil: esta cuchara curvada para ancianos est\u00e1 dise\u00f1ada como un estilo de cuchara inclinada, el extremo trasero m\u00e1s ancho del mango ligero es m\u00e1s adecuado para agarrar, el dise\u00f1o redondo de la boca de la cuchara tambi\u00e9n es m\u00e1s conveniente para recoger alimentos, f\u00e1cil y c\u00f3modo de usar<\/p>\n<p>Beneficiosas para las personas: estas cucharas curvas para temblores de manos se ajustan a los h\u00e1bitos de agarre de las personas y te permiten comer sin torcer la mu\u00f1eca, reduciendo la presi\u00f3n de la mu\u00f1eca y ayudando a aquellos a reducir el control de las extremidades superiores y reducir la flexibilidad y la fuerza en el hombro, brazo, antebrazo, mu\u00f1eca y mano<\/p>\n<p>Personas aplicables: estas cucharas de terapia para adultos son adecuadas para espasmos de manos, deformaci\u00f3n de dedos, temblores de dedos, p\u00e9rdida de fuerza de agarre, personas mayores, ni\u00f1os, personas con lesiones en las manos, aumentando su capacidad y confianza para comer<\/p>\n<p>Contenido del paquete y tama\u00f1o detallado: recibir\u00e1s 2 cucharas de cabeza en \u00e1ngulo, cada una con una longitud total de 6.7 pulgadas y un di\u00e1metro de 1.5 in\/1.5 pulgadas, con un tama\u00f1o mediano y una peque\u00f1a cabeza en \u00e1ngulo que no pasa directamente a trav\u00e9s de la garganta, protegi\u00e9ndote de da\u00f1os<\/p>\n<ul>\n<li>Producto importado, venta bajo pedido con pago previo por el valor total del art\u00edculo.<\/li>\n<li>FAVOR ANTES DE OFERTAR, confirmar precio actual (por variaciones del valor del d\u00f3lar) y tambi\u00e9n CONFIRMAR QUE PUEDE ESPERAR LOS TIEMPOS DE ENTREGA\u00a0 que normalmente son entre 2-4 semanas.<\/li>\n<li>Cuando recibamos el pedido en nuestra oficina en Medell\u00edn-Colombia, le enviaremos un mensaje al comprador, si se encuentra en Medell\u00edn puede pasar a recogerlo personalmente en nuestra oficina, o tambi\u00e9n podemos hacer el envios a nivel nacional o internacional (Valor del envio cargo del comprador).<\/li>\n<li>Desde Ayudas para TODOS, estamos trabajando para ofrecerles el mayor Marketplace inclusivo a nivel mundial. Reuniendo en 1 solo sitio todos los productos que puedan necesitar, m\u00e1s de 5.000 referencias de art\u00edculos especializados que puedan necesitar instituciones y personas con o sin discapacidad, para apoyar procesos de inclusi\u00f3n, ayudando a superar las barreras que se pueden presentar al momento de estudiar, de trabajar, y en las dem\u00e1s actividades de la vida diaria.<\/li>\n<li>\u00bfNo est\u00e1 seguro sobre qu\u00e9 tipo de dispositivo o producto de apoyo debe comprar? Contamos con expertos para estudiar sus necesidades y asesorarlo recomend\u00e1ndole la ayuda o el conjunto de ayudas m\u00e1s adecuadas \u00bfNecesitas un producto y no lo encuentras en nuestro catalogo online? Cont\u00e1ctanos para ayudarte a conseguirlo. \u00bfEres emprendedor y tienes un gran producto inclusivo que quisieras promocionar en nuestra plataforma? <a href=\"https:\/\/ayudasparatodos.com\/index.php\/contact\/\">Cont\u00e1ctanos<\/a><\/li>\n<li>Visita la secci\u00f3n sobre <a href=\"https:\/\/ayudasparatodos.com\/index.php\/como-comprar-faq\/\">\u00bfC\u00f3mo Comprar? FAQ<\/a>, en la cual encontraras de forma m\u00e1s detallada las instrucciones de como comprar, servicio de asesor\u00eda y cotizaciones, formas de pago, env\u00edos a nivel nacional e internacional, garant\u00eda y otros temas relacionados.<\/li>\n<li><span style=\"font-size: 11.5pt; font-family: Roboto; color: #626262;\">Asesor\u00eda, cotizaciones dudas y comentarios: Si tiene cualquier duda o comentario, nos puede escribir o llamar via WhatsApp agregando el numero +57 3006000144 o directamente desde este <a href=\"https:\/\/wa.me\/+573006000144\">enlace<\/a>\u00a0 <\/span><a href=\"https:\/\/wa.me\/+573006000144\"><span style=\"font-size: 11.5pt; font-family: Roboto; color: #626262;\">https:\/\/wa.me\/+573006000144<\/span><\/a><span style=\"font-size: 11.5pt; font-family: Roboto; color: #626262;\">\u00a0 \u00a0 Tambi\u00e9n puede enviarnos un correo electr\u00f3nico a la direcci\u00f3n <a href=\"mailto:ventas@ayudasparatodos.com\">ventas@ayudasparatodos.com<\/a><\/span><\/li>\n<li><strong>Pagos en Colombia por transferencia Bancolombia o Nequi. Tambi\u00e9n recibimos pagos por tarjeta cr\u00e9dito o debito. Si la alternativa de pago no esta disponible en su pa\u00eds, tambi\u00e9n puede pagar por Giro en western Union o Paypal. Favor contactarnos al correo ventas@ayudasparatodos.com para generarle un enlace de pago personalizado por el valor de los art\u00edculos + el valor del envi\u00f3 seg\u00fan su ubicaci\u00f3n y con su moneda local. Despachos a nivel nacional e internacional desde Medell\u00edn &#8211; Colombia.<\/strong><\/li>\n<\/ul>\n<ul>\n<li style=\"list-style-type: none;\"><\/li>\n<\/ul>\n","protected":false},"excerpt":{"rendered":"<p>2 piezas de utensilios adaptativos para ancianos, cucharas angulares para diestros, antivibraciones, de acero inoxidable, cubiertos de autoalimentaci\u00f3n para adultos mayores<\/p>\n","protected":false},"featured_media":0,"template":"","meta":[],"product_cat":[331,344,362,49],"product_tag":[349,348,360,350,346,345,347,359,352,354,358,355,356,353,357,351,361],"class_list":["post-52275","product","type-product","status-publish","hentry","product_cat-adulto-mayor","product_cat-comer-alimentacion","product_cat-comer-alimentacion-topfisicatienda","product_cat-topfisicatienda","product_tag-ayuda-para-comer-alimentacion-adulto-mayor","product_tag-ayuda-para-comer-alimentacion-artritis-problemas-de-agarre","product_tag-ayuda-para-comer-alimentacion-paciente-derrame-cerebral-acv-accidente-cerebro-vascular","product_tag-ayuda-para-comer-alimentacion-pacientes-hospital-centro-adulto-mayor-genrontologico","product_tag-ayuda-para-comer-alimentacion-pacientes-parkinson","product_tag-ayuda-para-comer-alimentacion-personas-con-discapacidad","product_tag-ayuda-para-comer-alimentacion-personas-con-movilidad-reducida","product_tag-cucharas-adaptadas-accesibles-alimentacion-accidente-cerebro-vascular","product_tag-cucharas-adaptadas-accesibles-alimentacion-adulto-mayor-abuelo","product_tag-cucharas-adaptadas-accesibles-alimentacion-artritis","product_tag-cucharas-adaptadas-accesibles-alimentacion-derrave-cerebral","product_tag-cucharas-adaptadas-accesibles-alimentacion-hospitales-ancianato","product_tag-cucharas-adaptadas-accesibles-alimentacion-movilidad-reducida","product_tag-cucharas-adaptadas-accesibles-alimentacion-pacientes-parkinson","product_tag-cucharas-adaptadas-accesibles-alimentacion-paralisis-cerebral","product_tag-cucharas-adaptadas-accesibles-alimentacion-personas-con-discapacidad","product_tag-restaurante-accesible-alimentacion-personas-con-discapacidad","description-off"],"_links":{"self":[{"href":"https:\/\/ayudasparatodos.com\/index.php\/wp-json\/wp\/v3\/product\/52275"}],"collection":[{"href":"https:\/\/ayudasparatodos.com\/index.php\/wp-json\/wp\/v3\/product"}],"about":[{"href":"https:\/\/ayudasparatodos.com\/index.php\/wp-json\/wp\/v2\/types\/product"}],"wp:attachment":[{"href":"https:\/\/ayudasparatodos.com\/index.php\/wp-json\/wp\/v2\/media?parent=52275"}],"wp:term":[{"taxonomy":"product_cat","embeddable":true,"href":"https:\/\/ayudasparatodos.com\/index.php\/wp-json\/wp\/v2\/product_cat?post=52275"},{"taxonomy":"product_tag","embeddable":true,"href":"https:\/\/ayudasparatodos.com\/index.php\/wp-json\/wp\/v2\/product_tag?post=52275"}],"curies":[{"name":"wp","href":"https:\/\/api.w.org\/{rel}","templated":true}]}}