{"id":52311,"date":"2024-03-04T19:52:39","date_gmt":"2024-03-04T19:52:39","guid":{"rendered":"https:\/\/ayudasparatodos.com\/?post_type=product&#038;p=52311"},"modified":"2024-03-04T19:53:31","modified_gmt":"2024-03-04T19:53:31","slug":"plato-evita-derrames-alimentacion-comer-discapacidad-adulto-mayor-parkinson-demencia-pacientes-temblores-2","status":"publish","type":"product","link":"https:\/\/ayudasparatodos.com\/index.php\/producto\/plato-evita-derrames-alimentacion-comer-discapacidad-adulto-mayor-parkinson-demencia-pacientes-temblores-2\/","title":{"rendered":"Plato evita derrames alimentaci\u00f3n comer discapacidad adulto mayor Parkinson demencia pacientes temblores"},"content":{"rendered":"<p>Juego de 2 utensilios adaptables para cuenco y plato, 1 juego de vajilla de autoalimentaci\u00f3n adaptable con base de succi\u00f3n, 1 juego de cubiertos antideslizantes y flexibles para personas mayores con discapacidades, suministros de accesorios<\/p>\n<p>Cantidad suficiente: el paquete incluye un juego de cuenco y plato y un juego de utensilios adaptativos; el juego de utensilios adaptativos tiene 5 piezas de vajilla, tres de las cuales se pueden doblar y ajustar seg\u00fan sea necesario<\/p>\n<p>Detalles del producto: el cuenco y el plato cuentan con borde ancho contorneado, lados profundos, parte inferior de succi\u00f3n de goma antideslizante. Debido a que te permite comer f\u00e1cilmente con una mano sin derramar alimentos, es adecuado para personas con movilidad limitada<\/p>\n<p>Dise\u00f1o innovador: el dise\u00f1o de la vajilla adaptable de alto a bajo ayuda a sostener los alimentos, proporcionando m\u00e1s control cuando comes; la ventosa en la base fija el taz\u00f3n y el plato en la mesa, lo que te hace m\u00e1s c\u00f3modo; el juego de cubiertos flexibles es flexible, y el \u00e1ngulo se puede ajustar de acuerdo a tus preferencias personales; el mango grande y pesado proporciona estabilidad y control durante la comida<\/p>\n<p>Materiales de calidad: el juego de utensilios adaptables para cuenco y plato est\u00e1 hecho de materiales de pl\u00e1stico y acero inoxidable; se pueden aplicar en microondas, refrigeradores, lavavajillas; Nota: las ventosas inferiores no se pueden aplicar en microondas o lavavajillas; el rojo no se mancha con tomates y alimentos similares; disfruta de una dieta segura<\/p>\n<p>Tama\u00f1o adecuado: el di\u00e1metro del cuenco mide aproximadamente 5.8 pulgadas, la altura hasta la parte superior del labio inverso es de aproximadamente 3.3 pulgadas, y la altura hasta la parte superior del plano es de aproximadamente 2.5 pulgadas; la capacidad del taz\u00f3n es de aproximadamente 14 onzas; el di\u00e1metro de la placa mide aproximadamente 9.2 pulgadas, la altura hasta la parte superior del labio inverso es de aproximadamente 2.5 pulgadas, y la altura hasta la parte superior del plano es de aproximadamente 1.5 pulgadas. pulgadas; La capacidad de El plato es de aproximadamente 17 oz\/ 16.9 fl oz<\/p>\n<ul>\n<li>Producto importado, venta bajo pedido con pago previo por el valor total del art\u00edculo.<\/li>\n<li>FAVOR ANTES DE OFERTAR, confirmar precio actual (por variaciones del valor del d\u00f3lar) y tambi\u00e9n CONFIRMAR QUE PUEDE ESPERAR LOS TIEMPOS DE ENTREGA\u00a0 que normalmente son entre 2-4 semanas.<\/li>\n<li>Cuando recibamos el pedido en nuestra oficina en Medell\u00edn-Colombia, le enviaremos un mensaje al comprador, si se encuentra en Medell\u00edn puede pasar a recogerlo personalmente en nuestra oficina, o tambi\u00e9n podemos hacer el envios a nivel nacional o internacional (Valor del envio cargo del comprador).<\/li>\n<li>Desde Ayudas para TODOS, estamos trabajando para ofrecerles el mayor Marketplace inclusivo a nivel mundial. Reuniendo en 1 solo sitio todos los productos que puedan necesitar, m\u00e1s de 5.000 referencias de art\u00edculos especializados que puedan necesitar instituciones y personas con o sin discapacidad, para apoyar procesos de inclusi\u00f3n, ayudando a superar las barreras que se pueden presentar al momento de estudiar, de trabajar, y en las dem\u00e1s actividades de la vida diaria.<\/li>\n<li>\u00bfNo est\u00e1 seguro sobre qu\u00e9 tipo de dispositivo o producto de apoyo debe comprar? Contamos con expertos para estudiar sus necesidades y asesorarlo recomend\u00e1ndole la ayuda o el conjunto de ayudas m\u00e1s adecuadas \u00bfNecesitas un producto y no lo encuentras en nuestro catalogo online? Cont\u00e1ctanos para ayudarte a conseguirlo. \u00bfEres emprendedor y tienes un gran producto inclusivo que quisieras promocionar en nuestra plataforma? <a href=\"https:\/\/ayudasparatodos.com\/index.php\/contact\/\">Cont\u00e1ctanos<\/a><\/li>\n<li>Visita la secci\u00f3n sobre <a href=\"https:\/\/ayudasparatodos.com\/index.php\/como-comprar-faq\/\">\u00bfC\u00f3mo Comprar? FAQ<\/a>, en la cual encontraras de forma m\u00e1s detallada las instrucciones de como comprar, servicio de asesor\u00eda y cotizaciones, formas de pago, env\u00edos a nivel nacional e internacional, garant\u00eda y otros temas relacionados.<\/li>\n<li><span style=\"font-size: 11.5pt; font-family: Roboto; color: #626262;\">Asesor\u00eda, cotizaciones dudas y comentarios: Si tiene cualquier duda o comentario, nos puede escribir o llamar via WhatsApp agregando el numero +57 3006000144 o directamente desde este <a href=\"https:\/\/wa.me\/+573006000144\">enlace<\/a>\u00a0 <\/span><a href=\"https:\/\/wa.me\/+573006000144\"><span style=\"font-size: 11.5pt; font-family: Roboto; color: #626262;\">https:\/\/wa.me\/+573006000144<\/span><\/a><span style=\"font-size: 11.5pt; font-family: Roboto; color: #626262;\">\u00a0 \u00a0 Tambi\u00e9n puede enviarnos un correo electr\u00f3nico a la direcci\u00f3n <a href=\"mailto:ventas@ayudasparatodos.com\">ventas@ayudasparatodos.com<\/a><\/span><\/li>\n<li><strong>Pagos en Colombia por transferencia Bancolombia o Nequi. Tambi\u00e9n recibimos pagos por tarjeta cr\u00e9dito o debito. Si la alternativa de pago no esta disponible en su pa\u00eds, tambi\u00e9n puede pagar por Giro en western Union o Paypal. Favor contactarnos al correo ventas@ayudasparatodos.com para generarle un enlace de pago personalizado por el valor de los art\u00edculos + el valor del envi\u00f3 seg\u00fan su ubicaci\u00f3n y con su moneda local. Despachos a nivel nacional e internacional desde Medell\u00edn &#8211; Colombia.<\/strong><\/li>\n<\/ul>\n<ul>\n<li style=\"list-style-type: none;\"><\/li>\n<\/ul>\n","protected":false},"excerpt":{"rendered":"<p>Juego de 2 utensilios adaptables para cuenco y plato, 1 juego de vajilla de autoalimentaci\u00f3n adaptable con base de succi\u00f3n, 1 juego de cubiertos antideslizantes y flexibles para personas mayores con discapacidades, suministros de accesorios<\/p>\n","protected":false},"featured_media":0,"template":"","meta":[],"product_cat":[331,344],"product_tag":[349,348,360,350,346,345,347,372,370,371,361],"class_list":["post-52311","product","type-product","status-publish","hentry","product_cat-adulto-mayor","product_cat-comer-alimentacion","product_tag-ayuda-para-comer-alimentacion-adulto-mayor","product_tag-ayuda-para-comer-alimentacion-artritis-problemas-de-agarre","product_tag-ayuda-para-comer-alimentacion-paciente-derrame-cerebral-acv-accidente-cerebro-vascular","product_tag-ayuda-para-comer-alimentacion-pacientes-hospital-centro-adulto-mayor-genrontologico","product_tag-ayuda-para-comer-alimentacion-pacientes-parkinson","product_tag-ayuda-para-comer-alimentacion-personas-con-discapacidad","product_tag-ayuda-para-comer-alimentacion-personas-con-movilidad-reducida","product_tag-kit-cucharas-tenedoresutensilios-y-platos-para-ayudar-en-alimentacion-discapacidad-terapia-ocupacional-adulto-mayor","product_tag-plato-accesible-discapacidad-parkinson-adulto-mayor-demencia-acn-accidente-cerebrovascular","product_tag-plato-aydua-alimentacion-sopas-alimentos-liquidos","product_tag-restaurante-accesible-alimentacion-personas-con-discapacidad","description-off"],"_links":{"self":[{"href":"https:\/\/ayudasparatodos.com\/index.php\/wp-json\/wp\/v3\/product\/52311"}],"collection":[{"href":"https:\/\/ayudasparatodos.com\/index.php\/wp-json\/wp\/v3\/product"}],"about":[{"href":"https:\/\/ayudasparatodos.com\/index.php\/wp-json\/wp\/v2\/types\/product"}],"wp:attachment":[{"href":"https:\/\/ayudasparatodos.com\/index.php\/wp-json\/wp\/v2\/media?parent=52311"}],"wp:term":[{"taxonomy":"product_cat","embeddable":true,"href":"https:\/\/ayudasparatodos.com\/index.php\/wp-json\/wp\/v2\/product_cat?post=52311"},{"taxonomy":"product_tag","embeddable":true,"href":"https:\/\/ayudasparatodos.com\/index.php\/wp-json\/wp\/v2\/product_tag?post=52311"}],"curies":[{"name":"wp","href":"https:\/\/api.w.org\/{rel}","templated":true}]}}