{"id":52312,"date":"2024-03-04T23:06:27","date_gmt":"2024-03-04T23:06:27","guid":{"rendered":"https:\/\/ayudasparatodos.com\/?post_type=product&#038;p=52312"},"modified":"2024-03-04T23:06:28","modified_gmt":"2024-03-04T23:06:28","slug":"borde-alto-para-platos-ayuda-a-comer-sin-regar-discapacidad-adulto-mayor-parkinson-demencia-pacientes-temblores","status":"publish","type":"product","link":"https:\/\/ayudasparatodos.com\/index.php\/producto\/borde-alto-para-platos-ayuda-a-comer-sin-regar-discapacidad-adulto-mayor-parkinson-demencia-pacientes-temblores\/","title":{"rendered":"Borde alto para platos ayuda a comer sin regar discapacidad adulto mayor Parkinson demencia pacientes temblores"},"content":{"rendered":"<p>Protector de alimentos para pacientes con parkinson, con clip para prevenir derrames y ayuda para comer, comer m\u00e1s f\u00e1cil para discapacitados, ancianos, discapacitados y accidente cerebrovascular<\/p>\n<p>Ayuda para la alimentaci\u00f3n y herramienta de aprendizaje: hace que sea f\u00e1cil y seguro ayudar a un ser querido o pacientes que necesitan ayuda y tienen problemas para comer a largo plazo. Tambi\u00e9n, \u00abDerrame guardia\u00bb que ense\u00f1a y fomenta la independencia a aquellos que tienen dificultades para comer.<\/p>\n<p>Se adapta a cualquier placa de 9 a 10 pulgadas, y tiene tres ganchos que lo sujetan de forma segura al borde de la placa.<\/p>\n<p>La placa envolvente incurva protege los alimentos de caerse del plato mientras se come. Ayuda a empujar la comida en el utensilio para ayudar con una sola mano.<\/p>\n<p>Apto para lavavajillas hasta 180 \u00b0F, BPA, ftalatos, no t\u00f3xico y sin l\u00e1tex. Pl\u00e1stico resistente y se engancha f\u00e1cilmente en el borde de la placa.<\/p>\n<p>Muy recomendable para personas con alimentaci\u00f3n limitada, como enfermedad de Parkinson, discapacitados, ancianos, discapacitados y accidentes cerebrovasculares, pacientes con trastorno motor neurol\u00f3gico progresivo cuando comen<\/p>\n<ul>\n<li>Producto importado, venta bajo pedido con pago previo por el valor total del art\u00edculo.<\/li>\n<li>FAVOR ANTES DE OFERTAR, confirmar precio actual (por variaciones del valor del d\u00f3lar) y tambi\u00e9n CONFIRMAR QUE PUEDE ESPERAR LOS TIEMPOS DE ENTREGA\u00a0 que normalmente son entre 2-4 semanas.<\/li>\n<li>Cuando recibamos el pedido en nuestra oficina en Medell\u00edn-Colombia, le enviaremos un mensaje al comprador, si se encuentra en Medell\u00edn puede pasar a recogerlo personalmente en nuestra oficina, o tambi\u00e9n podemos hacer el envios a nivel nacional o internacional (Valor del envio cargo del comprador).<\/li>\n<li>Desde Ayudas para TODOS, estamos trabajando para ofrecerles el mayor Marketplace inclusivo a nivel mundial. Reuniendo en 1 solo sitio todos los productos que puedan necesitar, m\u00e1s de 5.000 referencias de art\u00edculos especializados que puedan necesitar instituciones y personas con o sin discapacidad, para apoyar procesos de inclusi\u00f3n, ayudando a superar las barreras que se pueden presentar al momento de estudiar, de trabajar, y en las dem\u00e1s actividades de la vida diaria.<\/li>\n<li>\u00bfNo est\u00e1 seguro sobre qu\u00e9 tipo de dispositivo o producto de apoyo debe comprar? Contamos con expertos para estudiar sus necesidades y asesorarlo recomend\u00e1ndole la ayuda o el conjunto de ayudas m\u00e1s adecuadas \u00bfNecesitas un producto y no lo encuentras en nuestro catalogo online? Cont\u00e1ctanos para ayudarte a conseguirlo. \u00bfEres emprendedor y tienes un gran producto inclusivo que quisieras promocionar en nuestra plataforma? <a href=\"https:\/\/ayudasparatodos.com\/index.php\/contact\/\">Cont\u00e1ctanos<\/a><\/li>\n<li>Visita la secci\u00f3n sobre <a href=\"https:\/\/ayudasparatodos.com\/index.php\/como-comprar-faq\/\">\u00bfC\u00f3mo Comprar? FAQ<\/a>, en la cual encontraras de forma m\u00e1s detallada las instrucciones de como comprar, servicio de asesor\u00eda y cotizaciones, formas de pago, env\u00edos a nivel nacional e internacional, garant\u00eda y otros temas relacionados.<\/li>\n<li><span style=\"font-size: 11.5pt; font-family: Roboto; color: #626262;\">Asesor\u00eda, cotizaciones dudas y comentarios: Si tiene cualquier duda o comentario, nos puede escribir o llamar via WhatsApp agregando el numero +57 3006000144 o directamente desde este <a href=\"https:\/\/wa.me\/+573006000144\">enlace<\/a>\u00a0 <\/span><a href=\"https:\/\/wa.me\/+573006000144\"><span style=\"font-size: 11.5pt; font-family: Roboto; color: #626262;\">https:\/\/wa.me\/+573006000144<\/span><\/a><span style=\"font-size: 11.5pt; font-family: Roboto; color: #626262;\">\u00a0 \u00a0 Tambi\u00e9n puede enviarnos un correo electr\u00f3nico a la direcci\u00f3n <a href=\"mailto:ventas@ayudasparatodos.com\">ventas@ayudasparatodos.com<\/a><\/span><\/li>\n<li><strong>Pagos en Colombia por transferencia Bancolombia o Nequi. Tambi\u00e9n recibimos pagos por tarjeta cr\u00e9dito o debito. Si la alternativa de pago no esta disponible en su pa\u00eds, tambi\u00e9n puede pagar por Giro en western Union o Paypal. Favor contactarnos al correo ventas@ayudasparatodos.com para generarle un enlace de pago personalizado por el valor de los art\u00edculos + el valor del envi\u00f3 seg\u00fan su ubicaci\u00f3n y con su moneda local. Despachos a nivel nacional e internacional desde Medell\u00edn &#8211; Colombia.<\/strong><\/li>\n<\/ul>\n<ul>\n<li style=\"list-style-type: none;\"><\/li>\n<\/ul>\n","protected":false},"excerpt":{"rendered":"<p>Protector de alimentos para pacientes con parkinson, con clip para prevenir derrames y ayuda para comer, comer m\u00e1s f\u00e1cil para discapacitados, ancianos, discapacitados y accidente cerebrovascular<\/p>\n","protected":false},"featured_media":52341,"template":"","meta":[],"product_cat":[331,344,362,49],"product_tag":[349,348,360,350,346,345,347,374,373,370,371,361],"class_list":["post-52312","product","type-product","status-publish","has-post-thumbnail","hentry","product_cat-adulto-mayor","product_cat-comer-alimentacion","product_cat-comer-alimentacion-topfisicatienda","product_cat-topfisicatienda","product_tag-ayuda-para-comer-alimentacion-adulto-mayor","product_tag-ayuda-para-comer-alimentacion-artritis-problemas-de-agarre","product_tag-ayuda-para-comer-alimentacion-paciente-derrame-cerebral-acv-accidente-cerebro-vascular","product_tag-ayuda-para-comer-alimentacion-pacientes-hospital-centro-adulto-mayor-genrontologico","product_tag-ayuda-para-comer-alimentacion-pacientes-parkinson","product_tag-ayuda-para-comer-alimentacion-personas-con-discapacidad","product_tag-ayuda-para-comer-alimentacion-personas-con-movilidad-reducida","product_tag-borde-alto-para-ajsutar-aplatos-ayuda-acomer-discapacidad-adulto-mayor","product_tag-borde-para-platos-ayuda-comer-parkinson-temblores-adulto-mayor","product_tag-plato-accesible-discapacidad-parkinson-adulto-mayor-demencia-acn-accidente-cerebrovascular","product_tag-plato-aydua-alimentacion-sopas-alimentos-liquidos","product_tag-restaurante-accesible-alimentacion-personas-con-discapacidad","description-off"],"_links":{"self":[{"href":"https:\/\/ayudasparatodos.com\/index.php\/wp-json\/wp\/v3\/product\/52312"}],"collection":[{"href":"https:\/\/ayudasparatodos.com\/index.php\/wp-json\/wp\/v3\/product"}],"about":[{"href":"https:\/\/ayudasparatodos.com\/index.php\/wp-json\/wp\/v2\/types\/product"}],"wp:featuredmedia":[{"embeddable":true,"href":"https:\/\/ayudasparatodos.com\/index.php\/wp-json\/wp\/v2\/media\/52341"}],"wp:attachment":[{"href":"https:\/\/ayudasparatodos.com\/index.php\/wp-json\/wp\/v2\/media?parent=52312"}],"wp:term":[{"taxonomy":"product_cat","embeddable":true,"href":"https:\/\/ayudasparatodos.com\/index.php\/wp-json\/wp\/v2\/product_cat?post=52312"},{"taxonomy":"product_tag","embeddable":true,"href":"https:\/\/ayudasparatodos.com\/index.php\/wp-json\/wp\/v2\/product_tag?post=52312"}],"curies":[{"name":"wp","href":"https:\/\/api.w.org\/{rel}","templated":true}]}}