{"id":52315,"date":"2024-03-05T01:17:12","date_gmt":"2024-03-05T01:17:12","guid":{"rendered":"https:\/\/ayudasparatodos.com\/?post_type=product&#038;p=52315"},"modified":"2024-03-05T01:17:12","modified_gmt":"2024-03-05T01:17:12","slug":"plato-con-borde-alto-discapacidad-adulto-mayor-parkinson-demencia-pacientes-temblores-alimentacion-comer","status":"publish","type":"product","link":"https:\/\/ayudasparatodos.com\/index.php\/producto\/plato-con-borde-alto-discapacidad-adulto-mayor-parkinson-demencia-pacientes-temblores-alimentacion-comer\/","title":{"rendered":"Plato con borde alto discapacidad adulto mayor Parkinson demencia pacientes temblores alimentaci\u00f3n comer"},"content":{"rendered":"<p>KMINA &#8211; Plato de succi\u00f3n para adultos amtiderrames (1 unidad), plato para ancianos, plato para adultos discapacitados, cuenco con base de ventosa, plato con borde elevado, platos de cuchara antiderrames<\/p>\n<p>Juego de 6 piezas, 3 cubiertos y 3 pu\u00f1os universales, Utensilios de comer para personas con discapacidad, Utensilios de Parkinson, Utensilios construidos para para ancianos<\/p>\n<p>FUNCIONAL: Plato con ventosa y un borde elevado que permite a personas con movilidad reducida o personas que tienen dificultades para comer solas comer de forma independiente y sin necesidad de usar ambas manos.<\/p>\n<p>Dise\u00f1o ergon\u00f3mico: el borde elevado del plato sirve como soporte para recoger la comida sin derramarla fuera del plato. Adem\u00e1s, la base de ventosa mantiene la placa fija, evitando que se vuelque o resbale y aumentando as\u00ed la autonom\u00eda y seguridad del usuario.<\/p>\n<p>C\u00f3modo: el plato tiene dimensiones de 9.2 pulgadas de ancho x 2.4 pulgadas de alto, lo que le permite contener grandes porciones de comida y es f\u00e1cil de manejar. Su peso ligero (5.5 oz) permite al usuario llevarlo f\u00e1cilmente y usarlo fuera de casa.<\/p>\n<p>RESISTENTE: Esta placa antiderrames est\u00e1 hecha de polipropileno sin BPA que la hace resistente a impactos y altas temperaturas. Se puede lavar en el lavavajillas y poner en el microondas, aunque la ventosa debe retirarse previamente.<\/p>\n<p>RECOMENDADO PARA: Personas mayores y personas con movilidad reducida, deterioro neurol\u00f3gico, problemas motores y enfermedades articulares o nerviosas como Parkinson o artritis. INCLUYE 1 UNIDAD.<\/p>\n<ul>\n<li>Producto importado, venta bajo pedido con pago previo por el valor total del art\u00edculo.<\/li>\n<li>FAVOR ANTES DE OFERTAR, confirmar precio actual (por variaciones del valor del d\u00f3lar) y tambi\u00e9n CONFIRMAR QUE PUEDE ESPERAR LOS TIEMPOS DE ENTREGA\u00a0 que normalmente son entre 2-4 semanas.<\/li>\n<li>Cuando recibamos el pedido en nuestra oficina en Medell\u00edn-Colombia, le enviaremos un mensaje al comprador, si se encuentra en Medell\u00edn puede pasar a recogerlo personalmente en nuestra oficina, o tambi\u00e9n podemos hacer el envios a nivel nacional o internacional (Valor del envio cargo del comprador).<\/li>\n<li>Desde Ayudas para TODOS, estamos trabajando para ofrecerles el mayor Marketplace inclusivo a nivel mundial. Reuniendo en 1 solo sitio todos los productos que puedan necesitar, m\u00e1s de 5.000 referencias de art\u00edculos especializados que puedan necesitar instituciones y personas con o sin discapacidad, para apoyar procesos de inclusi\u00f3n, ayudando a superar las barreras que se pueden presentar al momento de estudiar, de trabajar, y en las dem\u00e1s actividades de la vida diaria.<\/li>\n<li>\u00bfNo est\u00e1 seguro sobre qu\u00e9 tipo de dispositivo o producto de apoyo debe comprar? Contamos con expertos para estudiar sus necesidades y asesorarlo recomend\u00e1ndole la ayuda o el conjunto de ayudas m\u00e1s adecuadas \u00bfNecesitas un producto y no lo encuentras en nuestro catalogo online? Cont\u00e1ctanos para ayudarte a conseguirlo. \u00bfEres emprendedor y tienes un gran producto inclusivo que quisieras promocionar en nuestra plataforma? <a href=\"https:\/\/ayudasparatodos.com\/index.php\/contact\/\">Cont\u00e1ctanos<\/a><\/li>\n<li>Visita la secci\u00f3n sobre <a href=\"https:\/\/ayudasparatodos.com\/index.php\/como-comprar-faq\/\">\u00bfC\u00f3mo Comprar? FAQ<\/a>, en la cual encontraras de forma m\u00e1s detallada las instrucciones de como comprar, servicio de asesor\u00eda y cotizaciones, formas de pago, env\u00edos a nivel nacional e internacional, garant\u00eda y otros temas relacionados.<\/li>\n<li><span style=\"font-size: 11.5pt; font-family: Roboto; color: #626262;\">Asesor\u00eda, cotizaciones dudas y comentarios: Si tiene cualquier duda o comentario, nos puede escribir o llamar via WhatsApp agregando el numero +57 3006000144 o directamente desde este <a href=\"https:\/\/wa.me\/+573006000144\">enlace<\/a>\u00a0 <\/span><a href=\"https:\/\/wa.me\/+573006000144\"><span style=\"font-size: 11.5pt; font-family: Roboto; color: #626262;\">https:\/\/wa.me\/+573006000144<\/span><\/a><span style=\"font-size: 11.5pt; font-family: Roboto; color: #626262;\">\u00a0 \u00a0 Tambi\u00e9n puede enviarnos un correo electr\u00f3nico a la direcci\u00f3n <a href=\"mailto:ventas@ayudasparatodos.com\">ventas@ayudasparatodos.com<\/a><\/span><\/li>\n<li><strong>Pagos en Colombia por transferencia Bancolombia o Nequi. Tambi\u00e9n recibimos pagos por tarjeta cr\u00e9dito o debito. Si la alternativa de pago no esta disponible en su pa\u00eds, tambi\u00e9n puede pagar por Giro en western Union o Paypal. Favor contactarnos al correo ventas@ayudasparatodos.com para generarle un enlace de pago personalizado por el valor de los art\u00edculos + el valor del envi\u00f3 seg\u00fan su ubicaci\u00f3n y con su moneda local. Despachos a nivel nacional e internacional desde Medell\u00edn &#8211; Colombia.<\/strong><\/li>\n<\/ul>\n<ul>\n<li style=\"list-style-type: none;\"><\/li>\n<\/ul>\n","protected":false},"excerpt":{"rendered":"<p>KMINA &#8211; Plato de succi\u00f3n para adultos amtiderrames (1 unidad), plato para ancianos, plato para adultos discapacitados, cuenco con base de ventosa, plato con borde elevado, platos de cuchara antiderrames<\/p>\n","protected":false},"featured_media":0,"template":"","meta":[],"product_cat":[331,344,362,49],"product_tag":[349,348,360,350,346,345,347,370,371,361],"class_list":["post-52315","product","type-product","status-publish","hentry","product_cat-adulto-mayor","product_cat-comer-alimentacion","product_cat-comer-alimentacion-topfisicatienda","product_cat-topfisicatienda","product_tag-ayuda-para-comer-alimentacion-adulto-mayor","product_tag-ayuda-para-comer-alimentacion-artritis-problemas-de-agarre","product_tag-ayuda-para-comer-alimentacion-paciente-derrame-cerebral-acv-accidente-cerebro-vascular","product_tag-ayuda-para-comer-alimentacion-pacientes-hospital-centro-adulto-mayor-genrontologico","product_tag-ayuda-para-comer-alimentacion-pacientes-parkinson","product_tag-ayuda-para-comer-alimentacion-personas-con-discapacidad","product_tag-ayuda-para-comer-alimentacion-personas-con-movilidad-reducida","product_tag-plato-accesible-discapacidad-parkinson-adulto-mayor-demencia-acn-accidente-cerebrovascular","product_tag-plato-aydua-alimentacion-sopas-alimentos-liquidos","product_tag-restaurante-accesible-alimentacion-personas-con-discapacidad","description-off"],"_links":{"self":[{"href":"https:\/\/ayudasparatodos.com\/index.php\/wp-json\/wp\/v3\/product\/52315"}],"collection":[{"href":"https:\/\/ayudasparatodos.com\/index.php\/wp-json\/wp\/v3\/product"}],"about":[{"href":"https:\/\/ayudasparatodos.com\/index.php\/wp-json\/wp\/v2\/types\/product"}],"wp:attachment":[{"href":"https:\/\/ayudasparatodos.com\/index.php\/wp-json\/wp\/v2\/media?parent=52315"}],"wp:term":[{"taxonomy":"product_cat","embeddable":true,"href":"https:\/\/ayudasparatodos.com\/index.php\/wp-json\/wp\/v2\/product_cat?post=52315"},{"taxonomy":"product_tag","embeddable":true,"href":"https:\/\/ayudasparatodos.com\/index.php\/wp-json\/wp\/v2\/product_tag?post=52315"}],"curies":[{"name":"wp","href":"https:\/\/api.w.org\/{rel}","templated":true}]}}