{"id":52359,"date":"2024-03-06T17:09:21","date_gmt":"2024-03-06T17:09:21","guid":{"rendered":"https:\/\/ayudasparatodos.com\/?post_type=product&#038;p=52359"},"modified":"2024-03-06T17:18:12","modified_gmt":"2024-03-06T17:18:12","slug":"2-vasos-recortados-nariz-disfagia-discapacidad-adulto-mayor-parkinson-demencia-pacientes-temblores-alimentacion-comer","status":"publish","type":"product","link":"https:\/\/ayudasparatodos.com\/index.php\/producto\/2-vasos-recortados-nariz-disfagia-discapacidad-adulto-mayor-parkinson-demencia-pacientes-temblores-alimentacion-comer\/","title":{"rendered":"2 Vasos recortados nariz disfagia discapacidad adulto mayor Parkinson demencia pacientes temblores alimentaci\u00f3n comer"},"content":{"rendered":"<p>PEPE &#8211; Tazas Nosey para adultos (2 unidades), taza recortada para ancianos, tazas de disfagia para adultos, taza de bebida recortada, taza de hospital para ancianos, tazas Nosey para discapacitados<\/p>\n<p>FUNCIONAL: La copa recortada para la nariz permite al usuario beber c\u00f3modamente evitando inclinar la cabeza hacia atr\u00e1s o hacer esfuerzos innecesarios. De esta manera, las personas con movilidad limitada o con problemas respiratorios pueden beber mientras mantienen la posici\u00f3n correcta de la cabeza y el cuello al tragar.<\/p>\n<p>Dise\u00f1o recortado: su dise\u00f1o adaptado y corte curvado permite al usuario beber con un movimiento m\u00ednimo ya que hay m\u00e1s espacio para la nariz. Al no golpear la nariz contra la copa, el usuario puede beber m\u00e1s f\u00e1cilmente sin tener que inclinar la cabeza hacia atr\u00e1s.<\/p>\n<p>C\u00f3modo: Gracias a su peso ligero (0.95 oz), la taza recortada permite al usuario beber con total comodidad, incluso para aquellos con poca fuerza o agarre d\u00e9bil. La taza recortada tiene una capacidad de 8.0 fl oz.<\/p>\n<p>RESISTENTE: La copa de disfagia est\u00e1 hecha de polipropileno (PP), por lo que es resistente y se puede poner en el microondas. Adem\u00e1s, se puede lavar f\u00e1cilmente, ya que es apto para lavavajillas.<\/p>\n<p>RECOMENDADO PARA: Personas mayores, personas con movilidad reducida, collar\u00edn, disfagia o problemas cervicales que no pueden levantar la cabeza. Tambi\u00e9n es ideal para personas con gafas ya que su dise\u00f1o evita que se toquen con el recipiente.<\/p>\n<ul>\n<li>Producto importado, venta bajo pedido con pago previo por el valor total del art\u00edculo.<\/li>\n<li>FAVOR ANTES DE OFERTAR, confirmar precio actual (por variaciones del valor del d\u00f3lar) y tambi\u00e9n CONFIRMAR QUE PUEDE ESPERAR LOS TIEMPOS DE ENTREGA\u00a0 que normalmente son entre 2-4 semanas.<\/li>\n<li>Cuando recibamos el pedido en nuestra oficina en Medell\u00edn-Colombia, le enviaremos un mensaje al comprador, si se encuentra en Medell\u00edn puede pasar a recogerlo personalmente en nuestra oficina, o tambi\u00e9n podemos hacer el envios a nivel nacional o internacional (Valor del envio cargo del comprador).<\/li>\n<li>Desde Ayudas para TODOS, estamos trabajando para ofrecerles el mayor Marketplace inclusivo a nivel mundial. Reuniendo en 1 solo sitio todos los productos que puedan necesitar, m\u00e1s de 5.000 referencias de art\u00edculos especializados que puedan necesitar instituciones y personas con o sin discapacidad, para apoyar procesos de inclusi\u00f3n, ayudando a superar las barreras que se pueden presentar al momento de estudiar, de trabajar, y en las dem\u00e1s actividades de la vida diaria.<\/li>\n<li>\u00bfNo est\u00e1 seguro sobre qu\u00e9 tipo de dispositivo o producto de apoyo debe comprar? Contamos con expertos para estudiar sus necesidades y asesorarlo recomend\u00e1ndole la ayuda o el conjunto de ayudas m\u00e1s adecuadas \u00bfNecesitas un producto y no lo encuentras en nuestro catalogo online? Cont\u00e1ctanos para ayudarte a conseguirlo. \u00bfEres emprendedor y tienes un gran producto inclusivo que quisieras promocionar en nuestra plataforma? <a href=\"https:\/\/ayudasparatodos.com\/index.php\/contact\/\">Cont\u00e1ctanos<\/a><\/li>\n<li>Visita la secci\u00f3n sobre <a href=\"https:\/\/ayudasparatodos.com\/index.php\/como-comprar-faq\/\">\u00bfC\u00f3mo Comprar? FAQ<\/a>, en la cual encontraras de forma m\u00e1s detallada las instrucciones de como comprar, servicio de asesor\u00eda y cotizaciones, formas de pago, env\u00edos a nivel nacional e internacional, garant\u00eda y otros temas relacionados.<\/li>\n<li><span style=\"font-size: 11.5pt; font-family: Roboto; color: #626262;\">Asesor\u00eda, cotizaciones dudas y comentarios: Si tiene cualquier duda o comentario, nos puede escribir o llamar via WhatsApp agregando el numero +57 3006000144 o directamente desde este <a href=\"https:\/\/wa.me\/+573006000144\">enlace<\/a>\u00a0 <\/span><a href=\"https:\/\/wa.me\/+573006000144\"><span style=\"font-size: 11.5pt; font-family: Roboto; color: #626262;\">https:\/\/wa.me\/+573006000144<\/span><\/a><span style=\"font-size: 11.5pt; font-family: Roboto; color: #626262;\">\u00a0 \u00a0 Tambi\u00e9n puede enviarnos un correo electr\u00f3nico a la direcci\u00f3n <a href=\"mailto:ventas@ayudasparatodos.com\">ventas@ayudasparatodos.com<\/a><\/span><\/li>\n<li><strong>Pagos en Colombia por transferencia Bancolombia o Nequi. Tambi\u00e9n recibimos pagos por tarjeta cr\u00e9dito o debito. Si la alternativa de pago no esta disponible en su pa\u00eds, tambi\u00e9n puede pagar por Giro en western Union o Paypal. Favor contactarnos al correo ventas@ayudasparatodos.com para generarle un enlace de pago personalizado por el valor de los art\u00edculos + el valor del envi\u00f3 seg\u00fan su ubicaci\u00f3n y con su moneda local. Despachos a nivel nacional e internacional desde Medell\u00edn &#8211; Colombia.<\/strong><\/li>\n<\/ul>\n<ul>\n<li style=\"list-style-type: none;\"><\/li>\n<\/ul>\n","protected":false},"excerpt":{"rendered":"<p>PEPE &#8211; Tazas Nosey para adultos (2 unidades), taza recortada para ancianos, tazas de disfagia para adultos, taza de bebida recortada, taza de hospital para ancianos, tazas Nosey para discapacitados<\/p>\n","protected":false},"featured_media":52396,"template":"","meta":[],"product_cat":[331,344,362,49],"product_tag":[379,349,348,360,350,346,345,347,361,376,377,378,380],"class_list":["post-52359","product","type-product","status-publish","has-post-thumbnail","hentry","product_cat-adulto-mayor","product_cat-comer-alimentacion","product_cat-comer-alimentacion-topfisicatienda","product_cat-topfisicatienda","product_tag-ayuda-comer-alimentacion-paralisis-cerebral","product_tag-ayuda-para-comer-alimentacion-adulto-mayor","product_tag-ayuda-para-comer-alimentacion-artritis-problemas-de-agarre","product_tag-ayuda-para-comer-alimentacion-paciente-derrame-cerebral-acv-accidente-cerebro-vascular","product_tag-ayuda-para-comer-alimentacion-pacientes-hospital-centro-adulto-mayor-genrontologico","product_tag-ayuda-para-comer-alimentacion-pacientes-parkinson","product_tag-ayuda-para-comer-alimentacion-personas-con-discapacidad","product_tag-ayuda-para-comer-alimentacion-personas-con-movilidad-reducida","product_tag-restaurante-accesible-alimentacion-personas-con-discapacidad","product_tag-taza-vaso-de-alimentacion-adulto-mayor-discapacidad-cuidador-paciente-enfermo","product_tag-vaso-para-alimentar-en-cama-discapacidad-adulto-mayor","product_tag-vaso-pitillo-discapacidad-hospital-adulto-mayor-hospital-terapia-ocupacional","product_tag-vasos-recortados-disfagia-ayuda-beber-espacio-nariz","description-off"],"_links":{"self":[{"href":"https:\/\/ayudasparatodos.com\/index.php\/wp-json\/wp\/v3\/product\/52359"}],"collection":[{"href":"https:\/\/ayudasparatodos.com\/index.php\/wp-json\/wp\/v3\/product"}],"about":[{"href":"https:\/\/ayudasparatodos.com\/index.php\/wp-json\/wp\/v2\/types\/product"}],"wp:featuredmedia":[{"embeddable":true,"href":"https:\/\/ayudasparatodos.com\/index.php\/wp-json\/wp\/v2\/media\/52396"}],"wp:attachment":[{"href":"https:\/\/ayudasparatodos.com\/index.php\/wp-json\/wp\/v2\/media?parent=52359"}],"wp:term":[{"taxonomy":"product_cat","embeddable":true,"href":"https:\/\/ayudasparatodos.com\/index.php\/wp-json\/wp\/v2\/product_cat?post=52359"},{"taxonomy":"product_tag","embeddable":true,"href":"https:\/\/ayudasparatodos.com\/index.php\/wp-json\/wp\/v2\/product_tag?post=52359"}],"curies":[{"name":"wp","href":"https:\/\/api.w.org\/{rel}","templated":true}]}}