{"id":52505,"date":"2024-04-01T16:09:21","date_gmt":"2024-04-01T16:09:21","guid":{"rendered":"https:\/\/ayudasparatodos.com\/?post_type=product&#038;p=52505"},"modified":"2024-04-01T17:15:45","modified_gmt":"2024-04-01T17:15:45","slug":"indicador-de-nivel-de-liquidos-para-ayudar-a-servir-bebidas","status":"publish","type":"product","link":"https:\/\/ayudasparatodos.com\/index.php\/producto\/indicador-de-nivel-de-liquidos-para-ayudar-a-servir-bebidas\/","title":{"rendered":"Indicador de nivel de l\u00edquidos para ayudar a servir bebidas discapacidad Visual baja visi\u00f3n"},"content":{"rendered":"<p>Indicador de nivel de l\u00edquidos para ayudar a servir bebidas discapacidad Visual baja visi\u00f3n<\/p>\n<p>Caracter\u00edsticas del producto<\/p>\n<p>Da una alerta instant\u00e1nea tan pronto como la taza, olla o frasco est\u00e1 casi lleno.<\/p>\n<p>Los pitidos le advierten que vierta lentamente y un tono constante le alerta de que debe detenerse.<\/p>\n<p>Peque\u00f1o, de bolsillo y duradero.<\/p>\n<p>Fabricado en pl\u00e1stico de color naranja brillante.<\/p>\n<p>Peso del paquete: alrededor de 2,8 onzas.<\/p>\n<p>Descripci\u00f3n del Producto<\/p>\n<p>Este peque\u00f1o dispositivo de bolsillo resulta realmente \u00fatil para cualquier persona con baja visi\u00f3n. Simplemente col\u00f3quelo en el borde de una taza, vierta el caf\u00e9 caliente y espere a que suene el pitido. Este art\u00edculo duradero de color naranja significa que no tienes que saber cu\u00e1ndo dejar de llenar la taza enganchando el dedo sobre el borde&#8230; y quem\u00e1ndote as\u00ed la yema del dedo. Tambi\u00e9n es un excelente art\u00edculo para entretener a los invitados; elimina la verg\u00fcenza de llenar demasiado las tazas de caf\u00e9, t\u00e9 o jugo.<\/p>\n<p>Ya sea que est\u00e9 midiendo agua caliente, sirviendo una taza de leche o llenando un vaso con jugo o refresco, nuestro indicador de nivel de l\u00edquido hace que la tarea sea f\u00e1cil e higi\u00e9nica. Simplemente enganche el dispositivo sobre el borde de una taza o olla. Las puntas mantendr\u00e1n el dispositivo en su lugar y el indicador es tan liviano que no volcar\u00e1 ni siquiera las tazas peque\u00f1as. Vierta hasta que la unidad emita un pitido r\u00e1pidamente (lo que le indica que el l\u00edquido se est\u00e1 acercando a la superficie). Llene con cuidado hasta que el tono del pitido se estabilice (advirti\u00e9ndole que el l\u00edquido est\u00e1 a una pulgada de la parte superior), luego deje de verter y sirva. \u00a1Eso es todo! Funciona con dos pilas AAA, incluidas y reci\u00e9n instaladas.<\/p>\n<ul>\n<li>Producto importado, venta bajo pedido con pago previo por el valor total del art\u00edculo.<\/li>\n<li>FAVOR ANTES DE OFERTAR, confirmar precio actual (por variaciones del valor del d\u00f3lar) y tambi\u00e9n CONFIRMAR QUE PUEDE ESPERAR LOS TIEMPOS DE ENTREGA\u00a0 que normalmente son entre 2-4 semanas.<\/li>\n<li>Cuando recibamos el pedido en nuestra oficina en Medell\u00edn-Colombia, le enviaremos un mensaje al comprador, si se encuentra en Medell\u00edn puede pasar a recogerlo personalmente en nuestra oficina, o tambi\u00e9n podemos hacer el envios a nivel nacional o internacional (Valor del envio cargo del comprador).<\/li>\n<li>Desde Ayudas para TODOS, estamos trabajando para ofrecerles el mayor Marketplace inclusivo a nivel mundial. Reuniendo en 1 solo sitio todos los productos que puedan necesitar, m\u00e1s de 5.000 referencias de art\u00edculos especializados que puedan necesitar instituciones y personas con o sin discapacidad, para apoyar procesos de inclusi\u00f3n, ayudando a superar las barreras que se pueden presentar al momento de estudiar, de trabajar, y en las dem\u00e1s actividades de la vida diaria.<\/li>\n<li>\u00bfNo est\u00e1 seguro sobre qu\u00e9 tipo de dispositivo o producto de apoyo debe comprar? Contamos con expertos para estudiar sus necesidades y asesorarlo recomend\u00e1ndole la ayuda o el conjunto de ayudas m\u00e1s adecuadas \u00bfNecesitas un producto y no lo encuentras en nuestro catalogo online? Cont\u00e1ctanos para ayudarte a conseguirlo. \u00bfEres emprendedor y tienes un gran producto inclusivo que quisieras promocionar en nuestra plataforma? <a href=\"https:\/\/ayudasparatodos.com\/index.php\/contact\/\">Cont\u00e1ctanos<\/a><\/li>\n<li>Visita la secci\u00f3n sobre <a href=\"https:\/\/ayudasparatodos.com\/index.php\/como-comprar-faq\/\">\u00bfC\u00f3mo Comprar? FAQ<\/a>, en la cual encontraras de forma m\u00e1s detallada las instrucciones de como comprar, servicio de asesor\u00eda y cotizaciones, formas de pago, env\u00edos a nivel nacional e internacional, garant\u00eda y otros temas relacionados.<\/li>\n<li><span style=\"font-size: 11.5pt; font-family: Roboto; color: #626262;\">Asesor\u00eda, cotizaciones dudas y comentarios: Si tiene cualquier duda o comentario, nos puede escribir o llamar via WhatsApp agregando el numero +57 3006000144 o directamente desde este <a href=\"https:\/\/wa.me\/+573006000144\">enlace<\/a>\u00a0 <\/span><a href=\"https:\/\/wa.me\/+573006000144\"><span style=\"font-size: 11.5pt; font-family: Roboto; color: #626262;\">https:\/\/wa.me\/+573006000144<\/span><\/a><span style=\"font-size: 11.5pt; font-family: Roboto; color: #626262;\">\u00a0 \u00a0 Tambi\u00e9n puede enviarnos un correo electr\u00f3nico a la direcci\u00f3n <a href=\"mailto:ventas@ayudasparatodos.com\">ventas@ayudasparatodos.com<\/a><\/span><\/li>\n<li><strong>Pagos en Colombia por transferencia Bancolombia o Nequi. Tambi\u00e9n recibimos pagos por tarjeta cr\u00e9dito o debito. Si la alternativa de pago no esta disponible en su pa\u00eds, tambi\u00e9n puede pagar por Giro en western Union o Paypal. Favor contactarnos al correo ventas@ayudasparatodos.com para generarle un enlace de pago personalizado por el valor de los art\u00edculos + el valor del envi\u00f3 seg\u00fan su ubicaci\u00f3n y con su moneda local. Despachos a nivel nacional e internacional desde Medell\u00edn &#8211; Colombia.<\/strong><\/li>\n<\/ul>\n<ul>\n<li style=\"list-style-type: none;\"><\/li>\n<\/ul>\n","protected":false},"excerpt":{"rendered":"<p>Da una alerta instant\u00e1nea tan pronto como la taza, olla o frasco est\u00e1 casi lleno.<\/p>\n<p>Los pitidos le advierten que vierta lentamente y un tono constante le alerta de que debe detenerse.<\/p>\n","protected":false},"featured_media":0,"template":"","meta":[],"product_cat":[437],"product_tag":[476,473,472,471,475,474],"class_list":["post-52505","product","type-product","status-publish","hentry","product_cat-utensilios-y-ayudas-para-cocinar-discapacidad-visual","product_tag-alarma-medidor-liquidos-bebidas-ciegos-baja-vision","product_tag-ayuda-cocinar-ciegos-baja-vision-discapacidad-visual","product_tag-ayuda-comer-baja-vision","product_tag-ayuda-comer-discapacidad-visual","product_tag-ayudas-tecnicas-cocinar-alimentacion-ciegos-discapacidad-visual-baja-vision","product_tag-productos-de-apoyo-cocianr-comer-discapacidad-visual-ciegos","description-off"],"_links":{"self":[{"href":"https:\/\/ayudasparatodos.com\/index.php\/wp-json\/wp\/v3\/product\/52505"}],"collection":[{"href":"https:\/\/ayudasparatodos.com\/index.php\/wp-json\/wp\/v3\/product"}],"about":[{"href":"https:\/\/ayudasparatodos.com\/index.php\/wp-json\/wp\/v2\/types\/product"}],"wp:attachment":[{"href":"https:\/\/ayudasparatodos.com\/index.php\/wp-json\/wp\/v2\/media?parent=52505"}],"wp:term":[{"taxonomy":"product_cat","embeddable":true,"href":"https:\/\/ayudasparatodos.com\/index.php\/wp-json\/wp\/v2\/product_cat?post=52505"},{"taxonomy":"product_tag","embeddable":true,"href":"https:\/\/ayudasparatodos.com\/index.php\/wp-json\/wp\/v2\/product_tag?post=52505"}],"curies":[{"name":"wp","href":"https:\/\/api.w.org\/{rel}","templated":true}]}}