{"id":52506,"date":"2024-04-01T16:47:33","date_gmt":"2024-04-01T16:47:33","guid":{"rendered":"https:\/\/ayudasparatodos.com\/?post_type=product&#038;p=52506"},"modified":"2024-04-01T17:20:26","modified_gmt":"2024-04-01T17:20:26","slug":"tazas-medidoras-braille-cocina","status":"publish","type":"product","link":"https:\/\/ayudasparatodos.com\/index.php\/producto\/tazas-medidoras-braille-cocina\/","title":{"rendered":"Tazas medidoras Braille Cocina discapacidad Visual baja visi\u00f3n"},"content":{"rendered":"<p>Tazas medidoras Braille Cocina discapacidad Visual baja visi\u00f3n<\/p>\n<p>Caracter\u00edsticas del producto<\/p>\n<p>Juego de cuatro vasos nido.<\/p>\n<p>Cada taza tiene un estampado deportivo y braille en relieve en el asa.<\/p>\n<p>Hecho de pl\u00e1stico blanco duradero.<\/p>\n<p>Aptas para el lavavajillas.<\/p>\n<p>El pico vertedor adyacente al mango ayuda a medir l\u00edquidos.<\/p>\n<p>Las copas m\u00e1s grandes tienen un anillo de goma antideslizante en la parte inferior.<\/p>\n<p>Peso del paquete: alrededor de 10,6 onzas.<\/p>\n<p>&nbsp;<\/p>\n<p>Descripci\u00f3n del Producto<\/p>\n<p>A decir verdad, las delicias compradas en las tiendas suelen ser bastante deliciosas, pero simplemente no sustituyen a los resistentes pasteles caseros. Sin embargo, muchas personas evitan preparar sus propios postres debido a todo lo que implica sacar y medir. Bueno, ya no lo evites&#8230; Este nuevo juego de tazas medidoras devuelve el placer de hornear a tus manos.<\/p>\n<p>Este juego de palas de pl\u00e1stico blanco y grueso encajables no solo es extremadamente resistente, sino que tambi\u00e9n se puede lavar en el lavavajillas. Pero se pone a\u00fan mejor. Todos los vasos m\u00e1s grandes tienen anillos de goma antideslizantes en la parte inferior, por lo que no se deslizar\u00e1n mientras los llenas con leche o aceite. No hay l\u00edneas visuales de las que debas preocuparte con estos vasos, simplemente llena la cuchara hasta arriba y vierte. Cada taza tiene una boquilla de f\u00e1cil vertido, lo que reduce el riesgo de derramar l\u00edquido mientras hornea. Y, por \u00faltimo, pero no menos importante, encontrar\u00e1 una marca Braille clara y en relieve en el asa de cada taza, que le indicar\u00e1 exactamente cu\u00e1nto contiene.<\/p>\n<p>Su nuevo juego de cucharadas contiene 1\/4 de taza, 1\/3 de taza, 1\/2 taza y 1 taza. Entonces, \u00bfpor qu\u00e9 no eliminar las conjeturas al hornear? \u00a1Reempl\u00e1celo con facilidad, simplicidad y tranquilidad durante los pr\u00f3ximos a\u00f1os!<\/p>\n<p>&nbsp;<\/p>\n<ul>\n<li>Producto importado, venta bajo pedido con pago previo por el valor total del art\u00edculo.<\/li>\n<li>FAVOR ANTES DE OFERTAR, confirmar precio actual (por variaciones del valor del d\u00f3lar) y tambi\u00e9n CONFIRMAR QUE PUEDE ESPERAR LOS TIEMPOS DE ENTREGA\u00a0 que normalmente son entre 2-4 semanas.<\/li>\n<li>Cuando recibamos el pedido en nuestra oficina en Medell\u00edn-Colombia, le enviaremos un mensaje al comprador, si se encuentra en Medell\u00edn puede pasar a recogerlo personalmente en nuestra oficina, o tambi\u00e9n podemos hacer el envios a nivel nacional o internacional (Valor del envio cargo del comprador).<\/li>\n<li>Desde Ayudas para TODOS, estamos trabajando para ofrecerles el mayor Marketplace inclusivo a nivel mundial. Reuniendo en 1 solo sitio todos los productos que puedan necesitar, m\u00e1s de 5.000 referencias de art\u00edculos especializados que puedan necesitar instituciones y personas con o sin discapacidad, para apoyar procesos de inclusi\u00f3n, ayudando a superar las barreras que se pueden presentar al momento de estudiar, de trabajar, y en las dem\u00e1s actividades de la vida diaria.<\/li>\n<li>\u00bfNo est\u00e1 seguro sobre qu\u00e9 tipo de dispositivo o producto de apoyo debe comprar? Contamos con expertos para estudiar sus necesidades y asesorarlo recomend\u00e1ndole la ayuda o el conjunto de ayudas m\u00e1s adecuadas \u00bfNecesitas un producto y no lo encuentras en nuestro catalogo online? Cont\u00e1ctanos para ayudarte a conseguirlo. \u00bfEres emprendedor y tienes un gran producto inclusivo que quisieras promocionar en nuestra plataforma? <a href=\"https:\/\/ayudasparatodos.com\/index.php\/contact\/\">Cont\u00e1ctanos<\/a><\/li>\n<li>Visita la secci\u00f3n sobre <a href=\"https:\/\/ayudasparatodos.com\/index.php\/como-comprar-faq\/\">\u00bfC\u00f3mo Comprar? FAQ<\/a>, en la cual encontraras de forma m\u00e1s detallada las instrucciones de como comprar, servicio de asesor\u00eda y cotizaciones, formas de pago, env\u00edos a nivel nacional e internacional, garant\u00eda y otros temas relacionados.<\/li>\n<li><span style=\"font-size: 11.5pt; font-family: Roboto; color: #626262;\">Asesor\u00eda, cotizaciones dudas y comentarios: Si tiene cualquier duda o comentario, nos puede escribir o llamar via WhatsApp agregando el numero +57 3006000144 o directamente desde este <a href=\"https:\/\/wa.me\/+573006000144\">enlace<\/a>\u00a0 <\/span><a href=\"https:\/\/wa.me\/+573006000144\"><span style=\"font-size: 11.5pt; font-family: Roboto; color: #626262;\">https:\/\/wa.me\/+573006000144<\/span><\/a><span style=\"font-size: 11.5pt; font-family: Roboto; color: #626262;\">\u00a0 \u00a0 Tambi\u00e9n puede enviarnos un correo electr\u00f3nico a la direcci\u00f3n <a href=\"mailto:ventas@ayudasparatodos.com\">ventas@ayudasparatodos.com<\/a><\/span><\/li>\n<li><strong>Pagos en Colombia por transferencia Bancolombia o Nequi. Tambi\u00e9n recibimos pagos por tarjeta cr\u00e9dito o debito. Si la alternativa de pago no esta disponible en su pa\u00eds, tambi\u00e9n puede pagar por Giro en western Union o Paypal. Favor contactarnos al correo ventas@ayudasparatodos.com para generarle un enlace de pago personalizado por el valor de los art\u00edculos + el valor del envi\u00f3 seg\u00fan su ubicaci\u00f3n y con su moneda local. Despachos a nivel nacional e internacional desde Medell\u00edn &#8211; Colombia.<\/strong><\/li>\n<\/ul>\n<ul>\n<li style=\"list-style-type: none;\"><\/li>\n<\/ul>\n","protected":false},"excerpt":{"rendered":"<p>Cada taza tiene un estampado deportivo y braille en relieve en el asa.<\/p>\n","protected":false},"featured_media":0,"template":"","meta":[],"product_cat":[437],"product_tag":[473,472,471,475,474,478],"class_list":["post-52506","product","type-product","status-publish","hentry","product_cat-utensilios-y-ayudas-para-cocinar-discapacidad-visual","product_tag-ayuda-cocinar-ciegos-baja-vision-discapacidad-visual","product_tag-ayuda-comer-baja-vision","product_tag-ayuda-comer-discapacidad-visual","product_tag-ayudas-tecnicas-cocinar-alimentacion-ciegos-discapacidad-visual-baja-vision","product_tag-productos-de-apoyo-cocianr-comer-discapacidad-visual-ciegos","product_tag-tazas-medidoras-braille-cocina-discapacidad-visual-baja-vision","description-off"],"_links":{"self":[{"href":"https:\/\/ayudasparatodos.com\/index.php\/wp-json\/wp\/v3\/product\/52506"}],"collection":[{"href":"https:\/\/ayudasparatodos.com\/index.php\/wp-json\/wp\/v3\/product"}],"about":[{"href":"https:\/\/ayudasparatodos.com\/index.php\/wp-json\/wp\/v2\/types\/product"}],"wp:attachment":[{"href":"https:\/\/ayudasparatodos.com\/index.php\/wp-json\/wp\/v2\/media?parent=52506"}],"wp:term":[{"taxonomy":"product_cat","embeddable":true,"href":"https:\/\/ayudasparatodos.com\/index.php\/wp-json\/wp\/v2\/product_cat?post=52506"},{"taxonomy":"product_tag","embeddable":true,"href":"https:\/\/ayudasparatodos.com\/index.php\/wp-json\/wp\/v2\/product_tag?post=52506"}],"curies":[{"name":"wp","href":"https:\/\/api.w.org\/{rel}","templated":true}]}}