{"id":52521,"date":"2024-04-01T19:13:23","date_gmt":"2024-04-01T19:13:23","guid":{"rendered":"https:\/\/ayudasparatodos.com\/?post_type=product&#038;p=52521"},"modified":"2024-04-01T19:13:23","modified_gmt":"2024-04-01T19:13:23","slug":"tabla-cortadora-de-pan","status":"publish","type":"product","link":"https:\/\/ayudasparatodos.com\/index.php\/producto\/tabla-cortadora-de-pan\/","title":{"rendered":"Tabla cortadora de pan Cocinar Ciegos discapacidad visual baja visi\u00f3n"},"content":{"rendered":"<div>Corte panes reci\u00e9n horneados en rebanadas rectas y uniformes<\/div>\n<div><\/div>\n<div>Caracter\u00edsticas del producto<\/div>\n<div>Corta el pan sin esfuerzo en rebanadas uniformes.<\/div>\n<div>Tiene una tabla de madera especialmente dise\u00f1ada.<\/div>\n<div>Elimina los dedos cortados.<\/div>\n<div>Perfecto para quienes padecen artritis.<\/div>\n<div>Corta pan, frutas, verduras, queso y carnes para s\u00e1ndwiches.<\/div>\n<div>Fabricado con madera de bamb\u00fa resistente.<\/div>\n<div>Aptas para el lavavajillas.<\/div>\n<div>R\u00e1pido, preciso, estable y seguro.<\/div>\n<div>Mide aproximadamente 14 por 5 por 6 pulgadas.<\/div>\n<div>Peso del paquete: alrededor de 1,1 libras.<\/div>\n<div><\/div>\n<div>Descripci\u00f3n del Producto<\/div>\n<div>Esta tabla de madera especialmente dise\u00f1ada simplifica realmente la tarea de cortar pan en rebanadas uniformes. Antes, las personas ciegas dudaban a menudo entre cortar el pan casero, reci\u00e9n salido del horno, o comprar pan sin cortar en la panader\u00eda. \u00a1Ya no! Este producto no s\u00f3lo mantiene sus manos alejadas de la hoja afilada del cuchillo, sino que tambi\u00e9n garantiza rebanadas de pan perfectas. Ahora puede servir sus productos reci\u00e9n horneados con orgullo o utilizarlos para preparar s\u00e1ndwiches. En definitiva, lo \u00fanico de lo que tendr\u00e1s que preocuparte es de hornear el pan perfecto. \u00a1Tu nueva tabla cortadora de pan te ayudar\u00e1 con la parte de rebanar!<\/div>\n<div>Para utilizarlo, coloca una barra de pan en el lado izquierdo del tablero, entre las gu\u00edas que evitan que se deslice o se caiga. Coloque un cuchillo en cualquiera de las gu\u00edas ranuradas en la parte superior de la unidad. Luego, simplemente desliza el pan hacia adelante, c\u00f3rtalo y retira la rebanada cuando termines. Es r\u00e1pido, preciso y seguro&#8230; \u00a1siempre!<\/div>\n<div><\/div>\n<div>Este cortador de pan tambi\u00e9n es perfecto para personas que sufren de artritis o tienen movilidad limitada de manos y hombros porque se asienta firmemente en su mostrador o mesa, lo que lo hace estable antes de cortarlo. Tambi\u00e9n se presta muy bien para cortar frutas y verduras, como tomates o zanahorias, queso, carne para s\u00e1ndwiches, etc.<\/div>\n<div><\/div>\n<div>Fabricada con madera de bamb\u00fa resistente, su nueva tabla de cortar es apta para lavavajillas. Tenga en cuenta que no se suministra ning\u00fan cuchillo con la tabla para cortar pan.<\/div>\n<ul>\n<li>Producto importado, venta bajo pedido con pago previo por el valor total del art\u00edculo.<\/li>\n<li>FAVOR ANTES DE OFERTAR, confirmar precio actual (por variaciones del valor del d\u00f3lar) y tambi\u00e9n CONFIRMAR QUE PUEDE ESPERAR LOS TIEMPOS DE ENTREGA\u00a0 que normalmente son entre 2-4 semanas.<\/li>\n<li>Cuando recibamos el pedido en nuestra oficina en Medell\u00edn-Colombia, le enviaremos un mensaje al comprador, si se encuentra en Medell\u00edn puede pasar a recogerlo personalmente en nuestra oficina, o tambi\u00e9n podemos hacer el envios a nivel nacional o internacional (Valor del envio cargo del comprador).<\/li>\n<li>Desde Ayudas para TODOS, estamos trabajando para ofrecerles el mayor Marketplace inclusivo a nivel mundial. Reuniendo en 1 solo sitio todos los productos que puedan necesitar, m\u00e1s de 5.000 referencias de art\u00edculos especializados que puedan necesitar instituciones y personas con o sin discapacidad, para apoyar procesos de inclusi\u00f3n, ayudando a superar las barreras que se pueden presentar al momento de estudiar, de trabajar, y en las dem\u00e1s actividades de la vida diaria.<\/li>\n<li>\u00bfNo est\u00e1 seguro sobre qu\u00e9 tipo de dispositivo o producto de apoyo debe comprar? Contamos con expertos para estudiar sus necesidades y asesorarlo recomend\u00e1ndole la ayuda o el conjunto de ayudas m\u00e1s adecuadas \u00bfNecesitas un producto y no lo encuentras en nuestro catalogo online? Cont\u00e1ctanos para ayudarte a conseguirlo. \u00bfEres emprendedor y tienes un gran producto inclusivo que quisieras promocionar en nuestra plataforma? <a href=\"https:\/\/ayudasparatodos.com\/index.php\/contact\/\">Cont\u00e1ctanos<\/a><\/li>\n<li>Visita la secci\u00f3n sobre <a href=\"https:\/\/ayudasparatodos.com\/index.php\/como-comprar-faq\/\">\u00bfC\u00f3mo Comprar? FAQ<\/a>, en la cual encontraras de forma m\u00e1s detallada las instrucciones de como comprar, servicio de asesor\u00eda y cotizaciones, formas de pago, env\u00edos a nivel nacional e internacional, garant\u00eda y otros temas relacionados.<\/li>\n<li><span style=\"font-size: 11.5pt; font-family: Roboto; color: #626262;\">Asesor\u00eda, cotizaciones dudas y comentarios: Si tiene cualquier duda o comentario, nos puede escribir o llamar via WhatsApp agregando el numero +57 3006000144 o directamente desde este <a href=\"https:\/\/wa.me\/+573006000144\">enlace<\/a>\u00a0 <\/span><a href=\"https:\/\/wa.me\/+573006000144\"><span style=\"font-size: 11.5pt; font-family: Roboto; color: #626262;\">https:\/\/wa.me\/+573006000144<\/span><\/a><span style=\"font-size: 11.5pt; font-family: Roboto; color: #626262;\">\u00a0 \u00a0 Tambi\u00e9n puede enviarnos un correo electr\u00f3nico a la direcci\u00f3n <a href=\"mailto:ventas@ayudasparatodos.com\">ventas@ayudasparatodos.com<\/a><\/span><\/li>\n<li><strong>Pagos en Colombia por transferencia Bancolombia o Nequi. Tambi\u00e9n recibimos pagos por tarjeta cr\u00e9dito o debito. Si la alternativa de pago no esta disponible en su pa\u00eds, tambi\u00e9n puede pagar por Giro en western Union o Paypal. Favor contactarnos al correo ventas@ayudasparatodos.com para generarle un enlace de pago personalizado por el valor de los art\u00edculos + el valor del envi\u00f3 seg\u00fan su ubicaci\u00f3n y con su moneda local. Despachos a nivel nacional e internacional desde Medell\u00edn &#8211; Colombia.<\/strong><\/li>\n<\/ul>\n<ul>\n<li style=\"list-style-type: none;\"><\/li>\n<\/ul>\n","protected":false},"excerpt":{"rendered":"<p>Corte panes reci\u00e9n horneados en rebanadas rectas y uniformes<\/p>\n","protected":false},"featured_media":52525,"template":"","meta":[],"product_cat":[437],"product_tag":[473,472,471,475,485,474,484,483],"class_list":["post-52521","product","type-product","status-publish","has-post-thumbnail","hentry","product_cat-utensilios-y-ayudas-para-cocinar-discapacidad-visual","product_tag-ayuda-cocinar-ciegos-baja-vision-discapacidad-visual","product_tag-ayuda-comer-baja-vision","product_tag-ayuda-comer-discapacidad-visual","product_tag-ayudas-tecnicas-cocinar-alimentacion-ciegos-discapacidad-visual-baja-vision","product_tag-guia-cortar-tajadas-de-pan-discapacidad","product_tag-productos-de-apoyo-cocianr-comer-discapacidad-visual-ciegos","product_tag-tabla-ayuda-cortar-pan","product_tag-tabla-cortadora-de-pan-cocinar-ciegos-discapacidad-visual-baja-vision","description-off"],"_links":{"self":[{"href":"https:\/\/ayudasparatodos.com\/index.php\/wp-json\/wp\/v3\/product\/52521"}],"collection":[{"href":"https:\/\/ayudasparatodos.com\/index.php\/wp-json\/wp\/v3\/product"}],"about":[{"href":"https:\/\/ayudasparatodos.com\/index.php\/wp-json\/wp\/v2\/types\/product"}],"wp:featuredmedia":[{"embeddable":true,"href":"https:\/\/ayudasparatodos.com\/index.php\/wp-json\/wp\/v2\/media\/52525"}],"wp:attachment":[{"href":"https:\/\/ayudasparatodos.com\/index.php\/wp-json\/wp\/v2\/media?parent=52521"}],"wp:term":[{"taxonomy":"product_cat","embeddable":true,"href":"https:\/\/ayudasparatodos.com\/index.php\/wp-json\/wp\/v2\/product_cat?post=52521"},{"taxonomy":"product_tag","embeddable":true,"href":"https:\/\/ayudasparatodos.com\/index.php\/wp-json\/wp\/v2\/product_tag?post=52521"}],"curies":[{"name":"wp","href":"https:\/\/api.w.org\/{rel}","templated":true}]}}