{"id":52522,"date":"2024-04-01T17:39:02","date_gmt":"2024-04-01T17:39:02","guid":{"rendered":"https:\/\/ayudasparatodos.com\/?post_type=product&#038;p=52522"},"modified":"2024-04-01T17:39:02","modified_gmt":"2024-04-01T17:39:02","slug":"alerta-sonora-agua-hervida-o-liquidos","status":"publish","type":"product","link":"https:\/\/ayudasparatodos.com\/index.php\/producto\/alerta-sonora-agua-hervida-o-liquidos\/","title":{"rendered":"Alerta sonora agua hervida Cocinar Ciegos discapacidad visual baja visi\u00f3n"},"content":{"rendered":"<div>No m\u00e1s estufa desordenada, hace ruido cuando el agua hierve<\/div>\n<div><\/div>\n<div>Caracter\u00edsticas del producto<\/div>\n<div>El disco peque\u00f1o mide 2,5 pulgadas de di\u00e1metro.<\/div>\n<div>Hecho de cer\u00e1mica gruesa y apta para alimentos.<\/div>\n<div>F\u00e1cil de lavar o limpiar, apto para lavavajillas.<\/div>\n<div>Reduce el riesgo de que la olla se derrame en la estufa. Permite al cocinero hacer otras cosas con un recordatorio audible cuando la olla hierve.<\/div>\n<div>Mide alrededor de 2-1\/2 pulgadas de di\u00e1metro.<\/div>\n<div>Peso del paquete: aproximadamente 1,7 onzas.<\/div>\n<div><\/div>\n<div>Descripci\u00f3n del Producto<\/div>\n<div>Este peque\u00f1o e ingenioso disco es muy simple pero absolutamente invaluable en la cocina. Simplemente col\u00f3quelo en una olla con agua o leche en la estufa y nunca m\u00e1s tendr\u00e1 que preocuparse de que la olla se desborde sin que se d\u00e9 cuenta. Esto lo convierte en un utensilio valioso para quienes necesitan un recordatorio audible o un aviso para alguien con demencia.<\/div>\n<div>Ya sea que est\u00e9 hirviendo agua para pasta o huevos, cocinando sopa o verduras, recalentando chile o simplemente calentando un poco de leche para una deliciosa taza de chocolate caliente, el Pot Minder permanecer\u00e1 silenciosamente en el fondo de su olla&#8230; hasta que el agua hierva. . Luego, emite un sonido fuerte y agradable, como un traqueteo o un parloteo, para alertarle de que el agua est\u00e1 hervida. Ahora es el momento de bajar el fuego, revolver el contenido de la olla o verter la leche en la taza que espera.<\/div>\n<div><\/div>\n<div>Este peque\u00f1o disco mide dos pulgadas y media de di\u00e1metro y est\u00e1 hecho de cer\u00e1mica gruesa apta para uso alimentario. Puedes dejarlo de forma segura en una olla con agua hirviendo hasta que est\u00e9 cocida la cena; no afectar\u00e1 en lo m\u00e1s m\u00ednimo el olor o el sabor de la comida. Ahora puedes tener tantas cosas sobre la marcha como quieras, lavando los platos de forma segura mientras se cocina la avena. Pot Minder vigilar\u00e1 todo y le avisar\u00e1 cuando su desayuno necesite atenci\u00f3n. Y cuando llega el momento de limpiar, el recogedor de ollas se puede sumergir en agua o limpiar con un trapo h\u00famedo y, s\u00ed, tambi\u00e9n se puede lavar en el lavavajillas.<\/div>\n<ul>\n<li>Producto importado, venta bajo pedido con pago previo por el valor total del art\u00edculo.<\/li>\n<li>FAVOR ANTES DE OFERTAR, confirmar precio actual (por variaciones del valor del d\u00f3lar) y tambi\u00e9n CONFIRMAR QUE PUEDE ESPERAR LOS TIEMPOS DE ENTREGA\u00a0 que normalmente son entre 2-4 semanas.<\/li>\n<li>Cuando recibamos el pedido en nuestra oficina en Medell\u00edn-Colombia, le enviaremos un mensaje al comprador, si se encuentra en Medell\u00edn puede pasar a recogerlo personalmente en nuestra oficina, o tambi\u00e9n podemos hacer el envios a nivel nacional o internacional (Valor del envio cargo del comprador).<\/li>\n<li>Desde Ayudas para TODOS, estamos trabajando para ofrecerles el mayor Marketplace inclusivo a nivel mundial. Reuniendo en 1 solo sitio todos los productos que puedan necesitar, m\u00e1s de 5.000 referencias de art\u00edculos especializados que puedan necesitar instituciones y personas con o sin discapacidad, para apoyar procesos de inclusi\u00f3n, ayudando a superar las barreras que se pueden presentar al momento de estudiar, de trabajar, y en las dem\u00e1s actividades de la vida diaria.<\/li>\n<li>\u00bfNo est\u00e1 seguro sobre qu\u00e9 tipo de dispositivo o producto de apoyo debe comprar? Contamos con expertos para estudiar sus necesidades y asesorarlo recomend\u00e1ndole la ayuda o el conjunto de ayudas m\u00e1s adecuadas \u00bfNecesitas un producto y no lo encuentras en nuestro catalogo online? Cont\u00e1ctanos para ayudarte a conseguirlo. \u00bfEres emprendedor y tienes un gran producto inclusivo que quisieras promocionar en nuestra plataforma? <a href=\"https:\/\/ayudasparatodos.com\/index.php\/contact\/\">Cont\u00e1ctanos<\/a><\/li>\n<li>Visita la secci\u00f3n sobre <a href=\"https:\/\/ayudasparatodos.com\/index.php\/como-comprar-faq\/\">\u00bfC\u00f3mo Comprar? FAQ<\/a>, en la cual encontraras de forma m\u00e1s detallada las instrucciones de como comprar, servicio de asesor\u00eda y cotizaciones, formas de pago, env\u00edos a nivel nacional e internacional, garant\u00eda y otros temas relacionados.<\/li>\n<li><span style=\"font-size: 11.5pt; font-family: Roboto; color: #626262;\">Asesor\u00eda, cotizaciones dudas y comentarios: Si tiene cualquier duda o comentario, nos puede escribir o llamar via WhatsApp agregando el numero +57 3006000144 o directamente desde este <a href=\"https:\/\/wa.me\/+573006000144\">enlace<\/a>\u00a0 <\/span><a href=\"https:\/\/wa.me\/+573006000144\"><span style=\"font-size: 11.5pt; font-family: Roboto; color: #626262;\">https:\/\/wa.me\/+573006000144<\/span><\/a><span style=\"font-size: 11.5pt; font-family: Roboto; color: #626262;\">\u00a0 \u00a0 Tambi\u00e9n puede enviarnos un correo electr\u00f3nico a la direcci\u00f3n <a href=\"mailto:ventas@ayudasparatodos.com\">ventas@ayudasparatodos.com<\/a><\/span><\/li>\n<li><strong>Pagos en Colombia por transferencia Bancolombia o Nequi. Tambi\u00e9n recibimos pagos por tarjeta cr\u00e9dito o debito. Si la alternativa de pago no esta disponible en su pa\u00eds, tambi\u00e9n puede pagar por Giro en western Union o Paypal. Favor contactarnos al correo ventas@ayudasparatodos.com para generarle un enlace de pago personalizado por el valor de los art\u00edculos + el valor del envi\u00f3 seg\u00fan su ubicaci\u00f3n y con su moneda local. Despachos a nivel nacional e internacional desde Medell\u00edn &#8211; Colombia.<\/strong><\/li>\n<\/ul>\n<ul>\n<li style=\"list-style-type: none;\"><\/li>\n<\/ul>\n","protected":false},"excerpt":{"rendered":"<p>No m\u00e1s estufa desordenada, hace ruido cuando el agua hierve<\/p>\n","protected":false},"featured_media":52524,"template":"","meta":[],"product_cat":[437],"product_tag":[482,473,472,471,475,474],"class_list":["post-52522","product","type-product","status-publish","has-post-thumbnail","hentry","product_cat-utensilios-y-ayudas-para-cocinar-discapacidad-visual","product_tag-alerta-sonora-agua-hervida-cocinar-ciegos-discapacidad-visual-baja-vision","product_tag-ayuda-cocinar-ciegos-baja-vision-discapacidad-visual","product_tag-ayuda-comer-baja-vision","product_tag-ayuda-comer-discapacidad-visual","product_tag-ayudas-tecnicas-cocinar-alimentacion-ciegos-discapacidad-visual-baja-vision","product_tag-productos-de-apoyo-cocianr-comer-discapacidad-visual-ciegos","description-off"],"_links":{"self":[{"href":"https:\/\/ayudasparatodos.com\/index.php\/wp-json\/wp\/v3\/product\/52522"}],"collection":[{"href":"https:\/\/ayudasparatodos.com\/index.php\/wp-json\/wp\/v3\/product"}],"about":[{"href":"https:\/\/ayudasparatodos.com\/index.php\/wp-json\/wp\/v2\/types\/product"}],"wp:featuredmedia":[{"embeddable":true,"href":"https:\/\/ayudasparatodos.com\/index.php\/wp-json\/wp\/v2\/media\/52524"}],"wp:attachment":[{"href":"https:\/\/ayudasparatodos.com\/index.php\/wp-json\/wp\/v2\/media?parent=52522"}],"wp:term":[{"taxonomy":"product_cat","embeddable":true,"href":"https:\/\/ayudasparatodos.com\/index.php\/wp-json\/wp\/v2\/product_cat?post=52522"},{"taxonomy":"product_tag","embeddable":true,"href":"https:\/\/ayudasparatodos.com\/index.php\/wp-json\/wp\/v2\/product_tag?post=52522"}],"curies":[{"name":"wp","href":"https:\/\/api.w.org\/{rel}","templated":true}]}}