{"id":52523,"date":"2024-04-01T19:20:18","date_gmt":"2024-04-01T19:20:18","guid":{"rendered":"https:\/\/ayudasparatodos.com\/?post_type=product&#038;p=52523"},"modified":"2024-04-03T20:47:40","modified_gmt":"2024-04-03T20:47:40","slug":"sellos-abecedario-braille","status":"publish","type":"product","link":"https:\/\/ayudasparatodos.com\/index.php\/producto\/sellos-abecedario-braille\/","title":{"rendered":"Sellos abecedario Braille Ciegos discapacidad visual baja visi\u00f3n"},"content":{"rendered":"<div>Estampar braille en arcilla, plastilina o masa para galletas<\/div>\n<div><\/div>\n<div>Caracter\u00edsticas del producto<\/div>\n<div>Juego de 26 fichas ABC en Braille.<\/div>\n<div>Lleve Braille a la mesa de manualidades o al mostrador de la cocina.<\/div>\n<div>Practica Braille y deletrea nombres.<\/div>\n<div>Estampa Braille en arcilla, Play-Doh o cualquier material blando, incluso en masa firme para galletas.<\/div>\n<div>Azulejos blancos y azules con puntos braille azules en la parte superior.<\/div>\n<div>Imagen especular de Braille con sangr\u00eda tallada en la parte inferior.<\/div>\n<div>Letra impresa en relieve en el extremo m\u00e1s cercano a ti.<\/div>\n<div>El extremo opuesto tiene una sangr\u00eda redondeada para orientaci\u00f3n t\u00e1ctil.<\/div>\n<div>Puntos braille jumbo elevados 3 mm.<\/div>\n<div>Incluye las letras de la A a la Z.<\/div>\n<div>Lavable y f\u00e1cil de limpiar; Aptas para el lavavajillas.<\/div>\n<div>Hecho de pl\u00e1stico s\u00f3lido ABS apto para alimentos.<\/div>\n<div>Las baldosas flotan, as\u00ed que son fant\u00e1sticos juguetes para la piscina o el ba\u00f1o de los ni\u00f1os.<\/div>\n<div>Cada bloque es rectangular y mide 1-1\/4&#8243; de largo, 1\/2&#8243; de ancho y 3\/4 de alto.<\/div>\n<div>Fabricado en EE.UU.<\/div>\n<div>Para ni\u00f1os y adultos.<\/div>\n<div>Peso del paquete: aproximadamente 3,2 onzas.<\/div>\n<div><\/div>\n<div>Descripci\u00f3n del Producto<\/div>\n<div>\u00a1Lleva Braille a la mesa de manualidades o al mostrador de la cocina con este juego de 26 fichas ABC! \u00daselos para practicar Braille y deletrear nombres. Lo mejor de todo es que estampas letras Braille en arcilla, Play-Doh o cualquier material blando, \u00a1y disfruta tocando puntos Braille en relieve en todas tus creaciones! \u00bfMencionamos que estos mosaicos est\u00e1n hechos de pl\u00e1stico apto para alimentos, por lo que incluso puedes estampar Braille en masa para galletas (si es lo suficientemente firme); \u00a1\u00bfQu\u00e9 divertido es eso?!<\/div>\n<div>Estos mosaicos blancos y azules tienen letras Braille azules en relieve en la parte superior. Tienen una imagen especular de las letras Braille con sangr\u00eda talladas en la parte inferior (para fines de estampado). En el extremo m\u00e1s cercano a usted, los mosaicos presentan la letra impresa en relieve, perfecta para identificaci\u00f3n t\u00e1ctil o estampaci\u00f3n impresa normal. Los extremos opuestos tienen una muesca redondeada para ayudar con la orientaci\u00f3n correcta.<\/div>\n<div><\/div>\n<div>Los puntos Braille tienen un relieve de unos 3 mm y son muy f\u00e1ciles de distinguir al tacto. Pensando en los lectores nuevos y j\u00f3venes de Braille, se ha utilizado Braille jumbo, lo que significa que cada letra Braille mide casi una pulgada de alto. Se incluyen las letras de la A a la Z.<\/div>\n<div><\/div>\n<div>Estos azulejos son lavables y f\u00e1ciles de limpiar. Utilice agua o un hisopo, o simplemente t\u00edrelos al lavavajillas.<\/div>\n<div><\/div>\n<div>Los bloques est\u00e1n hechos de pl\u00e1stico s\u00f3lido ABS apto para alimentos. Las baldosas tambi\u00e9n flotan, por lo que se puede jugar con ellas en la ba\u00f1era o en la piscina. Cada bloque es rectangular y mide 1-1\/4 pulgadas de largo, media pulgada de ancho y tres cuartos de pulgada de alto. Aptas para el lavavajillas. Fabricado en EE.UU. \u00a1Disfrutado por ni\u00f1os y adultos!<\/div>\n<ul>\n<li>Producto importado, venta bajo pedido con pago previo por el valor total del art\u00edculo.<\/li>\n<li>FAVOR ANTES DE OFERTAR, confirmar precio actual (por variaciones del valor del d\u00f3lar) y tambi\u00e9n CONFIRMAR QUE PUEDE ESPERAR LOS TIEMPOS DE ENTREGA\u00a0 que normalmente son entre 2-4 semanas.<\/li>\n<li>Cuando recibamos el pedido en nuestra oficina en Medell\u00edn-Colombia, le enviaremos un mensaje al comprador, si se encuentra en Medell\u00edn puede pasar a recogerlo personalmente en nuestra oficina, o tambi\u00e9n podemos hacer el envios a nivel nacional o internacional (Valor del envio cargo del comprador).<\/li>\n<li>Desde Ayudas para TODOS, estamos trabajando para ofrecerles el mayor Marketplace inclusivo a nivel mundial. Reuniendo en 1 solo sitio todos los productos que puedan necesitar, m\u00e1s de 5.000 referencias de art\u00edculos especializados que puedan necesitar instituciones y personas con o sin discapacidad, para apoyar procesos de inclusi\u00f3n, ayudando a superar las barreras que se pueden presentar al momento de estudiar, de trabajar, y en las dem\u00e1s actividades de la vida diaria.<\/li>\n<li>\u00bfNo est\u00e1 seguro sobre qu\u00e9 tipo de dispositivo o producto de apoyo debe comprar? Contamos con expertos para estudiar sus necesidades y asesorarlo recomend\u00e1ndole la ayuda o el conjunto de ayudas m\u00e1s adecuadas \u00bfNecesitas un producto y no lo encuentras en nuestro catalogo online? Cont\u00e1ctanos para ayudarte a conseguirlo. \u00bfEres emprendedor y tienes un gran producto inclusivo que quisieras promocionar en nuestra plataforma? <a href=\"https:\/\/ayudasparatodos.com\/index.php\/contact\/\">Cont\u00e1ctanos<\/a><\/li>\n<li>Visita la secci\u00f3n sobre <a href=\"https:\/\/ayudasparatodos.com\/index.php\/como-comprar-faq\/\">\u00bfC\u00f3mo Comprar? FAQ<\/a>, en la cual encontraras de forma m\u00e1s detallada las instrucciones de como comprar, servicio de asesor\u00eda y cotizaciones, formas de pago, env\u00edos a nivel nacional e internacional, garant\u00eda y otros temas relacionados.<\/li>\n<li><span style=\"font-size: 11.5pt; font-family: Roboto; color: #626262;\">Asesor\u00eda, cotizaciones dudas y comentarios: Si tiene cualquier duda o comentario, nos puede escribir o llamar via WhatsApp agregando el numero +57 3006000144 o directamente desde este <a href=\"https:\/\/wa.me\/+573006000144\">enlace<\/a>\u00a0 <\/span><a href=\"https:\/\/wa.me\/+573006000144\"><span style=\"font-size: 11.5pt; font-family: Roboto; color: #626262;\">https:\/\/wa.me\/+573006000144<\/span><\/a><span style=\"font-size: 11.5pt; font-family: Roboto; color: #626262;\">\u00a0 \u00a0 Tambi\u00e9n puede enviarnos un correo electr\u00f3nico a la direcci\u00f3n <a href=\"mailto:ventas@ayudasparatodos.com\">ventas@ayudasparatodos.com<\/a><\/span><\/li>\n<li><strong>Pagos en Colombia por transferencia Bancolombia o Nequi. Tambi\u00e9n recibimos pagos por tarjeta cr\u00e9dito o debito. Si la alternativa de pago no esta disponible en su pa\u00eds, tambi\u00e9n puede pagar por Giro en western Union o Paypal. Favor contactarnos al correo ventas@ayudasparatodos.com para generarle un enlace de pago personalizado por el valor de los art\u00edculos + el valor del envi\u00f3 seg\u00fan su ubicaci\u00f3n y con su moneda local. Despachos a nivel nacional e internacional desde Medell\u00edn &#8211; Colombia.<\/strong><\/li>\n<\/ul>\n<ul>\n<li style=\"list-style-type: none;\"><\/li>\n<\/ul>\n","protected":false},"excerpt":{"rendered":"<p>Estampar braille en arcilla, plastilina o masa para galletas<\/p>\n","protected":false},"featured_media":52526,"template":"","meta":[],"product_cat":[558,448,434,437],"product_tag":[473,472,471,475,474,486],"class_list":["post-52523","product","type-product","status-publish","has-post-thumbnail","hentry","product_cat-aprender-y-practicar-braille","product_cat-ayudas-para-sordo-ciegos","product_cat-juegos-y-juguetes-con-braille","product_cat-utensilios-y-ayudas-para-cocinar-discapacidad-visual","product_tag-ayuda-cocinar-ciegos-baja-vision-discapacidad-visual","product_tag-ayuda-comer-baja-vision","product_tag-ayuda-comer-discapacidad-visual","product_tag-ayudas-tecnicas-cocinar-alimentacion-ciegos-discapacidad-visual-baja-vision","product_tag-productos-de-apoyo-cocianr-comer-discapacidad-visual-ciegos","product_tag-sellos-abecedario-braille-ciegos-discapacidad-visual-baja-vision","description-off"],"_links":{"self":[{"href":"https:\/\/ayudasparatodos.com\/index.php\/wp-json\/wp\/v3\/product\/52523"}],"collection":[{"href":"https:\/\/ayudasparatodos.com\/index.php\/wp-json\/wp\/v3\/product"}],"about":[{"href":"https:\/\/ayudasparatodos.com\/index.php\/wp-json\/wp\/v2\/types\/product"}],"wp:featuredmedia":[{"embeddable":true,"href":"https:\/\/ayudasparatodos.com\/index.php\/wp-json\/wp\/v2\/media\/52526"}],"wp:attachment":[{"href":"https:\/\/ayudasparatodos.com\/index.php\/wp-json\/wp\/v2\/media?parent=52523"}],"wp:term":[{"taxonomy":"product_cat","embeddable":true,"href":"https:\/\/ayudasparatodos.com\/index.php\/wp-json\/wp\/v2\/product_cat?post=52523"},{"taxonomy":"product_tag","embeddable":true,"href":"https:\/\/ayudasparatodos.com\/index.php\/wp-json\/wp\/v2\/product_tag?post=52523"}],"curies":[{"name":"wp","href":"https:\/\/api.w.org\/{rel}","templated":true}]}}