{"id":52541,"date":"2024-04-01T20:36:09","date_gmt":"2024-04-01T20:36:09","guid":{"rendered":"https:\/\/ayudasparatodos.com\/?post_type=product&#038;p=52541"},"modified":"2024-04-01T20:36:11","modified_gmt":"2024-04-01T20:36:11","slug":"bascula-de-cocina-parlante-habla","status":"publish","type":"product","link":"https:\/\/ayudasparatodos.com\/index.php\/producto\/bascula-de-cocina-parlante-habla\/","title":{"rendered":"B\u00e1scula de cocina parlante habla en espa\u00f1ol para ciegos y personas con baja visi\u00f3n"},"content":{"rendered":"<p>DESCRIPCI\u00d3N DEL PRODUCTO<\/p>\n<p>Esta b\u00e1scula de cocina\/multiusos peque\u00f1a, f\u00e1cil de usar, ergon\u00f3mica, con botones grandes y parlante (ingl\u00e9s, franc\u00e9s, alem\u00e1n o espa\u00f1ol) puede ser utilizada por cualquier persona y en cualquier lugar.<\/p>\n<p>Simplemente encienda la b\u00e1scula y despu\u00e9s de que diga \u00abHola\u00bb y \u00abEstoy listo\u00bb, podr\u00e1 colocar la comida u otro art\u00edculo en la plataforma de acero inoxidable o en el recipiente de pl\u00e1stico. Una agradable voz de se\u00f1ora anuncia entonces el peso.<\/p>\n<p>CARACTER\u00cdSTICAS DEL PRODUCTO:<\/p>\n<p>Scale habla en ingl\u00e9s, espa\u00f1ol, franc\u00e9s y alem\u00e1n.<\/p>\n<p>El nivel de voz se puede configurar en Alto, Bajo o Apagado.<\/p>\n<p>Gran pantalla LCD retroiluminada con luz azul y botones grandes y suaves al tacto y f\u00e1ciles de ver<\/p>\n<p>Pesa los alimentos en gramos u onzas; Capacidad de peso de 11 libras<\/p>\n<p>La funci\u00f3n de tara le permite pesar solo la comida o cualquier otra cosa que ponga en el recipiente, excluyendo el peso real del recipiente.<\/p>\n<p>4 pilas AA (incluidas)<\/p>\n<p>La plataforma de acero inoxidable f\u00e1cil de limpiar mide 9&#8243; x 6&#8243; y tiene un dise\u00f1o moderno, contempor\u00e1neo y ergon\u00f3mico.<\/p>\n<p>Cuenta con una funci\u00f3n de apagado autom\u00e1tico de ahorro de energ\u00eda despu\u00e9s de 90 segundos de inactividad.<\/p>\n<p>&nbsp;<\/p>\n<ul>\n<li>Producto importado, venta bajo pedido con pago previo por el valor total del articulo.<\/li>\n<li>FAVOR ANTES DE OFERTAR, confirmar precio actual (por variaciones del valor del d\u00f3lar) y tambi\u00e9n CONFIRMAR QUE PUEDE ESPERAR LOS TIEMPOS DE ENTREGA\u00a0 que normalmente son entre 2-4 semanas.<\/li>\n<li>Cuando recibamos el pedido en nuestra oficina en Medell\u00edn-Colombia, le enviaremos un mensaje al comprador, si se encuentra en Medell\u00edn puede pasar a recogerlo personalmente en nuestra oficina, o tambi\u00e9n podemos hacer el envios a nivel nacional o internacional (Valor del envio cargo del comprador).<\/li>\n<li>Desde Ayudas para TODOS, estamos trabajando para ofrecerles el mayor Marketplace inclusivo a nivel mundial. Reuniendo en 1 solo sitio todos los productos que puedan necesitar, m\u00e1s de 5.000 referencias de art\u00edculos especializados que puedan necesitar instituciones y personas con o sin discapacidad, para apoyar procesos de inclusi\u00f3n, ayudando a superar las barreras que se pueden presentar al momento de estudiar, de trabajar, y en las dem\u00e1s actividades de la vida diaria.<\/li>\n<li>\u00bfNo est\u00e1 seguro sobre qu\u00e9 tipo de dispositivo o producto de apoyo debe comprar? Contamos con expertos para estudiar sus necesidades y asesorarlo recomend\u00e1ndole la ayuda o el conjunto de ayudas m\u00e1s adecuadas \u00bfNecesitas un producto y no lo encuentras en nuestro catalogo online? Cont\u00e1ctanos para ayudarte a conseguirlo. \u00bfEres emprendedor y tienes un gran producto inclusivo que quisieras promocionar en nuestra plataforma? <a href=\"https:\/\/ayudasparatodos.com\/index.php\/contact\/\">Cont\u00e1ctanos<\/a><\/li>\n<li>Visita la secci\u00f3n sobre <a href=\"https:\/\/ayudasparatodos.com\/index.php\/como-comprar-faq\/\">\u00bfC\u00f3mo Comprar? FAQ<\/a>, en la cual encontraras de forma m\u00e1s detallada las instrucciones de como comprar, servicio de asesor\u00eda y cotizaciones, formas de pago, env\u00edos a nivel nacional e internacional, garant\u00eda y otros temas relacionados.<\/li>\n<li><span style=\"font-size: 11.5pt; font-family: Roboto; color: #626262;\">Asesor\u00eda, cotizaciones dudas y comentarios: Si tiene cualquier duda o comentario, nos puede escribir o llamar via WhatsApp agregando el numero +57 3006000144 o directamente desde este <a href=\"https:\/\/wa.me\/+573006000144\">enlace<\/a>\u00a0 <\/span><a href=\"https:\/\/wa.me\/+573006000144\"><span style=\"font-size: 11.5pt; font-family: Roboto; color: #626262;\">https:\/\/wa.me\/+573006000144<\/span><\/a><span style=\"font-size: 11.5pt; font-family: Roboto; color: #626262;\">\u00a0 \u00a0 Tambi\u00e9n puede enviarnos un correo electr\u00f3nico a la direcci\u00f3n <a href=\"mailto:ventas@ayudasparatodos.com\">ventas@ayudasparatodos.com<\/a><\/span><\/li>\n<li><strong>Pagos en Colombia por transferencia Bancolombia o Nequi. Tambi\u00e9n recibimos pagos por tarjeta cr\u00e9dito o debito. Si la alternativa de pago no esta disponible en su pa\u00eds, tambi\u00e9n puede pagar por Giro en western Union o Paypal. Favor contactarnos al correo ventas@ayudasparatodos.com para generarle un enlace de pago personalizado por el valor de los art\u00edculos + el valor del envi\u00f3 seg\u00fan su ubicaci\u00f3n y con su moneda local. Despachos a nivel nacional e internacional desde Medell\u00edn &#8211; Colombia.<\/strong><\/li>\n<\/ul>\n","protected":false},"excerpt":{"rendered":"<p>Esta b\u00e1scula de cocina\/multiusos peque\u00f1a, f\u00e1cil de usar, ergon\u00f3mica, con botones grandes y parlante (ingl\u00e9s, franc\u00e9s, alem\u00e1n o espa\u00f1ol) puede ser utilizada por cualquier persona y en cualquier lugar.<\/p>\n","protected":false},"featured_media":0,"template":"","meta":[],"product_cat":[435,437],"product_tag":[490,316,488,489,318,317],"class_list":["post-52541","product","type-product","status-publish","hentry","product_cat-ayudas-parlantes-que-hablan","product_cat-utensilios-y-ayudas-para-cocinar-discapacidad-visual","product_tag-dispositivo-productode-apoyo-ciegos-baja-vision-habla-en-espanol","product_tag-herramientas-y-productos-adaptados-para-ciegos","product_tag-sistema-parlante-habla-en-espanol-para-ciegos-baja-vision-discapacidad-visual","product_tag-tecnologia-asistiva-ciegos-parlante-habla-en-espanol","product_tag-venta-de-productos-de-apoyo-discapacidad-visual","product_tag-venta-de-productos-especializados-para-personas-ciegas-o-con-baja-vision","description-off"],"_links":{"self":[{"href":"https:\/\/ayudasparatodos.com\/index.php\/wp-json\/wp\/v3\/product\/52541"}],"collection":[{"href":"https:\/\/ayudasparatodos.com\/index.php\/wp-json\/wp\/v3\/product"}],"about":[{"href":"https:\/\/ayudasparatodos.com\/index.php\/wp-json\/wp\/v2\/types\/product"}],"wp:attachment":[{"href":"https:\/\/ayudasparatodos.com\/index.php\/wp-json\/wp\/v2\/media?parent=52541"}],"wp:term":[{"taxonomy":"product_cat","embeddable":true,"href":"https:\/\/ayudasparatodos.com\/index.php\/wp-json\/wp\/v2\/product_cat?post=52541"},{"taxonomy":"product_tag","embeddable":true,"href":"https:\/\/ayudasparatodos.com\/index.php\/wp-json\/wp\/v2\/product_tag?post=52541"}],"curies":[{"name":"wp","href":"https:\/\/api.w.org\/{rel}","templated":true}]}}