{"id":52587,"date":"2024-04-01T23:40:57","date_gmt":"2024-04-01T23:40:57","guid":{"rendered":"https:\/\/ayudasparatodos.com\/?post_type=product&#038;p=52587"},"modified":"2024-04-01T23:40:59","modified_gmt":"2024-04-01T23:40:59","slug":"abaco-cranmer-japones-cerrado-matematicas","status":"publish","type":"product","link":"https:\/\/ayudasparatodos.com\/index.php\/producto\/abaco-cranmer-japones-cerrado-matematicas\/","title":{"rendered":"\u00c1baco Cranmer Japon\u00e9s Cerrado Matem\u00e1ticas ciegos y personas con baja visi\u00f3n"},"content":{"rendered":"<p>Viene el de 13 l\u00edneas o de 15 l\u00edneas. Dos columnas adicionales de cuentas permiten calcular n\u00fameros m\u00e1s grandes y, por lo tanto, resolver ecuaciones m\u00e1s largas. El m\u00e1s peque\u00f1o es m\u00e1s Caracter\u00edsticas del producto<\/p>\n<p>Marco de pl\u00e1stico duradero con numerosas columnas de cuentas.<\/p>\n<p>Se utiliza para resolver problemas matem\u00e1ticos cuando las calculadoras no est\u00e1n disponibles o no est\u00e1n permitidas.<\/p>\n<p>Menos engorroso que Braille y papel.<\/p>\n<p>Sustituye f\u00e1cilmente al l\u00e1piz y al papel.<\/p>\n<p>Funciona muy bien para estudiantes ciegos.<\/p>\n<p>Dos tama\u00f1os disponibles: con 13 o 15 columnas.<\/p>\n<p>Ambos tama\u00f1os funcionan igual de bien para resolver problemas matem\u00e1ticos.<\/p>\n<p>Mide alrededor de 6 pulgadas por 3-1\/2 pulgadas por 1\/2 pulgadas.<\/p>\n<p>Peso del paquete: alrededor de 3,6 onzas.<\/p>\n<p>&nbsp;<\/p>\n<p>Descripci\u00f3n del Producto<\/p>\n<p>Bueno, ya sabes c\u00f3mo va. A veces, las bater\u00edas de su calculadora parlante se agotan repentinamente. De vez en cuando, no querr\u00e1s molestar a los que te rodean escuchando tu calculadora en voz alta. Y por supuesto, cuando todav\u00eda eres un ni\u00f1o en la escuela, se supone que no debes usar una calculadora para hacer tus tareas de matem\u00e1ticas&#8230;<\/p>\n<p>Este \u00e1baco de pl\u00e1stico duradero, de tama\u00f1o bolsillo, tiene numerosas columnas de cuentas que le permiten \u00abescribir\u00bb sus c\u00e1lculos. Luego, simplemente quitando y agregando cuentas a diferentes columnas, podr\u00e1s realizar un seguimiento de cada paso del problema que est\u00e1s resolviendo. En este ingenioso dispositivo se pueden realizar preguntas de suma, resta, multiplicaci\u00f3n y divisi\u00f3n, sin mencionar la b\u00fasqueda de la ra\u00edz cuadrada de un n\u00famero.<\/p>\n<p>&nbsp;<\/p>\n<p>Usar el \u00e1baco quiz\u00e1s sea mucho m\u00e1s f\u00e1cil de lo que parece. En la parte superior de cada columna hay una sola cuenta, que representa 5. Debajo hay cuatro cuentas m\u00e1s, cada una de las cuales representa un solo d\u00edgito. Al \u00abgrabar\u00bb n\u00fameros en el \u00e1baco y luego quitar cuentas o agregar otras nuevas, podr\u00e1 manipular n\u00fameros de forma independiente y realizar c\u00e1lculos b\u00e1sicos y complejos en un abrir y cerrar de ojos. Y debajo de las cuentas hay un respaldo de espuma firme y r\u00edgido, que evita que las cuentas se deslicen por s\u00ed solas. S\u00ed, el m\u00e9todo del \u00e1baco para resolver problemas aritm\u00e9ticos es el est\u00e1ndar para los estudiantes ciegos, y en las escuelas se ofrece capacitaci\u00f3n para el mismo en lugar de que los ni\u00f1os videntes resuelvan problemas a mano en papel.<\/p>\n<p>&nbsp;<\/p>\n<p>Hay dos tama\u00f1os disponibles; Ambos funcionan igualmente bien para resolver problemas matem\u00e1ticos. El dise\u00f1o m\u00e1s grande de 15 columnas simplemente permite el c\u00e1lculo de ecuaciones m\u00e1s largas.<\/p>\n<p>&nbsp;<\/p>\n<ul>\n<li>Producto importado, venta bajo pedido con pago previo por el valor total del articulo.<\/li>\n<li>FAVOR ANTES DE OFERTAR, confirmar precio actual (por variaciones del valor del d\u00f3lar) y tambi\u00e9n CONFIRMAR QUE PUEDE ESPERAR LOS TIEMPOS DE ENTREGA\u00a0 que normalmente son entre 2-4 semanas.<\/li>\n<li>Cuando recibamos el pedido en nuestra oficina en Medell\u00edn-Colombia, le enviaremos un mensaje al comprador, si se encuentra en Medell\u00edn puede pasar a recogerlo personalmente en nuestra oficina, o tambi\u00e9n podemos hacer el envios a nivel nacional o internacional (Valor del envio cargo del comprador).<\/li>\n<li>Desde Ayudas para TODOS, estamos trabajando para ofrecerles el mayor Marketplace inclusivo a nivel mundial. Reuniendo en 1 solo sitio todos los productos que puedan necesitar, m\u00e1s de 5.000 referencias de art\u00edculos especializados que puedan necesitar instituciones y personas con o sin discapacidad, para apoyar procesos de inclusi\u00f3n, ayudando a superar las barreras que se pueden presentar al momento de estudiar, de trabajar, y en las dem\u00e1s actividades de la vida diaria.<\/li>\n<li>\u00bfNo est\u00e1 seguro sobre qu\u00e9 tipo de dispositivo o producto de apoyo debe comprar? Contamos con expertos para estudiar sus necesidades y asesorarlo recomend\u00e1ndole la ayuda o el conjunto de ayudas m\u00e1s adecuadas \u00bfNecesitas un producto y no lo encuentras en nuestro catalogo online? Cont\u00e1ctanos para ayudarte a conseguirlo. \u00bfEres emprendedor y tienes un gran producto inclusivo que quisieras promocionar en nuestra plataforma? <a href=\"https:\/\/ayudasparatodos.com\/index.php\/contact\/\">Cont\u00e1ctanos<\/a><\/li>\n<li>Visita la secci\u00f3n sobre <a href=\"https:\/\/ayudasparatodos.com\/index.php\/como-comprar-faq\/\">\u00bfC\u00f3mo Comprar? FAQ<\/a>, en la cual encontraras de forma m\u00e1s detallada las instrucciones de como comprar, servicio de asesor\u00eda y cotizaciones, formas de pago, env\u00edos a nivel nacional e internacional, garant\u00eda y otros temas relacionados.<\/li>\n<li><span style=\"font-size: 11.5pt; font-family: Roboto; color: #626262;\">Asesor\u00eda, cotizaciones dudas y comentarios: Si tiene cualquier duda o comentario, nos puede escribir o llamar via WhatsApp agregando el numero +57 3006000144 o directamente desde este <a href=\"https:\/\/wa.me\/+573006000144\">enlace<\/a>\u00a0 <\/span><a href=\"https:\/\/wa.me\/+573006000144\"><span style=\"font-size: 11.5pt; font-family: Roboto; color: #626262;\">https:\/\/wa.me\/+573006000144<\/span><\/a><span style=\"font-size: 11.5pt; font-family: Roboto; color: #626262;\">\u00a0 \u00a0 Tambi\u00e9n puede enviarnos un correo electr\u00f3nico a la direcci\u00f3n <a href=\"mailto:ventas@ayudasparatodos.com\">ventas@ayudasparatodos.com<\/a><\/span><\/li>\n<li><strong>Pagos en Colombia por transferencia Bancolombia o Nequi. Tambi\u00e9n recibimos pagos por tarjeta cr\u00e9dito o debito. Si la alternativa de pago no esta disponible en su pa\u00eds, tambi\u00e9n puede pagar por Giro en western Union o Paypal. Favor contactarnos al correo ventas@ayudasparatodos.com para generarle un enlace de pago personalizado por el valor de los art\u00edculos + el valor del envi\u00f3 seg\u00fan su ubicaci\u00f3n y con su moneda local. Despachos a nivel nacional e internacional desde Medell\u00edn &#8211; Colombia.<\/strong><\/li>\n<\/ul>\n","protected":false},"excerpt":{"rendered":"<p>Viene el de 13 l\u00edneas o de 15 l\u00edneas. Dos columnas adicionales de cuentas permiten calcular n\u00fameros m\u00e1s grandes y, por lo tanto, resolver ecuaciones m\u00e1s largas. El m\u00e1s peque\u00f1o es m\u00e1s Caracter\u00edsticas del producto<\/p>\n","protected":false},"featured_media":52597,"template":"","meta":[],"product_cat":[443],"product_tag":[513,504,505,510,508,511,509,512,503,506,507,514],"class_list":["post-52587","product","type-product","status-publish","has-post-thumbnail","hentry","product_cat-educacion-y-manualidades-discapacidad-visual","product_tag-abaco-cranmer-japones-cerrado-matematicas-ciegos-y-personas-con-baja-vision","product_tag-ayudas-tecnicas-inclusion-educativa","product_tag-ayudas-tiflologicas-educativas-colegio-educacion-ciegos-baja-vision","product_tag-colegio-inclusion-ninos-estudiantes-con-discapacidad-visual","product_tag-educacion-inclusiva-ciegos","product_tag-inclusion-educativa-escuela-inclusiva-estudiantes-invidente","product_tag-inclusion-educativa-ninos-ciegos","product_tag-material-educativo-estudiantes-invidentes","product_tag-productos-de-apoyo-educacion-discapacidad-visual-inclusion-educativa","product_tag-productos-dea-poyo-educacion-ciegos-baja-vision","product_tag-productos-material-educativo-adaptado-apra-ciegos-baja-vision-inclusion-educativa-colegio-ciegos","product_tag-venta-abaco-para-ciegos-invidente-baja-vision","description-off"],"_links":{"self":[{"href":"https:\/\/ayudasparatodos.com\/index.php\/wp-json\/wp\/v3\/product\/52587"}],"collection":[{"href":"https:\/\/ayudasparatodos.com\/index.php\/wp-json\/wp\/v3\/product"}],"about":[{"href":"https:\/\/ayudasparatodos.com\/index.php\/wp-json\/wp\/v2\/types\/product"}],"wp:featuredmedia":[{"embeddable":true,"href":"https:\/\/ayudasparatodos.com\/index.php\/wp-json\/wp\/v2\/media\/52597"}],"wp:attachment":[{"href":"https:\/\/ayudasparatodos.com\/index.php\/wp-json\/wp\/v2\/media?parent=52587"}],"wp:term":[{"taxonomy":"product_cat","embeddable":true,"href":"https:\/\/ayudasparatodos.com\/index.php\/wp-json\/wp\/v2\/product_cat?post=52587"},{"taxonomy":"product_tag","embeddable":true,"href":"https:\/\/ayudasparatodos.com\/index.php\/wp-json\/wp\/v2\/product_tag?post=52587"}],"curies":[{"name":"wp","href":"https:\/\/api.w.org\/{rel}","templated":true}]}}