{"id":52589,"date":"2024-04-02T00:07:24","date_gmt":"2024-04-02T00:07:24","guid":{"rendered":"https:\/\/ayudasparatodos.com\/?post_type=product&#038;p=52589"},"modified":"2024-04-02T00:07:25","modified_gmt":"2024-04-02T00:07:25","slug":"regleta-brannan-cubarithm-cubos-matematicas","status":"publish","type":"product","link":"https:\/\/ayudasparatodos.com\/index.php\/producto\/regleta-brannan-cubarithm-cubos-matematicas\/","title":{"rendered":"Regleta Brannan Cubarithm  Cubos Matem\u00e1ticas ciegos y personas con baja visi\u00f3n"},"content":{"rendered":"<p>Bandeja de pl\u00e1stico y n\u00fameros para dise\u00f1ar problemas matem\u00e1ticos.<\/p>\n<p>&nbsp;<\/p>\n<p>Caracter\u00edsticas del producto<\/p>\n<p>Ayuda t\u00e1ctil para plantear problemas matem\u00e1ticos.<\/p>\n<p>La bandeja de pl\u00e1stico tiene una rejilla de 16 X 20 nidos para cubos.<\/p>\n<p>Incluye 100 cubos cada uno marcado con un n\u00famero en Braille.<\/p>\n<p>Peso del paquete: alrededor de 1,1 libras.<\/p>\n<p>&nbsp;<\/p>\n<p>Descripci\u00f3n del Producto<\/p>\n<p>El Cubaritmo de Brannan es una ayuda t\u00e1ctil dise\u00f1ada para ayudar a los estudiantes ciegos a plantear problemas de matem\u00e1ticas. Consiste en una bandeja de pl\u00e1stico con una red de bolsillos que sujetan c\u00f3modamente peque\u00f1os cubos Braille. Este juego incluye el tablero y 100 cubos Braille: todo lo que necesitas para empezar hoy.<\/p>\n<p>El kit Cubarithm se utiliza para representar problemas aritm\u00e9ticos, incluida la divisi\u00f3n larga y la multiplicaci\u00f3n de n\u00fameros grandes. Los cubos est\u00e1n numerados del cero al nueve en Braille y cada cubo representa un d\u00edgito. La bandeja de pl\u00e1stico est\u00e1 dividida en una cuadr\u00edcula de nidos de 16&#215;20, lo que permite un amplio espacio entre l\u00edneas incluso de ecuaciones matem\u00e1ticas complicadas. Los estudiantes colocan la bandeja frente a ellos sobre un escritorio, luego insertan cubos en los nidos para representar la ecuaci\u00f3n. Las l\u00edneas siguientes contienen partes del c\u00e1lculo, hasta llegar a la respuesta.<\/p>\n<p>&nbsp;<\/p>\n<p>Esta pizarra de ense\u00f1anza de matem\u00e1ticas en Braille sirve como herramienta para facilitar a los estudiantes la alineaci\u00f3n de los problemas matem\u00e1ticos. A muchos les resulta m\u00e1s sencillo que utilizar un Braille, ya que los n\u00fameros se pueden revisar y corregir a voluntad. Cada cubo num\u00e9rico se asemeja a un dado peque\u00f1o y tiene un peso de metal para garantizar que permanezca en su lugar. Es especialmente \u00fatil para estudiantes m\u00e1s j\u00f3venes o aquellos con dificultades de aprendizaje.<\/p>\n<p>&nbsp;<\/p>\n<p>Este producto est\u00e1 recomendado para mayores de seis a\u00f1os. No est\u00e1 destinado a ni\u00f1os menores de 5 a\u00f1os sin la supervisi\u00f3n de un adulto.<\/p>\n<p>&nbsp;<\/p>\n<ul>\n<li>Producto importado, venta bajo pedido con pago previo por el valor total del articulo.<\/li>\n<li>FAVOR ANTES DE OFERTAR, confirmar precio actual (por variaciones del valor del d\u00f3lar) y tambi\u00e9n CONFIRMAR QUE PUEDE ESPERAR LOS TIEMPOS DE ENTREGA\u00a0 que normalmente son entre 2-4 semanas.<\/li>\n<li>Cuando recibamos el pedido en nuestra oficina en Medell\u00edn-Colombia, le enviaremos un mensaje al comprador, si se encuentra en Medell\u00edn puede pasar a recogerlo personalmente en nuestra oficina, o tambi\u00e9n podemos hacer el envios a nivel nacional o internacional (Valor del envio cargo del comprador).<\/li>\n<li>Desde Ayudas para TODOS, estamos trabajando para ofrecerles el mayor Marketplace inclusivo a nivel mundial. Reuniendo en 1 solo sitio todos los productos que puedan necesitar, m\u00e1s de 5.000 referencias de art\u00edculos especializados que puedan necesitar instituciones y personas con o sin discapacidad, para apoyar procesos de inclusi\u00f3n, ayudando a superar las barreras que se pueden presentar al momento de estudiar, de trabajar, y en las dem\u00e1s actividades de la vida diaria.<\/li>\n<li>\u00bfNo est\u00e1 seguro sobre qu\u00e9 tipo de dispositivo o producto de apoyo debe comprar? Contamos con expertos para estudiar sus necesidades y asesorarlo recomend\u00e1ndole la ayuda o el conjunto de ayudas m\u00e1s adecuadas \u00bfNecesitas un producto y no lo encuentras en nuestro catalogo online? Cont\u00e1ctanos para ayudarte a conseguirlo. \u00bfEres emprendedor y tienes un gran producto inclusivo que quisieras promocionar en nuestra plataforma? <a href=\"https:\/\/ayudasparatodos.com\/index.php\/contact\/\">Cont\u00e1ctanos<\/a><\/li>\n<li>Visita la secci\u00f3n sobre <a href=\"https:\/\/ayudasparatodos.com\/index.php\/como-comprar-faq\/\">\u00bfC\u00f3mo Comprar? FAQ<\/a>, en la cual encontraras de forma m\u00e1s detallada las instrucciones de como comprar, servicio de asesor\u00eda y cotizaciones, formas de pago, env\u00edos a nivel nacional e internacional, garant\u00eda y otros temas relacionados.<\/li>\n<li><span style=\"font-size: 11.5pt; font-family: Roboto; color: #626262;\">Asesor\u00eda, cotizaciones dudas y comentarios: Si tiene cualquier duda o comentario, nos puede escribir o llamar via WhatsApp agregando el numero +57 3006000144 o directamente desde este <a href=\"https:\/\/wa.me\/+573006000144\">enlace<\/a>\u00a0 <\/span><a href=\"https:\/\/wa.me\/+573006000144\"><span style=\"font-size: 11.5pt; font-family: Roboto; color: #626262;\">https:\/\/wa.me\/+573006000144<\/span><\/a><span style=\"font-size: 11.5pt; font-family: Roboto; color: #626262;\">\u00a0 \u00a0 Tambi\u00e9n puede enviarnos un correo electr\u00f3nico a la direcci\u00f3n <a href=\"mailto:ventas@ayudasparatodos.com\">ventas@ayudasparatodos.com<\/a><\/span><\/li>\n<li><strong>Pagos en Colombia por transferencia Bancolombia o Nequi. Tambi\u00e9n recibimos pagos por tarjeta cr\u00e9dito o debito. Si la alternativa de pago no esta disponible en su pa\u00eds, tambi\u00e9n puede pagar por Giro en western Union o Paypal. Favor contactarnos al correo ventas@ayudasparatodos.com para generarle un enlace de pago personalizado por el valor de los art\u00edculos + el valor del envi\u00f3 seg\u00fan su ubicaci\u00f3n y con su moneda local. Despachos a nivel nacional e internacional desde Medell\u00edn &#8211; Colombia.<\/strong><\/li>\n<\/ul>\n","protected":false},"excerpt":{"rendered":"<p>Bandeja de pl\u00e1stico y n\u00fameros para dise\u00f1ar problemas matem\u00e1ticos.<\/p>\n","protected":false},"featured_media":0,"template":"","meta":[],"product_cat":[443],"product_tag":[504,505,510,508,511,509,512,503,506,507,516],"class_list":["post-52589","product","type-product","status-publish","hentry","product_cat-educacion-y-manualidades-discapacidad-visual","product_tag-ayudas-tecnicas-inclusion-educativa","product_tag-ayudas-tiflologicas-educativas-colegio-educacion-ciegos-baja-vision","product_tag-colegio-inclusion-ninos-estudiantes-con-discapacidad-visual","product_tag-educacion-inclusiva-ciegos","product_tag-inclusion-educativa-escuela-inclusiva-estudiantes-invidente","product_tag-inclusion-educativa-ninos-ciegos","product_tag-material-educativo-estudiantes-invidentes","product_tag-productos-de-apoyo-educacion-discapacidad-visual-inclusion-educativa","product_tag-productos-dea-poyo-educacion-ciegos-baja-vision","product_tag-productos-material-educativo-adaptado-apra-ciegos-baja-vision-inclusion-educativa-colegio-ciegos","product_tag-regleta-brannan-cubarithm-cubos-matematicas-ciegos-y-personas-con-baja-vision","description-off"],"_links":{"self":[{"href":"https:\/\/ayudasparatodos.com\/index.php\/wp-json\/wp\/v3\/product\/52589"}],"collection":[{"href":"https:\/\/ayudasparatodos.com\/index.php\/wp-json\/wp\/v3\/product"}],"about":[{"href":"https:\/\/ayudasparatodos.com\/index.php\/wp-json\/wp\/v2\/types\/product"}],"wp:attachment":[{"href":"https:\/\/ayudasparatodos.com\/index.php\/wp-json\/wp\/v2\/media?parent=52589"}],"wp:term":[{"taxonomy":"product_cat","embeddable":true,"href":"https:\/\/ayudasparatodos.com\/index.php\/wp-json\/wp\/v2\/product_cat?post=52589"},{"taxonomy":"product_tag","embeddable":true,"href":"https:\/\/ayudasparatodos.com\/index.php\/wp-json\/wp\/v2\/product_tag?post=52589"}],"curies":[{"name":"wp","href":"https:\/\/api.w.org\/{rel}","templated":true}]}}