{"id":52591,"date":"2024-04-02T00:44:29","date_gmt":"2024-04-02T00:44:29","guid":{"rendered":"https:\/\/ayudasparatodos.com\/?post_type=product&#038;p=52591"},"modified":"2024-04-02T00:44:30","modified_gmt":"2024-04-02T00:44:30","slug":"kit-2-reglas-clasicas-con-braille","status":"publish","type":"product","link":"https:\/\/ayudasparatodos.com\/index.php\/producto\/kit-2-reglas-clasicas-con-braille\/","title":{"rendered":"Kit 2 Reglas Cl\u00e1sicas con braille Matem\u00e1ticas ciegos y personas con baja visi\u00f3n"},"content":{"rendered":"<p>La oferta incluye 2 unidades de Regla de pl\u00e1stico de 12 pulgadas con marcas cada 1\/8 de pulgada<\/p>\n<p>Caracter\u00edsticas del producto<\/p>\n<p>Medidas tanto en pulgadas como en cent\u00edmetros.<\/p>\n<p>Las l\u00edneas t\u00e1ctiles y los n\u00fameros en Braille hacen que las mediciones sean claras y f\u00e1ciles de realizar.<\/p>\n<p>Pulgadas de un lado; cent\u00edmetros por el otro.<\/p>\n<p>Pl\u00e1stico duro y duradero.<\/p>\n<p>Mide alrededor de 12 pulgadas por 1-1\/2 pulgadas.<\/p>\n<p>Peso del paquete: aproximadamente 1,2 onzas.<\/p>\n<p>&nbsp;<\/p>\n<p>Descripci\u00f3n del Producto<\/p>\n<p>\u00a1Aqu\u00ed tienes una peque\u00f1a y \u00fatil herramienta! En esta regla de pl\u00e1stico duro de doce pulgadas, l\u00edneas t\u00e1ctiles f\u00e1ciles de usar separan cada pulgada y, de hecho, se pueden usar l\u00edneas m\u00e1s cortas de diferentes longitudes para se\u00f1alar medidas al octavo de pulgada m\u00e1s cercano. Adem\u00e1s, los n\u00fameros Braille se encuentran en cada incremento de una pulgada. Finalmente, al otro lado de la regla y separados por una l\u00ednea grabada se encuentran marcas y n\u00fameros en Braille en cent\u00edmetros para nuestros clientes canadienses y europeos. Conf\u00ede en nosotros: ser\u00e1 dif\u00edcil medir todos los usos \u00fanicos que encontrar\u00e1 para esta regla atractiva y duradera, \u00a1incluso una vez que la tenga en sus manos!<\/p>\n<p>&nbsp;<\/p>\n<ul>\n<li>Producto importado, venta bajo pedido con pago previo por el valor total del articulo.<\/li>\n<li>FAVOR ANTES DE OFERTAR, confirmar precio actual (por variaciones del valor del d\u00f3lar) y tambi\u00e9n CONFIRMAR QUE PUEDE ESPERAR LOS TIEMPOS DE ENTREGA\u00a0 que normalmente son entre 2-4 semanas.<\/li>\n<li>Cuando recibamos el pedido en nuestra oficina en Medell\u00edn-Colombia, le enviaremos un mensaje al comprador, si se encuentra en Medell\u00edn puede pasar a recogerlo personalmente en nuestra oficina, o tambi\u00e9n podemos hacer el envios a nivel nacional o internacional (Valor del envio cargo del comprador).<\/li>\n<li>Desde Ayudas para TODOS, estamos trabajando para ofrecerles el mayor Marketplace inclusivo a nivel mundial. Reuniendo en 1 solo sitio todos los productos que puedan necesitar, m\u00e1s de 5.000 referencias de art\u00edculos especializados que puedan necesitar instituciones y personas con o sin discapacidad, para apoyar procesos de inclusi\u00f3n, ayudando a superar las barreras que se pueden presentar al momento de estudiar, de trabajar, y en las dem\u00e1s actividades de la vida diaria.<\/li>\n<li>\u00bfNo est\u00e1 seguro sobre qu\u00e9 tipo de dispositivo o producto de apoyo debe comprar? Contamos con expertos para estudiar sus necesidades y asesorarlo recomend\u00e1ndole la ayuda o el conjunto de ayudas m\u00e1s adecuadas \u00bfNecesitas un producto y no lo encuentras en nuestro catalogo online? Cont\u00e1ctanos para ayudarte a conseguirlo. \u00bfEres emprendedor y tienes un gran producto inclusivo que quisieras promocionar en nuestra plataforma? <a href=\"https:\/\/ayudasparatodos.com\/index.php\/contact\/\">Cont\u00e1ctanos<\/a><\/li>\n<li>Visita la secci\u00f3n sobre <a href=\"https:\/\/ayudasparatodos.com\/index.php\/como-comprar-faq\/\">\u00bfC\u00f3mo Comprar? FAQ<\/a>, en la cual encontraras de forma m\u00e1s detallada las instrucciones de como comprar, servicio de asesor\u00eda y cotizaciones, formas de pago, env\u00edos a nivel nacional e internacional, garant\u00eda y otros temas relacionados.<\/li>\n<li><span style=\"font-size: 11.5pt; font-family: Roboto; color: #626262;\">Asesor\u00eda, cotizaciones dudas y comentarios: Si tiene cualquier duda o comentario, nos puede escribir o llamar via WhatsApp agregando el numero +57 3006000144 o directamente desde este <a href=\"https:\/\/wa.me\/+573006000144\">enlace<\/a>\u00a0 <\/span><a href=\"https:\/\/wa.me\/+573006000144\"><span style=\"font-size: 11.5pt; font-family: Roboto; color: #626262;\">https:\/\/wa.me\/+573006000144<\/span><\/a><span style=\"font-size: 11.5pt; font-family: Roboto; color: #626262;\">\u00a0 \u00a0 Tambi\u00e9n puede enviarnos un correo electr\u00f3nico a la direcci\u00f3n <a href=\"mailto:ventas@ayudasparatodos.com\">ventas@ayudasparatodos.com<\/a><\/span><\/li>\n<li><strong>Pagos en Colombia por transferencia Bancolombia o Nequi. Tambi\u00e9n recibimos pagos por tarjeta cr\u00e9dito o debito. Si la alternativa de pago no esta disponible en su pa\u00eds, tambi\u00e9n puede pagar por Giro en western Union o Paypal. Favor contactarnos al correo ventas@ayudasparatodos.com para generarle un enlace de pago personalizado por el valor de los art\u00edculos + el valor del envi\u00f3 seg\u00fan su ubicaci\u00f3n y con su moneda local. Despachos a nivel nacional e internacional desde Medell\u00edn &#8211; Colombia.<\/strong><\/li>\n<\/ul>\n","protected":false},"excerpt":{"rendered":"<p>La oferta incluye 2 unidades de Regla de pl\u00e1stico de 12 pulgadas con marcas cada 1\/8 de pulgada<\/p>\n","protected":false},"featured_media":52604,"template":"","meta":[],"product_cat":[443],"product_tag":[504,505,510,508,511,509,518,512,519,503,506,507],"class_list":["post-52591","product","type-product","status-publish","has-post-thumbnail","hentry","product_cat-educacion-y-manualidades-discapacidad-visual","product_tag-ayudas-tecnicas-inclusion-educativa","product_tag-ayudas-tiflologicas-educativas-colegio-educacion-ciegos-baja-vision","product_tag-colegio-inclusion-ninos-estudiantes-con-discapacidad-visual","product_tag-educacion-inclusiva-ciegos","product_tag-inclusion-educativa-escuela-inclusiva-estudiantes-invidente","product_tag-inclusion-educativa-ninos-ciegos","product_tag-kit-2-reglas-clasicas-con-braille-matematicas-ciegos-y-personas-con-baja-vision","product_tag-material-educativo-estudiantes-invidentes","product_tag-material-educativo-geometria-para-ninos-ciegos","product_tag-productos-de-apoyo-educacion-discapacidad-visual-inclusion-educativa","product_tag-productos-dea-poyo-educacion-ciegos-baja-vision","product_tag-productos-material-educativo-adaptado-apra-ciegos-baja-vision-inclusion-educativa-colegio-ciegos","description-off"],"_links":{"self":[{"href":"https:\/\/ayudasparatodos.com\/index.php\/wp-json\/wp\/v3\/product\/52591"}],"collection":[{"href":"https:\/\/ayudasparatodos.com\/index.php\/wp-json\/wp\/v3\/product"}],"about":[{"href":"https:\/\/ayudasparatodos.com\/index.php\/wp-json\/wp\/v2\/types\/product"}],"wp:featuredmedia":[{"embeddable":true,"href":"https:\/\/ayudasparatodos.com\/index.php\/wp-json\/wp\/v2\/media\/52604"}],"wp:attachment":[{"href":"https:\/\/ayudasparatodos.com\/index.php\/wp-json\/wp\/v2\/media?parent=52591"}],"wp:term":[{"taxonomy":"product_cat","embeddable":true,"href":"https:\/\/ayudasparatodos.com\/index.php\/wp-json\/wp\/v2\/product_cat?post=52591"},{"taxonomy":"product_tag","embeddable":true,"href":"https:\/\/ayudasparatodos.com\/index.php\/wp-json\/wp\/v2\/product_tag?post=52591"}],"curies":[{"name":"wp","href":"https:\/\/api.w.org\/{rel}","templated":true}]}}