{"id":52592,"date":"2024-04-02T01:09:42","date_gmt":"2024-04-02T01:09:42","guid":{"rendered":"https:\/\/ayudasparatodos.com\/?post_type=product&#038;p=52592"},"modified":"2024-04-02T01:09:44","modified_gmt":"2024-04-02T01:09:44","slug":"kit-3-reglas-braille-con-numeros-grandes-alto-contraste","status":"publish","type":"product","link":"https:\/\/ayudasparatodos.com\/index.php\/producto\/kit-3-reglas-braille-con-numeros-grandes-alto-contraste\/","title":{"rendered":"Kit 3 Reglas Braille con n\u00fameros grandes alto contraste Matem\u00e1ticas ciegos y estudiantes con baja visi\u00f3n"},"content":{"rendered":"<p>La oferta incluye 3 unidades de Regla de pl\u00e1stico flexible, n\u00fameros impresos alto contraste y en braille<\/p>\n<p>&nbsp;<\/p>\n<p>Caracter\u00edsticas del producto<\/p>\n<p>Marcas t\u00e1ctiles con n\u00fameros impresos y en Braille.<\/p>\n<p>Cuenta con pl\u00e1stico flexible para que puedas medir \u00e1ngulos f\u00e1cilmente.<\/p>\n<p>Tama\u00f1o port\u00e1til de 6 pulgadas.<\/p>\n<p>Peso del paquete: aproximadamente 1,2 onzas.<\/p>\n<p>&nbsp;<\/p>\n<p>Descripci\u00f3n del Producto<\/p>\n<p>\u00bfAlguna vez has intentado medir las esquinas con una regla de pl\u00e1stico duro? No funciona demasiado bien. Adem\u00e1s, aunque nuestras reglas cl\u00e1sicas son excelentes para personas ciegas, la falta de impresi\u00f3n las convierte en una opci\u00f3n menos ideal para personas con baja visi\u00f3n.<\/p>\n<p>Nuestra regla Braille impresa resuelve ambos problemas. En primer lugar, est\u00e1 hecha de un material pl\u00e1stico flexible, lo que significa que su nueva regla es lo suficientemente flexible como para medir \u00e1ngulos pero lo suficientemente fuerte como para no romperse con el uso. Las marcas t\u00e1ctiles aseguran una medici\u00f3n precisa, incluso hasta 1\/8 de pulgada. Por \u00faltimo, pero no menos importante, la regla tiene Braille en relieve y n\u00fameros en letra grande, por lo que todos podr\u00e1n usarla sin contar l\u00edneas ni adivinar los resultados.<\/p>\n<p>&nbsp;<\/p>\n<p>Una regla de seis pulgadas (con marcas t\u00e1ctiles cada octavo de pulgada), esta es nuestra regla ultraport\u00e1til para estudiantes en movimiento y viajeros a quienes les gusta estar preparados.<\/p>\n<p>&nbsp;<\/p>\n<ul>\n<li>Producto importado, venta bajo pedido con pago previo por el valor total del articulo.<\/li>\n<li>FAVOR ANTES DE OFERTAR, confirmar precio actual (por variaciones del valor del d\u00f3lar) y tambi\u00e9n CONFIRMAR QUE PUEDE ESPERAR LOS TIEMPOS DE ENTREGA\u00a0 que normalmente son entre 2-4 semanas.<\/li>\n<li>Cuando recibamos el pedido en nuestra oficina en Medell\u00edn-Colombia, le enviaremos un mensaje al comprador, si se encuentra en Medell\u00edn puede pasar a recogerlo personalmente en nuestra oficina, o tambi\u00e9n podemos hacer el envios a nivel nacional o internacional (Valor del envio cargo del comprador).<\/li>\n<li>Desde Ayudas para TODOS, estamos trabajando para ofrecerles el mayor Marketplace inclusivo a nivel mundial. Reuniendo en 1 solo sitio todos los productos que puedan necesitar, m\u00e1s de 5.000 referencias de art\u00edculos especializados que puedan necesitar instituciones y personas con o sin discapacidad, para apoyar procesos de inclusi\u00f3n, ayudando a superar las barreras que se pueden presentar al momento de estudiar, de trabajar, y en las dem\u00e1s actividades de la vida diaria.<\/li>\n<li>\u00bfNo est\u00e1 seguro sobre qu\u00e9 tipo de dispositivo o producto de apoyo debe comprar? Contamos con expertos para estudiar sus necesidades y asesorarlo recomend\u00e1ndole la ayuda o el conjunto de ayudas m\u00e1s adecuadas \u00bfNecesitas un producto y no lo encuentras en nuestro catalogo online? Cont\u00e1ctanos para ayudarte a conseguirlo. \u00bfEres emprendedor y tienes un gran producto inclusivo que quisieras promocionar en nuestra plataforma? <a href=\"https:\/\/ayudasparatodos.com\/index.php\/contact\/\">Cont\u00e1ctanos<\/a><\/li>\n<li>Visita la secci\u00f3n sobre <a href=\"https:\/\/ayudasparatodos.com\/index.php\/como-comprar-faq\/\">\u00bfC\u00f3mo Comprar? FAQ<\/a>, en la cual encontraras de forma m\u00e1s detallada las instrucciones de como comprar, servicio de asesor\u00eda y cotizaciones, formas de pago, env\u00edos a nivel nacional e internacional, garant\u00eda y otros temas relacionados.<\/li>\n<li><span style=\"font-size: 11.5pt; font-family: Roboto; color: #626262;\">Asesor\u00eda, cotizaciones dudas y comentarios: Si tiene cualquier duda o comentario, nos puede escribir o llamar via WhatsApp agregando el numero +57 3006000144 o directamente desde este <a href=\"https:\/\/wa.me\/+573006000144\">enlace<\/a>\u00a0 <\/span><a href=\"https:\/\/wa.me\/+573006000144\"><span style=\"font-size: 11.5pt; font-family: Roboto; color: #626262;\">https:\/\/wa.me\/+573006000144<\/span><\/a><span style=\"font-size: 11.5pt; font-family: Roboto; color: #626262;\">\u00a0 \u00a0 Tambi\u00e9n puede enviarnos un correo electr\u00f3nico a la direcci\u00f3n <a href=\"mailto:ventas@ayudasparatodos.com\">ventas@ayudasparatodos.com<\/a><\/span><\/li>\n<li><strong>Pagos en Colombia por transferencia Bancolombia o Nequi. Tambi\u00e9n recibimos pagos por tarjeta cr\u00e9dito o debito. Si la alternativa de pago no esta disponible en su pa\u00eds, tambi\u00e9n puede pagar por Giro en western Union o Paypal. Favor contactarnos al correo ventas@ayudasparatodos.com para generarle un enlace de pago personalizado por el valor de los art\u00edculos + el valor del envi\u00f3 seg\u00fan su ubicaci\u00f3n y con su moneda local. Despachos a nivel nacional e internacional desde Medell\u00edn &#8211; Colombia.<\/strong><\/li>\n<\/ul>\n","protected":false},"excerpt":{"rendered":"<p>La oferta incluye 3 unidades de Regla de pl\u00e1stico flexible, n\u00fameros impresos alto contraste y en braille<\/p>\n","protected":false},"featured_media":52605,"template":"","meta":[],"product_cat":[443],"product_tag":[504,505,510,508,511,509,520,512,503,506,507],"class_list":["post-52592","product","type-product","status-publish","has-post-thumbnail","hentry","product_cat-educacion-y-manualidades-discapacidad-visual","product_tag-ayudas-tecnicas-inclusion-educativa","product_tag-ayudas-tiflologicas-educativas-colegio-educacion-ciegos-baja-vision","product_tag-colegio-inclusion-ninos-estudiantes-con-discapacidad-visual","product_tag-educacion-inclusiva-ciegos","product_tag-inclusion-educativa-escuela-inclusiva-estudiantes-invidente","product_tag-inclusion-educativa-ninos-ciegos","product_tag-kit-3-reglas-braille-con-numeros-grandes-alto-contraste-matematicas-ciegos-y-estudiantes-con-baja-vision","product_tag-material-educativo-estudiantes-invidentes","product_tag-productos-de-apoyo-educacion-discapacidad-visual-inclusion-educativa","product_tag-productos-dea-poyo-educacion-ciegos-baja-vision","product_tag-productos-material-educativo-adaptado-apra-ciegos-baja-vision-inclusion-educativa-colegio-ciegos","description-off"],"_links":{"self":[{"href":"https:\/\/ayudasparatodos.com\/index.php\/wp-json\/wp\/v3\/product\/52592"}],"collection":[{"href":"https:\/\/ayudasparatodos.com\/index.php\/wp-json\/wp\/v3\/product"}],"about":[{"href":"https:\/\/ayudasparatodos.com\/index.php\/wp-json\/wp\/v2\/types\/product"}],"wp:featuredmedia":[{"embeddable":true,"href":"https:\/\/ayudasparatodos.com\/index.php\/wp-json\/wp\/v2\/media\/52605"}],"wp:attachment":[{"href":"https:\/\/ayudasparatodos.com\/index.php\/wp-json\/wp\/v2\/media?parent=52592"}],"wp:term":[{"taxonomy":"product_cat","embeddable":true,"href":"https:\/\/ayudasparatodos.com\/index.php\/wp-json\/wp\/v2\/product_cat?post=52592"},{"taxonomy":"product_tag","embeddable":true,"href":"https:\/\/ayudasparatodos.com\/index.php\/wp-json\/wp\/v2\/product_tag?post=52592"}],"curies":[{"name":"wp","href":"https:\/\/api.w.org\/{rel}","templated":true}]}}