{"id":52609,"date":"2024-04-02T02:14:43","date_gmt":"2024-04-02T02:14:43","guid":{"rendered":"https:\/\/ayudasparatodos.com\/?post_type=product&#038;p=52609"},"modified":"2024-04-02T02:14:45","modified_gmt":"2024-04-02T02:14:45","slug":"reproductor-de-mp3-hablaen-ingles-grabadora-audios-y-lector-ebooks","status":"publish","type":"product","link":"https:\/\/ayudasparatodos.com\/index.php\/producto\/reproductor-de-mp3-hablaen-ingles-grabadora-audios-y-lector-ebooks\/","title":{"rendered":"Reproductor de MP3 Habla(En Ingles) Grabadora audios y Lector Ebooks ciegos y personas con baja visi\u00f3n"},"content":{"rendered":"<p>Reproductor de m\u00fasica parlante, grabador y lector de libros electr\u00f3nicos<\/p>\n<p>&nbsp;<\/p>\n<p>Caracter\u00edsticas del producto<\/p>\n<p>El dispositivo port\u00e1til reproduce m\u00fasica en todos los formatos de audio comunes.<\/p>\n<p>Totalmente compatible con audiolibros DAISY, incluidos los descargados de Bookshare.<\/p>\n<p>Aproximadamente del tama\u00f1o de un tel\u00e9fono celular y pesa menos de 4 onzas.<\/p>\n<p>Botones grandes y t\u00e1ctiles que son f\u00e1ciles de sentir.<\/p>\n<p>Los botones cuentan con marcas t\u00e1ctiles para distinguirlos al tacto.<\/p>\n<p>Comentarios audibles para cada funci\u00f3n y caracter\u00edstica, 100% accesibles para personas ciegas.<\/p>\n<p>Utiliza algunos de los mejores discursos sint\u00e9ticos que jam\u00e1s hayas escuchado.<\/p>\n<p>Escuche con auriculares o en el altavoz incorporado.<\/p>\n<p>La memoria incorporada tiene capacidad para 6 GB (2000 canciones o 100 horas de grabaci\u00f3n).<\/p>\n<p>Admite tarjetas de memoria SD est\u00e1ndar de hasta 32 GB.<\/p>\n<p>La grabadora puede utilizar un micr\u00f3fono interno o externo.<\/p>\n<p>Radio FM integrada, calculadora, br\u00fajula y funci\u00f3n de bloqueo de teclas.<\/p>\n<p>Tiene un reloj parlante, 5 alarmas diarias y una funci\u00f3n opcional de informe por hora.<\/p>\n<p>Cuenta con conectores USB y para auriculares de tama\u00f1o est\u00e1ndar.<\/p>\n<p>Ofrece recordatorios de voz.<\/p>\n<p>Admite radio por Internet y podcasts a trav\u00e9s de WiFi.<\/p>\n<p>Viene completo con cable USB y auriculares.<\/p>\n<p>Construcci\u00f3n robusta y moderna con carcasa resistente a los golpes.<\/p>\n<p>Innovador y rompedor, vers\u00e1til y asequible.<\/p>\n<p>Peso del paquete: alrededor de 14,8 onzas.<\/p>\n<p>Descripci\u00f3n del Producto<\/p>\n<p>El reproductor MP3 parlante Baykel es una revoluci\u00f3n en dise\u00f1o e ingenier\u00eda. Utilizando voz con sonido real para guiarle a trav\u00e9s de los distintos men\u00fas, opciones, nombres de archivos y selecciones, cada \u00e1rea de este reproductor es totalmente accesible para usuarios ciegos. La disposici\u00f3n de los botones hace que cada funci\u00f3n sea extremadamente sencilla de utilizar, y cada tecla es f\u00e1cil de sentir y presionar al tacto. El reproductor es peque\u00f1o, mide poco m\u00e1s de media pulgada de grosor y pesa menos de 3 onzas. Lleve consigo su m\u00e1quina de discos, lector de libros, reloj, grabadora, br\u00fajula y calculadora con un dispositivo peque\u00f1o y potente. Est\u00e1 repleto de funciones avanzadas y equipado con algunas de las mejores voces sint\u00e9ticas que jam\u00e1s hayas escuchado.<\/p>\n<p>Selecciona el \u00e1lbum que quieres escuchar para tu paseo vespertino. Haga una pausa para grabar una nota para m\u00e1s tarde y luego escuche la radio de camino a casa. Rel\u00e1jate un rato con tu libro electr\u00f3nico favorito, luego cambia a Grabaciones y reproduce la famosa receta de galletas de mam\u00e1. Cada t\u00edtulo de canci\u00f3n, cada opci\u00f3n de men\u00fa y cada p\u00e1gina de su libro electr\u00f3nico se pronuncia en voz alta. Todo es posible gracias a un dispositivo extraordinario: el reproductor MP3 parlante Baykel.<\/p>\n<p>&nbsp;<\/p>\n<p>La lista de funciones que ofrece su nuevo reproductor es impresionante. El dispositivo cuenta con 6 gigabytes de almacenamiento interno y admite tarjetas de memoria SD cinco veces ese tama\u00f1o. Puede escuchar con auriculares o con el altavoz incorporado, y tambi\u00e9n hay un conector de entrada de l\u00ednea si no desea utilizar el micr\u00f3fono integrado. Puede configurar tantos marcadores como desee, desde la mitad de una canci\u00f3n hasta un punto particular de un libro electr\u00f3nico. Los libros audibles de Daisy son totalmente compatibles y cuentan con navegaci\u00f3n avanzada. Las herramientas incluyen radio FM, calculadora, br\u00fajula, recordatorios de voz y funci\u00f3n de bloqueo de teclas. El reloj parlante dice la hora y la fecha, completo con cinco alarmas diarias y una funci\u00f3n opcional de informe por hora.<\/p>\n<p>Un men\u00fa de administraci\u00f3n de archivos le permite eliminar o mover archivos directamente desde el reproductor. El procesador de se\u00f1al digital le permite personalizar su m\u00fasica con un ecualizador configurable y un sistema de recuperaci\u00f3n de sonido. Las grabaciones de voz se pueden copiar a su computadora y reproducir en cualquier programa. Los formatos de grabaci\u00f3n seleccionables por el usuario incluyen configuraciones para Wav y MP3. El modo A-B te permite repetir un estribillo de una canci\u00f3n o una frase de una grabaci\u00f3n. Incluso hay modos de reproducci\u00f3n para reproducir aleatoriamente o repetir pistas. Escuche podcasts o estaciones de radio por Internet en tiempo real utilizando el soporte Wi-Fi integrado.<\/p>\n<p>&nbsp;<\/p>\n<p>Este reproductor MP3 parlante es peque\u00f1o, m\u00e1s peque\u00f1o que muchos de los tel\u00e9fonos celulares actuales y pesa menos de cuatro onzas. Reproduce todos los archivos de m\u00fasica est\u00e1ndar, mantiene la estructura de archivos original, tiene una grabadora de voz incorporada, lee libros electr\u00f3nicos e incluso cuenta con una radio FM. Todas estas caracter\u00edsticas son impresionantes, pero el hecho de que cada funci\u00f3n habla hace que este reproductor valga su peso en oro. La m\u00fasica digital y los libros electr\u00f3nicos han redefinido por completo el entretenimiento moderno. \u00danase a la diversi\u00f3n con un dispositivo peque\u00f1o que cuenta con un potente conjunto de funciones.<\/p>\n<p>&nbsp;<\/p>\n<p>El reproductor funciona con una bater\u00eda interna de iones de litio. Tenga en cuenta que, si bien se admiten libros de Bookshare, este dispositivo no reproducir\u00e1 audiolibros de Audible.com o NLS.<\/p>\n<p>&nbsp;<\/p>\n<ul>\n<li>Producto importado, venta bajo pedido con pago previo por el valor total del articulo.<\/li>\n<li>FAVOR ANTES DE OFERTAR, confirmar precio actual (por variaciones del valor del d\u00f3lar) y tambi\u00e9n CONFIRMAR QUE PUEDE ESPERAR LOS TIEMPOS DE ENTREGA\u00a0 que normalmente son entre 2-4 semanas.<\/li>\n<li>Cuando recibamos el pedido en nuestra oficina en Medell\u00edn-Colombia, le enviaremos un mensaje al comprador, si se encuentra en Medell\u00edn puede pasar a recogerlo personalmente en nuestra oficina, o tambi\u00e9n podemos hacer el envios a nivel nacional o internacional (Valor del envio cargo del comprador).<\/li>\n<li>Desde Ayudas para TODOS, estamos trabajando para ofrecerles el mayor Marketplace inclusivo a nivel mundial. Reuniendo en 1 solo sitio todos los productos que puedan necesitar, m\u00e1s de 5.000 referencias de art\u00edculos especializados que puedan necesitar instituciones y personas con o sin discapacidad, para apoyar procesos de inclusi\u00f3n, ayudando a superar las barreras que se pueden presentar al momento de estudiar, de trabajar, y en las dem\u00e1s actividades de la vida diaria.<\/li>\n<li>\u00bfNo est\u00e1 seguro sobre qu\u00e9 tipo de dispositivo o producto de apoyo debe comprar? Contamos con expertos para estudiar sus necesidades y asesorarlo recomend\u00e1ndole la ayuda o el conjunto de ayudas m\u00e1s adecuadas \u00bfNecesitas un producto y no lo encuentras en nuestro catalogo online? Cont\u00e1ctanos para ayudarte a conseguirlo. \u00bfEres emprendedor y tienes un gran producto inclusivo que quisieras promocionar en nuestra plataforma? <a href=\"https:\/\/ayudasparatodos.com\/index.php\/contact\/\">Cont\u00e1ctanos<\/a><\/li>\n<li>Visita la secci\u00f3n sobre <a href=\"https:\/\/ayudasparatodos.com\/index.php\/como-comprar-faq\/\">\u00bfC\u00f3mo Comprar? FAQ<\/a>, en la cual encontraras de forma m\u00e1s detallada las instrucciones de como comprar, servicio de asesor\u00eda y cotizaciones, formas de pago, env\u00edos a nivel nacional e internacional, garant\u00eda y otros temas relacionados.<\/li>\n<li><span style=\"font-size: 11.5pt; font-family: Roboto; color: #626262;\">Asesor\u00eda, cotizaciones dudas y comentarios: Si tiene cualquier duda o comentario, nos puede escribir o llamar via WhatsApp agregando el numero +57 3006000144 o directamente desde este <a href=\"https:\/\/wa.me\/+573006000144\">enlace<\/a>\u00a0 <\/span><a href=\"https:\/\/wa.me\/+573006000144\"><span style=\"font-size: 11.5pt; font-family: Roboto; color: #626262;\">https:\/\/wa.me\/+573006000144<\/span><\/a><span style=\"font-size: 11.5pt; font-family: Roboto; color: #626262;\">\u00a0 \u00a0 Tambi\u00e9n puede enviarnos un correo electr\u00f3nico a la direcci\u00f3n <a href=\"mailto:ventas@ayudasparatodos.com\">ventas@ayudasparatodos.com<\/a><\/span><\/li>\n<li><strong>Pagos en Colombia por transferencia Bancolombia o Nequi. Tambi\u00e9n recibimos pagos por tarjeta cr\u00e9dito o debito. Si la alternativa de pago no esta disponible en su pa\u00eds, tambi\u00e9n puede pagar por Giro en western Union o Paypal. Favor contactarnos al correo ventas@ayudasparatodos.com para generarle un enlace de pago personalizado por el valor de los art\u00edculos + el valor del envi\u00f3 seg\u00fan su ubicaci\u00f3n y con su moneda local. Despachos a nivel nacional e internacional desde Medell\u00edn &#8211; Colombia.<\/strong><\/li>\n<\/ul>\n","protected":false},"excerpt":{"rendered":"<p>Reproductor de m\u00fasica parlante, grabador y lector de libros electr\u00f3nicos<\/p>\n","protected":false},"featured_media":52619,"template":"","meta":[],"product_cat":[440],"product_tag":[522,524,527,523],"class_list":["post-52609","product","type-product","status-publish","has-post-thumbnail","hentry","product_cat-electronicos-y-grabadoras-de-audio-discapacidad-visual","product_tag-grabadoras-de-audio-notas-recordatorios-ciegos-baja-vision-invidentes","product_tag-productos-de-apoyo-discapaciad-visual-tecnologia-asistiva-ciegos-baja-vision-invidentes","product_tag-reproductor-de-mp3-hablaen-ingles-grabadora-audios-y-lector-ebooks-ciegos-y-personas-con-baja-vision","product_tag-reproductores-de-mp3-grabadora-notas-mensajes-clase-educacion","description-off"],"_links":{"self":[{"href":"https:\/\/ayudasparatodos.com\/index.php\/wp-json\/wp\/v3\/product\/52609"}],"collection":[{"href":"https:\/\/ayudasparatodos.com\/index.php\/wp-json\/wp\/v3\/product"}],"about":[{"href":"https:\/\/ayudasparatodos.com\/index.php\/wp-json\/wp\/v2\/types\/product"}],"wp:featuredmedia":[{"embeddable":true,"href":"https:\/\/ayudasparatodos.com\/index.php\/wp-json\/wp\/v2\/media\/52619"}],"wp:attachment":[{"href":"https:\/\/ayudasparatodos.com\/index.php\/wp-json\/wp\/v2\/media?parent=52609"}],"wp:term":[{"taxonomy":"product_cat","embeddable":true,"href":"https:\/\/ayudasparatodos.com\/index.php\/wp-json\/wp\/v2\/product_cat?post=52609"},{"taxonomy":"product_tag","embeddable":true,"href":"https:\/\/ayudasparatodos.com\/index.php\/wp-json\/wp\/v2\/product_tag?post=52609"}],"curies":[{"name":"wp","href":"https:\/\/api.w.org\/{rel}","templated":true}]}}