{"id":52628,"date":"2024-04-03T02:07:31","date_gmt":"2024-04-03T02:07:31","guid":{"rendered":"https:\/\/ayudasparatodos.com\/?post_type=product&#038;p=52628"},"modified":"2024-04-03T02:07:31","modified_gmt":"2024-04-03T02:07:31","slug":"pizarra-braille-tamano-postal-8x23","status":"publish","type":"product","link":"https:\/\/ayudasparatodos.com\/index.php\/producto\/pizarra-braille-tamano-postal-8x23\/","title":{"rendered":"Pizarra Braille tama\u00f1o postal 8&#215;23 en aluminio discapacidad visual Ciegos"},"content":{"rendered":"<div>8 l\u00edneas, 23 celdas: organice su libreta de direcciones<\/div>\n<div><\/div>\n<div>Caracter\u00edsticas del producto<\/div>\n<div>Resistente y duradero, fabricado en aluminio.<\/div>\n<div>Braille 8 l\u00edneas, 23 celdas por l\u00ednea, en una postal normal de 4&#8243; X 6&#8243;.<\/div>\n<div>Port\u00e1til, pero lo suficientemente grande como para contener en braille mucha informaci\u00f3n importante.<\/div>\n<div>Viene con un l\u00e1piz \u00f3ptico cl\u00e1sico duradero.<\/div>\n<div>Mide alrededor de 7 pulgadas por 3 pulgadas.<\/div>\n<div>Peso del paquete: alrededor de 3,5 onzas.<\/div>\n<div><\/div>\n<div>Descripci\u00f3n del Producto<\/div>\n<div>Bien, \u00bfentonces buscas una pizarra que sea un poco m\u00e1s grande, pero que a\u00fan as\u00ed pueda caber c\u00f3modamente en tu bolsillo? Nuestra pizarra para postales encajar\u00e1 perfectamente. Esta resistente pizarra de aluminio le permite escribir en Braille ocho l\u00edneas (veintitr\u00e9s celdas por l\u00ednea) en una postal normal de 4&#8243; por 6&#8243;.<\/div>\n<div>Grabar en relieve Braille en este tama\u00f1o de material de oficina tiene varias ventajas clave: estas tarjetas siguen siendo lo suficientemente peque\u00f1as como para llevarlas consigo, pero lo suficientemente grandes como para contener una entrada completa en su libreta de direcciones o una breve receta. Utilice esta pizarra para mantener su libreta de direcciones; crea un archivador con tus recetas favoritas; elaborar listas de tareas pendientes; tome nota de las instrucciones impresas en botellas, cajas y paquetes&#8230; La lista sigue y sigue.<\/div>\n<p>&nbsp;<\/p>\n<p>Conseguir un lapicero\/esfero para escribir en papel es muy simple y econ\u00f3mico, pero conseguir la regleta para que las personas ciegas escriban en braille es muy dif\u00edcil en Colombia y en otros pa\u00edses de Am\u00e9rica Latina. Por eso desde Ayudas para Todos les traemos adem\u00e1s de regletas, tambi\u00e9n una gran variedad de productos y accesorios para ayudar a personas con discapacidad visual en su vida diaria, elementos para el estudio, trabajo, vida diaria, deporte, ocio, uso de tecnolog\u00eda y m\u00e1s.<\/p>\n<p>&nbsp;<\/p>\n<ul>\n<li>Producto importado, venta bajo pedido con pago previo por el valor total del articulo.<\/li>\n<li>FAVOR ANTES DE OFERTAR, confirmar precio actual (por variaciones del valor del d\u00f3lar) y tambi\u00e9n CONFIRMAR QUE PUEDE ESPERAR LOS TIEMPOS DE ENTREGA\u00a0 que normalmente son entre 2-4 semanas.<\/li>\n<li>Cuando recibamos el pedido en nuestra oficina en Medell\u00edn-Colombia, le enviaremos un mensaje al comprador, si se encuentra en Medell\u00edn puede pasar a recogerlo personalmente en nuestra oficina, o tambi\u00e9n podemos hacer el envios a nivel nacional o internacional (Valor del envio cargo del comprador).<\/li>\n<li>Desde Ayudas para TODOS, estamos trabajando para ofrecerles el mayor Marketplace inclusivo a nivel mundial. Reuniendo en 1 solo sitio todos los productos que puedan necesitar, m\u00e1s de 5.000 referencias de art\u00edculos especializados que puedan necesitar instituciones y personas con o sin discapacidad, para apoyar procesos de inclusi\u00f3n, ayudando a superar las barreras que se pueden presentar al momento de estudiar, de trabajar, y en las dem\u00e1s actividades de la vida diaria.<\/li>\n<li>\u00bfNo est\u00e1 seguro sobre qu\u00e9 tipo de dispositivo o producto de apoyo debe comprar? Contamos con expertos para estudiar sus necesidades y asesorarlo recomend\u00e1ndole la ayuda o el conjunto de ayudas m\u00e1s adecuadas \u00bfNecesitas un producto y no lo encuentras en nuestro catalogo online? Cont\u00e1ctanos para ayudarte a conseguirlo. \u00bfEres emprendedor y tienes un gran producto inclusivo que quisieras promocionar en nuestra plataforma? <a href=\"https:\/\/ayudasparatodos.com\/index.php\/contact\/\">Cont\u00e1ctanos<\/a><\/li>\n<li>Visita la secci\u00f3n sobre <a href=\"https:\/\/ayudasparatodos.com\/index.php\/como-comprar-faq\/\">\u00bfC\u00f3mo Comprar? FAQ<\/a>, en la cual encontraras de forma m\u00e1s detallada las instrucciones de como comprar, servicio de asesor\u00eda y cotizaciones, formas de pago, env\u00edos a nivel nacional e internacional, garant\u00eda y otros temas relacionados.<\/li>\n<li><span style=\"font-size: 11.5pt; font-family: Roboto; color: #626262;\">Asesor\u00eda, cotizaciones dudas y comentarios: Si tiene cualquier duda o comentario, nos puede escribir o llamar via WhatsApp agregando el numero +57 3006000144 o directamente desde este <a href=\"https:\/\/wa.me\/+573006000144\">enlace<\/a>\u00a0 <\/span><a href=\"https:\/\/wa.me\/+573006000144\"><span style=\"font-size: 11.5pt; font-family: Roboto; color: #626262;\">https:\/\/wa.me\/+573006000144<\/span><\/a><span style=\"font-size: 11.5pt; font-family: Roboto; color: #626262;\">\u00a0 \u00a0 Tambi\u00e9n puede enviarnos un correo electr\u00f3nico a la direcci\u00f3n <a href=\"mailto:ventas@ayudasparatodos.com\">ventas@ayudasparatodos.com<\/a><\/span><\/li>\n<li><strong>Pagos en Colombia por transferencia Bancolombia o Nequi. Tambi\u00e9n recibimos pagos por tarjeta cr\u00e9dito o debito. Si la alternativa de pago no esta disponible en su pa\u00eds, tambi\u00e9n puede pagar por Giro en western Union o Paypal. Favor contactarnos al correo ventas@ayudasparatodos.com para generarle un enlace de pago personalizado por el valor de los art\u00edculos + el valor del envi\u00f3 seg\u00fan su ubicaci\u00f3n y con su moneda local. Despachos a nivel nacional e internacional desde Medell\u00edn &#8211; Colombia.<\/strong><\/li>\n<\/ul>\n","protected":false},"excerpt":{"rendered":"<p>8 l\u00edneas, 23 celdas: organice su libreta de direcciones<\/p>\n","protected":false},"featured_media":52643,"template":"","meta":[],"product_cat":[147],"product_tag":[112,536,528,115,117,120,119,111,116,113,114,529],"class_list":["post-52628","product","type-product","status-publish","has-post-thumbnail","hentry","product_cat-escritura-braille-regletas-y-punzones","product_tag-distribuidor-ayudas-para-discapacidad-visual","product_tag-pizarra-braille-tamano-postal-8x23-en-aluminio-discapacidad-visual-ciegos","product_tag-regleta-braille-escribir-ciegos-baja-vision","product_tag-regleta-braille-metalica","product_tag-tienda-tiflologica-colombia","product_tag-tiflologo","product_tag-tiflotecnologia","product_tag-venta-de-productos-para-ciegos","product_tag-venta-de-regleta-braille-en-aluminio","product_tag-venta-productos-escritura-en-braille-ciegos-y-baja-vision","product_tag-venta-regleta-aluminio-para-escritura-ciegos-braille","product_tag-venta-regleta-y-punzon-para-escritura-sistema-braille","description-off"],"_links":{"self":[{"href":"https:\/\/ayudasparatodos.com\/index.php\/wp-json\/wp\/v3\/product\/52628"}],"collection":[{"href":"https:\/\/ayudasparatodos.com\/index.php\/wp-json\/wp\/v3\/product"}],"about":[{"href":"https:\/\/ayudasparatodos.com\/index.php\/wp-json\/wp\/v2\/types\/product"}],"wp:featuredmedia":[{"embeddable":true,"href":"https:\/\/ayudasparatodos.com\/index.php\/wp-json\/wp\/v2\/media\/52643"}],"wp:attachment":[{"href":"https:\/\/ayudasparatodos.com\/index.php\/wp-json\/wp\/v2\/media?parent=52628"}],"wp:term":[{"taxonomy":"product_cat","embeddable":true,"href":"https:\/\/ayudasparatodos.com\/index.php\/wp-json\/wp\/v2\/product_cat?post=52628"},{"taxonomy":"product_tag","embeddable":true,"href":"https:\/\/ayudasparatodos.com\/index.php\/wp-json\/wp\/v2\/product_tag?post=52628"}],"curies":[{"name":"wp","href":"https:\/\/api.w.org\/{rel}","templated":true}]}}