{"id":52631,"date":"2024-04-03T02:32:19","date_gmt":"2024-04-03T02:32:19","guid":{"rendered":"https:\/\/ayudasparatodos.com\/?post_type=product&#038;p=52631"},"modified":"2024-04-03T02:32:19","modified_gmt":"2024-04-03T02:32:19","slug":"pizarra-braille-pagina-completa-25x28-tamano-carta","status":"publish","type":"product","link":"https:\/\/ayudasparatodos.com\/index.php\/producto\/pizarra-braille-pagina-completa-25x28-tamano-carta\/","title":{"rendered":"Pizarra Braille p\u00e1gina completa 25&#215;28 tama\u00f1o carta pl\u00e1stica discapacidad visual Ciegos"},"content":{"rendered":"<div>25 l\u00edneas, 28 celdas: Braille, una p\u00e1gina completa de una sola vez<\/div>\n<div><\/div>\n<div>Caracter\u00edsticas del producto<\/div>\n<div>Simplemente ingrese su p\u00e1gina y comience a escribir.<\/div>\n<div>Una forma innovadora y revolucionaria de hacer que Braille sea f\u00e1cil.<\/div>\n<div>Hecho de pl\u00e1stico grueso y duradero; Le permite producir Braille silenciosamente.<\/div>\n<div>Dise\u00f1ado espec\u00edficamente para usar con una hoja de papel de tama\u00f1o completo (8 1\/2&#8243; X 11&#8243;).<\/div>\n<div>Encuentre r\u00e1pidamente su lugar con los n\u00fameros de l\u00ednea Braille que aparecen en el lado derecho de la pizarra.<\/div>\n<div>Cuenta con gu\u00edas utilizadas para grabar Braille en cintas de etiquetado de 3\/8&#8243; y 1\/2&#8243;.<\/div>\n<div>Viene con un l\u00e1piz \u00f3ptico cl\u00e1sico duradero.<\/div>\n<div>Peso del paquete: aproximadamente 11,6 onzas.<\/div>\n<div><\/div>\n<div>Descripci\u00f3n del Producto<\/div>\n<div>\u00a1Finalmente est\u00e1 aqu\u00ed! \u00a1Esta es definitivamente la forma m\u00e1s r\u00e1pida de usar una pizarra para escribir mucho en Braille! Aqu\u00ed hay una pizarra de 25 l\u00edneas y 28 celdas de p\u00e1gina completa, lo que significa que simplemente coloca la hoja de papel y escribe todo lo que desee hasta que est\u00e9 llena&#8230; Ya no tendr\u00e1 que mover la pizarra hacia abajo cada pocas l\u00edneas. Ah, s\u00ed, y si te interrumpen cuando solo has terminado la mitad de la p\u00e1gina, tampoco habr\u00e1 problema. Simplemente puede dejar toda la hoja de papel dentro de la pizarra, donde no se arrugar\u00e1 ni arrugar\u00e1. Y cuando regrese para terminar de escribir, puede usar los n\u00fameros de l\u00ednea en Braille grabados en el lado derecho de la pizarra para alinearse donde lo dej\u00f3. Y s\u00ed, nuestra Pizarra de p\u00e1gina completa tiene las gu\u00edas utilizadas para grabar Braille en cintas de etiquetado de 3\/8&#8243; y 1\/2&#8243;, \u00a1solo una raz\u00f3n m\u00e1s por la que esta es la herramienta definitiva para escribir en Braille todo en uno!<\/div>\n<div>Esta pizarra incre\u00edblemente genial est\u00e1 hecha de pl\u00e1stico grueso y duradero. Simplemente brilla cuando necesitas escribir varias p\u00e1ginas en Braille en la mesa de tu cocina o en un escritorio. Pero seguir\u00e1 funcionando bien en tu regazo cuando est\u00e9s fuera de casa, siempre y cuando lo trates con un poco de cari\u00f1o cuando lo lleves en tu mochila.<\/div>\n<div><\/div>\n<div>Las pizarras de pl\u00e1stico tambi\u00e9n son conocidas por su capacidad de producir Braille mucho m\u00e1s silencioso que las de metal. Entonces, cuando uses esta gran pizarra de pl\u00e1stico para escribir p\u00e1gina tras p\u00e1gina de notas o tareas, obtendr\u00e1s puntos con tus compa\u00f1eros de clase o de trabajo por su funcionamiento s\u00faper silencioso y no molesto.<\/div>\n<div><\/div>\n<div>Estamos orgullosos de ser la primera empresa en haber producido una pizarra dise\u00f1ada espec\u00edficamente para usar con una hoja de papel norteamericano de tama\u00f1o completo (8-1\/2&#8243; x 11&#8243;). Esas pizarras grandes que escriben en papel europeo A4 existen desde hace a\u00f1os, pero cuando las usas en el papel que tenemos aqu\u00ed, pronto descubres que la pizarra es demasiado larga y demasiado ancha; lo que significa que no obtienes marjin a la izquierda ni a la derecha, \u00a1y las dos l\u00edneas inferiores se escriben directamente en el papel!<\/div>\n<div><\/div>\n<div>Ah, y por cierto, nuestro precio por la pizarra de p\u00e1gina completa es la mitad de lo que cobran la mayor\u00eda de las otras empresas, por lo que sin duda es una verdadera ganga. Los suministros de esta pizarra especial extragrande son limitados, as\u00ed que haga su pedido ahora, \u00a1antes de que se acabe!<\/div>\n<p>&nbsp;<\/p>\n<p>Conseguir un lapicero\/esfero para escribir en papel es muy simple y econ\u00f3mico, pero conseguir la regleta para que las personas ciegas escriban en braille es muy dif\u00edcil en Colombia y en otros pa\u00edses de Am\u00e9rica Latina. Por eso desde Ayudas para Todos les traemos adem\u00e1s de regletas, tambi\u00e9n una gran variedad de productos y accesorios para ayudar a personas con discapacidad visual en su vida diaria, elementos para el estudio, trabajo, vida diaria, deporte, ocio, uso de tecnolog\u00eda y m\u00e1s.<\/p>\n<p>&nbsp;<\/p>\n<ul>\n<li>Producto importado, venta bajo pedido con pago previo por el valor total del articulo.<\/li>\n<li>FAVOR ANTES DE OFERTAR, confirmar precio actual (por variaciones del valor del d\u00f3lar) y tambi\u00e9n CONFIRMAR QUE PUEDE ESPERAR LOS TIEMPOS DE ENTREGA\u00a0 que normalmente son entre 2-4 semanas.<\/li>\n<li>Cuando recibamos el pedido en nuestra oficina en Medell\u00edn-Colombia, le enviaremos un mensaje al comprador, si se encuentra en Medell\u00edn puede pasar a recogerlo personalmente en nuestra oficina, o tambi\u00e9n podemos hacer el envios a nivel nacional o internacional (Valor del envio cargo del comprador).<\/li>\n<li>Desde Ayudas para TODOS, estamos trabajando para ofrecerles el mayor Marketplace inclusivo a nivel mundial. Reuniendo en 1 solo sitio todos los productos que puedan necesitar, m\u00e1s de 5.000 referencias de art\u00edculos especializados que puedan necesitar instituciones y personas con o sin discapacidad, para apoyar procesos de inclusi\u00f3n, ayudando a superar las barreras que se pueden presentar al momento de estudiar, de trabajar, y en las dem\u00e1s actividades de la vida diaria.<\/li>\n<li>\u00bfNo est\u00e1 seguro sobre qu\u00e9 tipo de dispositivo o producto de apoyo debe comprar? Contamos con expertos para estudiar sus necesidades y asesorarlo recomend\u00e1ndole la ayuda o el conjunto de ayudas m\u00e1s adecuadas \u00bfNecesitas un producto y no lo encuentras en nuestro catalogo online? Cont\u00e1ctanos para ayudarte a conseguirlo. \u00bfEres emprendedor y tienes un gran producto inclusivo que quisieras promocionar en nuestra plataforma? <a href=\"https:\/\/ayudasparatodos.com\/index.php\/contact\/\">Cont\u00e1ctanos<\/a><\/li>\n<li>Visita la secci\u00f3n sobre <a href=\"https:\/\/ayudasparatodos.com\/index.php\/como-comprar-faq\/\">\u00bfC\u00f3mo Comprar? FAQ<\/a>, en la cual encontraras de forma m\u00e1s detallada las instrucciones de como comprar, servicio de asesor\u00eda y cotizaciones, formas de pago, env\u00edos a nivel nacional e internacional, garant\u00eda y otros temas relacionados.<\/li>\n<li><span style=\"font-size: 11.5pt; font-family: Roboto; color: #626262;\">Asesor\u00eda, cotizaciones dudas y comentarios: Si tiene cualquier duda o comentario, nos puede escribir o llamar via WhatsApp agregando el numero +57 3006000144 o directamente desde este <a href=\"https:\/\/wa.me\/+573006000144\">enlace<\/a>\u00a0 <\/span><a href=\"https:\/\/wa.me\/+573006000144\"><span style=\"font-size: 11.5pt; font-family: Roboto; color: #626262;\">https:\/\/wa.me\/+573006000144<\/span><\/a><span style=\"font-size: 11.5pt; font-family: Roboto; color: #626262;\">\u00a0 \u00a0 Tambi\u00e9n puede enviarnos un correo electr\u00f3nico a la direcci\u00f3n <a href=\"mailto:ventas@ayudasparatodos.com\">ventas@ayudasparatodos.com<\/a><\/span><\/li>\n<li><strong>Pagos en Colombia por transferencia Bancolombia o Nequi. Tambi\u00e9n recibimos pagos por tarjeta cr\u00e9dito o debito. Si la alternativa de pago no esta disponible en su pa\u00eds, tambi\u00e9n puede pagar por Giro en western Union o Paypal. Favor contactarnos al correo ventas@ayudasparatodos.com para generarle un enlace de pago personalizado por el valor de los art\u00edculos + el valor del envi\u00f3 seg\u00fan su ubicaci\u00f3n y con su moneda local. Despachos a nivel nacional e internacional desde Medell\u00edn &#8211; Colombia.<\/strong><\/li>\n<\/ul>\n","protected":false},"excerpt":{"rendered":"<p>25 l\u00edneas, 28 celdas: Braille, una p\u00e1gina completa de una sola vez<\/p>\n","protected":false},"featured_media":52645,"template":"","meta":[],"product_cat":[147],"product_tag":[112,538,528,115,117,120,119,111,116,113,114,529],"class_list":["post-52631","product","type-product","status-publish","has-post-thumbnail","hentry","product_cat-escritura-braille-regletas-y-punzones","product_tag-distribuidor-ayudas-para-discapacidad-visual","product_tag-pizarra-braille-pagina-completa-25x28-tamano-carta-plastica-discapacidad-visual-ciegos","product_tag-regleta-braille-escribir-ciegos-baja-vision","product_tag-regleta-braille-metalica","product_tag-tienda-tiflologica-colombia","product_tag-tiflologo","product_tag-tiflotecnologia","product_tag-venta-de-productos-para-ciegos","product_tag-venta-de-regleta-braille-en-aluminio","product_tag-venta-productos-escritura-en-braille-ciegos-y-baja-vision","product_tag-venta-regleta-aluminio-para-escritura-ciegos-braille","product_tag-venta-regleta-y-punzon-para-escritura-sistema-braille","description-off"],"_links":{"self":[{"href":"https:\/\/ayudasparatodos.com\/index.php\/wp-json\/wp\/v3\/product\/52631"}],"collection":[{"href":"https:\/\/ayudasparatodos.com\/index.php\/wp-json\/wp\/v3\/product"}],"about":[{"href":"https:\/\/ayudasparatodos.com\/index.php\/wp-json\/wp\/v2\/types\/product"}],"wp:featuredmedia":[{"embeddable":true,"href":"https:\/\/ayudasparatodos.com\/index.php\/wp-json\/wp\/v2\/media\/52645"}],"wp:attachment":[{"href":"https:\/\/ayudasparatodos.com\/index.php\/wp-json\/wp\/v2\/media?parent=52631"}],"wp:term":[{"taxonomy":"product_cat","embeddable":true,"href":"https:\/\/ayudasparatodos.com\/index.php\/wp-json\/wp\/v2\/product_cat?post=52631"},{"taxonomy":"product_tag","embeddable":true,"href":"https:\/\/ayudasparatodos.com\/index.php\/wp-json\/wp\/v2\/product_tag?post=52631"}],"curies":[{"name":"wp","href":"https:\/\/api.w.org\/{rel}","templated":true}]}}