{"id":52635,"date":"2024-04-03T03:37:10","date_gmt":"2024-04-03T03:37:10","guid":{"rendered":"https:\/\/ayudasparatodos.com\/?post_type=product&#038;p=52635"},"modified":"2024-04-03T03:37:10","modified_gmt":"2024-04-03T03:37:10","slug":"punzon-de-madera-para-escribir-con-regleta-braille","status":"publish","type":"product","link":"https:\/\/ayudasparatodos.com\/index.php\/producto\/punzon-de-madera-para-escribir-con-regleta-braille\/","title":{"rendered":"Punz\u00f3n de madera para escribir con regleta braille &#8211; Paquete x 5 unidades repuesto discapacidad visual Ciegos"},"content":{"rendered":"<p>Esta oferta es por (5) unidades del punz\u00f3n, no incluye regleta braille<\/p>\n<p>&nbsp;<\/p>\n<p>Punz\u00f3n cl\u00e1sico con mango en madera de teca<\/p>\n<p>&nbsp;<\/p>\n<p>Caracter\u00edsticas del producto<\/p>\n<p>Punz\u00f3n de madera eficiente y de alta calidad.<\/p>\n<p>Cuenta con una peque\u00f1a muesca en el mango para que la herramienta no se salga rodando.<\/p>\n<p>El mango de madera ofrece un agarre perfecto.<\/p>\n<p>Peso del paquete: aproximadamente 0,4 onzas.<\/p>\n<p>&nbsp;<\/p>\n<p>Descripci\u00f3n del Producto<\/p>\n<p>Un paso adelante con respecto a nuestro modelo cl\u00e1sico, este punz\u00f3n es el \u00fanico de madera que tenemos. El mango est\u00e1 hecho de Teca natural, la misma madera que se utiliza para nuestro Borrador Braille. Por supuesto, en el mango redondo se ha hecho una peque\u00f1a muesca para que su herramienta favorita no se salga rodando. Adem\u00e1s, algunas personas dicen que es m\u00e1s f\u00e1cil agarrarse a un mango de madera, porque sus dedos no se salen de su posici\u00f3n al escribir. \u00a1Toma uno de nuestros borradores junto con este l\u00e1piz y tendr\u00e1s un juego de escritura Braille a juego!<\/p>\n<p>&nbsp;<\/p>\n<p>Conseguir un lapicero\/esfero para escribir en papel es muy simple y econ\u00f3mico, pero conseguir la regleta para que las personas ciegas escriban en braille es muy dif\u00edcil en Colombia y en otros pa\u00edses de Am\u00e9rica Latina. Por eso desde Ayudas para Todos les traemos adem\u00e1s de regletas, tambi\u00e9n una gran variedad de productos y accesorios para ayudar a personas con discapacidad visual en su vida diaria, elementos para el estudio, trabajo, vida diaria, deporte, ocio, uso de tecnolog\u00eda y m\u00e1s.<\/p>\n<p>&nbsp;<\/p>\n<ul>\n<li>Producto importado, venta bajo pedido con pago previo por el valor total del articulo.<\/li>\n<li>FAVOR ANTES DE OFERTAR, confirmar precio actual (por variaciones del valor del d\u00f3lar) y tambi\u00e9n CONFIRMAR QUE PUEDE ESPERAR LOS TIEMPOS DE ENTREGA\u00a0 que normalmente son entre 2-4 semanas.<\/li>\n<li>Cuando recibamos el pedido en nuestra oficina en Medell\u00edn-Colombia, le enviaremos un mensaje al comprador, si se encuentra en Medell\u00edn puede pasar a recogerlo personalmente en nuestra oficina, o tambi\u00e9n podemos hacer el envios a nivel nacional o internacional (Valor del envio cargo del comprador).<\/li>\n<li>Desde Ayudas para TODOS, estamos trabajando para ofrecerles el mayor Marketplace inclusivo a nivel mundial. Reuniendo en 1 solo sitio todos los productos que puedan necesitar, m\u00e1s de 5.000 referencias de art\u00edculos especializados que puedan necesitar instituciones y personas con o sin discapacidad, para apoyar procesos de inclusi\u00f3n, ayudando a superar las barreras que se pueden presentar al momento de estudiar, de trabajar, y en las dem\u00e1s actividades de la vida diaria.<\/li>\n<li>\u00bfNo est\u00e1 seguro sobre qu\u00e9 tipo de dispositivo o producto de apoyo debe comprar? Contamos con expertos para estudiar sus necesidades y asesorarlo recomend\u00e1ndole la ayuda o el conjunto de ayudas m\u00e1s adecuadas \u00bfNecesitas un producto y no lo encuentras en nuestro catalogo online? Cont\u00e1ctanos para ayudarte a conseguirlo. \u00bfEres emprendedor y tienes un gran producto inclusivo que quisieras promocionar en nuestra plataforma? <a href=\"https:\/\/ayudasparatodos.com\/index.php\/contact\/\">Cont\u00e1ctanos<\/a><\/li>\n<li>Visita la secci\u00f3n sobre <a href=\"https:\/\/ayudasparatodos.com\/index.php\/como-comprar-faq\/\">\u00bfC\u00f3mo Comprar? FAQ<\/a>, en la cual encontraras de forma m\u00e1s detallada las instrucciones de como comprar, servicio de asesor\u00eda y cotizaciones, formas de pago, env\u00edos a nivel nacional e internacional, garant\u00eda y otros temas relacionados.<\/li>\n<li><span style=\"font-size: 11.5pt; font-family: Roboto; color: #626262;\">Asesor\u00eda, cotizaciones dudas y comentarios: Si tiene cualquier duda o comentario, nos puede escribir o llamar via WhatsApp agregando el numero +57 3006000144 o directamente desde este <a href=\"https:\/\/wa.me\/+573006000144\">enlace<\/a>\u00a0 <\/span><a href=\"https:\/\/wa.me\/+573006000144\"><span style=\"font-size: 11.5pt; font-family: Roboto; color: #626262;\">https:\/\/wa.me\/+573006000144<\/span><\/a><span style=\"font-size: 11.5pt; font-family: Roboto; color: #626262;\">\u00a0 \u00a0 Tambi\u00e9n puede enviarnos un correo electr\u00f3nico a la direcci\u00f3n <a href=\"mailto:ventas@ayudasparatodos.com\">ventas@ayudasparatodos.com<\/a><\/span><\/li>\n<li><strong>Pagos en Colombia por transferencia Bancolombia o Nequi. Tambi\u00e9n recibimos pagos por tarjeta cr\u00e9dito o debito. Si la alternativa de pago no esta disponible en su pa\u00eds, tambi\u00e9n puede pagar por Giro en western Union o Paypal. Favor contactarnos al correo ventas@ayudasparatodos.com para generarle un enlace de pago personalizado por el valor de los art\u00edculos + el valor del envi\u00f3 seg\u00fan su ubicaci\u00f3n y con su moneda local. Despachos a nivel nacional e internacional desde Medell\u00edn &#8211; Colombia.<\/strong><\/li>\n<\/ul>\n","protected":false},"excerpt":{"rendered":"<p>Esta oferta es por (5) unidades del punz\u00f3n, no incluye regleta braille<\/p>\n","protected":false},"featured_media":0,"template":"","meta":[],"product_cat":[147],"product_tag":[112,544,528,115,117,120,119,111,116,113,114,529],"class_list":["post-52635","product","type-product","status-publish","hentry","product_cat-escritura-braille-regletas-y-punzones","product_tag-distribuidor-ayudas-para-discapacidad-visual","product_tag-punzon-de-madera-para-escribir-con-regleta-braille-paquete-x-5-unidades-repuesto-discapacidad-visual-ciegos","product_tag-regleta-braille-escribir-ciegos-baja-vision","product_tag-regleta-braille-metalica","product_tag-tienda-tiflologica-colombia","product_tag-tiflologo","product_tag-tiflotecnologia","product_tag-venta-de-productos-para-ciegos","product_tag-venta-de-regleta-braille-en-aluminio","product_tag-venta-productos-escritura-en-braille-ciegos-y-baja-vision","product_tag-venta-regleta-aluminio-para-escritura-ciegos-braille","product_tag-venta-regleta-y-punzon-para-escritura-sistema-braille","description-off"],"_links":{"self":[{"href":"https:\/\/ayudasparatodos.com\/index.php\/wp-json\/wp\/v3\/product\/52635"}],"collection":[{"href":"https:\/\/ayudasparatodos.com\/index.php\/wp-json\/wp\/v3\/product"}],"about":[{"href":"https:\/\/ayudasparatodos.com\/index.php\/wp-json\/wp\/v2\/types\/product"}],"wp:attachment":[{"href":"https:\/\/ayudasparatodos.com\/index.php\/wp-json\/wp\/v2\/media?parent=52635"}],"wp:term":[{"taxonomy":"product_cat","embeddable":true,"href":"https:\/\/ayudasparatodos.com\/index.php\/wp-json\/wp\/v2\/product_cat?post=52635"},{"taxonomy":"product_tag","embeddable":true,"href":"https:\/\/ayudasparatodos.com\/index.php\/wp-json\/wp\/v2\/product_tag?post=52635"}],"curies":[{"name":"wp","href":"https:\/\/api.w.org\/{rel}","templated":true}]}}