{"id":52660,"date":"2024-04-03T16:03:05","date_gmt":"2024-04-03T16:03:05","guid":{"rendered":"https:\/\/ayudasparatodos.com\/?post_type=product&#038;p=52660"},"modified":"2024-04-03T16:03:06","modified_gmt":"2024-04-03T16:03:06","slug":"pintura-3d-en-relieve-paquete-x6-colores","status":"publish","type":"product","link":"https:\/\/ayudasparatodos.com\/index.php\/producto\/pintura-3d-en-relieve-paquete-x6-colores\/","title":{"rendered":"Pintura 3D en relieve Paquete x6 colores discapacidad visual Ciegos"},"content":{"rendered":"<div>Marque art\u00edculos del hogar con l\u00edneas y formas en relieve<\/div>\n<div><\/div>\n<div>\n<p>Pintura 3D en relieve Paquete x6 colores, puede escoger el paquete de 6 en colores mate, colores brillantes o con glitter (Mirella-brillantina)Si no aclara, se le evia seg\u00fan disponibilidad.<\/p>\n<\/div>\n<div><\/div>\n<div>Caracter\u00edsticas del producto<\/div>\n<div>Haga f\u00e1cilmente l\u00edneas en relieve, formas, mapas o dibujos.<\/div>\n<div>Las l\u00edneas se pueden sentir f\u00e1cilmente al tacto.<\/div>\n<div>Utilice contraste de color para mayor claridad.<\/div>\n<div>Excelente para etiquetar y una fant\u00e1stica ayuda did\u00e1ctica.<\/div>\n<div>De uso m\u00faltiple; f\u00e1cil de aplicar y extremadamente duradero.<\/div>\n<div>Pintura no t\u00f3xica: no se agrieta ni se pela.<\/div>\n<div>Botellas f\u00e1ciles de apretar: las puntas est\u00e1n dise\u00f1adas para un flujo de pintura \u00f3ptimo para cada acabado.<\/div>\n<div>Se seca en s\u00f3lo 6 horas; Puede lavar la ropa despu\u00e9s de 72 horas.<\/div>\n<div>Se adhiere a ropa, papel, metales y pl\u00e1sticos duros.<\/div>\n<div>Paquete de seis botellas de 1,25 onzas.<\/div>\n<div>Su elecci\u00f3n de tres acabados y variedades de colores diferentes.<\/div>\n<p>&nbsp;<\/p>\n<ul>\n<li>Producto importado, venta bajo pedido con pago previo por el valor total del articulo.<\/li>\n<li>FAVOR ANTES DE OFERTAR, confirmar precio actual (por variaciones del valor del d\u00f3lar) y tambi\u00e9n CONFIRMAR QUE PUEDE ESPERAR LOS TIEMPOS DE ENTREGA\u00a0 que normalmente son entre 2-4 semanas.<\/li>\n<li>Cuando recibamos el pedido en nuestra oficina en Medell\u00edn-Colombia, le enviaremos un mensaje al comprador, si se encuentra en Medell\u00edn puede pasar a recogerlo personalmente en nuestra oficina, o tambi\u00e9n podemos hacer el envios a nivel nacional o internacional (Valor del envio cargo del comprador).<\/li>\n<li>Desde Ayudas para TODOS, estamos trabajando para ofrecerles el mayor Marketplace inclusivo a nivel mundial. Reuniendo en 1 solo sitio todos los productos que puedan necesitar, m\u00e1s de 5.000 referencias de art\u00edculos especializados que puedan necesitar instituciones y personas con o sin discapacidad, para apoyar procesos de inclusi\u00f3n, ayudando a superar las barreras que se pueden presentar al momento de estudiar, de trabajar, y en las dem\u00e1s actividades de la vida diaria.<\/li>\n<li>\u00bfNo est\u00e1 seguro sobre qu\u00e9 tipo de dispositivo o producto de apoyo debe comprar? Contamos con expertos para estudiar sus necesidades y asesorarlo recomend\u00e1ndole la ayuda o el conjunto de ayudas m\u00e1s adecuadas \u00bfNecesitas un producto y no lo encuentras en nuestro catalogo online? Cont\u00e1ctanos para ayudarte a conseguirlo. \u00bfEres emprendedor y tienes un gran producto inclusivo que quisieras promocionar en nuestra plataforma? <a href=\"https:\/\/ayudasparatodos.com\/index.php\/contact\/\">Cont\u00e1ctanos<\/a><\/li>\n<li>Visita la secci\u00f3n sobre <a href=\"https:\/\/ayudasparatodos.com\/index.php\/como-comprar-faq\/\">\u00bfC\u00f3mo Comprar? FAQ<\/a>, en la cual encontraras de forma m\u00e1s detallada las instrucciones de como comprar, servicio de asesor\u00eda y cotizaciones, formas de pago, env\u00edos a nivel nacional e internacional, garant\u00eda y otros temas relacionados.<\/li>\n<li><span style=\"font-size: 11.5pt; font-family: Roboto; color: #626262;\">Asesor\u00eda, cotizaciones dudas y comentarios: Si tiene cualquier duda o comentario, nos puede escribir o llamar via WhatsApp agregando el numero +57 3006000144 o directamente desde este <a href=\"https:\/\/wa.me\/+573006000144\">enlace<\/a>\u00a0 <\/span><a href=\"https:\/\/wa.me\/+573006000144\"><span style=\"font-size: 11.5pt; font-family: Roboto; color: #626262;\">https:\/\/wa.me\/+573006000144<\/span><\/a><span style=\"font-size: 11.5pt; font-family: Roboto; color: #626262;\">\u00a0 \u00a0 Tambi\u00e9n puede enviarnos un correo electr\u00f3nico a la direcci\u00f3n <a href=\"mailto:ventas@ayudasparatodos.com\">ventas@ayudasparatodos.com<\/a><\/span><\/li>\n<li><strong>Pagos en Colombia por transferencia Bancolombia o Nequi. Tambi\u00e9n recibimos pagos por tarjeta cr\u00e9dito o debito. Si la alternativa de pago no esta disponible en su pa\u00eds, tambi\u00e9n puede pagar por Giro en western Union o Paypal. Favor contactarnos al correo ventas@ayudasparatodos.com para generarle un enlace de pago personalizado por el valor de los art\u00edculos + el valor del envi\u00f3 seg\u00fan su ubicaci\u00f3n y con su moneda local. Despachos a nivel nacional e internacional desde Medell\u00edn &#8211; Colombia.<\/strong><\/li>\n<\/ul>\n","protected":false},"excerpt":{"rendered":"<p>Marque art\u00edculos del hogar con l\u00edneas y formas en relieve<\/p>\n","protected":false},"featured_media":0,"template":"","meta":[],"product_cat":[432,443,547],"product_tag":[550,548,552,549,111],"class_list":["post-52660","product","type-product","status-publish","hentry","product_cat-ayudas-vida-diaria-con-braille","product_cat-educacion-y-manualidades-discapacidad-visual","product_cat-marcar-y-etiquetar-visual","product_tag-ayudas-hogar-vida-diaria-personas-con-discapacidad-visual","product_tag-ayudas-para-marcar-y-etiquetar-productos-para-ciegos-en-casa-vida-dairia","product_tag-pintura-3d-en-relieve-paquete-x6-colores-discapacidad-visual-ciegos","product_tag-porductos-de-apoyo-para-imarcar-e-identificar-elementos-para-ciegos-y-baja-vision","product_tag-venta-de-productos-para-ciegos","description-off"],"_links":{"self":[{"href":"https:\/\/ayudasparatodos.com\/index.php\/wp-json\/wp\/v3\/product\/52660"}],"collection":[{"href":"https:\/\/ayudasparatodos.com\/index.php\/wp-json\/wp\/v3\/product"}],"about":[{"href":"https:\/\/ayudasparatodos.com\/index.php\/wp-json\/wp\/v2\/types\/product"}],"wp:attachment":[{"href":"https:\/\/ayudasparatodos.com\/index.php\/wp-json\/wp\/v2\/media?parent=52660"}],"wp:term":[{"taxonomy":"product_cat","embeddable":true,"href":"https:\/\/ayudasparatodos.com\/index.php\/wp-json\/wp\/v2\/product_cat?post=52660"},{"taxonomy":"product_tag","embeddable":true,"href":"https:\/\/ayudasparatodos.com\/index.php\/wp-json\/wp\/v2\/product_tag?post=52660"}],"curies":[{"name":"wp","href":"https:\/\/api.w.org\/{rel}","templated":true}]}}