{"id":52664,"date":"2024-04-03T17:44:37","date_gmt":"2024-04-03T17:44:37","guid":{"rendered":"https:\/\/ayudasparatodos.com\/?post_type=product&#038;p=52664"},"modified":"2024-04-03T17:45:08","modified_gmt":"2024-04-03T17:45:08","slug":"etiquetas-braille-con-numeros-para-identificar-la-ropa-discapacidad-visual","status":"publish","type":"product","link":"https:\/\/ayudasparatodos.com\/index.php\/producto\/etiquetas-braille-con-numeros-para-identificar-la-ropa-discapacidad-visual\/","title":{"rendered":"Etiquetas Braille con n\u00fameros para identificar la ropa Discapacidad visual"},"content":{"rendered":"<p>Utilice n\u00fameros Braille para mantener juntos los conjuntos de ropa<\/p>\n<p>&nbsp;<\/p>\n<p>Caracter\u00edsticas del producto<\/p>\n<p>Coordina tu guardarropa con conjuntos de n\u00fameros.<\/p>\n<p>Los marcadores met\u00e1licos para ropa se pueden lavar y secar a m\u00e1quina.<\/p>\n<p>El paquete contiene etiquetas peque\u00f1as, rectangulares, impresas\/Braille con n\u00fameros del 1 al 25.<\/p>\n<p>Cada etiqueta tiene 1\/2&#8243; de ancho; tiene peque\u00f1os orificios en cada extremo para coser al interior de la prenda.<\/p>\n<p>Fabricado en aluminio ligero.<\/p>\n<p>Mantenga una hoja de referencia en Braille para identificar qu\u00e9 representan los n\u00fameros.<\/p>\n<p>Mide aproximadamente 1\/2 pulgada por 1-1\/4 pulgada.<\/p>\n<p>Peso del paquete: aproximadamente 0,7 onzas.<\/p>\n<p>&nbsp;<\/p>\n<p>Descripci\u00f3n del Producto<\/p>\n<p>Estas etiquetas num\u00e9ricas en Braille realmente pueden ayudarte a mantener la coordinaci\u00f3n de colores. Si has elegido varios conjuntos diferentes que realmente combinan bien, puedes coser o fijar con alfileres un n\u00famero 1 en la camisa y un n\u00famero 2 en los pantalones cortos o pantalones a juego. Para identificar esas tres camisas c\u00f3modas que todav\u00eda son lo suficientemente elegantes para el servicio nocturno en la iglesia, simplemente col\u00f3queles los n\u00fameros del 23 al 25. Y as\u00ed sucesivamente&#8230; Sea cual sea el sistema que se te ocurra para combinar tu ropa, siempre puedes hacer una lista r\u00e1pida en braille y pegarla en el caj\u00f3n de tu c\u00f3moda para recordar lo que significan los n\u00fameros.<\/p>\n<p>Ya no tendr\u00e1s que ir a cenar a casa de tu amiga, deseando poder recordar cu\u00e1l de las docenas de camisas de manga larga que te han regalado tus amigos proviene de ella. Simplemente etiqueta la camiseta una vez que te la hayas probado y siempre lo sabr\u00e1s. (Si est\u00e1s marcando varios conjuntos diferentes, es posible que prefieras obtener dos juegos de estos n\u00fameros, para poder adjuntar el mismo n\u00famero a la camisa y los pantalones, simplemente por razones de simplicidad).<\/p>\n<p>&nbsp;<\/p>\n<p>Estos marcadores de ropa de metal son completamente lavables a m\u00e1quina (y aptos para secadora), por lo que son perfectos para todo, desde ropa de juego hasta pantalones de vestir. Fabricado en aluminio, este paquete de peque\u00f1as etiquetas rectangulares contiene los n\u00fameros del 1 al 25 escritos en letra impresa y en Braille. Cada etiqueta mide aproximadamente media pulgada de ancho y tiene peque\u00f1os agujeros en cada extremo, lo que le permite coser sin esfuerzo la etiqueta de su elecci\u00f3n en el interior de su prenda.<\/p>\n<p>&nbsp;<\/p>\n<ul>\n<li>Producto importado, venta bajo pedido con pago previo por el valor total del articulo.<\/li>\n<li>FAVOR ANTES DE OFERTAR, confirmar precio actual (por variaciones del valor del d\u00f3lar) y tambi\u00e9n CONFIRMAR QUE PUEDE ESPERAR LOS TIEMPOS DE ENTREGA\u00a0 que normalmente son entre 2-4 semanas.<\/li>\n<li>Cuando recibamos el pedido en nuestra oficina en Medell\u00edn-Colombia, le enviaremos un mensaje al comprador, si se encuentra en Medell\u00edn puede pasar a recogerlo personalmente en nuestra oficina, o tambi\u00e9n podemos hacer el envios a nivel nacional o internacional (Valor del envio cargo del comprador).<\/li>\n<li>Desde Ayudas para TODOS, estamos trabajando para ofrecerles el mayor Marketplace inclusivo a nivel mundial. Reuniendo en 1 solo sitio todos los productos que puedan necesitar, m\u00e1s de 5.000 referencias de art\u00edculos especializados que puedan necesitar instituciones y personas con o sin discapacidad, para apoyar procesos de inclusi\u00f3n, ayudando a superar las barreras que se pueden presentar al momento de estudiar, de trabajar, y en las dem\u00e1s actividades de la vida diaria.<\/li>\n<li>\u00bfNo est\u00e1 seguro sobre qu\u00e9 tipo de dispositivo o producto de apoyo debe comprar? Contamos con expertos para estudiar sus necesidades y asesorarlo recomend\u00e1ndole la ayuda o el conjunto de ayudas m\u00e1s adecuadas \u00bfNecesitas un producto y no lo encuentras en nuestro catalogo online? Cont\u00e1ctanos para ayudarte a conseguirlo. \u00bfEres emprendedor y tienes un gran producto inclusivo que quisieras promocionar en nuestra plataforma? <a href=\"https:\/\/ayudasparatodos.com\/index.php\/contact\/\">Cont\u00e1ctanos<\/a><\/li>\n<li>Visita la secci\u00f3n sobre <a href=\"https:\/\/ayudasparatodos.com\/index.php\/como-comprar-faq\/\">\u00bfC\u00f3mo Comprar? FAQ<\/a>, en la cual encontraras de forma m\u00e1s detallada las instrucciones de como comprar, servicio de asesor\u00eda y cotizaciones, formas de pago, env\u00edos a nivel nacional e internacional, garant\u00eda y otros temas relacionados.<\/li>\n<li><span style=\"font-size: 11.5pt; font-family: Roboto; color: #626262;\">Asesor\u00eda, cotizaciones dudas y comentarios: Si tiene cualquier duda o comentario, nos puede escribir o llamar via WhatsApp agregando el numero +57 3006000144 o directamente desde este <a href=\"https:\/\/wa.me\/+573006000144\">enlace<\/a>\u00a0 <\/span><a href=\"https:\/\/wa.me\/+573006000144\"><span style=\"font-size: 11.5pt; font-family: Roboto; color: #626262;\">https:\/\/wa.me\/+573006000144<\/span><\/a><span style=\"font-size: 11.5pt; font-family: Roboto; color: #626262;\">\u00a0 \u00a0 Tambi\u00e9n puede enviarnos un correo electr\u00f3nico a la direcci\u00f3n <a href=\"mailto:ventas@ayudasparatodos.com\">ventas@ayudasparatodos.com<\/a><\/span><\/li>\n<li><strong>Pagos en Colombia por transferencia Bancolombia o Nequi. Tambi\u00e9n recibimos pagos por tarjeta cr\u00e9dito o debito. Si la alternativa de pago no esta disponible en su pa\u00eds, tambi\u00e9n puede pagar por Giro en western Union o Paypal. Favor contactarnos al correo ventas@ayudasparatodos.com para generarle un enlace de pago personalizado por el valor de los art\u00edculos + el valor del envi\u00f3 seg\u00fan su ubicaci\u00f3n y con su moneda local. Despachos a nivel nacional e internacional desde Medell\u00edn &#8211; Colombia.<\/strong><\/li>\n<\/ul>\n","protected":false},"excerpt":{"rendered":"<p>Utilice n\u00fameros Braille para mantener juntos los conjuntos de ropa<\/p>\n","protected":false},"featured_media":52683,"template":"","meta":[],"product_cat":[432,547],"product_tag":[550,548,556,549,111],"class_list":["post-52664","product","type-product","status-publish","has-post-thumbnail","hentry","product_cat-ayudas-vida-diaria-con-braille","product_cat-marcar-y-etiquetar-visual","product_tag-ayudas-hogar-vida-diaria-personas-con-discapacidad-visual","product_tag-ayudas-para-marcar-y-etiquetar-productos-para-ciegos-en-casa-vida-dairia","product_tag-etiquetas-braille-con-numeros-para-identificar-la-ropa-discapacidad-visual","product_tag-porductos-de-apoyo-para-imarcar-e-identificar-elementos-para-ciegos-y-baja-vision","product_tag-venta-de-productos-para-ciegos","description-off"],"_links":{"self":[{"href":"https:\/\/ayudasparatodos.com\/index.php\/wp-json\/wp\/v3\/product\/52664"}],"collection":[{"href":"https:\/\/ayudasparatodos.com\/index.php\/wp-json\/wp\/v3\/product"}],"about":[{"href":"https:\/\/ayudasparatodos.com\/index.php\/wp-json\/wp\/v2\/types\/product"}],"wp:featuredmedia":[{"embeddable":true,"href":"https:\/\/ayudasparatodos.com\/index.php\/wp-json\/wp\/v2\/media\/52683"}],"wp:attachment":[{"href":"https:\/\/ayudasparatodos.com\/index.php\/wp-json\/wp\/v2\/media?parent=52664"}],"wp:term":[{"taxonomy":"product_cat","embeddable":true,"href":"https:\/\/ayudasparatodos.com\/index.php\/wp-json\/wp\/v2\/product_cat?post=52664"},{"taxonomy":"product_tag","embeddable":true,"href":"https:\/\/ayudasparatodos.com\/index.php\/wp-json\/wp\/v2\/product_tag?post=52664"}],"curies":[{"name":"wp","href":"https:\/\/api.w.org\/{rel}","templated":true}]}}