{"id":52689,"date":"2024-04-03T20:26:59","date_gmt":"2024-04-03T20:26:59","guid":{"rendered":"https:\/\/ayudasparatodos.com\/?post_type=product&#038;p=52689"},"modified":"2024-04-03T20:26:59","modified_gmt":"2024-04-03T20:26:59","slug":"camiseta-para-ninos-con-abecedario-braille-en-relieve","status":"publish","type":"product","link":"https:\/\/ayudasparatodos.com\/index.php\/producto\/camiseta-para-ninos-con-abecedario-braille-en-relieve\/","title":{"rendered":"Camiseta para ni\u00f1os con Abecedario Braille en relieve"},"content":{"rendered":"<p>Intriga a tus amigos con esta camiseta braille: solo para ni\u00f1os y adolescentes<\/p>\n<p>&nbsp;<\/p>\n<p>Caracter\u00edsticas del producto<\/p>\n<p>Camiseta blanca moderna, atractiva y \u00fanica.<\/p>\n<p>Confeccionada en 50% algod\u00f3n y 50% poli\u00e9ster.<\/p>\n<p>Cuenta con el alfabeto completo en la camisa.<\/p>\n<p>Presenta letras Braille azules en relieve debajo de letras impresas en verde en relieve.<\/p>\n<p>La parte posterior de la camisa presenta un mensaje secreto en puntos braille negros elevados: \u00abBRAILLE IS COOL\u00bb.<\/p>\n<p>Ayude a mejorar el conocimiento del Braille.<\/p>\n<p>&nbsp;<\/p>\n<p>Descripci\u00f3n del Producto<\/p>\n<p>Ya sea que est\u00e9 haciendo un proyecto escolar sobre Helen Keller, Louis Braille o simplemente la invenci\u00f3n del Braille en general, o sea uno de esos \u00e1vidos fan\u00e1ticos del Braille que disfruta demostrar el sistema de puntos en relieve a todos los que conoce, esta moderna T- \u00a1La camisa tendr\u00e1 una gran demanda!<\/p>\n<p>Esta atractiva camiseta blanca muestra el alfabeto completo en el frente, tanto en letra impresa normal como en braille. Todo est\u00e1 elevado, lo que significa que todos pueden \u00abmirar\u00bb las letras, ya sea impresas o en braille. Adem\u00e1s, cada letra braille azul aparece directamente debajo de su letra verde impresa correspondiente, lo que la convierte en una camiseta genial que desmitifica todo el c\u00f3digo braille. Pero espera, eso no es todo; En la parte posterior de esta camiseta hay un mensaje secreto, impreso \u00fanicamente con puntos braille negros en relieve, que dice \u00abBRAILLE IS COOL\u00bb.<\/p>\n<p>&nbsp;<\/p>\n<p>Hecha de 50% algod\u00f3n y 50% poli\u00e9ster, esta exclusiva camiseta Braille definitivamente llamar\u00e1 la atenci\u00f3n y, al mismo tiempo, ayudar\u00e1 a difundir el Braille.<\/p>\n<p>&nbsp;<\/p>\n<p>(Lo sentimos, el tama\u00f1o Extra Grande est\u00e1 agotado).<\/p>\n<p>&nbsp;<\/p>\n<ul>\n<li>Producto importado, venta bajo pedido con pago previo por el valor total del articulo.<\/li>\n<li>FAVOR ANTES DE OFERTAR, confirmar precio actual (por variaciones del valor del d\u00f3lar) y tambi\u00e9n CONFIRMAR QUE PUEDE ESPERAR LOS TIEMPOS DE ENTREGA\u00a0 que normalmente son entre 2-4 semanas.<\/li>\n<li>Cuando recibamos el pedido en nuestra oficina en Medell\u00edn-Colombia, le enviaremos un mensaje al comprador, si se encuentra en Medell\u00edn puede pasar a recogerlo personalmente en nuestra oficina, o tambi\u00e9n podemos hacer el envios a nivel nacional o internacional (Valor del envio cargo del comprador).<\/li>\n<li>Desde Ayudas para TODOS, estamos trabajando para ofrecerles el mayor Marketplace inclusivo a nivel mundial. Reuniendo en 1 solo sitio todos los productos que puedan necesitar, m\u00e1s de 5.000 referencias de art\u00edculos especializados que puedan necesitar instituciones y personas con o sin discapacidad, para apoyar procesos de inclusi\u00f3n, ayudando a superar las barreras que se pueden presentar al momento de estudiar, de trabajar, y en las dem\u00e1s actividades de la vida diaria.<\/li>\n<li>\u00bfNo est\u00e1 seguro sobre qu\u00e9 tipo de dispositivo o producto de apoyo debe comprar? Contamos con expertos para estudiar sus necesidades y asesorarlo recomend\u00e1ndole la ayuda o el conjunto de ayudas m\u00e1s adecuadas \u00bfNecesitas un producto y no lo encuentras en nuestro catalogo online? Cont\u00e1ctanos para ayudarte a conseguirlo. \u00bfEres emprendedor y tienes un gran producto inclusivo que quisieras promocionar en nuestra plataforma? <a href=\"https:\/\/ayudasparatodos.com\/index.php\/contact\/\">Cont\u00e1ctanos<\/a><\/li>\n<li>Visita la secci\u00f3n sobre <a href=\"https:\/\/ayudasparatodos.com\/index.php\/como-comprar-faq\/\">\u00bfC\u00f3mo Comprar? FAQ<\/a>, en la cual encontraras de forma m\u00e1s detallada las instrucciones de como comprar, servicio de asesor\u00eda y cotizaciones, formas de pago, env\u00edos a nivel nacional e internacional, garant\u00eda y otros temas relacionados.<\/li>\n<li><span style=\"font-size: 11.5pt; font-family: Roboto; color: #626262;\">Asesor\u00eda, cotizaciones dudas y comentarios: Si tiene cualquier duda o comentario, nos puede escribir o llamar via WhatsApp agregando el numero +57 3006000144 o directamente desde este <a href=\"https:\/\/wa.me\/+573006000144\">enlace<\/a>\u00a0 <\/span><a href=\"https:\/\/wa.me\/+573006000144\"><span style=\"font-size: 11.5pt; font-family: Roboto; color: #626262;\">https:\/\/wa.me\/+573006000144<\/span><\/a><span style=\"font-size: 11.5pt; font-family: Roboto; color: #626262;\">\u00a0 \u00a0 Tambi\u00e9n puede enviarnos un correo electr\u00f3nico a la direcci\u00f3n <a href=\"mailto:ventas@ayudasparatodos.com\">ventas@ayudasparatodos.com<\/a><\/span><\/li>\n<li><strong>Pagos en Colombia por transferencia Bancolombia o Nequi. Tambi\u00e9n recibimos pagos por tarjeta cr\u00e9dito o debito. Si la alternativa de pago no esta disponible en su pa\u00eds, tambi\u00e9n puede pagar por Giro en western Union o Paypal. Favor contactarnos al correo ventas@ayudasparatodos.com para generarle un enlace de pago personalizado por el valor de los art\u00edculos + el valor del envi\u00f3 seg\u00fan su ubicaci\u00f3n y con su moneda local. Despachos a nivel nacional e internacional desde Medell\u00edn &#8211; Colombia.<\/strong><\/li>\n<\/ul>\n","protected":false},"excerpt":{"rendered":"<p>Intriga a tus amigos con esta camiseta braille: solo para ni\u00f1os y adolescentes<\/p>\n","protected":false},"featured_media":52709,"template":"","meta":[],"product_cat":[558,443],"product_tag":[561,560,565,559,562],"class_list":["post-52689","product","type-product","status-publish","has-post-thumbnail","hentry","product_cat-aprender-y-practicar-braille","product_cat-educacion-y-manualidades-discapacidad-visual","product_tag-aprender-y-practicar-braille-ciegos-baja-vision-educacion-especial","product_tag-ayudas-y-productos-para-aprendizaje-y-practica-sistema-braille","product_tag-camiseta-para-ninos-con-abecedario-braille-en-relieve","product_tag-productos-aprender-y-practicar-braille","product_tag-productos-braille-para-usar-en-salonde-clase-inclusion-educativa-ciegos-baja-vision","description-off"],"_links":{"self":[{"href":"https:\/\/ayudasparatodos.com\/index.php\/wp-json\/wp\/v3\/product\/52689"}],"collection":[{"href":"https:\/\/ayudasparatodos.com\/index.php\/wp-json\/wp\/v3\/product"}],"about":[{"href":"https:\/\/ayudasparatodos.com\/index.php\/wp-json\/wp\/v2\/types\/product"}],"wp:featuredmedia":[{"embeddable":true,"href":"https:\/\/ayudasparatodos.com\/index.php\/wp-json\/wp\/v2\/media\/52709"}],"wp:attachment":[{"href":"https:\/\/ayudasparatodos.com\/index.php\/wp-json\/wp\/v2\/media?parent=52689"}],"wp:term":[{"taxonomy":"product_cat","embeddable":true,"href":"https:\/\/ayudasparatodos.com\/index.php\/wp-json\/wp\/v2\/product_cat?post=52689"},{"taxonomy":"product_tag","embeddable":true,"href":"https:\/\/ayudasparatodos.com\/index.php\/wp-json\/wp\/v2\/product_tag?post=52689"}],"curies":[{"name":"wp","href":"https:\/\/api.w.org\/{rel}","templated":true}]}}