{"id":52691,"date":"2024-04-03T20:40:03","date_gmt":"2024-04-03T20:40:03","guid":{"rendered":"https:\/\/ayudasparatodos.com\/?post_type=product&#038;p=52691"},"modified":"2024-04-03T20:51:14","modified_gmt":"2024-04-03T20:51:14","slug":"numeros-magneticos-con-braille-en-relieve-estudiantes-ciegos-aprender-braille","status":"publish","type":"product","link":"https:\/\/ayudasparatodos.com\/index.php\/producto\/numeros-magneticos-con-braille-en-relieve-estudiantes-ciegos-aprender-braille\/","title":{"rendered":"N\u00fameros Magn\u00e9ticos con Braille en relieve estudiantes ciegos aprender braille"},"content":{"rendered":"<p>Cree problemas matem\u00e1ticos para el refrigerador o la bandeja para hornear<\/p>\n<p>&nbsp;<\/p>\n<p>Caracter\u00edsticas del producto<\/p>\n<p>Conjunto de 26 n\u00fameros 3D multicolores y signos matem\u00e1ticos.<\/p>\n<p>Cada personaje de pl\u00e1stico de 1&#8243; de alto tiene un im\u00e1n incrustado y Braille en relieve.<\/p>\n<p>Las piezas tienen forma de n\u00famero o signo matem\u00e1tico.<\/p>\n<p>Altamente educativo y divertido; normaliza el braille.<\/p>\n<p>Peso del paquete: aproximadamente 7,4 onzas.<\/p>\n<p>&nbsp;<\/p>\n<p>Descripci\u00f3n del Producto<\/p>\n<p>As\u00ed es, ya sabes cu\u00e1les son estos\u2026 Casi. Sin embargo, lo bueno de este juego de 26 piezas es que no solo hay n\u00fameros del 0 al 9 en Braille. Tambi\u00e9n se incluye un segundo conjunto de n\u00fameros, un tercer 0, as\u00ed como los signos matem\u00e1ticos est\u00e1ndar: + (m\u00e1s), &#8211; (menos), * (multiplicado por), \/ (dividido por) y = (igual).<\/p>\n<p>Cada mosaico magn\u00e9tico de pl\u00e1stico s\u00f3lido tiene m\u00e1s de una pulgada de alto y no solo tiene la forma del n\u00famero impreso o el signo matem\u00e1tico, sino que tambi\u00e9n presenta los puntos braille de ese car\u00e1cter grabados en el frente. Este conjunto de n\u00fameros es ideal para ni\u00f1os que reci\u00e9n est\u00e1n aprendiendo el 1, 2, 3, as\u00ed como para adultos y ni\u00f1os que reci\u00e9n dominan el Braille. Y gracias a los resistentes imanes moldeados en la parte posterior de cada pieza, los estudiantes de todas las edades disfrutar\u00e1n organizando y reorganizando problemas matem\u00e1ticos en el frente de un refrigerador o dentro de una bandeja para hornear, donde las piezas no se resbalen. mientras lo tocan.<\/p>\n<p>&nbsp;<\/p>\n<p>Por supuesto, estos n\u00fameros magn\u00e9ticos Braille combinan de forma natural con nuestro juego de letras magn\u00e9ticas Braille (se venden por separado). Esto ofrece a los estudiantes una mayor flexibilidad y les permite crear oraciones con palabras y n\u00fameros.<\/p>\n<p>&nbsp;<\/p>\n<ul>\n<li>Producto importado, venta bajo pedido con pago previo por el valor total del articulo.<\/li>\n<li>FAVOR ANTES DE OFERTAR, confirmar precio actual (por variaciones del valor del d\u00f3lar) y tambi\u00e9n CONFIRMAR QUE PUEDE ESPERAR LOS TIEMPOS DE ENTREGA\u00a0 que normalmente son entre 2-4 semanas.<\/li>\n<li>Cuando recibamos el pedido en nuestra oficina en Medell\u00edn-Colombia, le enviaremos un mensaje al comprador, si se encuentra en Medell\u00edn puede pasar a recogerlo personalmente en nuestra oficina, o tambi\u00e9n podemos hacer el envios a nivel nacional o internacional (Valor del envio cargo del comprador).<\/li>\n<li>Desde Ayudas para TODOS, estamos trabajando para ofrecerles el mayor Marketplace inclusivo a nivel mundial. Reuniendo en 1 solo sitio todos los productos que puedan necesitar, m\u00e1s de 5.000 referencias de art\u00edculos especializados que puedan necesitar instituciones y personas con o sin discapacidad, para apoyar procesos de inclusi\u00f3n, ayudando a superar las barreras que se pueden presentar al momento de estudiar, de trabajar, y en las dem\u00e1s actividades de la vida diaria.<\/li>\n<li>\u00bfNo est\u00e1 seguro sobre qu\u00e9 tipo de dispositivo o producto de apoyo debe comprar? Contamos con expertos para estudiar sus necesidades y asesorarlo recomend\u00e1ndole la ayuda o el conjunto de ayudas m\u00e1s adecuadas \u00bfNecesitas un producto y no lo encuentras en nuestro catalogo online? Cont\u00e1ctanos para ayudarte a conseguirlo. \u00bfEres emprendedor y tienes un gran producto inclusivo que quisieras promocionar en nuestra plataforma? <a href=\"https:\/\/ayudasparatodos.com\/index.php\/contact\/\">Cont\u00e1ctanos<\/a><\/li>\n<li>Visita la secci\u00f3n sobre <a href=\"https:\/\/ayudasparatodos.com\/index.php\/como-comprar-faq\/\">\u00bfC\u00f3mo Comprar? FAQ<\/a>, en la cual encontraras de forma m\u00e1s detallada las instrucciones de como comprar, servicio de asesor\u00eda y cotizaciones, formas de pago, env\u00edos a nivel nacional e internacional, garant\u00eda y otros temas relacionados.<\/li>\n<li><span style=\"font-size: 11.5pt; font-family: Roboto; color: #626262;\">Asesor\u00eda, cotizaciones dudas y comentarios: Si tiene cualquier duda o comentario, nos puede escribir o llamar via WhatsApp agregando el numero +57 3006000144 o directamente desde este <a href=\"https:\/\/wa.me\/+573006000144\">enlace<\/a>\u00a0 <\/span><a href=\"https:\/\/wa.me\/+573006000144\"><span style=\"font-size: 11.5pt; font-family: Roboto; color: #626262;\">https:\/\/wa.me\/+573006000144<\/span><\/a><span style=\"font-size: 11.5pt; font-family: Roboto; color: #626262;\">\u00a0 \u00a0 Tambi\u00e9n puede enviarnos un correo electr\u00f3nico a la direcci\u00f3n <a href=\"mailto:ventas@ayudasparatodos.com\">ventas@ayudasparatodos.com<\/a><\/span><\/li>\n<li><strong>Pagos en Colombia por transferencia Bancolombia o Nequi. Tambi\u00e9n recibimos pagos por tarjeta cr\u00e9dito o debito. Si la alternativa de pago no esta disponible en su pa\u00eds, tambi\u00e9n puede pagar por Giro en western Union o Paypal. Favor contactarnos al correo ventas@ayudasparatodos.com para generarle un enlace de pago personalizado por el valor de los art\u00edculos + el valor del envi\u00f3 seg\u00fan su ubicaci\u00f3n y con su moneda local. Despachos a nivel nacional e internacional desde Medell\u00edn &#8211; Colombia.<\/strong><\/li>\n<\/ul>\n","protected":false},"excerpt":{"rendered":"<p>Cree problemas matem\u00e1ticos para el refrigerador o la bandeja para hornear<\/p>\n","protected":false},"featured_media":0,"template":"","meta":[],"product_cat":[558,443,434],"product_tag":[561,560,567,559,562],"class_list":["post-52691","product","type-product","status-publish","hentry","product_cat-aprender-y-practicar-braille","product_cat-educacion-y-manualidades-discapacidad-visual","product_cat-juegos-y-juguetes-con-braille","product_tag-aprender-y-practicar-braille-ciegos-baja-vision-educacion-especial","product_tag-ayudas-y-productos-para-aprendizaje-y-practica-sistema-braille","product_tag-numeros-magneticos-con-braille-en-relieve-estudiantes-ciegos-aprender-braille","product_tag-productos-aprender-y-practicar-braille","product_tag-productos-braille-para-usar-en-salonde-clase-inclusion-educativa-ciegos-baja-vision","description-off"],"_links":{"self":[{"href":"https:\/\/ayudasparatodos.com\/index.php\/wp-json\/wp\/v3\/product\/52691"}],"collection":[{"href":"https:\/\/ayudasparatodos.com\/index.php\/wp-json\/wp\/v3\/product"}],"about":[{"href":"https:\/\/ayudasparatodos.com\/index.php\/wp-json\/wp\/v2\/types\/product"}],"wp:attachment":[{"href":"https:\/\/ayudasparatodos.com\/index.php\/wp-json\/wp\/v2\/media?parent=52691"}],"wp:term":[{"taxonomy":"product_cat","embeddable":true,"href":"https:\/\/ayudasparatodos.com\/index.php\/wp-json\/wp\/v2\/product_cat?post=52691"},{"taxonomy":"product_tag","embeddable":true,"href":"https:\/\/ayudasparatodos.com\/index.php\/wp-json\/wp\/v2\/product_tag?post=52691"}],"curies":[{"name":"wp","href":"https:\/\/api.w.org\/{rel}","templated":true}]}}