{"id":52693,"date":"2024-04-03T20:58:51","date_gmt":"2024-04-03T20:58:51","guid":{"rendered":"https:\/\/ayudasparatodos.com\/?post_type=product&#038;p=52693"},"modified":"2024-04-03T20:58:52","modified_gmt":"2024-04-03T20:58:52","slug":"juego-de-mesa-formar-palabras-en-braille","status":"publish","type":"product","link":"https:\/\/ayudasparatodos.com\/index.php\/producto\/juego-de-mesa-formar-palabras-en-braille\/","title":{"rendered":"Juego de Mesa formar palabras en braille"},"content":{"rendered":"<p>Deletrea palabras y nombres usando mosaicos de letras<\/p>\n<p>&nbsp;<\/p>\n<p>Caracter\u00edsticas del producto<\/p>\n<p>Tabla de madera bellamente pintada, un poco m\u00e1s grande que una hoja de papel normal.<\/p>\n<p>Presenta una letra Braille en la esquina superior izquierda y una letra may\u00fascula con impresi\u00f3n en relieve en la esquina inferior derecha.<\/p>\n<p>El tablero cuenta con 130 cuadrados (10 filas de 13).<\/p>\n<p>Las fichas encajan perfectamente en el cuadrado de tu elecci\u00f3n. Deletrea palabras, nombres, frases, oraciones completas, peque\u00f1os crucigramas o juegos de scrabble.<\/p>\n<p>Herramienta de aprendizaje innovadora para ni\u00f1os y adultos.<\/p>\n<p>Funciona bien en un entorno grupal.<\/p>\n<p>Incluye 98 fichas de pl\u00e1stico con el alfabeto Braille.<\/p>\n<p>Peso del paquete: alrededor de 1,4 libras.<\/p>\n<p>&nbsp;<\/p>\n<p>Descripci\u00f3n del Producto<\/p>\n<p>Este tablero de madera bellamente pintado es un poco m\u00e1s grande que una hoja de papel normal. En el tablero hay 130 cuadrados separados: diez filas de trece. Cada cuadrado tiene un agujero en el centro para sostener una de las 98 baldosas de alfabeto de braille de pl\u00e1stico que vienen con el set. La clavija cuadrada en la parte inferior de cada mosaico se ajusta c\u00f3modamente a cualquier cuadrado sangrado en el tablero; de hecho, es tan bueno que incluso puede voltear el tablero hacia arriba y ninguno de los mosaicos se caer\u00e1.<\/p>\n<p>De todos modos, utilizando los diversos mosaicos (cada uno de los cuales tiene una letra de braille en la esquina superior izquierda y la letra superior de los casos de impresi\u00f3n elevado en la esquina inferior derecha) puede explicar palabras, nombres, frases &#8230; incluso oraciones completas. Tambi\u00e9n puede crear un peque\u00f1o crucigrama o juego de scrabble en el tablero.<\/p>\n<p>&nbsp;<\/p>\n<p>En resumen, este conjunto ofrece a los alumnos de Braille j\u00f3venes y viejos por igual una forma divertida y \u00fanica de practicar la lectura al tacto. Tambi\u00e9n es ideal para la configuraci\u00f3n de aprendizaje grupal, donde los estudiantes pueden turnarse insertando fichas de letras para formar palabras y oraciones, \u00a1luego pida a otros que lean lo que han reunido!<\/p>\n<p>&nbsp;<\/p>\n<ul>\n<li>Producto importado, venta bajo pedido con pago previo por el valor total del articulo.<\/li>\n<li>FAVOR ANTES DE OFERTAR, confirmar precio actual (por variaciones del valor del d\u00f3lar) y tambi\u00e9n CONFIRMAR QUE PUEDE ESPERAR LOS TIEMPOS DE ENTREGA\u00a0 que normalmente son entre 2-4 semanas.<\/li>\n<li>Cuando recibamos el pedido en nuestra oficina en Medell\u00edn-Colombia, le enviaremos un mensaje al comprador, si se encuentra en Medell\u00edn puede pasar a recogerlo personalmente en nuestra oficina, o tambi\u00e9n podemos hacer el envios a nivel nacional o internacional (Valor del envio cargo del comprador).<\/li>\n<li>Desde Ayudas para TODOS, estamos trabajando para ofrecerles el mayor Marketplace inclusivo a nivel mundial. Reuniendo en 1 solo sitio todos los productos que puedan necesitar, m\u00e1s de 5.000 referencias de art\u00edculos especializados que puedan necesitar instituciones y personas con o sin discapacidad, para apoyar procesos de inclusi\u00f3n, ayudando a superar las barreras que se pueden presentar al momento de estudiar, de trabajar, y en las dem\u00e1s actividades de la vida diaria.<\/li>\n<li>\u00bfNo est\u00e1 seguro sobre qu\u00e9 tipo de dispositivo o producto de apoyo debe comprar? Contamos con expertos para estudiar sus necesidades y asesorarlo recomend\u00e1ndole la ayuda o el conjunto de ayudas m\u00e1s adecuadas \u00bfNecesitas un producto y no lo encuentras en nuestro catalogo online? Cont\u00e1ctanos para ayudarte a conseguirlo. \u00bfEres emprendedor y tienes un gran producto inclusivo que quisieras promocionar en nuestra plataforma? <a href=\"https:\/\/ayudasparatodos.com\/index.php\/contact\/\">Cont\u00e1ctanos<\/a><\/li>\n<li>Visita la secci\u00f3n sobre <a href=\"https:\/\/ayudasparatodos.com\/index.php\/como-comprar-faq\/\">\u00bfC\u00f3mo Comprar? FAQ<\/a>, en la cual encontraras de forma m\u00e1s detallada las instrucciones de como comprar, servicio de asesor\u00eda y cotizaciones, formas de pago, env\u00edos a nivel nacional e internacional, garant\u00eda y otros temas relacionados.<\/li>\n<li><span style=\"font-size: 11.5pt; font-family: Roboto; color: #626262;\">Asesor\u00eda, cotizaciones dudas y comentarios: Si tiene cualquier duda o comentario, nos puede escribir o llamar via WhatsApp agregando el numero +57 3006000144 o directamente desde este <a href=\"https:\/\/wa.me\/+573006000144\">enlace<\/a>\u00a0 <\/span><a href=\"https:\/\/wa.me\/+573006000144\"><span style=\"font-size: 11.5pt; font-family: Roboto; color: #626262;\">https:\/\/wa.me\/+573006000144<\/span><\/a><span style=\"font-size: 11.5pt; font-family: Roboto; color: #626262;\">\u00a0 \u00a0 Tambi\u00e9n puede enviarnos un correo electr\u00f3nico a la direcci\u00f3n <a href=\"mailto:ventas@ayudasparatodos.com\">ventas@ayudasparatodos.com<\/a><\/span><\/li>\n<li><strong>Pagos en Colombia por transferencia Bancolombia o Nequi. Tambi\u00e9n recibimos pagos por tarjeta cr\u00e9dito o debito. Si la alternativa de pago no esta disponible en su pa\u00eds, tambi\u00e9n puede pagar por Giro en western Union o Paypal. Favor contactarnos al correo ventas@ayudasparatodos.com para generarle un enlace de pago personalizado por el valor de los art\u00edculos + el valor del envi\u00f3 seg\u00fan su ubicaci\u00f3n y con su moneda local. Despachos a nivel nacional e internacional desde Medell\u00edn &#8211; Colombia.<\/strong><\/li>\n<\/ul>\n","protected":false},"excerpt":{"rendered":"<p>Deletrea palabras y nombres usando mosaicos de letras<\/p>\n","protected":false},"featured_media":52713,"template":"","meta":[],"product_cat":[558,443,434],"product_tag":[561,560,569,559,562],"class_list":["post-52693","product","type-product","status-publish","has-post-thumbnail","hentry","product_cat-aprender-y-practicar-braille","product_cat-educacion-y-manualidades-discapacidad-visual","product_cat-juegos-y-juguetes-con-braille","product_tag-aprender-y-practicar-braille-ciegos-baja-vision-educacion-especial","product_tag-ayudas-y-productos-para-aprendizaje-y-practica-sistema-braille","product_tag-juego-de-mesa-formar-palabras-en-braille","product_tag-productos-aprender-y-practicar-braille","product_tag-productos-braille-para-usar-en-salonde-clase-inclusion-educativa-ciegos-baja-vision","description-off"],"_links":{"self":[{"href":"https:\/\/ayudasparatodos.com\/index.php\/wp-json\/wp\/v3\/product\/52693"}],"collection":[{"href":"https:\/\/ayudasparatodos.com\/index.php\/wp-json\/wp\/v3\/product"}],"about":[{"href":"https:\/\/ayudasparatodos.com\/index.php\/wp-json\/wp\/v2\/types\/product"}],"wp:featuredmedia":[{"embeddable":true,"href":"https:\/\/ayudasparatodos.com\/index.php\/wp-json\/wp\/v2\/media\/52713"}],"wp:attachment":[{"href":"https:\/\/ayudasparatodos.com\/index.php\/wp-json\/wp\/v2\/media?parent=52693"}],"wp:term":[{"taxonomy":"product_cat","embeddable":true,"href":"https:\/\/ayudasparatodos.com\/index.php\/wp-json\/wp\/v2\/product_cat?post=52693"},{"taxonomy":"product_tag","embeddable":true,"href":"https:\/\/ayudasparatodos.com\/index.php\/wp-json\/wp\/v2\/product_tag?post=52693"}],"curies":[{"name":"wp","href":"https:\/\/api.w.org\/{rel}","templated":true}]}}