{"id":52694,"date":"2024-04-03T21:06:23","date_gmt":"2024-04-03T21:06:23","guid":{"rendered":"https:\/\/ayudasparatodos.com\/?post_type=product&#038;p=52694"},"modified":"2024-04-03T21:06:23","modified_gmt":"2024-04-03T21:06:23","slug":"juego-formar-palabras-uniendo-letras-en-braille","status":"publish","type":"product","link":"https:\/\/ayudasparatodos.com\/index.php\/producto\/juego-formar-palabras-uniendo-letras-en-braille\/","title":{"rendered":"Juego formar palabras uniendo letras en braille"},"content":{"rendered":"<p>Junte letras para formar palabras y oraciones<\/p>\n<p>&nbsp;<\/p>\n<p>Caracter\u00edsticas del producto<\/p>\n<p>Deletrea f\u00e1cilmente palabras y oraciones.<\/p>\n<p>Cuenta con 60 mosaicos del alfabeto Braille con letra may\u00fascula en relieve en la esquina superior derecha, letra en letra peque\u00f1a en la esquina inferior izquierda y letra Braille en el centro.<\/p>\n<p>Suj\u00e9telos como si fueran bloques de construcci\u00f3n.<\/p>\n<p>Mueva bloques de palabras sobre el escritorio o la mesa.<\/p>\n<p>Guarde los azulejos en una pr\u00e1ctica bandeja de pl\u00e1stico de 11&#8243; X 6&#8243;.<\/p>\n<p>Una excelente y divertida herramienta de instrucci\u00f3n para aprender Braille.<\/p>\n<p>Mide alrededor de 11 por 6 pulgadas.<\/p>\n<p>Peso del paquete: aproximadamente 6,3 onzas.<\/p>\n<p>&nbsp;<\/p>\n<p>Aqu\u00ed tienes otra forma \u00fanica de deletrear palabras y oraciones. Nuestro kit Braille Interlock viene con sesenta fichas del alfabeto Braille, cada una de las cuales tiene la letra may\u00fascula en relieve en la esquina superior derecha, la letra en letra peque\u00f1a en la esquina inferior izquierda y la letra Braille en el centro. Pero en lugar de tener imanes en la parte posterior o encajar en los agujeros de un tablero, estos mosaicos se unen como bloques de construcci\u00f3n. De esta manera, puedes entrelazar cualquier combinaci\u00f3n de letras en cualquier orden, manteniendo un bloque separado para cada palabra, creando l\u00edneas tan largas o tan cortas como desees. Los nombres y palabras completos se pueden mover y reorganizar tantas veces como desee simplemente desliz\u00e1ndolos sobre un escritorio o mesa. Y para su custodia, las baldosas se almacenan en una bandeja de pl\u00e1stico que mide once por seis pulgadas.<\/p>\n<p>Este conjunto seguramente se convertir\u00e1 en lo m\u00e1s destacado de cada clase o sesi\u00f3n de estudio de Braille. Y despu\u00e9s de pasar unas cuantas horas felices organizando los mosaicos en todo tipo de palabras y nombres, pronto conocer\u00e1s cada car\u00e1cter en Braille tan bien que estar\u00e1s listo para jugar a las cartas o empezar a leer libros en Braille.<\/p>\n<p>&nbsp;<\/p>\n<ul>\n<li>Producto importado, venta bajo pedido con pago previo por el valor total del articulo.<\/li>\n<li>FAVOR ANTES DE OFERTAR, confirmar precio actual (por variaciones del valor del d\u00f3lar) y tambi\u00e9n CONFIRMAR QUE PUEDE ESPERAR LOS TIEMPOS DE ENTREGA\u00a0 que normalmente son entre 2-4 semanas.<\/li>\n<li>Cuando recibamos el pedido en nuestra oficina en Medell\u00edn-Colombia, le enviaremos un mensaje al comprador, si se encuentra en Medell\u00edn puede pasar a recogerlo personalmente en nuestra oficina, o tambi\u00e9n podemos hacer el envios a nivel nacional o internacional (Valor del envio cargo del comprador).<\/li>\n<li>Desde Ayudas para TODOS, estamos trabajando para ofrecerles el mayor Marketplace inclusivo a nivel mundial. Reuniendo en 1 solo sitio todos los productos que puedan necesitar, m\u00e1s de 5.000 referencias de art\u00edculos especializados que puedan necesitar instituciones y personas con o sin discapacidad, para apoyar procesos de inclusi\u00f3n, ayudando a superar las barreras que se pueden presentar al momento de estudiar, de trabajar, y en las dem\u00e1s actividades de la vida diaria.<\/li>\n<li>\u00bfNo est\u00e1 seguro sobre qu\u00e9 tipo de dispositivo o producto de apoyo debe comprar? Contamos con expertos para estudiar sus necesidades y asesorarlo recomend\u00e1ndole la ayuda o el conjunto de ayudas m\u00e1s adecuadas \u00bfNecesitas un producto y no lo encuentras en nuestro catalogo online? Cont\u00e1ctanos para ayudarte a conseguirlo. \u00bfEres emprendedor y tienes un gran producto inclusivo que quisieras promocionar en nuestra plataforma? <a href=\"https:\/\/ayudasparatodos.com\/index.php\/contact\/\">Cont\u00e1ctanos<\/a><\/li>\n<li>Visita la secci\u00f3n sobre <a href=\"https:\/\/ayudasparatodos.com\/index.php\/como-comprar-faq\/\">\u00bfC\u00f3mo Comprar? FAQ<\/a>, en la cual encontraras de forma m\u00e1s detallada las instrucciones de como comprar, servicio de asesor\u00eda y cotizaciones, formas de pago, env\u00edos a nivel nacional e internacional, garant\u00eda y otros temas relacionados.<\/li>\n<li><span style=\"font-size: 11.5pt; font-family: Roboto; color: #626262;\">Asesor\u00eda, cotizaciones dudas y comentarios: Si tiene cualquier duda o comentario, nos puede escribir o llamar via WhatsApp agregando el numero +57 3006000144 o directamente desde este <a href=\"https:\/\/wa.me\/+573006000144\">enlace<\/a>\u00a0 <\/span><a href=\"https:\/\/wa.me\/+573006000144\"><span style=\"font-size: 11.5pt; font-family: Roboto; color: #626262;\">https:\/\/wa.me\/+573006000144<\/span><\/a><span style=\"font-size: 11.5pt; font-family: Roboto; color: #626262;\">\u00a0 \u00a0 Tambi\u00e9n puede enviarnos un correo electr\u00f3nico a la direcci\u00f3n <a href=\"mailto:ventas@ayudasparatodos.com\">ventas@ayudasparatodos.com<\/a><\/span><\/li>\n<li><strong>Pagos en Colombia por transferencia Bancolombia o Nequi. Tambi\u00e9n recibimos pagos por tarjeta cr\u00e9dito o debito. Si la alternativa de pago no esta disponible en su pa\u00eds, tambi\u00e9n puede pagar por Giro en western Union o Paypal. Favor contactarnos al correo ventas@ayudasparatodos.com para generarle un enlace de pago personalizado por el valor de los art\u00edculos + el valor del envi\u00f3 seg\u00fan su ubicaci\u00f3n y con su moneda local. Despachos a nivel nacional e internacional desde Medell\u00edn &#8211; Colombia.<\/strong><\/li>\n<\/ul>\n","protected":false},"excerpt":{"rendered":"<p>Junte letras para formar palabras y oraciones<\/p>\n","protected":false},"featured_media":0,"template":"","meta":[],"product_cat":[558,443,434],"product_tag":[561,560,570,559,562],"class_list":["post-52694","product","type-product","status-publish","hentry","product_cat-aprender-y-practicar-braille","product_cat-educacion-y-manualidades-discapacidad-visual","product_cat-juegos-y-juguetes-con-braille","product_tag-aprender-y-practicar-braille-ciegos-baja-vision-educacion-especial","product_tag-ayudas-y-productos-para-aprendizaje-y-practica-sistema-braille","product_tag-juego-formar-palabras-uniendo-letras-en-braille","product_tag-productos-aprender-y-practicar-braille","product_tag-productos-braille-para-usar-en-salonde-clase-inclusion-educativa-ciegos-baja-vision","description-off"],"_links":{"self":[{"href":"https:\/\/ayudasparatodos.com\/index.php\/wp-json\/wp\/v3\/product\/52694"}],"collection":[{"href":"https:\/\/ayudasparatodos.com\/index.php\/wp-json\/wp\/v3\/product"}],"about":[{"href":"https:\/\/ayudasparatodos.com\/index.php\/wp-json\/wp\/v2\/types\/product"}],"wp:attachment":[{"href":"https:\/\/ayudasparatodos.com\/index.php\/wp-json\/wp\/v2\/media?parent=52694"}],"wp:term":[{"taxonomy":"product_cat","embeddable":true,"href":"https:\/\/ayudasparatodos.com\/index.php\/wp-json\/wp\/v2\/product_cat?post=52694"},{"taxonomy":"product_tag","embeddable":true,"href":"https:\/\/ayudasparatodos.com\/index.php\/wp-json\/wp\/v2\/product_tag?post=52694"}],"curies":[{"name":"wp","href":"https:\/\/api.w.org\/{rel}","templated":true}]}}