{"id":52697,"date":"2024-04-03T21:34:38","date_gmt":"2024-04-03T21:34:38","guid":{"rendered":"https:\/\/ayudasparatodos.com\/?post_type=product&#038;p=52697"},"modified":"2024-04-03T21:34:39","modified_gmt":"2024-04-03T21:34:39","slug":"2-llaveros-para-aprender-y-practicar-braille","status":"publish","type":"product","link":"https:\/\/ayudasparatodos.com\/index.php\/producto\/2-llaveros-para-aprender-y-practicar-braille\/","title":{"rendered":"2 llaveros para aprender y practicar Braille"},"content":{"rendered":"<p>Gira el cubo para hacer diferentes letras braille<\/p>\n<p>Esta oferta es por (2) Llaveros para aprender y practicar Braille<\/p>\n<p>&nbsp;<\/p>\n<p>Caracter\u00edsticas del producto<\/p>\n<p>Permite realizar diferentes letras Braille con solo girar el cubo.<\/p>\n<p>Dise\u00f1o unico.<\/p>\n<p>Sujeto a una cadena de metal color cobre con un llavero.<\/p>\n<p>Tiene un rect\u00e1ngulo de pl\u00e1stico que gira en 3 secciones.<\/p>\n<p>El cubo es de color amarillo brillante con puntos negros; buen contraste.<\/p>\n<p>Peso del paquete: aproximadamente 0,9 onzas.<\/p>\n<p>&nbsp;<\/p>\n<p>Descripci\u00f3n del Producto<\/p>\n<p>\u00a1Este tiene que ser el llavero m\u00e1s inusual que jam\u00e1s hayas visto! Atado a una cadena de metal de color cobre con un llavero hay un rect\u00e1ngulo de pl\u00e1stico que gira en tres secciones, algo as\u00ed como el popular Cubo de Rubic. A medida que giras las distintas partes, se forman diferentes caracteres en Braille. En otras palabras, a medida que giras cada una de las secciones, creas una letra o n\u00famero Braille diferente. (No te preocupes; suena mucho m\u00e1s complicado de lo que realmente es). El cubo en s\u00ed es de color amarillo brillante y los puntos son negros, por lo que ofrece un bonito contraste. Nuestro llavero Braille no solo es una forma original de llevar tus llaves, sino que seguramente intrigar\u00e1 a tus amigos la pr\u00f3xima vez que te pregunten c\u00f3mo es el alfabeto Braille.<\/p>\n<p>&nbsp;<\/p>\n<ul>\n<li>Producto importado, venta bajo pedido con pago previo por el valor total del articulo.<\/li>\n<li>FAVOR ANTES DE OFERTAR, confirmar precio actual (por variaciones del valor del d\u00f3lar) y tambi\u00e9n CONFIRMAR QUE PUEDE ESPERAR LOS TIEMPOS DE ENTREGA\u00a0 que normalmente son entre 2-4 semanas.<\/li>\n<li>Cuando recibamos el pedido en nuestra oficina en Medell\u00edn-Colombia, le enviaremos un mensaje al comprador, si se encuentra en Medell\u00edn puede pasar a recogerlo personalmente en nuestra oficina, o tambi\u00e9n podemos hacer el envios a nivel nacional o internacional (Valor del envio cargo del comprador).<\/li>\n<li>Desde Ayudas para TODOS, estamos trabajando para ofrecerles el mayor Marketplace inclusivo a nivel mundial. Reuniendo en 1 solo sitio todos los productos que puedan necesitar, m\u00e1s de 5.000 referencias de art\u00edculos especializados que puedan necesitar instituciones y personas con o sin discapacidad, para apoyar procesos de inclusi\u00f3n, ayudando a superar las barreras que se pueden presentar al momento de estudiar, de trabajar, y en las dem\u00e1s actividades de la vida diaria.<\/li>\n<li>\u00bfNo est\u00e1 seguro sobre qu\u00e9 tipo de dispositivo o producto de apoyo debe comprar? Contamos con expertos para estudiar sus necesidades y asesorarlo recomend\u00e1ndole la ayuda o el conjunto de ayudas m\u00e1s adecuadas \u00bfNecesitas un producto y no lo encuentras en nuestro catalogo online? Cont\u00e1ctanos para ayudarte a conseguirlo. \u00bfEres emprendedor y tienes un gran producto inclusivo que quisieras promocionar en nuestra plataforma? <a href=\"https:\/\/ayudasparatodos.com\/index.php\/contact\/\">Cont\u00e1ctanos<\/a><\/li>\n<li>Visita la secci\u00f3n sobre <a href=\"https:\/\/ayudasparatodos.com\/index.php\/como-comprar-faq\/\">\u00bfC\u00f3mo Comprar? FAQ<\/a>, en la cual encontraras de forma m\u00e1s detallada las instrucciones de como comprar, servicio de asesor\u00eda y cotizaciones, formas de pago, env\u00edos a nivel nacional e internacional, garant\u00eda y otros temas relacionados.<\/li>\n<li><span style=\"font-size: 11.5pt; font-family: Roboto; color: #626262;\">Asesor\u00eda, cotizaciones dudas y comentarios: Si tiene cualquier duda o comentario, nos puede escribir o llamar via WhatsApp agregando el numero +57 3006000144 o directamente desde este <a href=\"https:\/\/wa.me\/+573006000144\">enlace<\/a>\u00a0 <\/span><a href=\"https:\/\/wa.me\/+573006000144\"><span style=\"font-size: 11.5pt; font-family: Roboto; color: #626262;\">https:\/\/wa.me\/+573006000144<\/span><\/a><span style=\"font-size: 11.5pt; font-family: Roboto; color: #626262;\">\u00a0 \u00a0 Tambi\u00e9n puede enviarnos un correo electr\u00f3nico a la direcci\u00f3n <a href=\"mailto:ventas@ayudasparatodos.com\">ventas@ayudasparatodos.com<\/a><\/span><\/li>\n<li><strong>Pagos en Colombia por transferencia Bancolombia o Nequi. Tambi\u00e9n recibimos pagos por tarjeta cr\u00e9dito o debito. Si la alternativa de pago no esta disponible en su pa\u00eds, tambi\u00e9n puede pagar por Giro en western Union o Paypal. Favor contactarnos al correo ventas@ayudasparatodos.com para generarle un enlace de pago personalizado por el valor de los art\u00edculos + el valor del envi\u00f3 seg\u00fan su ubicaci\u00f3n y con su moneda local. Despachos a nivel nacional e internacional desde Medell\u00edn &#8211; Colombia.<\/strong><\/li>\n<\/ul>\n","protected":false},"excerpt":{"rendered":"<p>Gira el cubo para hacer diferentes letras braille<\/p>\n","protected":false},"featured_media":0,"template":"","meta":[],"product_cat":[558,443,434],"product_tag":[573,561,560,559,562],"class_list":["post-52697","product","type-product","status-publish","hentry","product_cat-aprender-y-practicar-braille","product_cat-educacion-y-manualidades-discapacidad-visual","product_cat-juegos-y-juguetes-con-braille","product_tag-2-llaveros-para-aprender-y-practicar-braille","product_tag-aprender-y-practicar-braille-ciegos-baja-vision-educacion-especial","product_tag-ayudas-y-productos-para-aprendizaje-y-practica-sistema-braille","product_tag-productos-aprender-y-practicar-braille","product_tag-productos-braille-para-usar-en-salonde-clase-inclusion-educativa-ciegos-baja-vision","description-off"],"_links":{"self":[{"href":"https:\/\/ayudasparatodos.com\/index.php\/wp-json\/wp\/v3\/product\/52697"}],"collection":[{"href":"https:\/\/ayudasparatodos.com\/index.php\/wp-json\/wp\/v3\/product"}],"about":[{"href":"https:\/\/ayudasparatodos.com\/index.php\/wp-json\/wp\/v2\/types\/product"}],"wp:attachment":[{"href":"https:\/\/ayudasparatodos.com\/index.php\/wp-json\/wp\/v2\/media?parent=52697"}],"wp:term":[{"taxonomy":"product_cat","embeddable":true,"href":"https:\/\/ayudasparatodos.com\/index.php\/wp-json\/wp\/v2\/product_cat?post=52697"},{"taxonomy":"product_tag","embeddable":true,"href":"https:\/\/ayudasparatodos.com\/index.php\/wp-json\/wp\/v2\/product_tag?post=52697"}],"curies":[{"name":"wp","href":"https:\/\/api.w.org\/{rel}","templated":true}]}}