{"id":52698,"date":"2024-04-03T21:47:11","date_gmt":"2024-04-03T21:47:11","guid":{"rendered":"https:\/\/ayudasparatodos.com\/?post_type=product&#038;p=52698"},"modified":"2024-04-03T21:47:12","modified_gmt":"2024-04-03T21:47:12","slug":"2-bloques-giratorios-de-5-letras-para-aprender-practicar-braille","status":"publish","type":"product","link":"https:\/\/ayudasparatodos.com\/index.php\/producto\/2-bloques-giratorios-de-5-letras-para-aprender-practicar-braille\/","title":{"rendered":"2 Bloques giratorios de 5 letras para aprender practicar Braille"},"content":{"rendered":"<p>La oferta incluye (2) unidades de Bloque giratorio 5 letras para aprender practicar Braille<\/p>\n<p>Este es el modelo s\u00faper largo y extralargo que te permitir\u00e1 formar palabras o nombres de hasta cinco letras de largo.<\/p>\n<p>&nbsp;<\/p>\n<p>Caracter\u00edsticas del producto<\/p>\n<p>Rompecabezas de mano; gire solo 2 partes para crear palabras en Braille.<\/p>\n<p>La parte izquierda constituye el lado izquierdo de la celda Braille; La parte derecha representa la mitad derecha de la celda.<\/p>\n<p>Cada pieza que giras tiene 8 caras; Armar 2 partes con combinaci\u00f3n correcta de puntos para formar caracteres Braille.<\/p>\n<p>Peque\u00f1o rompecabezas f\u00e1cil, divertido y educativo.<\/p>\n<p>Elija entre bloques de palabras de 5 letras.<\/p>\n<p>Mide aproximadamente 2 pulgadas por 1-1\/2 pulgadas por 1-1\/2 pulgadas.<\/p>\n<p>Peso del paquete: aproximadamente 2,1 onzas.<\/p>\n<p>&nbsp;<\/p>\n<p>Descripci\u00f3n del Producto<\/p>\n<p>Basado en nuestro cubo de letras Braille, este artilugio port\u00e1til es otra excelente manera para que tanto los estudiantes como los entusiastas de Braille practiquen la creaci\u00f3n y el reconocimiento de varias palabras en Braille. Ver\u00e1, nuestro bloque de palabras en Braille no solo le permite formar una letra a la vez: puede formar palabras de cinco u ocho letras todas a la vez, dependiendo del modelo que elija.<\/p>\n<p>\u00bfEntonces, c\u00f3mo funciona? B\u00e1sicamente, nuestro bloque de palabras en Braille es un peque\u00f1o y divertido rompecabezas retorcido en Braille. Puedes formar cualquier letra Braille en este fant\u00e1stico dispositivo girando solo dos partes: la parte izquierda constituye el lado izquierdo de la celda Braille (puntos 1, 2 y 3). Y la parte derecha representa la mitad derecha de la celda (puntos 4, 5 y 6). Cada pieza que giras tiene ocho caras, por lo que todo lo que debes hacer es juntar las dos partes con la combinaci\u00f3n correcta de puntos para obtener el personaje que quieras. Por supuesto, el espacio entre las partes izquierda y derecha de cada celda es mucho menor que la distancia de una celda a la siguiente, por lo que cada letra Braille que hagas se distinguir\u00e1 claramente de la siguiente. Y debido a que toda la unidad tiene un resorte, cada personaje que hayas creado no se mover\u00e1 mientras creas el siguiente. (Nuevamente, no se sienta abrumado por lo que acaba de leer; es dif\u00edcil describir el funcionamiento interno de esta unidad sin que parezca complicado. Pero le aseguramos que usted, e incluso los ni\u00f1os peque\u00f1os, se dar\u00e1n cuenta r\u00e1pidamente).<\/p>\n<p>&nbsp;<\/p>\n<p>Este es el \u00fanico dispositivo de aprendizaje Braille aut\u00f3nomo que hemos visto que te permite intentar crear palabras completas a la vez, sin que se pierdan piezas&#8230; \u00a1nunca! Es ideal para viajes largos en coche o autob\u00fas, o en cualquier otro lugar en el que te encuentres con algunos momentos aburridos. Tambi\u00e9n es una excelente manera de entusiasmar a los ni\u00f1os por aprender Braille: les encanta torcer el bloque en todo tipo de palabras y nombres divertidos y luego pasarlo para ver si sus amigos pueden descubrir lo que acaban de escribir en Braille.<\/p>\n<p>&nbsp;<\/p>\n<ul>\n<li>Producto importado, venta bajo pedido con pago previo por el valor total del articulo.<\/li>\n<li>FAVOR ANTES DE OFERTAR, confirmar precio actual (por variaciones del valor del d\u00f3lar) y tambi\u00e9n CONFIRMAR QUE PUEDE ESPERAR LOS TIEMPOS DE ENTREGA\u00a0 que normalmente son entre 2-4 semanas.<\/li>\n<li>Cuando recibamos el pedido en nuestra oficina en Medell\u00edn-Colombia, le enviaremos un mensaje al comprador, si se encuentra en Medell\u00edn puede pasar a recogerlo personalmente en nuestra oficina, o tambi\u00e9n podemos hacer el envios a nivel nacional o internacional (Valor del envio cargo del comprador).<\/li>\n<li>Desde Ayudas para TODOS, estamos trabajando para ofrecerles el mayor Marketplace inclusivo a nivel mundial. Reuniendo en 1 solo sitio todos los productos que puedan necesitar, m\u00e1s de 5.000 referencias de art\u00edculos especializados que puedan necesitar instituciones y personas con o sin discapacidad, para apoyar procesos de inclusi\u00f3n, ayudando a superar las barreras que se pueden presentar al momento de estudiar, de trabajar, y en las dem\u00e1s actividades de la vida diaria.<\/li>\n<li>\u00bfNo est\u00e1 seguro sobre qu\u00e9 tipo de dispositivo o producto de apoyo debe comprar? Contamos con expertos para estudiar sus necesidades y asesorarlo recomend\u00e1ndole la ayuda o el conjunto de ayudas m\u00e1s adecuadas \u00bfNecesitas un producto y no lo encuentras en nuestro catalogo online? Cont\u00e1ctanos para ayudarte a conseguirlo. \u00bfEres emprendedor y tienes un gran producto inclusivo que quisieras promocionar en nuestra plataforma? <a href=\"https:\/\/ayudasparatodos.com\/index.php\/contact\/\">Cont\u00e1ctanos<\/a><\/li>\n<li>Visita la secci\u00f3n sobre <a href=\"https:\/\/ayudasparatodos.com\/index.php\/como-comprar-faq\/\">\u00bfC\u00f3mo Comprar? FAQ<\/a>, en la cual encontraras de forma m\u00e1s detallada las instrucciones de como comprar, servicio de asesor\u00eda y cotizaciones, formas de pago, env\u00edos a nivel nacional e internacional, garant\u00eda y otros temas relacionados.<\/li>\n<li><span style=\"font-size: 11.5pt; font-family: Roboto; color: #626262;\">Asesor\u00eda, cotizaciones dudas y comentarios: Si tiene cualquier duda o comentario, nos puede escribir o llamar via WhatsApp agregando el numero +57 3006000144 o directamente desde este <a href=\"https:\/\/wa.me\/+573006000144\">enlace<\/a>\u00a0 <\/span><a href=\"https:\/\/wa.me\/+573006000144\"><span style=\"font-size: 11.5pt; font-family: Roboto; color: #626262;\">https:\/\/wa.me\/+573006000144<\/span><\/a><span style=\"font-size: 11.5pt; font-family: Roboto; color: #626262;\">\u00a0 \u00a0 Tambi\u00e9n puede enviarnos un correo electr\u00f3nico a la direcci\u00f3n <a href=\"mailto:ventas@ayudasparatodos.com\">ventas@ayudasparatodos.com<\/a><\/span><\/li>\n<li><strong>Pagos en Colombia por transferencia Bancolombia o Nequi. Tambi\u00e9n recibimos pagos por tarjeta cr\u00e9dito o debito. Si la alternativa de pago no esta disponible en su pa\u00eds, tambi\u00e9n puede pagar por Giro en western Union o Paypal. Favor contactarnos al correo ventas@ayudasparatodos.com para generarle un enlace de pago personalizado por el valor de los art\u00edculos + el valor del envi\u00f3 seg\u00fan su ubicaci\u00f3n y con su moneda local. Despachos a nivel nacional e internacional desde Medell\u00edn &#8211; Colombia.<\/strong><\/li>\n<\/ul>\n","protected":false},"excerpt":{"rendered":"<p>La oferta incluye (2) unidades de Bloque giratorio 5 letras para aprender practicar Braille<\/p>\n","protected":false},"featured_media":52719,"template":"","meta":[],"product_cat":[558,443,434],"product_tag":[574,561,560,559,562],"class_list":["post-52698","product","type-product","status-publish","has-post-thumbnail","hentry","product_cat-aprender-y-practicar-braille","product_cat-educacion-y-manualidades-discapacidad-visual","product_cat-juegos-y-juguetes-con-braille","product_tag-2-bloques-giratorios-de-5-letras-para-aprender-practicar-braille","product_tag-aprender-y-practicar-braille-ciegos-baja-vision-educacion-especial","product_tag-ayudas-y-productos-para-aprendizaje-y-practica-sistema-braille","product_tag-productos-aprender-y-practicar-braille","product_tag-productos-braille-para-usar-en-salonde-clase-inclusion-educativa-ciegos-baja-vision","description-off"],"_links":{"self":[{"href":"https:\/\/ayudasparatodos.com\/index.php\/wp-json\/wp\/v3\/product\/52698"}],"collection":[{"href":"https:\/\/ayudasparatodos.com\/index.php\/wp-json\/wp\/v3\/product"}],"about":[{"href":"https:\/\/ayudasparatodos.com\/index.php\/wp-json\/wp\/v2\/types\/product"}],"wp:featuredmedia":[{"embeddable":true,"href":"https:\/\/ayudasparatodos.com\/index.php\/wp-json\/wp\/v2\/media\/52719"}],"wp:attachment":[{"href":"https:\/\/ayudasparatodos.com\/index.php\/wp-json\/wp\/v2\/media?parent=52698"}],"wp:term":[{"taxonomy":"product_cat","embeddable":true,"href":"https:\/\/ayudasparatodos.com\/index.php\/wp-json\/wp\/v2\/product_cat?post=52698"},{"taxonomy":"product_tag","embeddable":true,"href":"https:\/\/ayudasparatodos.com\/index.php\/wp-json\/wp\/v2\/product_tag?post=52698"}],"curies":[{"name":"wp","href":"https:\/\/api.w.org\/{rel}","templated":true}]}}