{"id":52701,"date":"2024-04-03T22:26:24","date_gmt":"2024-04-03T22:26:24","guid":{"rendered":"https:\/\/ayudasparatodos.com\/?post_type=product&#038;p=52701"},"modified":"2024-04-05T16:35:20","modified_gmt":"2024-04-05T16:35:20","slug":"dummy-braille-aprender-duplicate-5-2","status":"publish","type":"product","link":"https:\/\/ayudasparatodos.com\/index.php\/producto\/dummy-braille-aprender-duplicate-5-2\/","title":{"rendered":"2 Barajas Cartas Naipe con Braille y S\u00edmbolos Grandes baja visi\u00f3n Lavables soportan agua"},"content":{"rendered":"<p>Lo mejor es que con esta baraja con braille pueden jugar todas las personas juntas, algunos usaran el braille para jugar mediante el tacto, y otros los elementos tradicionales impresos con su vista como un naipe regular<\/p>\n<p>La oferta incluye (2) unidades de Barajas Cartas Naipe con Braille Juegos discapacidad Visual Ciegos Baja visi\u00f3n<\/p>\n<p>Lavable y duradero: con letra grande y braille<\/p>\n<p>&nbsp;<\/p>\n<p>Caracter\u00edsticas del producto<\/p>\n<p>Deck incluye 54 cartas de juego de pl\u00e1stico premium.<\/p>\n<p>Tarjetas Sport Braille en dos esquinas e impresi\u00f3n a todo color.<\/p>\n<p>La plataforma viene empaquetada en un estuche de pl\u00e1stico duro.<\/p>\n<p>Mide aproximadamente 4 pulgadas por 3 pulgadas por 1 pulgada.<\/p>\n<p>Peso del paquete: aproximadamente 5.3 onzas.<\/p>\n<p>&nbsp;<\/p>\n<p>Descripci\u00f3n del Producto<\/p>\n<p>Si desea obtener un mazo de cartas duradero que durar\u00e1 pr\u00e1cticamente para siempre, \u00a1aqu\u00ed est\u00e1n! Un corte por encima de nuestras cartas de juego Braille regulares, estas todav\u00eda tienen la impresi\u00f3n grande y el braille en ellas. Pero todas las cartas en este mazo est\u00e1n hechas de 100% de pl\u00e1stico, por lo que literalmente puede volcarlas todas en un fregadero de agua y lavarlas. \u00a1Por qu\u00e9, incluso podr\u00edas jugar un juego de cartas en la piscina (sosteniendo cartas bajo el agua y todo) y las cartas sobrevivir\u00e1n perfectamente!<\/p>\n<p>&nbsp;<\/p>\n<p>Adem\u00e1s, el Braille en cada una de nuestras tarjetas de pl\u00e1stico est\u00e1 garantizada para mantenerse agradable y agudo despu\u00e9s de un uso interminable, algo que los convierte en un favorito particular para los ni\u00f1os y cualquiera que est\u00e9 aprendiendo Braille. Por \u00faltimo, este mazo de tarjetas de pl\u00e1stico viene en el mismo tipo de contenedor de almacenamiento de pl\u00e1stico resistente y snap -shut que hacen nuestras cartas de juego Braille regulares, excepto que el estuche de almacenamiento es a\u00fan m\u00e1s agradable, con las palabras que Braille jugan a las cartas en impresi\u00f3n elevada y al braille. la tapa.<\/p>\n<p>&nbsp;<\/p>\n<ul>\n<li>Producto importado, venta bajo pedido con pago previo por el valor total del articulo.<\/li>\n<li>FAVOR ANTES DE OFERTAR, confirmar precio actual (por variaciones del valor del d\u00f3lar) y tambi\u00e9n CONFIRMAR QUE PUEDE ESPERAR LOS TIEMPOS DE ENTREGA\u00a0 que normalmente son entre 2-4 semanas.<\/li>\n<li>Cuando recibamos el pedido en nuestra oficina en Medell\u00edn-Colombia, le enviaremos un mensaje al comprador, si se encuentra en Medell\u00edn puede pasar a recogerlo personalmente en nuestra oficina, o tambi\u00e9n podemos hacer el envios a nivel nacional o internacional (Valor del envio cargo del comprador).<\/li>\n<li>Desde Ayudas para TODOS, estamos trabajando para ofrecerles el mayor Marketplace inclusivo a nivel mundial. Reuniendo en 1 solo sitio todos los productos que puedan necesitar, m\u00e1s de 5.000 referencias de art\u00edculos especializados que puedan necesitar instituciones y personas con o sin discapacidad, para apoyar procesos de inclusi\u00f3n, ayudando a superar las barreras que se pueden presentar al momento de estudiar, de trabajar, y en las dem\u00e1s actividades de la vida diaria.<\/li>\n<li>\u00bfNo est\u00e1 seguro sobre qu\u00e9 tipo de dispositivo o producto de apoyo debe comprar? Contamos con expertos para estudiar sus necesidades y asesorarlo recomend\u00e1ndole la ayuda o el conjunto de ayudas m\u00e1s adecuadas \u00bfNecesitas un producto y no lo encuentras en nuestro catalogo online? Cont\u00e1ctanos para ayudarte a conseguirlo. \u00bfEres emprendedor y tienes un gran producto inclusivo que quisieras promocionar en nuestra plataforma? <a href=\"https:\/\/ayudasparatodos.com\/index.php\/contact\/\">Cont\u00e1ctanos<\/a><\/li>\n<li>Visita la secci\u00f3n sobre <a href=\"https:\/\/ayudasparatodos.com\/index.php\/como-comprar-faq\/\">\u00bfC\u00f3mo Comprar? FAQ<\/a>, en la cual encontraras de forma m\u00e1s detallada las instrucciones de como comprar, servicio de asesor\u00eda y cotizaciones, formas de pago, env\u00edos a nivel nacional e internacional, garant\u00eda y otros temas relacionados.<\/li>\n<li><span style=\"font-size: 11.5pt; font-family: Roboto; color: #626262;\">Asesor\u00eda, cotizaciones dudas y comentarios: Si tiene cualquier duda o comentario, nos puede escribir o llamar via WhatsApp agregando el numero +57 3006000144 o directamente desde este <a href=\"https:\/\/wa.me\/+573006000144\">enlace<\/a>\u00a0 <\/span><a href=\"https:\/\/wa.me\/+573006000144\"><span style=\"font-size: 11.5pt; font-family: Roboto; color: #626262;\">https:\/\/wa.me\/+573006000144<\/span><\/a><span style=\"font-size: 11.5pt; font-family: Roboto; color: #626262;\">\u00a0 \u00a0 Tambi\u00e9n puede enviarnos un correo electr\u00f3nico a la direcci\u00f3n <a href=\"mailto:ventas@ayudasparatodos.com\">ventas@ayudasparatodos.com<\/a><\/span><\/li>\n<li><strong>Pagos en Colombia por transferencia Bancolombia o Nequi. Tambi\u00e9n recibimos pagos por tarjeta cr\u00e9dito o debito. Si la alternativa de pago no esta disponible en su pa\u00eds, tambi\u00e9n puede pagar por Giro en western Union o Paypal. Favor contactarnos al correo ventas@ayudasparatodos.com para generarle un enlace de pago personalizado por el valor de los art\u00edculos + el valor del envi\u00f3 seg\u00fan su ubicaci\u00f3n y con su moneda local. Despachos a nivel nacional e internacional desde Medell\u00edn &#8211; Colombia.<\/strong><\/li>\n<\/ul>\n","protected":false},"excerpt":{"rendered":"<p>Lo mejor es que con esta baraja con braille pueden jugar todas las personas juntas, algunos usaran el braille para jugar mediante el tacto, y otros los elementos tradicionales impresos con su vista como un naipe regular<\/p>\n","protected":false},"featured_media":52722,"template":"","meta":[],"product_cat":[558,443,442,434],"product_tag":[577,561,560,559,562],"class_list":["post-52701","product","type-product","status-publish","has-post-thumbnail","hentry","product_cat-aprender-y-practicar-braille","product_cat-educacion-y-manualidades-discapacidad-visual","product_cat-juegos-y-juguetes-discapacidad-visual","product_cat-juegos-y-juguetes-con-braille","product_tag-2-barajas-cartas-naipe-con-braille-y-simbolos-grandes-baja-vision-lavables-soportan-agua","product_tag-aprender-y-practicar-braille-ciegos-baja-vision-educacion-especial","product_tag-ayudas-y-productos-para-aprendizaje-y-practica-sistema-braille","product_tag-productos-aprender-y-practicar-braille","product_tag-productos-braille-para-usar-en-salonde-clase-inclusion-educativa-ciegos-baja-vision","description-off"],"_links":{"self":[{"href":"https:\/\/ayudasparatodos.com\/index.php\/wp-json\/wp\/v3\/product\/52701"}],"collection":[{"href":"https:\/\/ayudasparatodos.com\/index.php\/wp-json\/wp\/v3\/product"}],"about":[{"href":"https:\/\/ayudasparatodos.com\/index.php\/wp-json\/wp\/v2\/types\/product"}],"wp:featuredmedia":[{"embeddable":true,"href":"https:\/\/ayudasparatodos.com\/index.php\/wp-json\/wp\/v2\/media\/52722"}],"wp:attachment":[{"href":"https:\/\/ayudasparatodos.com\/index.php\/wp-json\/wp\/v2\/media?parent=52701"}],"wp:term":[{"taxonomy":"product_cat","embeddable":true,"href":"https:\/\/ayudasparatodos.com\/index.php\/wp-json\/wp\/v2\/product_cat?post=52701"},{"taxonomy":"product_tag","embeddable":true,"href":"https:\/\/ayudasparatodos.com\/index.php\/wp-json\/wp\/v2\/product_tag?post=52701"}],"curies":[{"name":"wp","href":"https:\/\/api.w.org\/{rel}","templated":true}]}}