{"id":52702,"date":"2024-04-03T23:28:24","date_gmt":"2024-04-03T23:28:24","guid":{"rendered":"https:\/\/ayudasparatodos.com\/?post_type=product&#038;p=52702"},"modified":"2024-04-03T23:28:25","modified_gmt":"2024-04-03T23:28:25","slug":"manilla-en-silicona-con-abecedario-braille-tamano-adulto-y-tamano-para-ninos","status":"publish","type":"product","link":"https:\/\/ayudasparatodos.com\/index.php\/producto\/manilla-en-silicona-con-abecedario-braille-tamano-adulto-y-tamano-para-ninos\/","title":{"rendered":"Manilla en silicona con abecedario braille tama\u00f1o adulto y tama\u00f1o para ni\u00f1os"},"content":{"rendered":"<p>La oferta incluye (8) unidades de Manilla en silicona con abecedario braille, viene en tama\u00f1o para ni\u00f1os y tama\u00f1o para adultos. Favor al realizar el pedido especificar los tama\u00f1os que desean o se mandaran 4 de adulto y 4 de ni\u00f1os.<\/p>\n<p>Pulsera de Silicona con ABC en Impresi\u00f3n y Braille<\/p>\n<p>Caracter\u00edsticas del producto<\/p>\n<p>Una forma divertida de poner Braille en manos de estudiantes, ciegos o videntes.<\/p>\n<p>Dos tama\u00f1os disponibles, para adaptarse a todas las edades.<\/p>\n<p>Fabricado en silicona suave y el\u00e1stica.<\/p>\n<p>Las letras Braille A-Z est\u00e1n grabadas en el exterior de la banda.<\/p>\n<p>Las letras impresas est\u00e1n grabadas en el interior de la banda.<\/p>\n<p>Gran \u00e9xito en clases donde hay un alumno ciego.<\/p>\n<p>Tenga algunos a mano para aquellos entusiastas del Braille en su vida.<\/p>\n<p>Peso del paquete: aproximadamente 0,2 onzas.<\/p>\n<p>&nbsp;<\/p>\n<p>Descripci\u00f3n del Producto<\/p>\n<p>\u00a1Aqu\u00ed tienes una forma divertida de poner Braille en manos de tus alumnos, ciegos o videntes! Distribuya estas pulseras a ni\u00f1os o adultos para que puedan usar literalmente sus ABC en Braille mientras aprenden a leer.<\/p>\n<p>Las 26 letras del alfabeto est\u00e1n grabadas en el exterior de la banda con puntos perfectos y legibles. Las mismas 26 letras est\u00e1n grabadas (sangradas o grabadas) en el interior de la banda.<\/p>\n<p>&nbsp;<\/p>\n<p>Cada pulsera el\u00e1stica est\u00e1 hecha de silicona suave. Hay dos tama\u00f1os disponibles para adaptarse a cualquier persona de cualquier edad.<\/p>\n<p>&nbsp;<\/p>\n<p>\u00a1Un gran \u00e9xito en las aulas donde hay un joven ciego, as\u00ed como en clases de Braille para adultos! Tenga a mano algunas pulseras con el alfabeto Braille para todos aquellos entusiastas del Braille en su vida.<\/p>\n<p>&nbsp;<\/p>\n<ul>\n<li>Producto importado, venta bajo pedido con pago previo por el valor total del articulo.<\/li>\n<li>FAVOR ANTES DE OFERTAR, confirmar precio actual (por variaciones del valor del d\u00f3lar) y tambi\u00e9n CONFIRMAR QUE PUEDE ESPERAR LOS TIEMPOS DE ENTREGA\u00a0 que normalmente son entre 2-4 semanas.<\/li>\n<li>Cuando recibamos el pedido en nuestra oficina en Medell\u00edn-Colombia, le enviaremos un mensaje al comprador, si se encuentra en Medell\u00edn puede pasar a recogerlo personalmente en nuestra oficina, o tambi\u00e9n podemos hacer el envios a nivel nacional o internacional (Valor del envio cargo del comprador).<\/li>\n<li>Desde Ayudas para TODOS, estamos trabajando para ofrecerles el mayor Marketplace inclusivo a nivel mundial. Reuniendo en 1 solo sitio todos los productos que puedan necesitar, m\u00e1s de 5.000 referencias de art\u00edculos especializados que puedan necesitar instituciones y personas con o sin discapacidad, para apoyar procesos de inclusi\u00f3n, ayudando a superar las barreras que se pueden presentar al momento de estudiar, de trabajar, y en las dem\u00e1s actividades de la vida diaria.<\/li>\n<li>\u00bfNo est\u00e1 seguro sobre qu\u00e9 tipo de dispositivo o producto de apoyo debe comprar? Contamos con expertos para estudiar sus necesidades y asesorarlo recomend\u00e1ndole la ayuda o el conjunto de ayudas m\u00e1s adecuadas \u00bfNecesitas un producto y no lo encuentras en nuestro catalogo online? Cont\u00e1ctanos para ayudarte a conseguirlo. \u00bfEres emprendedor y tienes un gran producto inclusivo que quisieras promocionar en nuestra plataforma? <a href=\"https:\/\/ayudasparatodos.com\/index.php\/contact\/\">Cont\u00e1ctanos<\/a><\/li>\n<li>Visita la secci\u00f3n sobre <a href=\"https:\/\/ayudasparatodos.com\/index.php\/como-comprar-faq\/\">\u00bfC\u00f3mo Comprar? FAQ<\/a>, en la cual encontraras de forma m\u00e1s detallada las instrucciones de como comprar, servicio de asesor\u00eda y cotizaciones, formas de pago, env\u00edos a nivel nacional e internacional, garant\u00eda y otros temas relacionados.<\/li>\n<li><span style=\"font-size: 11.5pt; font-family: Roboto; color: #626262;\">Asesor\u00eda, cotizaciones dudas y comentarios: Si tiene cualquier duda o comentario, nos puede escribir o llamar via WhatsApp agregando el numero +57 3006000144 o directamente desde este <a href=\"https:\/\/wa.me\/+573006000144\">enlace<\/a>\u00a0 <\/span><a href=\"https:\/\/wa.me\/+573006000144\"><span style=\"font-size: 11.5pt; font-family: Roboto; color: #626262;\">https:\/\/wa.me\/+573006000144<\/span><\/a><span style=\"font-size: 11.5pt; font-family: Roboto; color: #626262;\">\u00a0 \u00a0 Tambi\u00e9n puede enviarnos un correo electr\u00f3nico a la direcci\u00f3n <a href=\"mailto:ventas@ayudasparatodos.com\">ventas@ayudasparatodos.com<\/a><\/span><\/li>\n<li><strong>Pagos en Colombia por transferencia Bancolombia o Nequi. Tambi\u00e9n recibimos pagos por tarjeta cr\u00e9dito o debito. Si la alternativa de pago no esta disponible en su pa\u00eds, tambi\u00e9n puede pagar por Giro en western Union o Paypal. Favor contactarnos al correo ventas@ayudasparatodos.com para generarle un enlace de pago personalizado por el valor de los art\u00edculos + el valor del envi\u00f3 seg\u00fan su ubicaci\u00f3n y con su moneda local. Despachos a nivel nacional e internacional desde Medell\u00edn &#8211; Colombia.<\/strong><\/li>\n<\/ul>\n","protected":false},"excerpt":{"rendered":"<p>Pulsera de Silicona con ABC en Impresi\u00f3n y Braille<\/p>\n","protected":false},"featured_media":52723,"template":"","meta":[],"product_cat":[558,443,433,434],"product_tag":[561,560,578,559,562],"class_list":["post-52702","product","type-product","status-publish","has-post-thumbnail","hentry","product_cat-aprender-y-practicar-braille","product_cat-educacion-y-manualidades-discapacidad-visual","product_cat-joyeria-camisetas-y-accesorios-con-braille","product_cat-juegos-y-juguetes-con-braille","product_tag-aprender-y-practicar-braille-ciegos-baja-vision-educacion-especial","product_tag-ayudas-y-productos-para-aprendizaje-y-practica-sistema-braille","product_tag-manilla-en-silicona-con-abecedario-braille-tamano-adulto-y-tamano-para-ninos","product_tag-productos-aprender-y-practicar-braille","product_tag-productos-braille-para-usar-en-salonde-clase-inclusion-educativa-ciegos-baja-vision","description-off"],"_links":{"self":[{"href":"https:\/\/ayudasparatodos.com\/index.php\/wp-json\/wp\/v3\/product\/52702"}],"collection":[{"href":"https:\/\/ayudasparatodos.com\/index.php\/wp-json\/wp\/v3\/product"}],"about":[{"href":"https:\/\/ayudasparatodos.com\/index.php\/wp-json\/wp\/v2\/types\/product"}],"wp:featuredmedia":[{"embeddable":true,"href":"https:\/\/ayudasparatodos.com\/index.php\/wp-json\/wp\/v2\/media\/52723"}],"wp:attachment":[{"href":"https:\/\/ayudasparatodos.com\/index.php\/wp-json\/wp\/v2\/media?parent=52702"}],"wp:term":[{"taxonomy":"product_cat","embeddable":true,"href":"https:\/\/ayudasparatodos.com\/index.php\/wp-json\/wp\/v2\/product_cat?post=52702"},{"taxonomy":"product_tag","embeddable":true,"href":"https:\/\/ayudasparatodos.com\/index.php\/wp-json\/wp\/v2\/product_tag?post=52702"}],"curies":[{"name":"wp","href":"https:\/\/api.w.org\/{rel}","templated":true}]}}