{"id":52725,"date":"2024-04-05T23:44:05","date_gmt":"2024-04-05T23:44:05","guid":{"rendered":"https:\/\/ayudasparatodos.com\/?post_type=product&#038;p=52725"},"modified":"2024-04-05T23:44:06","modified_gmt":"2024-04-05T23:44:06","slug":"fase-10-juego-de-cartas-con-braille-baja-vision-ciegos","status":"publish","type":"product","link":"https:\/\/ayudasparatodos.com\/index.php\/producto\/fase-10-juego-de-cartas-con-braille-baja-vision-ciegos\/","title":{"rendered":"Fase 10 Juego de Cartas con Braille Baja visi\u00f3n ciegos"},"content":{"rendered":"<p>Haz series y carreras para completar las 10 fases primero<\/p>\n<p>Caracter\u00edsticas del producto<br \/>\nTarjetas de marca Mattel Phase 10 con Braille agregado.<br \/>\nLa baraja incluye 108 cartas.<br \/>\nLas tarjetas tienen Braille en dos esquinas e impresi\u00f3n a todo color.<br \/>\nLa plataforma viene empaquetada en un estuche de pl\u00e1stico duro.<br \/>\nPeso del paquete: aproximadamente 6,3 onzas.<\/p>\n<p>Descripci\u00f3n del Producto<br \/>\nEs muy posible que la Fase 10 sea el juego de cartas m\u00e1s vers\u00e1til que jam\u00e1s hayas conocido. Cualquiera puede aprender a jugar, desde ni\u00f1os peque\u00f1os hasta abuelos mayores, y todos lo disfrutar\u00e1n. \u00a1El concepto es simple, pero el valor del entretenimiento es infinito!<br \/>\nBrevemente, para ganar, debes hacer diez pares de cartas diferentes. Al comienzo de cada fase, cada jugador recibe diez cartas. Luego, los jugadores corren para completar la fase, haciendo carreras, series o combinaciones de ambas. Tan pronto como un jugador deposita sus diez cartas, la fase termina. Los jugadores que se queden con cartas en la mano ser\u00e1n penalizados con puntos, y aquellos que tengan la mala suerte de no haber dejado ninguna carta deber\u00e1n repetir la fase. Pero ese no es el final de la historia. Ver\u00e1, las fases se vuelven cada vez m\u00e1s complicadas, y a menudo dan a los jugadores que estaban rezagados la oportunidad de ponerse al d\u00eda y lograr una victoria sorpresa al remontar. Los diferentes requisitos de cada fase, junto con las cartas Wild y Skip, a\u00f1aden un nivel de imprevisibilidad a todas y cada una de las manos. Un juego de la Fase Diez nunca termina hasta que finaliza la fase final.<\/p>\n<p>Esta baraja incluye 108 tarjetas de marca Mattel de alta calidad, empaquetadas en un estuche de pl\u00e1stico duro para su custodia. Cada tarjeta impresa tiene su color y n\u00famero marcados en Braille en dos esquinas, para que tanto los jugadores ciegos como los videntes puedan jugar juntos a este gran juego. Haga que los ni\u00f1os jueguen juntos en una tarde lluviosa o durante un picnic en el parque. \u00bfEst\u00e1 planeando un viaje largo en autom\u00f3vil o una reuni\u00f3n familiar? Intente involucrar a todos en un juego de cartas de ritmo r\u00e1pido. J\u00f3venes y mayores disfrutan mucho de este juego y nadie se queda fuera. Ense\u00f1ado en sesenta segundos y jugado durante a\u00f1os, Phase 10 es verdaderamente un juego de cartas cl\u00e1sico del que nadie deber\u00eda prescindir.<\/p>\n<p>&nbsp;<\/p>\n<ul>\n<li>Producto importado, venta bajo pedido con pago previo por el valor total del articulo.<\/li>\n<li>FAVOR ANTES DE OFERTAR, confirmar precio actual (por variaciones del valor del d\u00f3lar) y tambi\u00e9n CONFIRMAR QUE PUEDE ESPERAR LOS TIEMPOS DE ENTREGA\u00a0 que normalmente son entre 2-4 semanas.<\/li>\n<li>Cuando recibamos el pedido en nuestra oficina en Medell\u00edn-Colombia, le enviaremos un mensaje al comprador, si se encuentra en Medell\u00edn puede pasar a recogerlo personalmente en nuestra oficina, o tambi\u00e9n podemos hacer el envios a nivel nacional o internacional (Valor del envio cargo del comprador).<\/li>\n<li>Desde Ayudas para TODOS, estamos trabajando para ofrecerles el mayor Marketplace inclusivo a nivel mundial. Reuniendo en 1 solo sitio todos los productos que puedan necesitar, m\u00e1s de 5.000 referencias de art\u00edculos especializados que puedan necesitar instituciones y personas con o sin discapacidad, para apoyar procesos de inclusi\u00f3n, ayudando a superar las barreras que se pueden presentar al momento de estudiar, de trabajar, y en las dem\u00e1s actividades de la vida diaria.<\/li>\n<li>\u00bfNo est\u00e1 seguro sobre qu\u00e9 tipo de dispositivo o producto de apoyo debe comprar? Contamos con expertos para estudiar sus necesidades y asesorarlo recomend\u00e1ndole la ayuda o el conjunto de ayudas m\u00e1s adecuadas \u00bfNecesitas un producto y no lo encuentras en nuestro catalogo online? Cont\u00e1ctanos para ayudarte a conseguirlo. \u00bfEres emprendedor y tienes un gran producto inclusivo que quisieras promocionar en nuestra plataforma? <a href=\"https:\/\/ayudasparatodos.com\/index.php\/contact\/\">Cont\u00e1ctanos<\/a><\/li>\n<li>Visita la secci\u00f3n sobre <a href=\"https:\/\/ayudasparatodos.com\/index.php\/como-comprar-faq\/\">\u00bfC\u00f3mo Comprar? FAQ<\/a>, en la cual encontraras de forma m\u00e1s detallada las instrucciones de como comprar, servicio de asesor\u00eda y cotizaciones, formas de pago, env\u00edos a nivel nacional e internacional, garant\u00eda y otros temas relacionados.<\/li>\n<li><span style=\"font-size: 11.5pt; font-family: Roboto; color: #626262;\">Asesor\u00eda, cotizaciones dudas y comentarios: Si tiene cualquier duda o comentario, nos puede escribir o llamar via WhatsApp agregando el numero +57 3006000144 o directamente desde este <a href=\"https:\/\/wa.me\/+573006000144\">enlace<\/a>\u00a0 <\/span><a href=\"https:\/\/wa.me\/+573006000144\"><span style=\"font-size: 11.5pt; font-family: Roboto; color: #626262;\">https:\/\/wa.me\/+573006000144<\/span><\/a><span style=\"font-size: 11.5pt; font-family: Roboto; color: #626262;\">\u00a0 \u00a0 Tambi\u00e9n puede enviarnos un correo electr\u00f3nico a la direcci\u00f3n <a href=\"mailto:ventas@ayudasparatodos.com\">ventas@ayudasparatodos.com<\/a><\/span><\/li>\n<li><strong>Pagos en Colombia por transferencia Bancolombia o Nequi. Tambi\u00e9n recibimos pagos por tarjeta cr\u00e9dito o debito. Si la alternativa de pago no esta disponible en su pa\u00eds, tambi\u00e9n puede pagar por Giro en western Union o Paypal. Favor contactarnos al correo ventas@ayudasparatodos.com para generarle un enlace de pago personalizado por el valor de los art\u00edculos + el valor del envi\u00f3 seg\u00fan su ubicaci\u00f3n y con su moneda local. Despachos a nivel nacional e internacional desde Medell\u00edn &#8211; Colombia.<\/strong><\/li>\n<\/ul>\n","protected":false},"excerpt":{"rendered":"<p>Haz series y carreras para completar las 10 fases primero<\/p>\n","protected":false},"featured_media":0,"template":"","meta":[],"product_cat":[442,434],"product_tag":[590,582,581,583,580],"class_list":["post-52725","product","type-product","status-publish","hentry","product_cat-juegos-y-juguetes-discapacidad-visual","product_cat-juegos-y-juguetes-con-braille","product_tag-fase-10-juego-de-cartas-con-braille-baja-vision-ciegos","product_tag-juegos-y-juguetes-ocio-y-recreacion-personas-con-discapacidad-visual-baja-vision-ciegos-invidentes","product_tag-venta-de-jeugos-y-juguetes-para-adultos-ciegos-discapacidad-visual-baja-vision","product_tag-venta-de-juegos-para-adultos-mayores-con-baja-vision-discapacidad-visual","product_tag-venta-de-juegos-y-juguetes-para-ninos-ciegos-discapacidad-visual-baja-vision","description-off"],"_links":{"self":[{"href":"https:\/\/ayudasparatodos.com\/index.php\/wp-json\/wp\/v3\/product\/52725"}],"collection":[{"href":"https:\/\/ayudasparatodos.com\/index.php\/wp-json\/wp\/v3\/product"}],"about":[{"href":"https:\/\/ayudasparatodos.com\/index.php\/wp-json\/wp\/v2\/types\/product"}],"wp:attachment":[{"href":"https:\/\/ayudasparatodos.com\/index.php\/wp-json\/wp\/v2\/media?parent=52725"}],"wp:term":[{"taxonomy":"product_cat","embeddable":true,"href":"https:\/\/ayudasparatodos.com\/index.php\/wp-json\/wp\/v2\/product_cat?post=52725"},{"taxonomy":"product_tag","embeddable":true,"href":"https:\/\/ayudasparatodos.com\/index.php\/wp-json\/wp\/v2\/product_tag?post=52725"}],"curies":[{"name":"wp","href":"https:\/\/api.w.org\/{rel}","templated":true}]}}